{"id":5970,"date":"2025-09-24T11:44:27","date_gmt":"2025-09-24T11:44:27","guid":{"rendered":"https:\/\/products.inow.ch\/?post_type=product&#038;p=5970"},"modified":"2026-02-20T10:51:50","modified_gmt":"2026-02-20T10:51:50","slug":"nordic-ski-classic-tights-w","status":"publish","type":"product","link":"https:\/\/products.inow.ch\/fr\/produit\/nordic-ski-classic-tights-w\/","title":{"rendered":"Collant de ski nordique Classic"},"content":{"rendered":"<ul>\n<li>Classic Line | Taille XXS - 2XL<\/li>\n<li>tissu \u00e9lastique et opaque pour une excellente libert\u00e9 de mouvement<\/li>\n<li>Standard avec coutures plates<\/li>\n<li>Bas de jambe sans ourlet<\/li>\n<\/ul>\n<p>Mati\u00e8re : 80% polyester, 20% \u00e9lasthanne<\/p>\n<p>Ajuster la longueur de la jambe (-2cm, -4cm, +2cm, +4cm) CHF 12.00<\/p>","protected":false},"excerpt":{"rendered":"<p>Le collant Nordic Ski Classic est con\u00e7u pour tous ceux qui recherchent pr\u00e9cision, performance et confort sur les pistes de ski de fond. Le mat\u00e9riau \u00e9lastique et technique offre une libert\u00e9 de mouvement illimit\u00e9e et une coupe pr\u00e8s du corps qui soutient chaque mouvement - des s\u00e9ances d'endurance tranquilles aux intervalles intensifs et aux comp\u00e9titions.<\/p>\n<p>Le tissu stretch respirant \u00e9vacue efficacement l'humidit\u00e9 et te permet de rester au sec sans surchauffe. Une ceinture large et plate offre un maintien optimal et un grand confort - pour des performances sans compromis sur tous les parcours.<\/p>","protected":false},"featured_media":5999,"template":"","meta":{"ocean_post_layout":"","ocean_both_sidebars_style":"","ocean_both_sidebars_content_width":0,"ocean_both_sidebars_sidebars_width":0,"ocean_sidebar":"0","ocean_second_sidebar":"0","ocean_disable_margins":"enable","ocean_add_body_class":"","ocean_shortcode_before_top_bar":"","ocean_shortcode_after_top_bar":"","ocean_shortcode_before_header":"","ocean_shortcode_after_header":"","ocean_has_shortcode":"","ocean_shortcode_after_title":"","ocean_shortcode_before_footer_widgets":"","ocean_shortcode_after_footer_widgets":"","ocean_shortcode_before_footer_bottom":"","ocean_shortcode_after_footer_bottom":"","ocean_display_top_bar":"default","ocean_display_header":"default","ocean_header_style":"","ocean_center_header_left_menu":"0","ocean_custom_header_template":"0","ocean_custom_logo":0,"ocean_custom_retina_logo":0,"ocean_custom_logo_max_width":0,"ocean_custom_logo_tablet_max_width":0,"ocean_custom_logo_mobile_max_width":0,"ocean_custom_logo_max_height":0,"ocean_custom_logo_tablet_max_height":0,"ocean_custom_logo_mobile_max_height":0,"ocean_header_custom_menu":"0","ocean_menu_typo_font_family":"0","ocean_menu_typo_font_subset":"","ocean_menu_typo_font_size":0,"ocean_menu_typo_font_size_tablet":0,"ocean_menu_typo_font_size_mobile":0,"ocean_menu_typo_font_size_unit":"px","ocean_menu_typo_font_weight":"","ocean_menu_typo_font_weight_tablet":"","ocean_menu_typo_font_weight_mobile":"","ocean_menu_typo_transform":"","ocean_menu_typo_transform_tablet":"","ocean_menu_typo_transform_mobile":"","ocean_menu_typo_line_height":0,"ocean_menu_typo_line_height_tablet":0,"ocean_menu_typo_line_height_mobile":0,"ocean_menu_typo_line_height_unit":"","ocean_menu_typo_spacing":0,"ocean_menu_typo_spacing_tablet":0,"ocean_menu_typo_spacing_mobile":0,"ocean_menu_typo_spacing_unit":"","ocean_menu_link_color":"","ocean_menu_link_color_hover":"","ocean_menu_link_color_active":"","ocean_menu_link_background":"","ocean_menu_link_hover_background":"","ocean_menu_link_active_background":"","ocean_menu_social_links_bg":"","ocean_menu_social_hover_links_bg":"","ocean_menu_social_links_color":"","ocean_menu_social_hover_links_color":"","ocean_disable_title":"default","ocean_disable_heading":"default","ocean_post_title":"","ocean_post_subheading":"","ocean_post_title_style":"","ocean_post_title_background_color":"","ocean_post_title_background":0,"ocean_post_title_bg_image_position":"","ocean_post_title_bg_image_attachment":"","ocean_post_title_bg_image_repeat":"","ocean_post_title_bg_image_size":"","ocean_post_title_height":0,"ocean_post_title_bg_overlay":0.5,"ocean_post_title_bg_overlay_color":"","ocean_disable_breadcrumbs":"default","ocean_breadcrumbs_color":"","ocean_breadcrumbs_separator_color":"","ocean_breadcrumbs_links_color":"","ocean_breadcrumbs_links_hover_color":"","ocean_display_footer_widgets":"default","ocean_display_footer_bottom":"default","ocean_custom_footer_template":"0"},"product_brand":[],"product_cat":[159,160,155],"product_tag":[],"class_list":{"0":"post-5970","1":"product","2":"type-product","3":"status-publish","4":"has-post-thumbnail","6":"product_cat-classic-nordic-ski","7":"product_cat-women-classic-nordic-ski","8":"product_cat-nordic-ski","10":"entry","11":"has-media","13":"first","14":"instock","15":"taxable","16":"shipping-taxable","17":"purchasable","18":"product-type-simple","19":"col","20":"span_1_of_4","21":"owp-content-center","22":"owp-thumbs-layout-horizontal","23":"owp-btn-normal","24":"owp-tabs-layout-horizontal"},"yoast_head":"<!-- This site is optimized with the Yoast SEO plugin v24.8.1 - https:\/\/yoast.com\/wordpress\/plugins\/seo\/ -->\n<title>Nordic Ski Classic Tights - iNOW.ch<\/title>\n<meta name=\"robots\" content=\"noindex, follow, max-snippet:-1, max-image-preview:large, max-video-preview:-1\" \/>\n<meta property=\"og:locale\" content=\"fr_FR\" \/>\n<meta property=\"og:type\" content=\"article\" \/>\n<meta property=\"og:title\" content=\"Nordic Ski Classic Tights - iNOW.ch\" \/>\n<meta property=\"og:description\" content=\"Die Nordic Ski Classic Tights sind gemacht f\u00fcr alle, die auf der Loipe Pr\u00e4zision, Leistung und Komfort suchen. Das elastische, technische Material bietet uneingeschr\u00e4nkte Bewegungsfreiheit und eine k\u00f6rpernahe Passform, die jede Bewegung unterst\u00fctzt \u2013 von ruhigen Ausdauereinheiten bis zu intensiven Intervallen und Wettk\u00e4mpfen.  Das atmungsaktive Stretch-Gewebe leitet Feuchtigkeit effizient ab und sorgt daf\u00fcr, dass du trocken bleibst, ohne zu \u00fcberhitzen. Ein breiter, flacher Bund bietet optimalen Halt und hohen Tragekomfort \u2013 f\u00fcr kompromisslose Performance auf\u00a0jeder\u00a0Strecke\" \/>\n<meta property=\"og:url\" content=\"https:\/\/products.inow.ch\/fr\/produit\/nordic-ski-classic-tights-w\/\" \/>\n<meta property=\"og:site_name\" content=\"iNOW.ch\" \/>\n<meta property=\"article:modified_time\" content=\"2026-02-20T10:51:50+00:00\" \/>\n<meta property=\"og:image\" content=\"http:\/\/products.inow.ch\/wp-content\/uploads\/2025\/11\/ISJAN22-NBW_TI601_C-Nordic-Ski-Classic-Tights_front.png\" \/>\n\t<meta property=\"og:image:width\" content=\"1043\" \/>\n\t<meta property=\"og:image:height\" content=\"1042\" \/>\n\t<meta property=\"og:image:type\" content=\"image\/png\" \/>\n<meta name=\"twitter:card\" content=\"summary_large_image\" \/>\n<meta name=\"twitter:label1\" content=\"Dur\u00e9e de lecture estim\u00e9e\" \/>\n\t<meta name=\"twitter:data1\" content=\"1 minute\" \/>\n<script type=\"application\/ld+json\" class=\"yoast-schema-graph\">{\"@context\":\"https:\/\/schema.org\",\"@graph\":[{\"@type\":\"WebPage\",\"@id\":\"https:\/\/products.inow.ch\/produkt\/nordic-ski-classic-tights-w\/\",\"url\":\"https:\/\/products.inow.ch\/produkt\/nordic-ski-classic-tights-w\/\",\"name\":\"Nordic Ski Classic Tights - iNOW.ch\",\"isPartOf\":{\"@id\":\"https:\/\/products.inow.ch\/#website\"},\"primaryImageOfPage\":{\"@id\":\"https:\/\/products.inow.ch\/produkt\/nordic-ski-classic-tights-w\/#primaryimage\"},\"image\":{\"@id\":\"https:\/\/products.inow.ch\/produkt\/nordic-ski-classic-tights-w\/#primaryimage\"},\"thumbnailUrl\":\"https:\/\/products.inow.ch\/wp-content\/uploads\/2025\/11\/ISJAN22-NBW_TI601_C-Nordic-Ski-Classic-Tights_front.png\",\"datePublished\":\"2025-09-24T11:44:27+00:00\",\"dateModified\":\"2026-02-20T10:51:50+00:00\",\"breadcrumb\":{\"@id\":\"https:\/\/products.inow.ch\/produkt\/nordic-ski-classic-tights-w\/#breadcrumb\"},\"inLanguage\":\"fr-FR\",\"potentialAction\":[{\"@type\":\"ReadAction\",\"target\":[\"https:\/\/products.inow.ch\/produkt\/nordic-ski-classic-tights-w\/\"]}]},{\"@type\":\"ImageObject\",\"inLanguage\":\"fr-FR\",\"@id\":\"https:\/\/products.inow.ch\/produkt\/nordic-ski-classic-tights-w\/#primaryimage\",\"url\":\"https:\/\/products.inow.ch\/wp-content\/uploads\/2025\/11\/ISJAN22-NBW_TI601_C-Nordic-Ski-Classic-Tights_front.png\",\"contentUrl\":\"https:\/\/products.inow.ch\/wp-content\/uploads\/2025\/11\/ISJAN22-NBW_TI601_C-Nordic-Ski-Classic-Tights_front.png\",\"width\":1043,\"height\":1042},{\"@type\":\"BreadcrumbList\",\"@id\":\"https:\/\/products.inow.ch\/produkt\/nordic-ski-classic-tights-w\/#breadcrumb\",\"itemListElement\":[{\"@type\":\"ListItem\",\"position\":1,\"name\":\"Startseite\",\"item\":\"https:\/\/products.inow.ch\/\"},{\"@type\":\"ListItem\",\"position\":2,\"name\":\"Sortiment\",\"item\":\"https:\/\/products.inow.ch\/\"},{\"@type\":\"ListItem\",\"position\":3,\"name\":\"Nordic Ski Classic Tights\"}]},{\"@type\":\"WebSite\",\"@id\":\"https:\/\/products.inow.ch\/#website\",\"url\":\"https:\/\/products.inow.ch\/\",\"name\":\"iNOW.ch\",\"description\":\"Offerten\",\"publisher\":{\"@id\":\"https:\/\/products.inow.ch\/#organization\"},\"potentialAction\":[{\"@type\":\"SearchAction\",\"target\":{\"@type\":\"EntryPoint\",\"urlTemplate\":\"https:\/\/products.inow.ch\/?s={search_term_string}\"},\"query-input\":{\"@type\":\"PropertyValueSpecification\",\"valueRequired\":true,\"valueName\":\"search_term_string\"}}],\"inLanguage\":\"fr-FR\"},{\"@type\":\"Organization\",\"@id\":\"https:\/\/products.inow.ch\/#organization\",\"name\":\"iNOW.ch\",\"url\":\"https:\/\/products.inow.ch\/\",\"logo\":{\"@type\":\"ImageObject\",\"inLanguage\":\"fr-FR\",\"@id\":\"https:\/\/products.inow.ch\/#\/schema\/logo\/image\/\",\"url\":\"https:\/\/products.inow.ch\/wp-content\/uploads\/2021\/08\/210629_Logo_INOW_Pos.png\",\"contentUrl\":\"https:\/\/products.inow.ch\/wp-content\/uploads\/2021\/08\/210629_Logo_INOW_Pos.png\",\"width\":1749,\"height\":1241,\"caption\":\"iNOW.ch\"},\"image\":{\"@id\":\"https:\/\/products.inow.ch\/#\/schema\/logo\/image\/\"}}]}<\/script>\n<!-- \/ Yoast SEO plugin. -->","yoast_head_json":{"title":"Nordic Ski Classic Tights - iNOW.ch","robots":{"index":"noindex","follow":"follow","max-snippet":"max-snippet:-1","max-image-preview":"max-image-preview:large","max-video-preview":"max-video-preview:-1"},"og_locale":"fr_FR","og_type":"article","og_title":"Nordic Ski Classic Tights - iNOW.ch","og_description":"Die Nordic Ski Classic Tights sind gemacht f\u00fcr alle, die auf der Loipe Pr\u00e4zision, Leistung und Komfort suchen. Das elastische, technische Material bietet uneingeschr\u00e4nkte Bewegungsfreiheit und eine k\u00f6rpernahe Passform, die jede Bewegung unterst\u00fctzt \u2013 von ruhigen Ausdauereinheiten bis zu intensiven Intervallen und Wettk\u00e4mpfen.  Das atmungsaktive Stretch-Gewebe leitet Feuchtigkeit effizient ab und sorgt daf\u00fcr, dass du trocken bleibst, ohne zu \u00fcberhitzen. Ein breiter, flacher Bund bietet optimalen Halt und hohen Tragekomfort \u2013 f\u00fcr kompromisslose Performance auf\u00a0jeder\u00a0Strecke","og_url":"https:\/\/products.inow.ch\/fr\/produit\/nordic-ski-classic-tights-w\/","og_site_name":"iNOW.ch","article_modified_time":"2026-02-20T10:51:50+00:00","og_image":[{"width":1043,"height":1042,"url":"http:\/\/products.inow.ch\/wp-content\/uploads\/2025\/11\/ISJAN22-NBW_TI601_C-Nordic-Ski-Classic-Tights_front.png","type":"image\/png"}],"twitter_card":"summary_large_image","twitter_misc":{"Dur\u00e9e de lecture estim\u00e9e":"1 minute"},"schema":{"@context":"https:\/\/schema.org","@graph":[{"@type":"WebPage","@id":"https:\/\/products.inow.ch\/produkt\/nordic-ski-classic-tights-w\/","url":"https:\/\/products.inow.ch\/produkt\/nordic-ski-classic-tights-w\/","name":"Nordic Ski Classic Tights - iNOW.ch","isPartOf":{"@id":"https:\/\/products.inow.ch\/#website"},"primaryImageOfPage":{"@id":"https:\/\/products.inow.ch\/produkt\/nordic-ski-classic-tights-w\/#primaryimage"},"image":{"@id":"https:\/\/products.inow.ch\/produkt\/nordic-ski-classic-tights-w\/#primaryimage"},"thumbnailUrl":"https:\/\/products.inow.ch\/wp-content\/uploads\/2025\/11\/ISJAN22-NBW_TI601_C-Nordic-Ski-Classic-Tights_front.png","datePublished":"2025-09-24T11:44:27+00:00","dateModified":"2026-02-20T10:51:50+00:00","breadcrumb":{"@id":"https:\/\/products.inow.ch\/produkt\/nordic-ski-classic-tights-w\/#breadcrumb"},"inLanguage":"fr-FR","potentialAction":[{"@type":"ReadAction","target":["https:\/\/products.inow.ch\/produkt\/nordic-ski-classic-tights-w\/"]}]},{"@type":"ImageObject","inLanguage":"fr-FR","@id":"https:\/\/products.inow.ch\/produkt\/nordic-ski-classic-tights-w\/#primaryimage","url":"https:\/\/products.inow.ch\/wp-content\/uploads\/2025\/11\/ISJAN22-NBW_TI601_C-Nordic-Ski-Classic-Tights_front.png","contentUrl":"https:\/\/products.inow.ch\/wp-content\/uploads\/2025\/11\/ISJAN22-NBW_TI601_C-Nordic-Ski-Classic-Tights_front.png","width":1043,"height":1042},{"@type":"BreadcrumbList","@id":"https:\/\/products.inow.ch\/produkt\/nordic-ski-classic-tights-w\/#breadcrumb","itemListElement":[{"@type":"ListItem","position":1,"name":"Startseite","item":"https:\/\/products.inow.ch\/"},{"@type":"ListItem","position":2,"name":"Sortiment","item":"https:\/\/products.inow.ch\/"},{"@type":"ListItem","position":3,"name":"Nordic Ski Classic Tights"}]},{"@type":"WebSite","@id":"https:\/\/products.inow.ch\/#website","url":"https:\/\/products.inow.ch\/","name":"iNOW.ch","description":"Offres","publisher":{"@id":"https:\/\/products.inow.ch\/#organization"},"potentialAction":[{"@type":"SearchAction","target":{"@type":"EntryPoint","urlTemplate":"https:\/\/products.inow.ch\/?s={search_term_string}"},"query-input":{"@type":"PropertyValueSpecification","valueRequired":true,"valueName":"search_term_string"}}],"inLanguage":"fr-FR"},{"@type":"Organization","@id":"https:\/\/products.inow.ch\/#organization","name":"iNOW.ch","url":"https:\/\/products.inow.ch\/","logo":{"@type":"ImageObject","inLanguage":"fr-FR","@id":"https:\/\/products.inow.ch\/#\/schema\/logo\/image\/","url":"https:\/\/products.inow.ch\/wp-content\/uploads\/2021\/08\/210629_Logo_INOW_Pos.png","contentUrl":"https:\/\/products.inow.ch\/wp-content\/uploads\/2021\/08\/210629_Logo_INOW_Pos.png","width":1749,"height":1241,"caption":"iNOW.ch"},"image":{"@id":"https:\/\/products.inow.ch\/#\/schema\/logo\/image\/"}}]}},"_links":{"self":[{"href":"https:\/\/products.inow.ch\/fr\/wp-json\/wp\/v2\/product\/5970"}],"collection":[{"href":"https:\/\/products.inow.ch\/fr\/wp-json\/wp\/v2\/product"}],"about":[{"href":"https:\/\/products.inow.ch\/fr\/wp-json\/wp\/v2\/types\/product"}],"wp:featuredmedia":[{"embeddable":true,"href":"https:\/\/products.inow.ch\/fr\/wp-json\/wp\/v2\/media\/5999"}],"wp:attachment":[{"href":"https:\/\/products.inow.ch\/fr\/wp-json\/wp\/v2\/media?parent=5970"}],"wp:term":[{"taxonomy":"product_brand","embeddable":true,"href":"https:\/\/products.inow.ch\/fr\/wp-json\/wp\/v2\/product_brand?post=5970"},{"taxonomy":"product_cat","embeddable":true,"href":"https:\/\/products.inow.ch\/fr\/wp-json\/wp\/v2\/product_cat?post=5970"},{"taxonomy":"product_tag","embeddable":true,"href":"https:\/\/products.inow.ch\/fr\/wp-json\/wp\/v2\/product_tag?post=5970"}],"curies":[{"name":"wp","href":"https:\/\/api.w.org\/{rel}","templated":true}]}}