{"id":5939,"date":"2025-08-15T06:38:21","date_gmt":"2025-08-15T06:38:21","guid":{"rendered":"https:\/\/products.inow.ch\/?post_type=product&#038;p=5939"},"modified":"2026-02-24T15:23:44","modified_gmt":"2026-02-24T15:23:44","slug":"running-classic-trail-shorts-2","status":"publish","type":"product","link":"https:\/\/products.inow.ch\/fr\/produit\/running-classic-trail-shorts-2\/","title":{"rendered":"Running Classic Short de trail"},"content":{"rendered":"<ul>\n<li>Classic Line | XS - 3XL<\/li>\n<li>ceinture haute avec poche int\u00e9gr\u00e9e \u00e0 l'avant pour les bouteilles souples (max. 850mm)<\/li>\n<li>Poches lat\u00e9rales pour le ravitaillement ou les b\u00e2tons en 4 parties<\/li>\n<li>boucles \u00e9lastiques \u00e0 l'arri\u00e8re pour les b\u00e2tons en 4 parties<\/li>\n<li>poche zipp\u00e9e int\u00e9gr\u00e9e \u00e0 l'arri\u00e8re<\/li>\n<li>Standard avec coutures plates<\/li>\n<\/ul>\n<p>Mati\u00e8re : 80% polyester, 20% \u00e9lasthanne<\/p>\n<p>Ajuster la longueur de la jambe (-2cm, -4cm, +2cm, +4cm) CHF 12.00<\/p>","protected":false},"excerpt":{"rendered":"<p>Le short de trail Running Classic est ton compagnon fiable pour l'entra\u00eenement et la comp\u00e9tition. Avec sa taille haute, il offre un maintien optimal et un espace de rangement suppl\u00e9mentaire : la poche avant int\u00e9gr\u00e9e permet de ranger des bouteilles souples jusqu'\u00e0 850 ml. Une poche zipp\u00e9e pratique \u00e0 l'arri\u00e8re permet de ranger les objets de valeur en toute s\u00e9curit\u00e9.<\/p>\n<p>Des poches lat\u00e9rales sont disponibles pour le ravitaillement ou l'\u00e9quipement - id\u00e9al pour les gels et les barres ou pour le transport de b\u00e2tons en 4 parties. Alternativement, des boucles \u00e9lastiques permettent de fixer les b\u00e2tons dans le dos sans restreindre la libert\u00e9 de mouvement. Les coutures plates emp\u00eachent les frottements et assurent un confort de port, m\u00eame sur de longues distances.<\/p>\n<p>&nbsp;<\/p>\n<p>&nbsp;<\/p>","protected":false},"featured_media":5943,"template":"","meta":{"ocean_post_layout":"","ocean_both_sidebars_style":"","ocean_both_sidebars_content_width":0,"ocean_both_sidebars_sidebars_width":0,"ocean_sidebar":"0","ocean_second_sidebar":"0","ocean_disable_margins":"enable","ocean_add_body_class":"","ocean_shortcode_before_top_bar":"","ocean_shortcode_after_top_bar":"","ocean_shortcode_before_header":"","ocean_shortcode_after_header":"","ocean_has_shortcode":"","ocean_shortcode_after_title":"","ocean_shortcode_before_footer_widgets":"","ocean_shortcode_after_footer_widgets":"","ocean_shortcode_before_footer_bottom":"","ocean_shortcode_after_footer_bottom":"","ocean_display_top_bar":"default","ocean_display_header":"default","ocean_header_style":"","ocean_center_header_left_menu":"0","ocean_custom_header_template":"0","ocean_custom_logo":0,"ocean_custom_retina_logo":0,"ocean_custom_logo_max_width":0,"ocean_custom_logo_tablet_max_width":0,"ocean_custom_logo_mobile_max_width":0,"ocean_custom_logo_max_height":0,"ocean_custom_logo_tablet_max_height":0,"ocean_custom_logo_mobile_max_height":0,"ocean_header_custom_menu":"0","ocean_menu_typo_font_family":"0","ocean_menu_typo_font_subset":"","ocean_menu_typo_font_size":0,"ocean_menu_typo_font_size_tablet":0,"ocean_menu_typo_font_size_mobile":0,"ocean_menu_typo_font_size_unit":"px","ocean_menu_typo_font_weight":"","ocean_menu_typo_font_weight_tablet":"","ocean_menu_typo_font_weight_mobile":"","ocean_menu_typo_transform":"","ocean_menu_typo_transform_tablet":"","ocean_menu_typo_transform_mobile":"","ocean_menu_typo_line_height":0,"ocean_menu_typo_line_height_tablet":0,"ocean_menu_typo_line_height_mobile":0,"ocean_menu_typo_line_height_unit":"","ocean_menu_typo_spacing":0,"ocean_menu_typo_spacing_tablet":0,"ocean_menu_typo_spacing_mobile":0,"ocean_menu_typo_spacing_unit":"","ocean_menu_link_color":"","ocean_menu_link_color_hover":"","ocean_menu_link_color_active":"","ocean_menu_link_background":"","ocean_menu_link_hover_background":"","ocean_menu_link_active_background":"","ocean_menu_social_links_bg":"","ocean_menu_social_hover_links_bg":"","ocean_menu_social_links_color":"","ocean_menu_social_hover_links_color":"","ocean_disable_title":"default","ocean_disable_heading":"default","ocean_post_title":"","ocean_post_subheading":"","ocean_post_title_style":"","ocean_post_title_background_color":"","ocean_post_title_background":0,"ocean_post_title_bg_image_position":"","ocean_post_title_bg_image_attachment":"","ocean_post_title_bg_image_repeat":"","ocean_post_title_bg_image_size":"","ocean_post_title_height":0,"ocean_post_title_bg_overlay":0.5,"ocean_post_title_bg_overlay_color":"","ocean_disable_breadcrumbs":"default","ocean_breadcrumbs_color":"","ocean_breadcrumbs_separator_color":"","ocean_breadcrumbs_links_color":"","ocean_breadcrumbs_links_hover_color":"","ocean_display_footer_widgets":"default","ocean_display_footer_bottom":"default","ocean_custom_footer_template":"0"},"product_brand":[],"product_cat":[107,108,109],"product_tag":[],"class_list":{"0":"post-5939","1":"product","2":"type-product","3":"status-publish","4":"has-post-thumbnail","6":"product_cat-running","7":"product_cat-classic-running","8":"product_cat-men-classic-running","10":"entry","11":"has-media","13":"first","14":"instock","15":"taxable","16":"shipping-taxable","17":"purchasable","18":"product-type-simple","19":"col","20":"span_1_of_4","21":"owp-content-center","22":"owp-thumbs-layout-horizontal","23":"owp-btn-normal","24":"owp-tabs-layout-horizontal"},"yoast_head":"<!-- This site is optimized with the Yoast SEO plugin v24.8.1 - https:\/\/yoast.com\/wordpress\/plugins\/seo\/ -->\n<title>Running Classic Trail Shorts - iNOW.ch<\/title>\n<meta name=\"robots\" content=\"noindex, follow, max-snippet:-1, max-image-preview:large, max-video-preview:-1\" \/>\n<meta property=\"og:locale\" content=\"fr_FR\" \/>\n<meta property=\"og:type\" content=\"article\" \/>\n<meta property=\"og:title\" content=\"Running Classic Trail Shorts - iNOW.ch\" \/>\n<meta property=\"og:description\" content=\"Die Running Classic Trail Shorts ist dein zuverl\u00e4ssiger Begleiter f\u00fcr Training und Wettkampf. Mit ihrem hohen Bund bietet sie optimalen Halt und zus\u00e4tzlichen Stauraum: In der integrierten Fronttasche lassen sich Softflaschen bis 850 ml verstauen. Eine praktische Reissverschlusstasche hinten verstaut Wertsachen zuverl\u00e4ssig.  F\u00fcr Verpflegung oder Ausr\u00fcstung stehen seitliche Taschen zur Verf\u00fcgung \u2013 ideal f\u00fcr Gels und Riegel oder auch f\u00fcr den Transport von 4-teiligen St\u00f6cken. Alternativ k\u00f6nnen die St\u00f6cke \u00fcber elastische Schlaufen am R\u00fccken befestigt werden, ohne die Bewegungsfreiheit einzuschr\u00e4nken. Flachn\u00e4hte verhindern Reibung und sorgen f\u00fcr ein angenehmes Tragegef\u00fchl, selbst auf langen Distanzen.  &nbsp;  &nbsp;\" \/>\n<meta property=\"og:url\" content=\"https:\/\/products.inow.ch\/fr\/produit\/running-classic-trail-shorts-2\/\" \/>\n<meta property=\"og:site_name\" content=\"iNOW.ch\" \/>\n<meta property=\"article:modified_time\" content=\"2026-02-24T15:23:44+00:00\" \/>\n<meta property=\"og:image\" content=\"http:\/\/products.inow.ch\/wp-content\/uploads\/2025\/08\/RBM_TS005_C-Running-Classic-Trail-Shorts_front.png\" \/>\n\t<meta property=\"og:image:width\" content=\"500\" \/>\n\t<meta property=\"og:image:height\" content=\"501\" \/>\n\t<meta property=\"og:image:type\" content=\"image\/png\" \/>\n<meta name=\"twitter:card\" content=\"summary_large_image\" \/>\n<meta name=\"twitter:label1\" content=\"Dur\u00e9e de lecture estim\u00e9e\" \/>\n\t<meta name=\"twitter:data1\" content=\"1 minute\" \/>\n<script type=\"application\/ld+json\" class=\"yoast-schema-graph\">{\"@context\":\"https:\/\/schema.org\",\"@graph\":[{\"@type\":\"WebPage\",\"@id\":\"https:\/\/products.inow.ch\/produkt\/running-classic-trail-shorts-2\/\",\"url\":\"https:\/\/products.inow.ch\/produkt\/running-classic-trail-shorts-2\/\",\"name\":\"Running Classic Trail Shorts - iNOW.ch\",\"isPartOf\":{\"@id\":\"https:\/\/products.inow.ch\/#website\"},\"primaryImageOfPage\":{\"@id\":\"https:\/\/products.inow.ch\/produkt\/running-classic-trail-shorts-2\/#primaryimage\"},\"image\":{\"@id\":\"https:\/\/products.inow.ch\/produkt\/running-classic-trail-shorts-2\/#primaryimage\"},\"thumbnailUrl\":\"https:\/\/products.inow.ch\/wp-content\/uploads\/2025\/08\/RBM_TS005_C-Running-Classic-Trail-Shorts_front.png\",\"datePublished\":\"2025-08-15T06:38:21+00:00\",\"dateModified\":\"2026-02-24T15:23:44+00:00\",\"breadcrumb\":{\"@id\":\"https:\/\/products.inow.ch\/produkt\/running-classic-trail-shorts-2\/#breadcrumb\"},\"inLanguage\":\"fr-FR\",\"potentialAction\":[{\"@type\":\"ReadAction\",\"target\":[\"https:\/\/products.inow.ch\/produkt\/running-classic-trail-shorts-2\/\"]}]},{\"@type\":\"ImageObject\",\"inLanguage\":\"fr-FR\",\"@id\":\"https:\/\/products.inow.ch\/produkt\/running-classic-trail-shorts-2\/#primaryimage\",\"url\":\"https:\/\/products.inow.ch\/wp-content\/uploads\/2025\/08\/RBM_TS005_C-Running-Classic-Trail-Shorts_front.png\",\"contentUrl\":\"https:\/\/products.inow.ch\/wp-content\/uploads\/2025\/08\/RBM_TS005_C-Running-Classic-Trail-Shorts_front.png\",\"width\":500,\"height\":501},{\"@type\":\"BreadcrumbList\",\"@id\":\"https:\/\/products.inow.ch\/produkt\/running-classic-trail-shorts-2\/#breadcrumb\",\"itemListElement\":[{\"@type\":\"ListItem\",\"position\":1,\"name\":\"Startseite\",\"item\":\"https:\/\/products.inow.ch\/\"},{\"@type\":\"ListItem\",\"position\":2,\"name\":\"Sortiment\",\"item\":\"https:\/\/products.inow.ch\/\"},{\"@type\":\"ListItem\",\"position\":3,\"name\":\"Running Classic Trail Shorts\"}]},{\"@type\":\"WebSite\",\"@id\":\"https:\/\/products.inow.ch\/#website\",\"url\":\"https:\/\/products.inow.ch\/\",\"name\":\"iNOW.ch\",\"description\":\"Offerten\",\"publisher\":{\"@id\":\"https:\/\/products.inow.ch\/#organization\"},\"potentialAction\":[{\"@type\":\"SearchAction\",\"target\":{\"@type\":\"EntryPoint\",\"urlTemplate\":\"https:\/\/products.inow.ch\/?s={search_term_string}\"},\"query-input\":{\"@type\":\"PropertyValueSpecification\",\"valueRequired\":true,\"valueName\":\"search_term_string\"}}],\"inLanguage\":\"fr-FR\"},{\"@type\":\"Organization\",\"@id\":\"https:\/\/products.inow.ch\/#organization\",\"name\":\"iNOW.ch\",\"url\":\"https:\/\/products.inow.ch\/\",\"logo\":{\"@type\":\"ImageObject\",\"inLanguage\":\"fr-FR\",\"@id\":\"https:\/\/products.inow.ch\/#\/schema\/logo\/image\/\",\"url\":\"https:\/\/products.inow.ch\/wp-content\/uploads\/2021\/08\/210629_Logo_INOW_Pos.png\",\"contentUrl\":\"https:\/\/products.inow.ch\/wp-content\/uploads\/2021\/08\/210629_Logo_INOW_Pos.png\",\"width\":1749,\"height\":1241,\"caption\":\"iNOW.ch\"},\"image\":{\"@id\":\"https:\/\/products.inow.ch\/#\/schema\/logo\/image\/\"}}]}<\/script>\n<!-- \/ Yoast SEO plugin. -->","yoast_head_json":{"title":"Running Classic Trail Shorts - iNOW.ch","robots":{"index":"noindex","follow":"follow","max-snippet":"max-snippet:-1","max-image-preview":"max-image-preview:large","max-video-preview":"max-video-preview:-1"},"og_locale":"fr_FR","og_type":"article","og_title":"Running Classic Trail Shorts - iNOW.ch","og_description":"Die Running Classic Trail Shorts ist dein zuverl\u00e4ssiger Begleiter f\u00fcr Training und Wettkampf. Mit ihrem hohen Bund bietet sie optimalen Halt und zus\u00e4tzlichen Stauraum: In der integrierten Fronttasche lassen sich Softflaschen bis 850 ml verstauen. Eine praktische Reissverschlusstasche hinten verstaut Wertsachen zuverl\u00e4ssig.  F\u00fcr Verpflegung oder Ausr\u00fcstung stehen seitliche Taschen zur Verf\u00fcgung \u2013 ideal f\u00fcr Gels und Riegel oder auch f\u00fcr den Transport von 4-teiligen St\u00f6cken. Alternativ k\u00f6nnen die St\u00f6cke \u00fcber elastische Schlaufen am R\u00fccken befestigt werden, ohne die Bewegungsfreiheit einzuschr\u00e4nken. Flachn\u00e4hte verhindern Reibung und sorgen f\u00fcr ein angenehmes Tragegef\u00fchl, selbst auf langen Distanzen.  &nbsp;  &nbsp;","og_url":"https:\/\/products.inow.ch\/fr\/produit\/running-classic-trail-shorts-2\/","og_site_name":"iNOW.ch","article_modified_time":"2026-02-24T15:23:44+00:00","og_image":[{"width":500,"height":501,"url":"http:\/\/products.inow.ch\/wp-content\/uploads\/2025\/08\/RBM_TS005_C-Running-Classic-Trail-Shorts_front.png","type":"image\/png"}],"twitter_card":"summary_large_image","twitter_misc":{"Dur\u00e9e de lecture estim\u00e9e":"1 minute"},"schema":{"@context":"https:\/\/schema.org","@graph":[{"@type":"WebPage","@id":"https:\/\/products.inow.ch\/produkt\/running-classic-trail-shorts-2\/","url":"https:\/\/products.inow.ch\/produkt\/running-classic-trail-shorts-2\/","name":"Running Classic Trail Shorts - iNOW.ch","isPartOf":{"@id":"https:\/\/products.inow.ch\/#website"},"primaryImageOfPage":{"@id":"https:\/\/products.inow.ch\/produkt\/running-classic-trail-shorts-2\/#primaryimage"},"image":{"@id":"https:\/\/products.inow.ch\/produkt\/running-classic-trail-shorts-2\/#primaryimage"},"thumbnailUrl":"https:\/\/products.inow.ch\/wp-content\/uploads\/2025\/08\/RBM_TS005_C-Running-Classic-Trail-Shorts_front.png","datePublished":"2025-08-15T06:38:21+00:00","dateModified":"2026-02-24T15:23:44+00:00","breadcrumb":{"@id":"https:\/\/products.inow.ch\/produkt\/running-classic-trail-shorts-2\/#breadcrumb"},"inLanguage":"fr-FR","potentialAction":[{"@type":"ReadAction","target":["https:\/\/products.inow.ch\/produkt\/running-classic-trail-shorts-2\/"]}]},{"@type":"ImageObject","inLanguage":"fr-FR","@id":"https:\/\/products.inow.ch\/produkt\/running-classic-trail-shorts-2\/#primaryimage","url":"https:\/\/products.inow.ch\/wp-content\/uploads\/2025\/08\/RBM_TS005_C-Running-Classic-Trail-Shorts_front.png","contentUrl":"https:\/\/products.inow.ch\/wp-content\/uploads\/2025\/08\/RBM_TS005_C-Running-Classic-Trail-Shorts_front.png","width":500,"height":501},{"@type":"BreadcrumbList","@id":"https:\/\/products.inow.ch\/produkt\/running-classic-trail-shorts-2\/#breadcrumb","itemListElement":[{"@type":"ListItem","position":1,"name":"Startseite","item":"https:\/\/products.inow.ch\/"},{"@type":"ListItem","position":2,"name":"Sortiment","item":"https:\/\/products.inow.ch\/"},{"@type":"ListItem","position":3,"name":"Running Classic Trail Shorts"}]},{"@type":"WebSite","@id":"https:\/\/products.inow.ch\/#website","url":"https:\/\/products.inow.ch\/","name":"iNOW.ch","description":"Offres","publisher":{"@id":"https:\/\/products.inow.ch\/#organization"},"potentialAction":[{"@type":"SearchAction","target":{"@type":"EntryPoint","urlTemplate":"https:\/\/products.inow.ch\/?s={search_term_string}"},"query-input":{"@type":"PropertyValueSpecification","valueRequired":true,"valueName":"search_term_string"}}],"inLanguage":"fr-FR"},{"@type":"Organization","@id":"https:\/\/products.inow.ch\/#organization","name":"iNOW.ch","url":"https:\/\/products.inow.ch\/","logo":{"@type":"ImageObject","inLanguage":"fr-FR","@id":"https:\/\/products.inow.ch\/#\/schema\/logo\/image\/","url":"https:\/\/products.inow.ch\/wp-content\/uploads\/2021\/08\/210629_Logo_INOW_Pos.png","contentUrl":"https:\/\/products.inow.ch\/wp-content\/uploads\/2021\/08\/210629_Logo_INOW_Pos.png","width":1749,"height":1241,"caption":"iNOW.ch"},"image":{"@id":"https:\/\/products.inow.ch\/#\/schema\/logo\/image\/"}}]}},"_links":{"self":[{"href":"https:\/\/products.inow.ch\/fr\/wp-json\/wp\/v2\/product\/5939"}],"collection":[{"href":"https:\/\/products.inow.ch\/fr\/wp-json\/wp\/v2\/product"}],"about":[{"href":"https:\/\/products.inow.ch\/fr\/wp-json\/wp\/v2\/types\/product"}],"wp:featuredmedia":[{"embeddable":true,"href":"https:\/\/products.inow.ch\/fr\/wp-json\/wp\/v2\/media\/5943"}],"wp:attachment":[{"href":"https:\/\/products.inow.ch\/fr\/wp-json\/wp\/v2\/media?parent=5939"}],"wp:term":[{"taxonomy":"product_brand","embeddable":true,"href":"https:\/\/products.inow.ch\/fr\/wp-json\/wp\/v2\/product_brand?post=5939"},{"taxonomy":"product_cat","embeddable":true,"href":"https:\/\/products.inow.ch\/fr\/wp-json\/wp\/v2\/product_cat?post=5939"},{"taxonomy":"product_tag","embeddable":true,"href":"https:\/\/products.inow.ch\/fr\/wp-json\/wp\/v2\/product_tag?post=5939"}],"curies":[{"name":"wp","href":"https:\/\/api.w.org\/{rel}","templated":true}]}}