{"id":5672,"date":"2025-03-14T13:44:55","date_gmt":"2025-03-14T13:44:55","guid":{"rendered":"https:\/\/products.inow.ch\/?post_type=product&#038;p=5672"},"modified":"2026-03-12T14:40:21","modified_gmt":"2026-03-12T14:40:21","slug":"cycling-pro-race-jersey-short-sleeve-women","status":"publish","type":"product","link":"https:\/\/products.inow.ch\/fr\/produit\/cycling-pro-race-jersey-short-sleeve-women\/","title":{"rendered":"Cycling Pro RACE Jersey manches courtes"},"content":{"rendered":"<p>- Pro Line | XXS - 2XL<br \/>\n- m\u00e9lange de mat\u00e9riaux \u00e0 s\u00e9chage tr\u00e8s rapide<br \/>\n- extr\u00e9mit\u00e9s des manches c\u00f4tel\u00e9es sans couture<br \/>\n\u2022 Coupe raglan aux bras<br \/>\n\u2022 Fermeture \u00e9clair YKK sur toute la longueur \u00e0 l'avant<br \/>\n\u2022 Poche arri\u00e8re \u00e0 3 compartiments<\/p>\n<p>Mati\u00e8re : 90% polyester, 10% \u00e9lasthanne<\/p>\n<p>Ajuster la longueur du bras (-2cm, -4cm, +2cm, +4cm) CHF 12.00<br \/>\nAjuster la longueur du corps (-2.5cm, -5cm, +2.5cm, +5cm) CHF 12.00<\/p>\n<p>poche zipp\u00e9e \u00e0 l'arri\u00e8re CHF 3.00 \/ r\u00e9fl\u00e9chissant argent ou noir CHF 4.00<br \/>\npochette pour smartphone \u00e0 l'arri\u00e8re CHF 2.00<br \/>\n\u00c9l\u00e9ment r\u00e9fl\u00e9chissant \u00e0 l'arri\u00e8re Argent ou noir CHF 3.00<\/p>","protected":false},"excerpt":{"rendered":"<p>Ce maillot Pro Race a\u00e9rodynamique \u00e0 la coupe ajust\u00e9e s'adresse aux coureurs orient\u00e9s vers la comp\u00e9tition. Le m\u00e9lange innovant de mati\u00e8res ultral\u00e9g\u00e8res et respirantes assure une circulation optimale de l'air et un confort maximal.<\/p>\n<p>Parfait pour les sorties intensives lors des chaudes journ\u00e9es d'\u00e9t\u00e9 : ce maillot se sent comme une seconde peau et te soutient avec une excellente r\u00e9gulation de la chaleur et une efficacit\u00e9 a\u00e9rodynamique.<\/p>\n<p>La coupe raglan avanc\u00e9e avec des manches c\u00f4tel\u00e9es sans coutures am\u00e9liore l'ajustement et r\u00e9duit la r\u00e9sistance \u00e0 l'air. Un col plat et une fermeture \u00e9clair avant \u00e0 blocage sur toute la longueur offrent une fonctionnalit\u00e9 suppl\u00e9mentaire. La poche arri\u00e8re \u00e0 trois compartiments permet de ranger l'essentiel lors des longues randonn\u00e9es.<\/p>","protected":false},"featured_media":5924,"template":"","meta":{"ocean_post_layout":"","ocean_both_sidebars_style":"","ocean_both_sidebars_content_width":0,"ocean_both_sidebars_sidebars_width":0,"ocean_sidebar":"0","ocean_second_sidebar":"0","ocean_disable_margins":"enable","ocean_add_body_class":"","ocean_shortcode_before_top_bar":"","ocean_shortcode_after_top_bar":"","ocean_shortcode_before_header":"","ocean_shortcode_after_header":"","ocean_has_shortcode":"","ocean_shortcode_after_title":"","ocean_shortcode_before_footer_widgets":"","ocean_shortcode_after_footer_widgets":"","ocean_shortcode_before_footer_bottom":"","ocean_shortcode_after_footer_bottom":"","ocean_display_top_bar":"default","ocean_display_header":"default","ocean_header_style":"","ocean_center_header_left_menu":"0","ocean_custom_header_template":"0","ocean_custom_logo":0,"ocean_custom_retina_logo":0,"ocean_custom_logo_max_width":0,"ocean_custom_logo_tablet_max_width":0,"ocean_custom_logo_mobile_max_width":0,"ocean_custom_logo_max_height":0,"ocean_custom_logo_tablet_max_height":0,"ocean_custom_logo_mobile_max_height":0,"ocean_header_custom_menu":"0","ocean_menu_typo_font_family":"0","ocean_menu_typo_font_subset":"","ocean_menu_typo_font_size":0,"ocean_menu_typo_font_size_tablet":0,"ocean_menu_typo_font_size_mobile":0,"ocean_menu_typo_font_size_unit":"px","ocean_menu_typo_font_weight":"","ocean_menu_typo_font_weight_tablet":"","ocean_menu_typo_font_weight_mobile":"","ocean_menu_typo_transform":"","ocean_menu_typo_transform_tablet":"","ocean_menu_typo_transform_mobile":"","ocean_menu_typo_line_height":0,"ocean_menu_typo_line_height_tablet":0,"ocean_menu_typo_line_height_mobile":0,"ocean_menu_typo_line_height_unit":"","ocean_menu_typo_spacing":0,"ocean_menu_typo_spacing_tablet":0,"ocean_menu_typo_spacing_mobile":0,"ocean_menu_typo_spacing_unit":"","ocean_menu_link_color":"","ocean_menu_link_color_hover":"","ocean_menu_link_color_active":"","ocean_menu_link_background":"","ocean_menu_link_hover_background":"","ocean_menu_link_active_background":"","ocean_menu_social_links_bg":"","ocean_menu_social_hover_links_bg":"","ocean_menu_social_links_color":"","ocean_menu_social_hover_links_color":"","ocean_disable_title":"default","ocean_disable_heading":"default","ocean_post_title":"","ocean_post_subheading":"","ocean_post_title_style":"","ocean_post_title_background_color":"","ocean_post_title_background":0,"ocean_post_title_bg_image_position":"","ocean_post_title_bg_image_attachment":"","ocean_post_title_bg_image_repeat":"","ocean_post_title_bg_image_size":"","ocean_post_title_height":0,"ocean_post_title_bg_overlay":0.5,"ocean_post_title_bg_overlay_color":"","ocean_disable_breadcrumbs":"default","ocean_breadcrumbs_color":"","ocean_breadcrumbs_separator_color":"","ocean_breadcrumbs_links_color":"","ocean_breadcrumbs_links_hover_color":"","ocean_display_footer_widgets":"default","ocean_display_footer_bottom":"default","ocean_custom_footer_template":"0"},"product_brand":[],"product_cat":[89,91,97],"product_tag":[],"class_list":{"0":"post-5672","1":"product","2":"type-product","3":"status-publish","4":"has-post-thumbnail","6":"product_cat-cycling","7":"product_cat-pro-cycling","8":"product_cat-women-pro-cycling","10":"entry","11":"has-media","13":"first","14":"instock","15":"taxable","16":"shipping-taxable","17":"product-type-simple","18":"col","19":"span_1_of_4","20":"owp-content-center","21":"owp-thumbs-layout-horizontal","22":"owp-btn-normal","23":"owp-tabs-layout-horizontal"},"yoast_head":"<!-- This site is optimized with the Yoast SEO plugin v24.8.1 - https:\/\/yoast.com\/wordpress\/plugins\/seo\/ -->\n<title>Cycling Pro RACE Jersey short sleeve - iNOW.ch<\/title>\n<meta name=\"robots\" content=\"noindex, follow, max-snippet:-1, max-image-preview:large, max-video-preview:-1\" \/>\n<meta property=\"og:locale\" content=\"fr_FR\" \/>\n<meta property=\"og:type\" content=\"article\" \/>\n<meta property=\"og:title\" content=\"Cycling Pro RACE Jersey short sleeve - iNOW.ch\" \/>\n<meta property=\"og:description\" content=\"Dieses aerodynamische Pro Race Trikot mit enger Passform richtet sich an wettkampforientierte Fahrer. Der innovative Materialmix aus ultraleichten, atmungsaktiven Stoffen sorgt f\u00fcr optimale Luftzirkulation und maximalen Komfort.  Perfekt f\u00fcr intensive Fahrten an hei\u00dfen Sommertagen: Dieses Trikot f\u00fchlt sich an wie eine zweite Haut und unterst\u00fctzt dich mit exzellenter W\u00e4rmeregulierung und aerodynamischer Effizienz.  Der fortschrittliche Raglanschnitt mit nahtlosen, gerippten \u00c4rmeln verbessert die Passform und reduziert den Luftwiderstand. Ein flacher Kragen und ein durchgehender, arretierender Frontreissverschluss bieten zus\u00e4tzliche Funktionalit\u00e4t. Die dreigeteilte R\u00fcckentasche bietet Platz f\u00fcr das Wichtigste auf langen Touren.\" \/>\n<meta property=\"og:url\" content=\"https:\/\/products.inow.ch\/fr\/produit\/cycling-pro-race-jersey-short-sleeve-women\/\" \/>\n<meta property=\"og:site_name\" content=\"iNOW.ch\" \/>\n<meta property=\"article:modified_time\" content=\"2026-03-12T14:40:21+00:00\" \/>\n<meta property=\"og:image\" content=\"http:\/\/products.inow.ch\/wp-content\/uploads\/2025\/06\/ISJAN22-CTW_SS105_P-CYCLING-Pro-RACE-Jersey-Short-Sleeve_front.png\" \/>\n\t<meta property=\"og:image:width\" content=\"500\" \/>\n\t<meta property=\"og:image:height\" content=\"501\" \/>\n\t<meta property=\"og:image:type\" content=\"image\/png\" \/>\n<meta name=\"twitter:card\" content=\"summary_large_image\" \/>\n<meta name=\"twitter:label1\" content=\"Dur\u00e9e de lecture estim\u00e9e\" \/>\n\t<meta name=\"twitter:data1\" content=\"1 minute\" \/>\n<script type=\"application\/ld+json\" class=\"yoast-schema-graph\">{\"@context\":\"https:\/\/schema.org\",\"@graph\":[{\"@type\":\"WebPage\",\"@id\":\"https:\/\/products.inow.ch\/produkt\/cycling-pro-race-jersey-short-sleeve-women\/\",\"url\":\"https:\/\/products.inow.ch\/produkt\/cycling-pro-race-jersey-short-sleeve-women\/\",\"name\":\"Cycling Pro RACE Jersey short sleeve - iNOW.ch\",\"isPartOf\":{\"@id\":\"https:\/\/products.inow.ch\/#website\"},\"primaryImageOfPage\":{\"@id\":\"https:\/\/products.inow.ch\/produkt\/cycling-pro-race-jersey-short-sleeve-women\/#primaryimage\"},\"image\":{\"@id\":\"https:\/\/products.inow.ch\/produkt\/cycling-pro-race-jersey-short-sleeve-women\/#primaryimage\"},\"thumbnailUrl\":\"https:\/\/products.inow.ch\/wp-content\/uploads\/2025\/06\/ISJAN22-CTW_SS105_P-CYCLING-Pro-RACE-Jersey-Short-Sleeve_front.png\",\"datePublished\":\"2025-03-14T13:44:55+00:00\",\"dateModified\":\"2026-03-12T14:40:21+00:00\",\"breadcrumb\":{\"@id\":\"https:\/\/products.inow.ch\/produkt\/cycling-pro-race-jersey-short-sleeve-women\/#breadcrumb\"},\"inLanguage\":\"fr-FR\",\"potentialAction\":[{\"@type\":\"ReadAction\",\"target\":[\"https:\/\/products.inow.ch\/produkt\/cycling-pro-race-jersey-short-sleeve-women\/\"]}]},{\"@type\":\"ImageObject\",\"inLanguage\":\"fr-FR\",\"@id\":\"https:\/\/products.inow.ch\/produkt\/cycling-pro-race-jersey-short-sleeve-women\/#primaryimage\",\"url\":\"https:\/\/products.inow.ch\/wp-content\/uploads\/2025\/06\/ISJAN22-CTW_SS105_P-CYCLING-Pro-RACE-Jersey-Short-Sleeve_front.png\",\"contentUrl\":\"https:\/\/products.inow.ch\/wp-content\/uploads\/2025\/06\/ISJAN22-CTW_SS105_P-CYCLING-Pro-RACE-Jersey-Short-Sleeve_front.png\",\"width\":500,\"height\":501},{\"@type\":\"BreadcrumbList\",\"@id\":\"https:\/\/products.inow.ch\/produkt\/cycling-pro-race-jersey-short-sleeve-women\/#breadcrumb\",\"itemListElement\":[{\"@type\":\"ListItem\",\"position\":1,\"name\":\"Startseite\",\"item\":\"https:\/\/products.inow.ch\/\"},{\"@type\":\"ListItem\",\"position\":2,\"name\":\"Sortiment\",\"item\":\"https:\/\/products.inow.ch\/\"},{\"@type\":\"ListItem\",\"position\":3,\"name\":\"Cycling Pro RACE Jersey short sleeve\"}]},{\"@type\":\"WebSite\",\"@id\":\"https:\/\/products.inow.ch\/#website\",\"url\":\"https:\/\/products.inow.ch\/\",\"name\":\"iNOW.ch\",\"description\":\"Offerten\",\"publisher\":{\"@id\":\"https:\/\/products.inow.ch\/#organization\"},\"potentialAction\":[{\"@type\":\"SearchAction\",\"target\":{\"@type\":\"EntryPoint\",\"urlTemplate\":\"https:\/\/products.inow.ch\/?s={search_term_string}\"},\"query-input\":{\"@type\":\"PropertyValueSpecification\",\"valueRequired\":true,\"valueName\":\"search_term_string\"}}],\"inLanguage\":\"fr-FR\"},{\"@type\":\"Organization\",\"@id\":\"https:\/\/products.inow.ch\/#organization\",\"name\":\"iNOW.ch\",\"url\":\"https:\/\/products.inow.ch\/\",\"logo\":{\"@type\":\"ImageObject\",\"inLanguage\":\"fr-FR\",\"@id\":\"https:\/\/products.inow.ch\/#\/schema\/logo\/image\/\",\"url\":\"https:\/\/products.inow.ch\/wp-content\/uploads\/2021\/08\/210629_Logo_INOW_Pos.png\",\"contentUrl\":\"https:\/\/products.inow.ch\/wp-content\/uploads\/2021\/08\/210629_Logo_INOW_Pos.png\",\"width\":1749,\"height\":1241,\"caption\":\"iNOW.ch\"},\"image\":{\"@id\":\"https:\/\/products.inow.ch\/#\/schema\/logo\/image\/\"}}]}<\/script>\n<!-- \/ Yoast SEO plugin. -->","yoast_head_json":{"title":"Cycling Pro RACE Jersey short sleeve - iNOW.ch","robots":{"index":"noindex","follow":"follow","max-snippet":"max-snippet:-1","max-image-preview":"max-image-preview:large","max-video-preview":"max-video-preview:-1"},"og_locale":"fr_FR","og_type":"article","og_title":"Cycling Pro RACE Jersey short sleeve - iNOW.ch","og_description":"Dieses aerodynamische Pro Race Trikot mit enger Passform richtet sich an wettkampforientierte Fahrer. Der innovative Materialmix aus ultraleichten, atmungsaktiven Stoffen sorgt f\u00fcr optimale Luftzirkulation und maximalen Komfort.  Perfekt f\u00fcr intensive Fahrten an hei\u00dfen Sommertagen: Dieses Trikot f\u00fchlt sich an wie eine zweite Haut und unterst\u00fctzt dich mit exzellenter W\u00e4rmeregulierung und aerodynamischer Effizienz.  Der fortschrittliche Raglanschnitt mit nahtlosen, gerippten \u00c4rmeln verbessert die Passform und reduziert den Luftwiderstand. Ein flacher Kragen und ein durchgehender, arretierender Frontreissverschluss bieten zus\u00e4tzliche Funktionalit\u00e4t. Die dreigeteilte R\u00fcckentasche bietet Platz f\u00fcr das Wichtigste auf langen Touren.","og_url":"https:\/\/products.inow.ch\/fr\/produit\/cycling-pro-race-jersey-short-sleeve-women\/","og_site_name":"iNOW.ch","article_modified_time":"2026-03-12T14:40:21+00:00","og_image":[{"width":500,"height":501,"url":"http:\/\/products.inow.ch\/wp-content\/uploads\/2025\/06\/ISJAN22-CTW_SS105_P-CYCLING-Pro-RACE-Jersey-Short-Sleeve_front.png","type":"image\/png"}],"twitter_card":"summary_large_image","twitter_misc":{"Dur\u00e9e de lecture estim\u00e9e":"1 minute"},"schema":{"@context":"https:\/\/schema.org","@graph":[{"@type":"WebPage","@id":"https:\/\/products.inow.ch\/produkt\/cycling-pro-race-jersey-short-sleeve-women\/","url":"https:\/\/products.inow.ch\/produkt\/cycling-pro-race-jersey-short-sleeve-women\/","name":"Cycling Pro RACE Jersey short sleeve - iNOW.ch","isPartOf":{"@id":"https:\/\/products.inow.ch\/#website"},"primaryImageOfPage":{"@id":"https:\/\/products.inow.ch\/produkt\/cycling-pro-race-jersey-short-sleeve-women\/#primaryimage"},"image":{"@id":"https:\/\/products.inow.ch\/produkt\/cycling-pro-race-jersey-short-sleeve-women\/#primaryimage"},"thumbnailUrl":"https:\/\/products.inow.ch\/wp-content\/uploads\/2025\/06\/ISJAN22-CTW_SS105_P-CYCLING-Pro-RACE-Jersey-Short-Sleeve_front.png","datePublished":"2025-03-14T13:44:55+00:00","dateModified":"2026-03-12T14:40:21+00:00","breadcrumb":{"@id":"https:\/\/products.inow.ch\/produkt\/cycling-pro-race-jersey-short-sleeve-women\/#breadcrumb"},"inLanguage":"fr-FR","potentialAction":[{"@type":"ReadAction","target":["https:\/\/products.inow.ch\/produkt\/cycling-pro-race-jersey-short-sleeve-women\/"]}]},{"@type":"ImageObject","inLanguage":"fr-FR","@id":"https:\/\/products.inow.ch\/produkt\/cycling-pro-race-jersey-short-sleeve-women\/#primaryimage","url":"https:\/\/products.inow.ch\/wp-content\/uploads\/2025\/06\/ISJAN22-CTW_SS105_P-CYCLING-Pro-RACE-Jersey-Short-Sleeve_front.png","contentUrl":"https:\/\/products.inow.ch\/wp-content\/uploads\/2025\/06\/ISJAN22-CTW_SS105_P-CYCLING-Pro-RACE-Jersey-Short-Sleeve_front.png","width":500,"height":501},{"@type":"BreadcrumbList","@id":"https:\/\/products.inow.ch\/produkt\/cycling-pro-race-jersey-short-sleeve-women\/#breadcrumb","itemListElement":[{"@type":"ListItem","position":1,"name":"Startseite","item":"https:\/\/products.inow.ch\/"},{"@type":"ListItem","position":2,"name":"Sortiment","item":"https:\/\/products.inow.ch\/"},{"@type":"ListItem","position":3,"name":"Cycling Pro RACE Jersey short sleeve"}]},{"@type":"WebSite","@id":"https:\/\/products.inow.ch\/#website","url":"https:\/\/products.inow.ch\/","name":"iNOW.ch","description":"Offres","publisher":{"@id":"https:\/\/products.inow.ch\/#organization"},"potentialAction":[{"@type":"SearchAction","target":{"@type":"EntryPoint","urlTemplate":"https:\/\/products.inow.ch\/?s={search_term_string}"},"query-input":{"@type":"PropertyValueSpecification","valueRequired":true,"valueName":"search_term_string"}}],"inLanguage":"fr-FR"},{"@type":"Organization","@id":"https:\/\/products.inow.ch\/#organization","name":"iNOW.ch","url":"https:\/\/products.inow.ch\/","logo":{"@type":"ImageObject","inLanguage":"fr-FR","@id":"https:\/\/products.inow.ch\/#\/schema\/logo\/image\/","url":"https:\/\/products.inow.ch\/wp-content\/uploads\/2021\/08\/210629_Logo_INOW_Pos.png","contentUrl":"https:\/\/products.inow.ch\/wp-content\/uploads\/2021\/08\/210629_Logo_INOW_Pos.png","width":1749,"height":1241,"caption":"iNOW.ch"},"image":{"@id":"https:\/\/products.inow.ch\/#\/schema\/logo\/image\/"}}]}},"_links":{"self":[{"href":"https:\/\/products.inow.ch\/fr\/wp-json\/wp\/v2\/product\/5672"}],"collection":[{"href":"https:\/\/products.inow.ch\/fr\/wp-json\/wp\/v2\/product"}],"about":[{"href":"https:\/\/products.inow.ch\/fr\/wp-json\/wp\/v2\/types\/product"}],"wp:featuredmedia":[{"embeddable":true,"href":"https:\/\/products.inow.ch\/fr\/wp-json\/wp\/v2\/media\/5924"}],"wp:attachment":[{"href":"https:\/\/products.inow.ch\/fr\/wp-json\/wp\/v2\/media?parent=5672"}],"wp:term":[{"taxonomy":"product_brand","embeddable":true,"href":"https:\/\/products.inow.ch\/fr\/wp-json\/wp\/v2\/product_brand?post=5672"},{"taxonomy":"product_cat","embeddable":true,"href":"https:\/\/products.inow.ch\/fr\/wp-json\/wp\/v2\/product_cat?post=5672"},{"taxonomy":"product_tag","embeddable":true,"href":"https:\/\/products.inow.ch\/fr\/wp-json\/wp\/v2\/product_tag?post=5672"}],"curies":[{"name":"wp","href":"https:\/\/api.w.org\/{rel}","templated":true}]}}