{"id":5670,"date":"2025-03-14T13:32:36","date_gmt":"2025-03-14T13:32:36","guid":{"rendered":"https:\/\/products.inow.ch\/?post_type=product&#038;p=5670"},"modified":"2026-02-20T10:53:43","modified_gmt":"2026-02-20T10:53:43","slug":"cycling-pro-bib-shorts-women","status":"publish","type":"product","link":"https:\/\/products.inow.ch\/fr\/produit\/cycling-pro-bib-shorts-women\/","title":{"rendered":"Cycling Pro Bib Short"},"content":{"rendered":"<p>- Pro Line | XXS - 2XL<br \/>\n\u2022 Coupe moulante et souple pour une libert\u00e9 de mouvement optimale<br \/>\n- l\u00e9gers supports en lycra<br \/>\n- Coussinets 3D PadX pour femmes \/\/ <strong>Plus d'infos ici :<\/strong> <a href=\"https:\/\/inow.ch\/radhosenpolster\/?\">https:\/\/inow.ch\/radhosenpolster\/?<\/a><br \/>\n- bas de jambe agr\u00e9able sans ruban ni silicone<br \/>\n\u2022 Coutures plates sur tout le cuissard pour \u00e9viter les points de pression<br \/>\n- Logo r\u00e9fl\u00e9chissant \u00e0 l'arri\u00e8re<\/p>\n<p>Mati\u00e8re : 80% polyamide, 20% \u00e9lasthanne<\/p>\n<p>Options :<br \/>\nAjuster la longueur de la jambe (-2cm, -4cm, +2cm, +4cm) CHF 12.00<br \/>\n<strong>PADIX\u2122 3D <\/strong>rembourrage pour cuissards de cyclisme Women CHF 30.00<br \/>\nPour tout savoir sur la nouvelle peau de chamois r\u00e9volutionnaire, voir <a href=\"https:\/\/inow.ch\/radhosenpolster\/?v=d88fc6edf21e\">ici.<\/a><\/p>","protected":false},"excerpt":{"rendered":"<p>Ces Bib Shorts Pro de haute qualit\u00e9 ont \u00e9t\u00e9 con\u00e7us pour les cyclistes exigeants qui ne veulent pas faire de compromis sur le confort et l'efficacit\u00e9. La coupe pr\u00e8s du corps et le m\u00e9lange de mati\u00e8res ergonomiquement optimis\u00e9 assurent un ajustement parfait.<\/p>\n<p>Le coussin d'assise 3D hautement fonctionnel offre une protection et un amortissement exceptionnels - m\u00eame lors de trajets intensifs et reste constant pendant de nombreuses heures sur la selle.<\/p>\n<p><strong>Plus d'infos ici :<\/strong> <a href=\"https:\/\/inow.ch\/radhosenpolster\/?\">https:\/\/inow.ch\/radhosenpolster\/?<\/a><\/p>\n<p>Les bas de jambes sans silicone assurent un maintien stable sans irriter la peau - pour une sensation naturelle \u00e0 chaque mouvement. Les bretelles l\u00e9g\u00e8res en lycra garantissent une a\u00e9ration optimale et un maintien s\u00fbr.<\/p>\n<p>Que ce soit pour l'entra\u00eenement ou la course, le CYCLING PRO BIB SHORTS est ton compagnon fiable et constant pour chaque d\u00e9fi sur le v\u00e9lo.<\/p>","protected":false},"featured_media":5918,"template":"","meta":{"ocean_post_layout":"","ocean_both_sidebars_style":"","ocean_both_sidebars_content_width":0,"ocean_both_sidebars_sidebars_width":0,"ocean_sidebar":"0","ocean_second_sidebar":"0","ocean_disable_margins":"enable","ocean_add_body_class":"","ocean_shortcode_before_top_bar":"","ocean_shortcode_after_top_bar":"","ocean_shortcode_before_header":"","ocean_shortcode_after_header":"","ocean_has_shortcode":"","ocean_shortcode_after_title":"","ocean_shortcode_before_footer_widgets":"","ocean_shortcode_after_footer_widgets":"","ocean_shortcode_before_footer_bottom":"","ocean_shortcode_after_footer_bottom":"","ocean_display_top_bar":"default","ocean_display_header":"default","ocean_header_style":"","ocean_center_header_left_menu":"0","ocean_custom_header_template":"0","ocean_custom_logo":0,"ocean_custom_retina_logo":0,"ocean_custom_logo_max_width":0,"ocean_custom_logo_tablet_max_width":0,"ocean_custom_logo_mobile_max_width":0,"ocean_custom_logo_max_height":0,"ocean_custom_logo_tablet_max_height":0,"ocean_custom_logo_mobile_max_height":0,"ocean_header_custom_menu":"0","ocean_menu_typo_font_family":"0","ocean_menu_typo_font_subset":"","ocean_menu_typo_font_size":0,"ocean_menu_typo_font_size_tablet":0,"ocean_menu_typo_font_size_mobile":0,"ocean_menu_typo_font_size_unit":"px","ocean_menu_typo_font_weight":"","ocean_menu_typo_font_weight_tablet":"","ocean_menu_typo_font_weight_mobile":"","ocean_menu_typo_transform":"","ocean_menu_typo_transform_tablet":"","ocean_menu_typo_transform_mobile":"","ocean_menu_typo_line_height":0,"ocean_menu_typo_line_height_tablet":0,"ocean_menu_typo_line_height_mobile":0,"ocean_menu_typo_line_height_unit":"","ocean_menu_typo_spacing":0,"ocean_menu_typo_spacing_tablet":0,"ocean_menu_typo_spacing_mobile":0,"ocean_menu_typo_spacing_unit":"","ocean_menu_link_color":"","ocean_menu_link_color_hover":"","ocean_menu_link_color_active":"","ocean_menu_link_background":"","ocean_menu_link_hover_background":"","ocean_menu_link_active_background":"","ocean_menu_social_links_bg":"","ocean_menu_social_hover_links_bg":"","ocean_menu_social_links_color":"","ocean_menu_social_hover_links_color":"","ocean_disable_title":"default","ocean_disable_heading":"default","ocean_post_title":"","ocean_post_subheading":"","ocean_post_title_style":"","ocean_post_title_background_color":"","ocean_post_title_background":0,"ocean_post_title_bg_image_position":"","ocean_post_title_bg_image_attachment":"","ocean_post_title_bg_image_repeat":"","ocean_post_title_bg_image_size":"","ocean_post_title_height":0,"ocean_post_title_bg_overlay":0.5,"ocean_post_title_bg_overlay_color":"","ocean_disable_breadcrumbs":"default","ocean_breadcrumbs_color":"","ocean_breadcrumbs_separator_color":"","ocean_breadcrumbs_links_color":"","ocean_breadcrumbs_links_hover_color":"","ocean_display_footer_widgets":"default","ocean_display_footer_bottom":"default","ocean_custom_footer_template":"0"},"product_brand":[],"product_cat":[89,91,97],"product_tag":[],"class_list":{"0":"post-5670","1":"product","2":"type-product","3":"status-publish","4":"has-post-thumbnail","6":"product_cat-cycling","7":"product_cat-pro-cycling","8":"product_cat-women-pro-cycling","10":"entry","11":"has-media","13":"first","14":"instock","15":"taxable","16":"shipping-taxable","17":"product-type-simple","18":"col","19":"span_1_of_4","20":"owp-content-center","21":"owp-thumbs-layout-horizontal","22":"owp-btn-normal","23":"owp-tabs-layout-horizontal"},"yoast_head":"<!-- This site is optimized with the Yoast SEO plugin v24.8.1 - https:\/\/yoast.com\/wordpress\/plugins\/seo\/ -->\n<title>Cycling Pro Bib Shorts - iNOW.ch<\/title>\n<meta name=\"robots\" content=\"noindex, follow, max-snippet:-1, max-image-preview:large, max-video-preview:-1\" \/>\n<meta property=\"og:locale\" content=\"fr_FR\" \/>\n<meta property=\"og:type\" content=\"article\" \/>\n<meta property=\"og:title\" content=\"Cycling Pro Bib Shorts - iNOW.ch\" \/>\n<meta property=\"og:description\" content=\"Diese hochwertigen Bib Shorts Pro wurden f\u00fcr anspruchsvolle Fahrer entwickelt, die keine Kompromisse bei Komfort und Effizienz eingehen wollen. Der k\u00f6rpernahe Schnitt und der ergonomisch optimierte Materialmix sorgen f\u00fcr eine perfekte Passform.  Das hochfunktionale 3D-Sitzpolster bietet hervorragenden Schutz und D\u00e4mpfung \u2013 auch bei intensiven Fahrten und bleibt \u00fcber viele Stunden im Sattel konstant.  Mehr Infos hier: https:\/\/inow.ch\/radhosenpolster\/?  Beinabschl\u00fcsse ohne Silikon sorgen f\u00fcr stabilen Halt, ohne die Haut zu reizen \u2013 f\u00fcr ein nat\u00fcrliches Tragegef\u00fchl bei jeder Bewegung. Die leichten Tr\u00e4ger aus Lycra-Material gew\u00e4hrleisten optimale Bel\u00fcftung und einen sicheren Sitz.  Ob Training oder Rennen \u2013 die CYCLING PRO BIB SHORTS ist dein zuverl\u00e4ssiger und konstanter Begleiter f\u00fcr jede Herausforderung auf dem Rad.\" \/>\n<meta property=\"og:url\" content=\"https:\/\/products.inow.ch\/fr\/produit\/cycling-pro-bib-shorts-women\/\" \/>\n<meta property=\"og:site_name\" content=\"iNOW.ch\" \/>\n<meta property=\"article:modified_time\" content=\"2026-02-20T10:53:43+00:00\" \/>\n<meta property=\"og:image\" content=\"http:\/\/products.inow.ch\/wp-content\/uploads\/2025\/06\/ISJAN22-CBW_BS113_P-Cycling-PRO-Bib-Shorts-_front.png\" \/>\n\t<meta property=\"og:image:width\" content=\"500\" \/>\n\t<meta property=\"og:image:height\" content=\"501\" \/>\n\t<meta property=\"og:image:type\" content=\"image\/png\" \/>\n<meta name=\"twitter:card\" content=\"summary_large_image\" \/>\n<meta name=\"twitter:label1\" content=\"Dur\u00e9e de lecture estim\u00e9e\" \/>\n\t<meta name=\"twitter:data1\" content=\"1 minute\" \/>\n<script type=\"application\/ld+json\" class=\"yoast-schema-graph\">{\"@context\":\"https:\/\/schema.org\",\"@graph\":[{\"@type\":\"WebPage\",\"@id\":\"https:\/\/products.inow.ch\/produkt\/cycling-pro-bib-shorts-women\/\",\"url\":\"https:\/\/products.inow.ch\/produkt\/cycling-pro-bib-shorts-women\/\",\"name\":\"Cycling Pro Bib Shorts - iNOW.ch\",\"isPartOf\":{\"@id\":\"https:\/\/products.inow.ch\/#website\"},\"primaryImageOfPage\":{\"@id\":\"https:\/\/products.inow.ch\/produkt\/cycling-pro-bib-shorts-women\/#primaryimage\"},\"image\":{\"@id\":\"https:\/\/products.inow.ch\/produkt\/cycling-pro-bib-shorts-women\/#primaryimage\"},\"thumbnailUrl\":\"https:\/\/products.inow.ch\/wp-content\/uploads\/2025\/06\/ISJAN22-CBW_BS113_P-Cycling-PRO-Bib-Shorts-_front.png\",\"datePublished\":\"2025-03-14T13:32:36+00:00\",\"dateModified\":\"2026-02-20T10:53:43+00:00\",\"breadcrumb\":{\"@id\":\"https:\/\/products.inow.ch\/produkt\/cycling-pro-bib-shorts-women\/#breadcrumb\"},\"inLanguage\":\"fr-FR\",\"potentialAction\":[{\"@type\":\"ReadAction\",\"target\":[\"https:\/\/products.inow.ch\/produkt\/cycling-pro-bib-shorts-women\/\"]}]},{\"@type\":\"ImageObject\",\"inLanguage\":\"fr-FR\",\"@id\":\"https:\/\/products.inow.ch\/produkt\/cycling-pro-bib-shorts-women\/#primaryimage\",\"url\":\"https:\/\/products.inow.ch\/wp-content\/uploads\/2025\/06\/ISJAN22-CBW_BS113_P-Cycling-PRO-Bib-Shorts-_front.png\",\"contentUrl\":\"https:\/\/products.inow.ch\/wp-content\/uploads\/2025\/06\/ISJAN22-CBW_BS113_P-Cycling-PRO-Bib-Shorts-_front.png\",\"width\":500,\"height\":501},{\"@type\":\"BreadcrumbList\",\"@id\":\"https:\/\/products.inow.ch\/produkt\/cycling-pro-bib-shorts-women\/#breadcrumb\",\"itemListElement\":[{\"@type\":\"ListItem\",\"position\":1,\"name\":\"Startseite\",\"item\":\"https:\/\/products.inow.ch\/\"},{\"@type\":\"ListItem\",\"position\":2,\"name\":\"Sortiment\",\"item\":\"https:\/\/products.inow.ch\/\"},{\"@type\":\"ListItem\",\"position\":3,\"name\":\"Cycling Pro Bib Shorts\"}]},{\"@type\":\"WebSite\",\"@id\":\"https:\/\/products.inow.ch\/#website\",\"url\":\"https:\/\/products.inow.ch\/\",\"name\":\"iNOW.ch\",\"description\":\"Offerten\",\"publisher\":{\"@id\":\"https:\/\/products.inow.ch\/#organization\"},\"potentialAction\":[{\"@type\":\"SearchAction\",\"target\":{\"@type\":\"EntryPoint\",\"urlTemplate\":\"https:\/\/products.inow.ch\/?s={search_term_string}\"},\"query-input\":{\"@type\":\"PropertyValueSpecification\",\"valueRequired\":true,\"valueName\":\"search_term_string\"}}],\"inLanguage\":\"fr-FR\"},{\"@type\":\"Organization\",\"@id\":\"https:\/\/products.inow.ch\/#organization\",\"name\":\"iNOW.ch\",\"url\":\"https:\/\/products.inow.ch\/\",\"logo\":{\"@type\":\"ImageObject\",\"inLanguage\":\"fr-FR\",\"@id\":\"https:\/\/products.inow.ch\/#\/schema\/logo\/image\/\",\"url\":\"https:\/\/products.inow.ch\/wp-content\/uploads\/2021\/08\/210629_Logo_INOW_Pos.png\",\"contentUrl\":\"https:\/\/products.inow.ch\/wp-content\/uploads\/2021\/08\/210629_Logo_INOW_Pos.png\",\"width\":1749,\"height\":1241,\"caption\":\"iNOW.ch\"},\"image\":{\"@id\":\"https:\/\/products.inow.ch\/#\/schema\/logo\/image\/\"}}]}<\/script>\n<!-- \/ Yoast SEO plugin. -->","yoast_head_json":{"title":"Cycling Pro Bib Shorts - iNOW.ch","robots":{"index":"noindex","follow":"follow","max-snippet":"max-snippet:-1","max-image-preview":"max-image-preview:large","max-video-preview":"max-video-preview:-1"},"og_locale":"fr_FR","og_type":"article","og_title":"Cycling Pro Bib Shorts - iNOW.ch","og_description":"Diese hochwertigen Bib Shorts Pro wurden f\u00fcr anspruchsvolle Fahrer entwickelt, die keine Kompromisse bei Komfort und Effizienz eingehen wollen. Der k\u00f6rpernahe Schnitt und der ergonomisch optimierte Materialmix sorgen f\u00fcr eine perfekte Passform.  Das hochfunktionale 3D-Sitzpolster bietet hervorragenden Schutz und D\u00e4mpfung \u2013 auch bei intensiven Fahrten und bleibt \u00fcber viele Stunden im Sattel konstant.  Mehr Infos hier: https:\/\/inow.ch\/radhosenpolster\/?  Beinabschl\u00fcsse ohne Silikon sorgen f\u00fcr stabilen Halt, ohne die Haut zu reizen \u2013 f\u00fcr ein nat\u00fcrliches Tragegef\u00fchl bei jeder Bewegung. Die leichten Tr\u00e4ger aus Lycra-Material gew\u00e4hrleisten optimale Bel\u00fcftung und einen sicheren Sitz.  Ob Training oder Rennen \u2013 die CYCLING PRO BIB SHORTS ist dein zuverl\u00e4ssiger und konstanter Begleiter f\u00fcr jede Herausforderung auf dem Rad.","og_url":"https:\/\/products.inow.ch\/fr\/produit\/cycling-pro-bib-shorts-women\/","og_site_name":"iNOW.ch","article_modified_time":"2026-02-20T10:53:43+00:00","og_image":[{"width":500,"height":501,"url":"http:\/\/products.inow.ch\/wp-content\/uploads\/2025\/06\/ISJAN22-CBW_BS113_P-Cycling-PRO-Bib-Shorts-_front.png","type":"image\/png"}],"twitter_card":"summary_large_image","twitter_misc":{"Dur\u00e9e de lecture estim\u00e9e":"1 minute"},"schema":{"@context":"https:\/\/schema.org","@graph":[{"@type":"WebPage","@id":"https:\/\/products.inow.ch\/produkt\/cycling-pro-bib-shorts-women\/","url":"https:\/\/products.inow.ch\/produkt\/cycling-pro-bib-shorts-women\/","name":"Cycling Pro Bib Shorts - iNOW.ch","isPartOf":{"@id":"https:\/\/products.inow.ch\/#website"},"primaryImageOfPage":{"@id":"https:\/\/products.inow.ch\/produkt\/cycling-pro-bib-shorts-women\/#primaryimage"},"image":{"@id":"https:\/\/products.inow.ch\/produkt\/cycling-pro-bib-shorts-women\/#primaryimage"},"thumbnailUrl":"https:\/\/products.inow.ch\/wp-content\/uploads\/2025\/06\/ISJAN22-CBW_BS113_P-Cycling-PRO-Bib-Shorts-_front.png","datePublished":"2025-03-14T13:32:36+00:00","dateModified":"2026-02-20T10:53:43+00:00","breadcrumb":{"@id":"https:\/\/products.inow.ch\/produkt\/cycling-pro-bib-shorts-women\/#breadcrumb"},"inLanguage":"fr-FR","potentialAction":[{"@type":"ReadAction","target":["https:\/\/products.inow.ch\/produkt\/cycling-pro-bib-shorts-women\/"]}]},{"@type":"ImageObject","inLanguage":"fr-FR","@id":"https:\/\/products.inow.ch\/produkt\/cycling-pro-bib-shorts-women\/#primaryimage","url":"https:\/\/products.inow.ch\/wp-content\/uploads\/2025\/06\/ISJAN22-CBW_BS113_P-Cycling-PRO-Bib-Shorts-_front.png","contentUrl":"https:\/\/products.inow.ch\/wp-content\/uploads\/2025\/06\/ISJAN22-CBW_BS113_P-Cycling-PRO-Bib-Shorts-_front.png","width":500,"height":501},{"@type":"BreadcrumbList","@id":"https:\/\/products.inow.ch\/produkt\/cycling-pro-bib-shorts-women\/#breadcrumb","itemListElement":[{"@type":"ListItem","position":1,"name":"Startseite","item":"https:\/\/products.inow.ch\/"},{"@type":"ListItem","position":2,"name":"Sortiment","item":"https:\/\/products.inow.ch\/"},{"@type":"ListItem","position":3,"name":"Cycling Pro Bib Shorts"}]},{"@type":"WebSite","@id":"https:\/\/products.inow.ch\/#website","url":"https:\/\/products.inow.ch\/","name":"iNOW.ch","description":"Offres","publisher":{"@id":"https:\/\/products.inow.ch\/#organization"},"potentialAction":[{"@type":"SearchAction","target":{"@type":"EntryPoint","urlTemplate":"https:\/\/products.inow.ch\/?s={search_term_string}"},"query-input":{"@type":"PropertyValueSpecification","valueRequired":true,"valueName":"search_term_string"}}],"inLanguage":"fr-FR"},{"@type":"Organization","@id":"https:\/\/products.inow.ch\/#organization","name":"iNOW.ch","url":"https:\/\/products.inow.ch\/","logo":{"@type":"ImageObject","inLanguage":"fr-FR","@id":"https:\/\/products.inow.ch\/#\/schema\/logo\/image\/","url":"https:\/\/products.inow.ch\/wp-content\/uploads\/2021\/08\/210629_Logo_INOW_Pos.png","contentUrl":"https:\/\/products.inow.ch\/wp-content\/uploads\/2021\/08\/210629_Logo_INOW_Pos.png","width":1749,"height":1241,"caption":"iNOW.ch"},"image":{"@id":"https:\/\/products.inow.ch\/#\/schema\/logo\/image\/"}}]}},"_links":{"self":[{"href":"https:\/\/products.inow.ch\/fr\/wp-json\/wp\/v2\/product\/5670"}],"collection":[{"href":"https:\/\/products.inow.ch\/fr\/wp-json\/wp\/v2\/product"}],"about":[{"href":"https:\/\/products.inow.ch\/fr\/wp-json\/wp\/v2\/types\/product"}],"wp:featuredmedia":[{"embeddable":true,"href":"https:\/\/products.inow.ch\/fr\/wp-json\/wp\/v2\/media\/5918"}],"wp:attachment":[{"href":"https:\/\/products.inow.ch\/fr\/wp-json\/wp\/v2\/media?parent=5670"}],"wp:term":[{"taxonomy":"product_brand","embeddable":true,"href":"https:\/\/products.inow.ch\/fr\/wp-json\/wp\/v2\/product_brand?post=5670"},{"taxonomy":"product_cat","embeddable":true,"href":"https:\/\/products.inow.ch\/fr\/wp-json\/wp\/v2\/product_cat?post=5670"},{"taxonomy":"product_tag","embeddable":true,"href":"https:\/\/products.inow.ch\/fr\/wp-json\/wp\/v2\/product_tag?post=5670"}],"curies":[{"name":"wp","href":"https:\/\/api.w.org\/{rel}","templated":true}]}}