{"id":5370,"date":"2023-05-24T08:41:14","date_gmt":"2023-05-24T08:41:14","guid":{"rendered":"https:\/\/products.inow.ch\/?post_type=product&#038;p=5370"},"modified":"2025-07-15T13:32:28","modified_gmt":"2025-07-15T13:32:28","slug":"cycling-classic-bib-knickers-thermo-women","status":"publish","type":"product","link":"https:\/\/products.inow.ch\/fr\/produit\/cycling-classic-bib-knickers-thermo-women\/","title":{"rendered":"Cycling Classic Bib Knickers Thermo"},"content":{"rendered":"<p>\u2022 Classic Line | XXS - 2XL<br \/>\n\u2022 Mati\u00e8re thermique thermor\u00e9gulatrice<br \/>\n- Coupe \u00e0 6 panneaux pour une libert\u00e9 de mouvement optimale<br \/>\n\u2022 Bretelles en filet pour une bonne ventilation<br \/>\n\u2022 Coussin d'assise antibact\u00e9rien pour femmes<br \/>\n\u2022 Bas de jambes \u00e9lastiques<br \/>\n\u2022 Coutures plates sur tout le cuissard pour \u00e9viter les points de pression<br \/>\n- Logo r\u00e9fl\u00e9chissant sur la jambe \u00e0 l'avant et \u00e0 l'arri\u00e8re<\/p>\n<p>Mati\u00e8re : 80% polyamide, 20% \u00e9lasthanne<\/p>\n<p>Options :<br \/>\nAjuster la longueur de la jambe (-2cm, -4cm, +2cm, +4cm) CHF 12.00<br \/>\n<strong>PADIX\u2122 3D <\/strong>rembourrage pour cuissards de cyclisme Women CHF 30.00<br \/>\nPour tout savoir sur la nouvelle peau de chamois r\u00e9volutionnaire, voir <a href=\"https:\/\/inow.ch\/radhosenpolster\/?v=d88fc6edf21e\">ici.<\/a><\/p>","protected":false},"excerpt":{"rendered":"<p>Cuissard \u00e0 bretelles de cyclisme longueur genou avec peau de chamois int\u00e9gr\u00e9e pour femmes. M\u00e9lange de polyamide et d'\u00e9lasthanne. Le mat\u00e9riau gratt\u00e9 offre un \u00e9quilibre thermique optimal. La coupe \u00e9prouv\u00e9e \u00e0 6 panneaux permet une libert\u00e9 de mouvement optimale et la bande de bordure autour des bretelles en maille garantit un confort agr\u00e9able sans coupure. Les coutures plates standard sur l'ensemble du pantalon \u00e9vitent les points de pression d\u00e9sagr\u00e9ables. Des bas de jambes \u00e9lastiques et plats compl\u00e8tent le pantalon.<\/p>\n<p>Le rembourrage de si\u00e8ge antibact\u00e9rien assure un confort d'assise agr\u00e9able. Gr\u00e2ce au mat\u00e9riau thermor\u00e9gulateur, m\u00eame les sorties plus fra\u00eeches restent un plaisir !<\/p>","protected":false},"featured_media":5372,"template":"","meta":{"ocean_post_layout":"","ocean_both_sidebars_style":"","ocean_both_sidebars_content_width":0,"ocean_both_sidebars_sidebars_width":0,"ocean_sidebar":"0","ocean_second_sidebar":"0","ocean_disable_margins":"enable","ocean_add_body_class":"","ocean_shortcode_before_top_bar":"","ocean_shortcode_after_top_bar":"","ocean_shortcode_before_header":"","ocean_shortcode_after_header":"","ocean_has_shortcode":"","ocean_shortcode_after_title":"","ocean_shortcode_before_footer_widgets":"","ocean_shortcode_after_footer_widgets":"","ocean_shortcode_before_footer_bottom":"","ocean_shortcode_after_footer_bottom":"","ocean_display_top_bar":"default","ocean_display_header":"default","ocean_header_style":"","ocean_center_header_left_menu":"0","ocean_custom_header_template":"0","ocean_custom_logo":0,"ocean_custom_retina_logo":0,"ocean_custom_logo_max_width":0,"ocean_custom_logo_tablet_max_width":0,"ocean_custom_logo_mobile_max_width":0,"ocean_custom_logo_max_height":0,"ocean_custom_logo_tablet_max_height":0,"ocean_custom_logo_mobile_max_height":0,"ocean_header_custom_menu":"0","ocean_menu_typo_font_family":"0","ocean_menu_typo_font_subset":"","ocean_menu_typo_font_size":0,"ocean_menu_typo_font_size_tablet":0,"ocean_menu_typo_font_size_mobile":0,"ocean_menu_typo_font_size_unit":"px","ocean_menu_typo_font_weight":"","ocean_menu_typo_font_weight_tablet":"","ocean_menu_typo_font_weight_mobile":"","ocean_menu_typo_transform":"","ocean_menu_typo_transform_tablet":"","ocean_menu_typo_transform_mobile":"","ocean_menu_typo_line_height":0,"ocean_menu_typo_line_height_tablet":0,"ocean_menu_typo_line_height_mobile":0,"ocean_menu_typo_line_height_unit":"","ocean_menu_typo_spacing":0,"ocean_menu_typo_spacing_tablet":0,"ocean_menu_typo_spacing_mobile":0,"ocean_menu_typo_spacing_unit":"","ocean_menu_link_color":"","ocean_menu_link_color_hover":"","ocean_menu_link_color_active":"","ocean_menu_link_background":"","ocean_menu_link_hover_background":"","ocean_menu_link_active_background":"","ocean_menu_social_links_bg":"","ocean_menu_social_hover_links_bg":"","ocean_menu_social_links_color":"","ocean_menu_social_hover_links_color":"","ocean_disable_title":"default","ocean_disable_heading":"default","ocean_post_title":"","ocean_post_subheading":"","ocean_post_title_style":"","ocean_post_title_background_color":"","ocean_post_title_background":0,"ocean_post_title_bg_image_position":"","ocean_post_title_bg_image_attachment":"","ocean_post_title_bg_image_repeat":"","ocean_post_title_bg_image_size":"","ocean_post_title_height":0,"ocean_post_title_bg_overlay":0.5,"ocean_post_title_bg_overlay_color":"","ocean_disable_breadcrumbs":"default","ocean_breadcrumbs_color":"","ocean_breadcrumbs_separator_color":"","ocean_breadcrumbs_links_color":"","ocean_breadcrumbs_links_hover_color":"","ocean_display_footer_widgets":"default","ocean_display_footer_bottom":"default","ocean_custom_footer_template":"0"},"product_brand":[],"product_cat":[89,88,92],"product_tag":[],"class_list":{"0":"post-5370","1":"product","2":"type-product","3":"status-publish","4":"has-post-thumbnail","6":"product_cat-cycling","7":"product_cat-classic-cycling","8":"product_cat-women-classic-cycling","10":"entry","11":"has-media","13":"first","14":"instock","15":"taxable","16":"shipping-taxable","17":"purchasable","18":"product-type-simple","19":"col","20":"span_1_of_4","21":"owp-content-center","22":"owp-thumbs-layout-horizontal","23":"owp-btn-normal","24":"owp-tabs-layout-horizontal"},"yoast_head":"<!-- This site is optimized with the Yoast SEO plugin v24.8.1 - https:\/\/yoast.com\/wordpress\/plugins\/seo\/ -->\n<title>Cycling Classic Bib Knickers Thermo - iNOW.ch<\/title>\n<meta name=\"robots\" content=\"noindex, follow, max-snippet:-1, max-image-preview:large, max-video-preview:-1\" \/>\n<meta property=\"og:locale\" content=\"fr_FR\" \/>\n<meta property=\"og:type\" content=\"article\" \/>\n<meta property=\"og:title\" content=\"Cycling Classic Bib Knickers Thermo - iNOW.ch\" \/>\n<meta property=\"og:description\" content=\"Knielange Cycling Tr\u00e4gerhose mit integriertem Sitzpolster f\u00fcr Damen. Mischung aus Polyamid- und Elasthan-Material. Das angeraute Material bietet einen optimalen W\u00e4rmeausgleich. Die bewehrte 6-Bahnen Schnittf\u00fchrung erlaubt eine optimale Bewegungsfreiheit und das Einfassband um die Netztr\u00e4ger gew\u00e4hrleistet einen angenehmen Tragekomfort ohne Einschneiden. Standard Flachn\u00e4hte an der gesamten Hose verhindern unangenehme Druckstellen. Elastische, flache Beinabschl\u00fcsse runden die Hose ab.  Das antibakterielle Sitzpolster sorgt f\u00fcr einen angenehmen Sitzkomfort. Dank dem w\u00e4rmeregulierenden Material bleiben auch k\u00fchlere Ausfahrten ein Spass!\" \/>\n<meta property=\"og:url\" content=\"https:\/\/products.inow.ch\/fr\/produit\/cycling-classic-bib-knickers-thermo-women\/\" \/>\n<meta property=\"og:site_name\" content=\"iNOW.ch\" \/>\n<meta property=\"article:modified_time\" content=\"2025-07-15T13:32:28+00:00\" \/>\n<meta property=\"og:image\" content=\"http:\/\/products.inow.ch\/wp-content\/uploads\/2023\/05\/ISJAN22-CBW_BK502_C-CYCLING-Classic-Bib-Knickers-Thermo_front.png\" \/>\n\t<meta property=\"og:image:width\" content=\"1000\" \/>\n\t<meta property=\"og:image:height\" content=\"1001\" \/>\n\t<meta property=\"og:image:type\" content=\"image\/png\" \/>\n<meta name=\"twitter:card\" content=\"summary_large_image\" \/>\n<meta name=\"twitter:label1\" content=\"Dur\u00e9e de lecture estim\u00e9e\" \/>\n\t<meta name=\"twitter:data1\" content=\"1 minute\" \/>\n<script type=\"application\/ld+json\" class=\"yoast-schema-graph\">{\"@context\":\"https:\/\/schema.org\",\"@graph\":[{\"@type\":\"WebPage\",\"@id\":\"https:\/\/products.inow.ch\/produkt\/cycling-classic-bib-knickers-thermo-women\/\",\"url\":\"https:\/\/products.inow.ch\/produkt\/cycling-classic-bib-knickers-thermo-women\/\",\"name\":\"Cycling Classic Bib Knickers Thermo - iNOW.ch\",\"isPartOf\":{\"@id\":\"https:\/\/products.inow.ch\/#website\"},\"primaryImageOfPage\":{\"@id\":\"https:\/\/products.inow.ch\/produkt\/cycling-classic-bib-knickers-thermo-women\/#primaryimage\"},\"image\":{\"@id\":\"https:\/\/products.inow.ch\/produkt\/cycling-classic-bib-knickers-thermo-women\/#primaryimage\"},\"thumbnailUrl\":\"https:\/\/products.inow.ch\/wp-content\/uploads\/2023\/05\/ISJAN22-CBW_BK502_C-CYCLING-Classic-Bib-Knickers-Thermo_front.png\",\"datePublished\":\"2023-05-24T08:41:14+00:00\",\"dateModified\":\"2025-07-15T13:32:28+00:00\",\"breadcrumb\":{\"@id\":\"https:\/\/products.inow.ch\/produkt\/cycling-classic-bib-knickers-thermo-women\/#breadcrumb\"},\"inLanguage\":\"fr-FR\",\"potentialAction\":[{\"@type\":\"ReadAction\",\"target\":[\"https:\/\/products.inow.ch\/produkt\/cycling-classic-bib-knickers-thermo-women\/\"]}]},{\"@type\":\"ImageObject\",\"inLanguage\":\"fr-FR\",\"@id\":\"https:\/\/products.inow.ch\/produkt\/cycling-classic-bib-knickers-thermo-women\/#primaryimage\",\"url\":\"https:\/\/products.inow.ch\/wp-content\/uploads\/2023\/05\/ISJAN22-CBW_BK502_C-CYCLING-Classic-Bib-Knickers-Thermo_front.png\",\"contentUrl\":\"https:\/\/products.inow.ch\/wp-content\/uploads\/2023\/05\/ISJAN22-CBW_BK502_C-CYCLING-Classic-Bib-Knickers-Thermo_front.png\",\"width\":1000,\"height\":1001},{\"@type\":\"BreadcrumbList\",\"@id\":\"https:\/\/products.inow.ch\/produkt\/cycling-classic-bib-knickers-thermo-women\/#breadcrumb\",\"itemListElement\":[{\"@type\":\"ListItem\",\"position\":1,\"name\":\"Startseite\",\"item\":\"https:\/\/products.inow.ch\/\"},{\"@type\":\"ListItem\",\"position\":2,\"name\":\"Sortiment\",\"item\":\"https:\/\/products.inow.ch\/\"},{\"@type\":\"ListItem\",\"position\":3,\"name\":\"Cycling Classic Bib Knickers Thermo\"}]},{\"@type\":\"WebSite\",\"@id\":\"https:\/\/products.inow.ch\/#website\",\"url\":\"https:\/\/products.inow.ch\/\",\"name\":\"iNOW.ch\",\"description\":\"Offerten\",\"publisher\":{\"@id\":\"https:\/\/products.inow.ch\/#organization\"},\"potentialAction\":[{\"@type\":\"SearchAction\",\"target\":{\"@type\":\"EntryPoint\",\"urlTemplate\":\"https:\/\/products.inow.ch\/?s={search_term_string}\"},\"query-input\":{\"@type\":\"PropertyValueSpecification\",\"valueRequired\":true,\"valueName\":\"search_term_string\"}}],\"inLanguage\":\"fr-FR\"},{\"@type\":\"Organization\",\"@id\":\"https:\/\/products.inow.ch\/#organization\",\"name\":\"iNOW.ch\",\"url\":\"https:\/\/products.inow.ch\/\",\"logo\":{\"@type\":\"ImageObject\",\"inLanguage\":\"fr-FR\",\"@id\":\"https:\/\/products.inow.ch\/#\/schema\/logo\/image\/\",\"url\":\"https:\/\/products.inow.ch\/wp-content\/uploads\/2021\/08\/210629_Logo_INOW_Pos.png\",\"contentUrl\":\"https:\/\/products.inow.ch\/wp-content\/uploads\/2021\/08\/210629_Logo_INOW_Pos.png\",\"width\":1749,\"height\":1241,\"caption\":\"iNOW.ch\"},\"image\":{\"@id\":\"https:\/\/products.inow.ch\/#\/schema\/logo\/image\/\"}}]}<\/script>\n<!-- \/ Yoast SEO plugin. -->","yoast_head_json":{"title":"Cycling Classic Bib Knickers Thermo - iNOW.ch","robots":{"index":"noindex","follow":"follow","max-snippet":"max-snippet:-1","max-image-preview":"max-image-preview:large","max-video-preview":"max-video-preview:-1"},"og_locale":"fr_FR","og_type":"article","og_title":"Cycling Classic Bib Knickers Thermo - iNOW.ch","og_description":"Knielange Cycling Tr\u00e4gerhose mit integriertem Sitzpolster f\u00fcr Damen. Mischung aus Polyamid- und Elasthan-Material. Das angeraute Material bietet einen optimalen W\u00e4rmeausgleich. Die bewehrte 6-Bahnen Schnittf\u00fchrung erlaubt eine optimale Bewegungsfreiheit und das Einfassband um die Netztr\u00e4ger gew\u00e4hrleistet einen angenehmen Tragekomfort ohne Einschneiden. Standard Flachn\u00e4hte an der gesamten Hose verhindern unangenehme Druckstellen. Elastische, flache Beinabschl\u00fcsse runden die Hose ab.  Das antibakterielle Sitzpolster sorgt f\u00fcr einen angenehmen Sitzkomfort. Dank dem w\u00e4rmeregulierenden Material bleiben auch k\u00fchlere Ausfahrten ein Spass!","og_url":"https:\/\/products.inow.ch\/fr\/produit\/cycling-classic-bib-knickers-thermo-women\/","og_site_name":"iNOW.ch","article_modified_time":"2025-07-15T13:32:28+00:00","og_image":[{"width":1000,"height":1001,"url":"http:\/\/products.inow.ch\/wp-content\/uploads\/2023\/05\/ISJAN22-CBW_BK502_C-CYCLING-Classic-Bib-Knickers-Thermo_front.png","type":"image\/png"}],"twitter_card":"summary_large_image","twitter_misc":{"Dur\u00e9e de lecture estim\u00e9e":"1 minute"},"schema":{"@context":"https:\/\/schema.org","@graph":[{"@type":"WebPage","@id":"https:\/\/products.inow.ch\/produkt\/cycling-classic-bib-knickers-thermo-women\/","url":"https:\/\/products.inow.ch\/produkt\/cycling-classic-bib-knickers-thermo-women\/","name":"Cycling Classic Bib Knickers Thermo - iNOW.ch","isPartOf":{"@id":"https:\/\/products.inow.ch\/#website"},"primaryImageOfPage":{"@id":"https:\/\/products.inow.ch\/produkt\/cycling-classic-bib-knickers-thermo-women\/#primaryimage"},"image":{"@id":"https:\/\/products.inow.ch\/produkt\/cycling-classic-bib-knickers-thermo-women\/#primaryimage"},"thumbnailUrl":"https:\/\/products.inow.ch\/wp-content\/uploads\/2023\/05\/ISJAN22-CBW_BK502_C-CYCLING-Classic-Bib-Knickers-Thermo_front.png","datePublished":"2023-05-24T08:41:14+00:00","dateModified":"2025-07-15T13:32:28+00:00","breadcrumb":{"@id":"https:\/\/products.inow.ch\/produkt\/cycling-classic-bib-knickers-thermo-women\/#breadcrumb"},"inLanguage":"fr-FR","potentialAction":[{"@type":"ReadAction","target":["https:\/\/products.inow.ch\/produkt\/cycling-classic-bib-knickers-thermo-women\/"]}]},{"@type":"ImageObject","inLanguage":"fr-FR","@id":"https:\/\/products.inow.ch\/produkt\/cycling-classic-bib-knickers-thermo-women\/#primaryimage","url":"https:\/\/products.inow.ch\/wp-content\/uploads\/2023\/05\/ISJAN22-CBW_BK502_C-CYCLING-Classic-Bib-Knickers-Thermo_front.png","contentUrl":"https:\/\/products.inow.ch\/wp-content\/uploads\/2023\/05\/ISJAN22-CBW_BK502_C-CYCLING-Classic-Bib-Knickers-Thermo_front.png","width":1000,"height":1001},{"@type":"BreadcrumbList","@id":"https:\/\/products.inow.ch\/produkt\/cycling-classic-bib-knickers-thermo-women\/#breadcrumb","itemListElement":[{"@type":"ListItem","position":1,"name":"Startseite","item":"https:\/\/products.inow.ch\/"},{"@type":"ListItem","position":2,"name":"Sortiment","item":"https:\/\/products.inow.ch\/"},{"@type":"ListItem","position":3,"name":"Cycling Classic Bib Knickers Thermo"}]},{"@type":"WebSite","@id":"https:\/\/products.inow.ch\/#website","url":"https:\/\/products.inow.ch\/","name":"iNOW.ch","description":"Offres","publisher":{"@id":"https:\/\/products.inow.ch\/#organization"},"potentialAction":[{"@type":"SearchAction","target":{"@type":"EntryPoint","urlTemplate":"https:\/\/products.inow.ch\/?s={search_term_string}"},"query-input":{"@type":"PropertyValueSpecification","valueRequired":true,"valueName":"search_term_string"}}],"inLanguage":"fr-FR"},{"@type":"Organization","@id":"https:\/\/products.inow.ch\/#organization","name":"iNOW.ch","url":"https:\/\/products.inow.ch\/","logo":{"@type":"ImageObject","inLanguage":"fr-FR","@id":"https:\/\/products.inow.ch\/#\/schema\/logo\/image\/","url":"https:\/\/products.inow.ch\/wp-content\/uploads\/2021\/08\/210629_Logo_INOW_Pos.png","contentUrl":"https:\/\/products.inow.ch\/wp-content\/uploads\/2021\/08\/210629_Logo_INOW_Pos.png","width":1749,"height":1241,"caption":"iNOW.ch"},"image":{"@id":"https:\/\/products.inow.ch\/#\/schema\/logo\/image\/"}}]}},"_links":{"self":[{"href":"https:\/\/products.inow.ch\/fr\/wp-json\/wp\/v2\/product\/5370"}],"collection":[{"href":"https:\/\/products.inow.ch\/fr\/wp-json\/wp\/v2\/product"}],"about":[{"href":"https:\/\/products.inow.ch\/fr\/wp-json\/wp\/v2\/types\/product"}],"wp:featuredmedia":[{"embeddable":true,"href":"https:\/\/products.inow.ch\/fr\/wp-json\/wp\/v2\/media\/5372"}],"wp:attachment":[{"href":"https:\/\/products.inow.ch\/fr\/wp-json\/wp\/v2\/media?parent=5370"}],"wp:term":[{"taxonomy":"product_brand","embeddable":true,"href":"https:\/\/products.inow.ch\/fr\/wp-json\/wp\/v2\/product_brand?post=5370"},{"taxonomy":"product_cat","embeddable":true,"href":"https:\/\/products.inow.ch\/fr\/wp-json\/wp\/v2\/product_cat?post=5370"},{"taxonomy":"product_tag","embeddable":true,"href":"https:\/\/products.inow.ch\/fr\/wp-json\/wp\/v2\/product_tag?post=5370"}],"curies":[{"name":"wp","href":"https:\/\/api.w.org\/{rel}","templated":true}]}}