{"id":5151,"date":"2022-11-22T12:03:06","date_gmt":"2022-11-22T12:03:06","guid":{"rendered":"https:\/\/products.inow.ch\/?post_type=product&#038;p=5151"},"modified":"2025-11-06T15:01:38","modified_gmt":"2025-11-06T15:01:38","slug":"running-classic-wind-jacket-women","status":"publish","type":"product","link":"https:\/\/products.inow.ch\/fr\/produit\/running-classic-wind-jacket-women\/","title":{"rendered":"Veste coupe-vent Running Classic"},"content":{"rendered":"<p>\u2022 Classic Line | XXS - 2XL<br \/>\n- R\u00e9sistant au vent et \u00e0 l'eau<br \/>\n- Respirant &amp; super l\u00e9ger<br \/>\n\u2022 Protection du menton \u00e0 l'extr\u00e9mit\u00e9 de la fermeture \u00e9clair<br \/>\n- Petit, se range partout<br \/>\n- Bras sph\u00e9rique - coupe<\/p>\n<p>Mat\u00e9riau : polyester 100%<\/p>\n<p style=\"background: white; vertical-align: baseline; margin: 0cm 0cm 15.0pt 0cm;\">Ajuster la longueur du bras (-2cm, -4cm, +2cm, +4cm) CHF 12.00<br \/>\nAjuster la longueur du corps (-2.5cm, -5cm, +2.5cm, +5cm) CHF 12.00<br \/>\nLogo r\u00e9fl\u00e9chissant au milieu du dos\u00a0<small class=\"option-price\"><span class=\"brackets\">(<\/span><span class=\"sign positive\">+<\/span><span class=\"woocommerce-Price-amount amount\"><span class=\"woocommerce-Price-currencySymbol\">CHF<\/span>\u00a01.00<\/span><span class=\"brackets\">)<\/span><\/small><br \/>\n<b><\/b><\/p>","protected":false},"excerpt":{"rendered":"<p>Veste coupe-vent de running \u00e0 la coupe anatomique pour une bonne mobilit\u00e9. Mati\u00e8re polyester ultral\u00e9g\u00e8re. Col montant avec protection du menton et fermeture \u00e9clair continue \u00e0 l'avant. Disponible avec ou sans logo r\u00e9fl\u00e9chissant (\u00e0 l'arri\u00e8re).<\/p>\n<p>Elle se combine bien avec le Running Thermo Zip, par exemple, pour courir bien prot\u00e9g\u00e9 du vent et des intemp\u00e9ries pendant la saison froide. Notre veste est r\u00e9sistante au vent et \u00e0 l'eau et peut \u00eatre rang\u00e9e de mani\u00e8re tr\u00e8s compacte.<\/p>","protected":false},"featured_media":5167,"template":"","meta":{"ocean_post_layout":"","ocean_both_sidebars_style":"","ocean_both_sidebars_content_width":0,"ocean_both_sidebars_sidebars_width":0,"ocean_sidebar":"0","ocean_second_sidebar":"0","ocean_disable_margins":"enable","ocean_add_body_class":"","ocean_shortcode_before_top_bar":"","ocean_shortcode_after_top_bar":"","ocean_shortcode_before_header":"","ocean_shortcode_after_header":"","ocean_has_shortcode":"","ocean_shortcode_after_title":"","ocean_shortcode_before_footer_widgets":"","ocean_shortcode_after_footer_widgets":"","ocean_shortcode_before_footer_bottom":"","ocean_shortcode_after_footer_bottom":"","ocean_display_top_bar":"default","ocean_display_header":"default","ocean_header_style":"","ocean_center_header_left_menu":"0","ocean_custom_header_template":"0","ocean_custom_logo":0,"ocean_custom_retina_logo":0,"ocean_custom_logo_max_width":0,"ocean_custom_logo_tablet_max_width":0,"ocean_custom_logo_mobile_max_width":0,"ocean_custom_logo_max_height":0,"ocean_custom_logo_tablet_max_height":0,"ocean_custom_logo_mobile_max_height":0,"ocean_header_custom_menu":"0","ocean_menu_typo_font_family":"0","ocean_menu_typo_font_subset":"","ocean_menu_typo_font_size":0,"ocean_menu_typo_font_size_tablet":0,"ocean_menu_typo_font_size_mobile":0,"ocean_menu_typo_font_size_unit":"px","ocean_menu_typo_font_weight":"","ocean_menu_typo_font_weight_tablet":"","ocean_menu_typo_font_weight_mobile":"","ocean_menu_typo_transform":"","ocean_menu_typo_transform_tablet":"","ocean_menu_typo_transform_mobile":"","ocean_menu_typo_line_height":0,"ocean_menu_typo_line_height_tablet":0,"ocean_menu_typo_line_height_mobile":0,"ocean_menu_typo_line_height_unit":"","ocean_menu_typo_spacing":0,"ocean_menu_typo_spacing_tablet":0,"ocean_menu_typo_spacing_mobile":0,"ocean_menu_typo_spacing_unit":"","ocean_menu_link_color":"","ocean_menu_link_color_hover":"","ocean_menu_link_color_active":"","ocean_menu_link_background":"","ocean_menu_link_hover_background":"","ocean_menu_link_active_background":"","ocean_menu_social_links_bg":"","ocean_menu_social_hover_links_bg":"","ocean_menu_social_links_color":"","ocean_menu_social_hover_links_color":"","ocean_disable_title":"default","ocean_disable_heading":"default","ocean_post_title":"","ocean_post_subheading":"","ocean_post_title_style":"","ocean_post_title_background_color":"","ocean_post_title_background":0,"ocean_post_title_bg_image_position":"","ocean_post_title_bg_image_attachment":"","ocean_post_title_bg_image_repeat":"","ocean_post_title_bg_image_size":"","ocean_post_title_height":0,"ocean_post_title_bg_overlay":0.5,"ocean_post_title_bg_overlay_color":"","ocean_disable_breadcrumbs":"default","ocean_breadcrumbs_color":"","ocean_breadcrumbs_separator_color":"","ocean_breadcrumbs_links_color":"","ocean_breadcrumbs_links_hover_color":"","ocean_display_footer_widgets":"default","ocean_display_footer_bottom":"default","ocean_custom_footer_template":"0"},"product_brand":[],"product_cat":[107,108,110],"product_tag":[],"class_list":{"0":"post-5151","1":"product","2":"type-product","3":"status-publish","4":"has-post-thumbnail","6":"product_cat-running","7":"product_cat-classic-running","8":"product_cat-women-classic-running","10":"entry","11":"has-media","13":"first","14":"instock","15":"taxable","16":"shipping-taxable","17":"purchasable","18":"product-type-simple","19":"col","20":"span_1_of_4","21":"owp-content-center","22":"owp-thumbs-layout-horizontal","23":"owp-btn-normal","24":"owp-tabs-layout-horizontal"},"yoast_head":"<!-- This site is optimized with the Yoast SEO plugin v24.8.1 - https:\/\/yoast.com\/wordpress\/plugins\/seo\/ -->\n<title>Running Classic Wind Jacket - iNOW.ch<\/title>\n<meta name=\"robots\" content=\"noindex, follow, max-snippet:-1, max-image-preview:large, max-video-preview:-1\" \/>\n<meta property=\"og:locale\" content=\"fr_FR\" \/>\n<meta property=\"og:type\" content=\"article\" \/>\n<meta property=\"og:title\" content=\"Running Classic Wind Jacket - iNOW.ch\" \/>\n<meta property=\"og:description\" content=\"Running Windjacke anatomisch geschnitten f\u00fcr eine gute Beweglichkeit. Superleichtes Polyester - Material. Stehkragen mit Kinnschutz und durchgehendem arretierendem Reissverschluss vorne. Mit oder ohne reflektierendem Logo (hinten) erh\u00e4ltlich.  Gut kombinierbar z.B. mit dem Running Thermo Zip, um gut gesch\u00fctzt vor Wind und Wetter durch die kalte Jahreszeit zu laufen. Unsere Jacke ist wind- und wasserabweisend und kann ganz klein verstaut werden.\" \/>\n<meta property=\"og:url\" content=\"https:\/\/products.inow.ch\/fr\/produit\/running-classic-wind-jacket-women\/\" \/>\n<meta property=\"og:site_name\" content=\"iNOW.ch\" \/>\n<meta property=\"article:modified_time\" content=\"2025-11-06T15:01:38+00:00\" \/>\n<meta property=\"og:image\" content=\"http:\/\/products.inow.ch\/wp-content\/uploads\/2022\/12\/ISJAN22-RTW_JA401_C-RUNNING-Classic-Wind-Jacket_front2.png\" \/>\n\t<meta property=\"og:image:width\" content=\"1000\" \/>\n\t<meta property=\"og:image:height\" content=\"1001\" \/>\n\t<meta property=\"og:image:type\" content=\"image\/png\" \/>\n<meta name=\"twitter:card\" content=\"summary_large_image\" \/>\n<meta name=\"twitter:label1\" content=\"Dur\u00e9e de lecture estim\u00e9e\" \/>\n\t<meta name=\"twitter:data1\" content=\"1 minute\" \/>\n<script type=\"application\/ld+json\" class=\"yoast-schema-graph\">{\"@context\":\"https:\/\/schema.org\",\"@graph\":[{\"@type\":\"WebPage\",\"@id\":\"https:\/\/products.inow.ch\/produkt\/running-classic-wind-jacket-women\/\",\"url\":\"https:\/\/products.inow.ch\/produkt\/running-classic-wind-jacket-women\/\",\"name\":\"Running Classic Wind Jacket - iNOW.ch\",\"isPartOf\":{\"@id\":\"https:\/\/products.inow.ch\/#website\"},\"primaryImageOfPage\":{\"@id\":\"https:\/\/products.inow.ch\/produkt\/running-classic-wind-jacket-women\/#primaryimage\"},\"image\":{\"@id\":\"https:\/\/products.inow.ch\/produkt\/running-classic-wind-jacket-women\/#primaryimage\"},\"thumbnailUrl\":\"https:\/\/products.inow.ch\/wp-content\/uploads\/2022\/12\/ISJAN22-RTW_JA401_C-RUNNING-Classic-Wind-Jacket_front2.png\",\"datePublished\":\"2022-11-22T12:03:06+00:00\",\"dateModified\":\"2025-11-06T15:01:38+00:00\",\"breadcrumb\":{\"@id\":\"https:\/\/products.inow.ch\/produkt\/running-classic-wind-jacket-women\/#breadcrumb\"},\"inLanguage\":\"fr-FR\",\"potentialAction\":[{\"@type\":\"ReadAction\",\"target\":[\"https:\/\/products.inow.ch\/produkt\/running-classic-wind-jacket-women\/\"]}]},{\"@type\":\"ImageObject\",\"inLanguage\":\"fr-FR\",\"@id\":\"https:\/\/products.inow.ch\/produkt\/running-classic-wind-jacket-women\/#primaryimage\",\"url\":\"https:\/\/products.inow.ch\/wp-content\/uploads\/2022\/12\/ISJAN22-RTW_JA401_C-RUNNING-Classic-Wind-Jacket_front2.png\",\"contentUrl\":\"https:\/\/products.inow.ch\/wp-content\/uploads\/2022\/12\/ISJAN22-RTW_JA401_C-RUNNING-Classic-Wind-Jacket_front2.png\",\"width\":1000,\"height\":1001},{\"@type\":\"BreadcrumbList\",\"@id\":\"https:\/\/products.inow.ch\/produkt\/running-classic-wind-jacket-women\/#breadcrumb\",\"itemListElement\":[{\"@type\":\"ListItem\",\"position\":1,\"name\":\"Startseite\",\"item\":\"https:\/\/products.inow.ch\/\"},{\"@type\":\"ListItem\",\"position\":2,\"name\":\"Sortiment\",\"item\":\"https:\/\/products.inow.ch\/\"},{\"@type\":\"ListItem\",\"position\":3,\"name\":\"Running Classic Wind Jacket\"}]},{\"@type\":\"WebSite\",\"@id\":\"https:\/\/products.inow.ch\/#website\",\"url\":\"https:\/\/products.inow.ch\/\",\"name\":\"iNOW.ch\",\"description\":\"Offerten\",\"publisher\":{\"@id\":\"https:\/\/products.inow.ch\/#organization\"},\"potentialAction\":[{\"@type\":\"SearchAction\",\"target\":{\"@type\":\"EntryPoint\",\"urlTemplate\":\"https:\/\/products.inow.ch\/?s={search_term_string}\"},\"query-input\":{\"@type\":\"PropertyValueSpecification\",\"valueRequired\":true,\"valueName\":\"search_term_string\"}}],\"inLanguage\":\"fr-FR\"},{\"@type\":\"Organization\",\"@id\":\"https:\/\/products.inow.ch\/#organization\",\"name\":\"iNOW.ch\",\"url\":\"https:\/\/products.inow.ch\/\",\"logo\":{\"@type\":\"ImageObject\",\"inLanguage\":\"fr-FR\",\"@id\":\"https:\/\/products.inow.ch\/#\/schema\/logo\/image\/\",\"url\":\"https:\/\/products.inow.ch\/wp-content\/uploads\/2021\/08\/210629_Logo_INOW_Pos.png\",\"contentUrl\":\"https:\/\/products.inow.ch\/wp-content\/uploads\/2021\/08\/210629_Logo_INOW_Pos.png\",\"width\":1749,\"height\":1241,\"caption\":\"iNOW.ch\"},\"image\":{\"@id\":\"https:\/\/products.inow.ch\/#\/schema\/logo\/image\/\"}}]}<\/script>\n<!-- \/ Yoast SEO plugin. -->","yoast_head_json":{"title":"Running Classic Wind Jacket - iNOW.ch","robots":{"index":"noindex","follow":"follow","max-snippet":"max-snippet:-1","max-image-preview":"max-image-preview:large","max-video-preview":"max-video-preview:-1"},"og_locale":"fr_FR","og_type":"article","og_title":"Running Classic Wind Jacket - iNOW.ch","og_description":"Running Windjacke anatomisch geschnitten f\u00fcr eine gute Beweglichkeit. Superleichtes Polyester - Material. Stehkragen mit Kinnschutz und durchgehendem arretierendem Reissverschluss vorne. Mit oder ohne reflektierendem Logo (hinten) erh\u00e4ltlich.  Gut kombinierbar z.B. mit dem Running Thermo Zip, um gut gesch\u00fctzt vor Wind und Wetter durch die kalte Jahreszeit zu laufen. Unsere Jacke ist wind- und wasserabweisend und kann ganz klein verstaut werden.","og_url":"https:\/\/products.inow.ch\/fr\/produit\/running-classic-wind-jacket-women\/","og_site_name":"iNOW.ch","article_modified_time":"2025-11-06T15:01:38+00:00","og_image":[{"width":1000,"height":1001,"url":"http:\/\/products.inow.ch\/wp-content\/uploads\/2022\/12\/ISJAN22-RTW_JA401_C-RUNNING-Classic-Wind-Jacket_front2.png","type":"image\/png"}],"twitter_card":"summary_large_image","twitter_misc":{"Dur\u00e9e de lecture estim\u00e9e":"1 minute"},"schema":{"@context":"https:\/\/schema.org","@graph":[{"@type":"WebPage","@id":"https:\/\/products.inow.ch\/produkt\/running-classic-wind-jacket-women\/","url":"https:\/\/products.inow.ch\/produkt\/running-classic-wind-jacket-women\/","name":"Running Classic Wind Jacket - iNOW.ch","isPartOf":{"@id":"https:\/\/products.inow.ch\/#website"},"primaryImageOfPage":{"@id":"https:\/\/products.inow.ch\/produkt\/running-classic-wind-jacket-women\/#primaryimage"},"image":{"@id":"https:\/\/products.inow.ch\/produkt\/running-classic-wind-jacket-women\/#primaryimage"},"thumbnailUrl":"https:\/\/products.inow.ch\/wp-content\/uploads\/2022\/12\/ISJAN22-RTW_JA401_C-RUNNING-Classic-Wind-Jacket_front2.png","datePublished":"2022-11-22T12:03:06+00:00","dateModified":"2025-11-06T15:01:38+00:00","breadcrumb":{"@id":"https:\/\/products.inow.ch\/produkt\/running-classic-wind-jacket-women\/#breadcrumb"},"inLanguage":"fr-FR","potentialAction":[{"@type":"ReadAction","target":["https:\/\/products.inow.ch\/produkt\/running-classic-wind-jacket-women\/"]}]},{"@type":"ImageObject","inLanguage":"fr-FR","@id":"https:\/\/products.inow.ch\/produkt\/running-classic-wind-jacket-women\/#primaryimage","url":"https:\/\/products.inow.ch\/wp-content\/uploads\/2022\/12\/ISJAN22-RTW_JA401_C-RUNNING-Classic-Wind-Jacket_front2.png","contentUrl":"https:\/\/products.inow.ch\/wp-content\/uploads\/2022\/12\/ISJAN22-RTW_JA401_C-RUNNING-Classic-Wind-Jacket_front2.png","width":1000,"height":1001},{"@type":"BreadcrumbList","@id":"https:\/\/products.inow.ch\/produkt\/running-classic-wind-jacket-women\/#breadcrumb","itemListElement":[{"@type":"ListItem","position":1,"name":"Startseite","item":"https:\/\/products.inow.ch\/"},{"@type":"ListItem","position":2,"name":"Sortiment","item":"https:\/\/products.inow.ch\/"},{"@type":"ListItem","position":3,"name":"Running Classic Wind Jacket"}]},{"@type":"WebSite","@id":"https:\/\/products.inow.ch\/#website","url":"https:\/\/products.inow.ch\/","name":"iNOW.ch","description":"Offres","publisher":{"@id":"https:\/\/products.inow.ch\/#organization"},"potentialAction":[{"@type":"SearchAction","target":{"@type":"EntryPoint","urlTemplate":"https:\/\/products.inow.ch\/?s={search_term_string}"},"query-input":{"@type":"PropertyValueSpecification","valueRequired":true,"valueName":"search_term_string"}}],"inLanguage":"fr-FR"},{"@type":"Organization","@id":"https:\/\/products.inow.ch\/#organization","name":"iNOW.ch","url":"https:\/\/products.inow.ch\/","logo":{"@type":"ImageObject","inLanguage":"fr-FR","@id":"https:\/\/products.inow.ch\/#\/schema\/logo\/image\/","url":"https:\/\/products.inow.ch\/wp-content\/uploads\/2021\/08\/210629_Logo_INOW_Pos.png","contentUrl":"https:\/\/products.inow.ch\/wp-content\/uploads\/2021\/08\/210629_Logo_INOW_Pos.png","width":1749,"height":1241,"caption":"iNOW.ch"},"image":{"@id":"https:\/\/products.inow.ch\/#\/schema\/logo\/image\/"}}]}},"_links":{"self":[{"href":"https:\/\/products.inow.ch\/fr\/wp-json\/wp\/v2\/product\/5151"}],"collection":[{"href":"https:\/\/products.inow.ch\/fr\/wp-json\/wp\/v2\/product"}],"about":[{"href":"https:\/\/products.inow.ch\/fr\/wp-json\/wp\/v2\/types\/product"}],"wp:featuredmedia":[{"embeddable":true,"href":"https:\/\/products.inow.ch\/fr\/wp-json\/wp\/v2\/media\/5167"}],"wp:attachment":[{"href":"https:\/\/products.inow.ch\/fr\/wp-json\/wp\/v2\/media?parent=5151"}],"wp:term":[{"taxonomy":"product_brand","embeddable":true,"href":"https:\/\/products.inow.ch\/fr\/wp-json\/wp\/v2\/product_brand?post=5151"},{"taxonomy":"product_cat","embeddable":true,"href":"https:\/\/products.inow.ch\/fr\/wp-json\/wp\/v2\/product_cat?post=5151"},{"taxonomy":"product_tag","embeddable":true,"href":"https:\/\/products.inow.ch\/fr\/wp-json\/wp\/v2\/product_tag?post=5151"}],"curies":[{"name":"wp","href":"https:\/\/api.w.org\/{rel}","templated":true}]}}