{"id":5128,"date":"2022-11-22T07:18:31","date_gmt":"2022-11-22T07:18:31","guid":{"rendered":"https:\/\/products.inow.ch\/?post_type=product&#038;p=5128"},"modified":"2025-11-07T07:19:06","modified_gmt":"2025-11-07T07:19:06","slug":"triathlon-classic-suit-itu-sleeveless-women","status":"publish","type":"product","link":"https:\/\/products.inow.ch\/fr\/produit\/triathlon-classic-suit-itu-sleeveless-women\/","title":{"rendered":"Triathlon Classic Suit ITU sans manches"},"content":{"rendered":"<p>\u2022 Classic Line | XXS - 2XL<br \/>\n\u2022 Mati\u00e8re respirante et \u00e0 s\u00e9chage rapide<br \/>\n- construction des bras attenante et largement d\u00e9collet\u00e9e<br \/>\n- YKK - Fermeture \u00e0 glissi\u00e8re dans le dos avec cordon de serrage<br \/>\n\u2022 Bas de jambes \u00e9lastiques<br \/>\n\u2022 Coussin d'assise sp\u00e9cial triathlon<\/p>\n<p>Mati\u00e8re : 80% polyester, 20% \u00e9lasthanne<\/p>\n<p>Ajuster la longueur de la jambe (-2cm, -4cm, +2cm, +4cm) CHF 12.00<br \/>\nPoches aux jambes \u00e0 gauche et \u00e0 droite\u00a0<small class=\"option-price\"><span class=\"brackets\">(<\/span><span class=\"sign positive\">+<\/span><span class=\"woocommerce-Price-amount amount\"><span class=\"woocommerce-Price-currencySymbol\">CHF<\/span>\u00a05.00<\/span><span class=\"brackets\">)<\/span><\/small><\/p>\n<p>&nbsp;<\/p>","protected":false},"excerpt":{"rendered":"<p>Monopi\u00e8ce de triathlon ITU sans manches avec une coupe ajust\u00e9e qui t'offre confort et compression. Construction large des bras pour une bonne libert\u00e9 de mouvement. Fermeture \u00e9clair \u00e0 l'arri\u00e8re avec un cordon de serrage pour un habillage et un d\u00e9shabillage agr\u00e9ables. Mat\u00e9riau enti\u00e8rement imprimable avec bas de jambes \u00e9lastiques.<\/p>\n<p>Ce maillot une pi\u00e8ce est ton fid\u00e8le compagnon pour les courtes distances. Enfiler, livrer et finir avec succ\u00e8s, telle est la devise.<\/p>","protected":false},"featured_media":5146,"template":"","meta":{"ocean_post_layout":"","ocean_both_sidebars_style":"","ocean_both_sidebars_content_width":0,"ocean_both_sidebars_sidebars_width":0,"ocean_sidebar":"0","ocean_second_sidebar":"0","ocean_disable_margins":"enable","ocean_add_body_class":"","ocean_shortcode_before_top_bar":"","ocean_shortcode_after_top_bar":"","ocean_shortcode_before_header":"","ocean_shortcode_after_header":"","ocean_has_shortcode":"","ocean_shortcode_after_title":"","ocean_shortcode_before_footer_widgets":"","ocean_shortcode_after_footer_widgets":"","ocean_shortcode_before_footer_bottom":"","ocean_shortcode_after_footer_bottom":"","ocean_display_top_bar":"default","ocean_display_header":"default","ocean_header_style":"","ocean_center_header_left_menu":"0","ocean_custom_header_template":"0","ocean_custom_logo":0,"ocean_custom_retina_logo":0,"ocean_custom_logo_max_width":0,"ocean_custom_logo_tablet_max_width":0,"ocean_custom_logo_mobile_max_width":0,"ocean_custom_logo_max_height":0,"ocean_custom_logo_tablet_max_height":0,"ocean_custom_logo_mobile_max_height":0,"ocean_header_custom_menu":"0","ocean_menu_typo_font_family":"0","ocean_menu_typo_font_subset":"","ocean_menu_typo_font_size":0,"ocean_menu_typo_font_size_tablet":0,"ocean_menu_typo_font_size_mobile":0,"ocean_menu_typo_font_size_unit":"px","ocean_menu_typo_font_weight":"","ocean_menu_typo_font_weight_tablet":"","ocean_menu_typo_font_weight_mobile":"","ocean_menu_typo_transform":"","ocean_menu_typo_transform_tablet":"","ocean_menu_typo_transform_mobile":"","ocean_menu_typo_line_height":0,"ocean_menu_typo_line_height_tablet":0,"ocean_menu_typo_line_height_mobile":0,"ocean_menu_typo_line_height_unit":"","ocean_menu_typo_spacing":0,"ocean_menu_typo_spacing_tablet":0,"ocean_menu_typo_spacing_mobile":0,"ocean_menu_typo_spacing_unit":"","ocean_menu_link_color":"","ocean_menu_link_color_hover":"","ocean_menu_link_color_active":"","ocean_menu_link_background":"","ocean_menu_link_hover_background":"","ocean_menu_link_active_background":"","ocean_menu_social_links_bg":"","ocean_menu_social_hover_links_bg":"","ocean_menu_social_links_color":"","ocean_menu_social_hover_links_color":"","ocean_disable_title":"default","ocean_disable_heading":"default","ocean_post_title":"","ocean_post_subheading":"","ocean_post_title_style":"","ocean_post_title_background_color":"","ocean_post_title_background":0,"ocean_post_title_bg_image_position":"","ocean_post_title_bg_image_attachment":"","ocean_post_title_bg_image_repeat":"","ocean_post_title_bg_image_size":"","ocean_post_title_height":0,"ocean_post_title_bg_overlay":0.5,"ocean_post_title_bg_overlay_color":"","ocean_disable_breadcrumbs":"default","ocean_breadcrumbs_color":"","ocean_breadcrumbs_separator_color":"","ocean_breadcrumbs_links_color":"","ocean_breadcrumbs_links_hover_color":"","ocean_display_footer_widgets":"default","ocean_display_footer_bottom":"default","ocean_custom_footer_template":"0"},"product_brand":[],"product_cat":[112,113,115],"product_tag":[],"class_list":{"0":"post-5128","1":"product","2":"type-product","3":"status-publish","4":"has-post-thumbnail","6":"product_cat-triathlon","7":"product_cat-classic-triathlon","8":"product_cat-women-classic-triathlon","10":"entry","11":"has-media","13":"first","14":"instock","15":"taxable","16":"shipping-taxable","17":"purchasable","18":"product-type-simple","19":"col","20":"span_1_of_4","21":"owp-content-center","22":"owp-thumbs-layout-horizontal","23":"owp-btn-normal","24":"owp-tabs-layout-horizontal"},"yoast_head":"<!-- This site is optimized with the Yoast SEO plugin v24.8.1 - https:\/\/yoast.com\/wordpress\/plugins\/seo\/ -->\n<title>Triathlon Classic Suit ITU sleeveless - iNOW.ch<\/title>\n<meta name=\"robots\" content=\"noindex, follow, max-snippet:-1, max-image-preview:large, max-video-preview:-1\" \/>\n<meta property=\"og:locale\" content=\"fr_FR\" \/>\n<meta property=\"og:type\" content=\"article\" \/>\n<meta property=\"og:title\" content=\"Triathlon Classic Suit ITU sleeveless - iNOW.ch\" \/>\n<meta property=\"og:description\" content=\"\u00c4rmelloser ITU Triathlon Einteiler mit enganliegender Passform, welcher Dir Komfort und Kompression bietet. Weit ausgeschnittene Armkonstruktion f\u00fcr eine gute Bewegungsfreiheit. Reissverschluss auf der R\u00fcckseite mit einem Zugband f\u00fcr ein angenehmes An- und Ausziehen. Komplett bedruckbares Material mit elastischen Beinabschl\u00fcssen.  Dieser Einteiler ist Dein treuer Begleiter f\u00fcr kurze Distanzen. Anziehen, abliefern und erfolgreich finishen ist das Motto.\" \/>\n<meta property=\"og:url\" content=\"https:\/\/products.inow.ch\/fr\/produit\/triathlon-classic-suit-itu-sleeveless-women\/\" \/>\n<meta property=\"og:site_name\" content=\"iNOW.ch\" \/>\n<meta property=\"article:modified_time\" content=\"2025-11-07T07:19:06+00:00\" \/>\n<meta property=\"og:image\" content=\"http:\/\/products.inow.ch\/wp-content\/uploads\/2022\/11\/ISJAN22-TSW_IT002_C-TRIATHLON-Classic-Suit-ITU-sleeveless_front.png\" \/>\n\t<meta property=\"og:image:width\" content=\"1000\" \/>\n\t<meta property=\"og:image:height\" content=\"1001\" \/>\n\t<meta property=\"og:image:type\" content=\"image\/png\" \/>\n<meta name=\"twitter:card\" content=\"summary_large_image\" \/>\n<meta name=\"twitter:label1\" content=\"Dur\u00e9e de lecture estim\u00e9e\" \/>\n\t<meta name=\"twitter:data1\" content=\"1 minute\" \/>\n<script type=\"application\/ld+json\" class=\"yoast-schema-graph\">{\"@context\":\"https:\/\/schema.org\",\"@graph\":[{\"@type\":\"WebPage\",\"@id\":\"https:\/\/products.inow.ch\/produkt\/triathlon-classic-suit-itu-sleeveless-women\/\",\"url\":\"https:\/\/products.inow.ch\/produkt\/triathlon-classic-suit-itu-sleeveless-women\/\",\"name\":\"Triathlon Classic Suit ITU sleeveless - iNOW.ch\",\"isPartOf\":{\"@id\":\"https:\/\/products.inow.ch\/#website\"},\"primaryImageOfPage\":{\"@id\":\"https:\/\/products.inow.ch\/produkt\/triathlon-classic-suit-itu-sleeveless-women\/#primaryimage\"},\"image\":{\"@id\":\"https:\/\/products.inow.ch\/produkt\/triathlon-classic-suit-itu-sleeveless-women\/#primaryimage\"},\"thumbnailUrl\":\"https:\/\/products.inow.ch\/wp-content\/uploads\/2022\/11\/ISJAN22-TSW_IT002_C-TRIATHLON-Classic-Suit-ITU-sleeveless_front.png\",\"datePublished\":\"2022-11-22T07:18:31+00:00\",\"dateModified\":\"2025-11-07T07:19:06+00:00\",\"breadcrumb\":{\"@id\":\"https:\/\/products.inow.ch\/produkt\/triathlon-classic-suit-itu-sleeveless-women\/#breadcrumb\"},\"inLanguage\":\"fr-FR\",\"potentialAction\":[{\"@type\":\"ReadAction\",\"target\":[\"https:\/\/products.inow.ch\/produkt\/triathlon-classic-suit-itu-sleeveless-women\/\"]}]},{\"@type\":\"ImageObject\",\"inLanguage\":\"fr-FR\",\"@id\":\"https:\/\/products.inow.ch\/produkt\/triathlon-classic-suit-itu-sleeveless-women\/#primaryimage\",\"url\":\"https:\/\/products.inow.ch\/wp-content\/uploads\/2022\/11\/ISJAN22-TSW_IT002_C-TRIATHLON-Classic-Suit-ITU-sleeveless_front.png\",\"contentUrl\":\"https:\/\/products.inow.ch\/wp-content\/uploads\/2022\/11\/ISJAN22-TSW_IT002_C-TRIATHLON-Classic-Suit-ITU-sleeveless_front.png\",\"width\":1000,\"height\":1001},{\"@type\":\"BreadcrumbList\",\"@id\":\"https:\/\/products.inow.ch\/produkt\/triathlon-classic-suit-itu-sleeveless-women\/#breadcrumb\",\"itemListElement\":[{\"@type\":\"ListItem\",\"position\":1,\"name\":\"Startseite\",\"item\":\"https:\/\/products.inow.ch\/\"},{\"@type\":\"ListItem\",\"position\":2,\"name\":\"Sortiment\",\"item\":\"https:\/\/products.inow.ch\/\"},{\"@type\":\"ListItem\",\"position\":3,\"name\":\"Triathlon Classic Suit ITU sleeveless\"}]},{\"@type\":\"WebSite\",\"@id\":\"https:\/\/products.inow.ch\/#website\",\"url\":\"https:\/\/products.inow.ch\/\",\"name\":\"iNOW.ch\",\"description\":\"Offerten\",\"publisher\":{\"@id\":\"https:\/\/products.inow.ch\/#organization\"},\"potentialAction\":[{\"@type\":\"SearchAction\",\"target\":{\"@type\":\"EntryPoint\",\"urlTemplate\":\"https:\/\/products.inow.ch\/?s={search_term_string}\"},\"query-input\":{\"@type\":\"PropertyValueSpecification\",\"valueRequired\":true,\"valueName\":\"search_term_string\"}}],\"inLanguage\":\"fr-FR\"},{\"@type\":\"Organization\",\"@id\":\"https:\/\/products.inow.ch\/#organization\",\"name\":\"iNOW.ch\",\"url\":\"https:\/\/products.inow.ch\/\",\"logo\":{\"@type\":\"ImageObject\",\"inLanguage\":\"fr-FR\",\"@id\":\"https:\/\/products.inow.ch\/#\/schema\/logo\/image\/\",\"url\":\"https:\/\/products.inow.ch\/wp-content\/uploads\/2021\/08\/210629_Logo_INOW_Pos.png\",\"contentUrl\":\"https:\/\/products.inow.ch\/wp-content\/uploads\/2021\/08\/210629_Logo_INOW_Pos.png\",\"width\":1749,\"height\":1241,\"caption\":\"iNOW.ch\"},\"image\":{\"@id\":\"https:\/\/products.inow.ch\/#\/schema\/logo\/image\/\"}}]}<\/script>\n<!-- \/ Yoast SEO plugin. -->","yoast_head_json":{"title":"Triathlon Classic Suit ITU sleeveless - iNOW.ch","robots":{"index":"noindex","follow":"follow","max-snippet":"max-snippet:-1","max-image-preview":"max-image-preview:large","max-video-preview":"max-video-preview:-1"},"og_locale":"fr_FR","og_type":"article","og_title":"Triathlon Classic Suit ITU sleeveless - iNOW.ch","og_description":"\u00c4rmelloser ITU Triathlon Einteiler mit enganliegender Passform, welcher Dir Komfort und Kompression bietet. Weit ausgeschnittene Armkonstruktion f\u00fcr eine gute Bewegungsfreiheit. Reissverschluss auf der R\u00fcckseite mit einem Zugband f\u00fcr ein angenehmes An- und Ausziehen. Komplett bedruckbares Material mit elastischen Beinabschl\u00fcssen.  Dieser Einteiler ist Dein treuer Begleiter f\u00fcr kurze Distanzen. Anziehen, abliefern und erfolgreich finishen ist das Motto.","og_url":"https:\/\/products.inow.ch\/fr\/produit\/triathlon-classic-suit-itu-sleeveless-women\/","og_site_name":"iNOW.ch","article_modified_time":"2025-11-07T07:19:06+00:00","og_image":[{"width":1000,"height":1001,"url":"http:\/\/products.inow.ch\/wp-content\/uploads\/2022\/11\/ISJAN22-TSW_IT002_C-TRIATHLON-Classic-Suit-ITU-sleeveless_front.png","type":"image\/png"}],"twitter_card":"summary_large_image","twitter_misc":{"Dur\u00e9e de lecture estim\u00e9e":"1 minute"},"schema":{"@context":"https:\/\/schema.org","@graph":[{"@type":"WebPage","@id":"https:\/\/products.inow.ch\/produkt\/triathlon-classic-suit-itu-sleeveless-women\/","url":"https:\/\/products.inow.ch\/produkt\/triathlon-classic-suit-itu-sleeveless-women\/","name":"Triathlon Classic Suit ITU sleeveless - iNOW.ch","isPartOf":{"@id":"https:\/\/products.inow.ch\/#website"},"primaryImageOfPage":{"@id":"https:\/\/products.inow.ch\/produkt\/triathlon-classic-suit-itu-sleeveless-women\/#primaryimage"},"image":{"@id":"https:\/\/products.inow.ch\/produkt\/triathlon-classic-suit-itu-sleeveless-women\/#primaryimage"},"thumbnailUrl":"https:\/\/products.inow.ch\/wp-content\/uploads\/2022\/11\/ISJAN22-TSW_IT002_C-TRIATHLON-Classic-Suit-ITU-sleeveless_front.png","datePublished":"2022-11-22T07:18:31+00:00","dateModified":"2025-11-07T07:19:06+00:00","breadcrumb":{"@id":"https:\/\/products.inow.ch\/produkt\/triathlon-classic-suit-itu-sleeveless-women\/#breadcrumb"},"inLanguage":"fr-FR","potentialAction":[{"@type":"ReadAction","target":["https:\/\/products.inow.ch\/produkt\/triathlon-classic-suit-itu-sleeveless-women\/"]}]},{"@type":"ImageObject","inLanguage":"fr-FR","@id":"https:\/\/products.inow.ch\/produkt\/triathlon-classic-suit-itu-sleeveless-women\/#primaryimage","url":"https:\/\/products.inow.ch\/wp-content\/uploads\/2022\/11\/ISJAN22-TSW_IT002_C-TRIATHLON-Classic-Suit-ITU-sleeveless_front.png","contentUrl":"https:\/\/products.inow.ch\/wp-content\/uploads\/2022\/11\/ISJAN22-TSW_IT002_C-TRIATHLON-Classic-Suit-ITU-sleeveless_front.png","width":1000,"height":1001},{"@type":"BreadcrumbList","@id":"https:\/\/products.inow.ch\/produkt\/triathlon-classic-suit-itu-sleeveless-women\/#breadcrumb","itemListElement":[{"@type":"ListItem","position":1,"name":"Startseite","item":"https:\/\/products.inow.ch\/"},{"@type":"ListItem","position":2,"name":"Sortiment","item":"https:\/\/products.inow.ch\/"},{"@type":"ListItem","position":3,"name":"Triathlon Classic Suit ITU sleeveless"}]},{"@type":"WebSite","@id":"https:\/\/products.inow.ch\/#website","url":"https:\/\/products.inow.ch\/","name":"iNOW.ch","description":"Offres","publisher":{"@id":"https:\/\/products.inow.ch\/#organization"},"potentialAction":[{"@type":"SearchAction","target":{"@type":"EntryPoint","urlTemplate":"https:\/\/products.inow.ch\/?s={search_term_string}"},"query-input":{"@type":"PropertyValueSpecification","valueRequired":true,"valueName":"search_term_string"}}],"inLanguage":"fr-FR"},{"@type":"Organization","@id":"https:\/\/products.inow.ch\/#organization","name":"iNOW.ch","url":"https:\/\/products.inow.ch\/","logo":{"@type":"ImageObject","inLanguage":"fr-FR","@id":"https:\/\/products.inow.ch\/#\/schema\/logo\/image\/","url":"https:\/\/products.inow.ch\/wp-content\/uploads\/2021\/08\/210629_Logo_INOW_Pos.png","contentUrl":"https:\/\/products.inow.ch\/wp-content\/uploads\/2021\/08\/210629_Logo_INOW_Pos.png","width":1749,"height":1241,"caption":"iNOW.ch"},"image":{"@id":"https:\/\/products.inow.ch\/#\/schema\/logo\/image\/"}}]}},"_links":{"self":[{"href":"https:\/\/products.inow.ch\/fr\/wp-json\/wp\/v2\/product\/5128"}],"collection":[{"href":"https:\/\/products.inow.ch\/fr\/wp-json\/wp\/v2\/product"}],"about":[{"href":"https:\/\/products.inow.ch\/fr\/wp-json\/wp\/v2\/types\/product"}],"wp:featuredmedia":[{"embeddable":true,"href":"https:\/\/products.inow.ch\/fr\/wp-json\/wp\/v2\/media\/5146"}],"wp:attachment":[{"href":"https:\/\/products.inow.ch\/fr\/wp-json\/wp\/v2\/media?parent=5128"}],"wp:term":[{"taxonomy":"product_brand","embeddable":true,"href":"https:\/\/products.inow.ch\/fr\/wp-json\/wp\/v2\/product_brand?post=5128"},{"taxonomy":"product_cat","embeddable":true,"href":"https:\/\/products.inow.ch\/fr\/wp-json\/wp\/v2\/product_cat?post=5128"},{"taxonomy":"product_tag","embeddable":true,"href":"https:\/\/products.inow.ch\/fr\/wp-json\/wp\/v2\/product_tag?post=5128"}],"curies":[{"name":"wp","href":"https:\/\/api.w.org\/{rel}","templated":true}]}}