{"id":5098,"date":"2022-10-31T14:11:53","date_gmt":"2022-10-31T14:11:53","guid":{"rendered":"https:\/\/products.inow.ch\/?post_type=product&#038;p=5098"},"modified":"2025-11-06T14:59:31","modified_gmt":"2025-11-06T14:59:31","slug":"enduro-classic-light-jersey-short-sleeve-women","status":"publish","type":"product","link":"https:\/\/products.inow.ch\/fr\/produit\/enduro-classic-light-jersey-short-sleeve-women\/","title":{"rendered":"Enduro Classic LIGHT Jersey \u00e0 manches courtes"},"content":{"rendered":"<p>\u2022 Classic Line | XXS - 2XL<br \/>\n- Maillot d'\u00e9t\u00e9 l\u00e9ger avec mati\u00e8re respirante et \u00e0 s\u00e9chage rapide<br \/>\n- Mat\u00e9riau ultral\u00e9ger sous les bras, les panneaux lat\u00e9raux et le dos<br \/>\n- Coupe boule ou raglan sur le bras<br \/>\n- poche zipp\u00e9e dans le dos \u00e0 gauche<\/p>\n<p>Mat\u00e9riau : polyester 100%<\/p>\n<p>Ajuster la longueur du bras (-2cm, -4cm, +2cm, +4cm) CHF 12.00<br \/>\nAjuster la longueur du corps (-2.5cm, -5cm, +2.5cm, +5cm) CHF 12.00<br \/>\nLogo r\u00e9fl\u00e9chissant au milieu du dos\u00a0<small class=\"option-price\"><span class=\"brackets\">(<\/span><span class=\"sign positive\">+<\/span><span class=\"woocommerce-Price-amount amount\"><span class=\"woocommerce-Price-currencySymbol\">CHF<\/span>\u00a01.00<\/span><span class=\"brackets\">)<\/span><\/small><\/p>","protected":false},"excerpt":{"rendered":"<p>Maillot \u00e0 manches courtes Enduro et All-Mountain Bike pour l'\u00e9t\u00e9. Coupe agr\u00e9ablement large qui garantit une bonne libert\u00e9 de mouvement. Mat\u00e9riau l\u00e9ger en polyester. Le mat\u00e9riau l\u00e9g\u00e8rement perfor\u00e9 sous les bras, sur les panneaux lat\u00e9raux et sur l'ensemble du dos assure une ventilation optimale et une sensation de l\u00e9g\u00e8ret\u00e9. Poche zipp\u00e9e dans le dos \u00e0 gauche. Le t-shirt est disponible avec une coupe boule ou raglan au niveau des bras.<\/p>\n<p>Gr\u00e2ce \u00e0 sa coupe classique, ce maillot de cyclisme l\u00e9ger pour l'\u00e9t\u00e9 est tr\u00e8s appr\u00e9ci\u00e9 des sportifs amateurs et des professionnels de la descente.<\/p>","protected":false},"featured_media":5078,"template":"","meta":{"ocean_post_layout":"","ocean_both_sidebars_style":"","ocean_both_sidebars_content_width":0,"ocean_both_sidebars_sidebars_width":0,"ocean_sidebar":"0","ocean_second_sidebar":"0","ocean_disable_margins":"enable","ocean_add_body_class":"","ocean_shortcode_before_top_bar":"","ocean_shortcode_after_top_bar":"","ocean_shortcode_before_header":"","ocean_shortcode_after_header":"","ocean_has_shortcode":"","ocean_shortcode_after_title":"","ocean_shortcode_before_footer_widgets":"","ocean_shortcode_after_footer_widgets":"","ocean_shortcode_before_footer_bottom":"","ocean_shortcode_after_footer_bottom":"","ocean_display_top_bar":"default","ocean_display_header":"default","ocean_header_style":"","ocean_center_header_left_menu":"0","ocean_custom_header_template":"0","ocean_custom_logo":0,"ocean_custom_retina_logo":0,"ocean_custom_logo_max_width":0,"ocean_custom_logo_tablet_max_width":0,"ocean_custom_logo_mobile_max_width":0,"ocean_custom_logo_max_height":0,"ocean_custom_logo_tablet_max_height":0,"ocean_custom_logo_mobile_max_height":0,"ocean_header_custom_menu":"0","ocean_menu_typo_font_family":"0","ocean_menu_typo_font_subset":"","ocean_menu_typo_font_size":0,"ocean_menu_typo_font_size_tablet":0,"ocean_menu_typo_font_size_mobile":0,"ocean_menu_typo_font_size_unit":"px","ocean_menu_typo_font_weight":"","ocean_menu_typo_font_weight_tablet":"","ocean_menu_typo_font_weight_mobile":"","ocean_menu_typo_transform":"","ocean_menu_typo_transform_tablet":"","ocean_menu_typo_transform_mobile":"","ocean_menu_typo_line_height":0,"ocean_menu_typo_line_height_tablet":0,"ocean_menu_typo_line_height_mobile":0,"ocean_menu_typo_line_height_unit":"","ocean_menu_typo_spacing":0,"ocean_menu_typo_spacing_tablet":0,"ocean_menu_typo_spacing_mobile":0,"ocean_menu_typo_spacing_unit":"","ocean_menu_link_color":"","ocean_menu_link_color_hover":"","ocean_menu_link_color_active":"","ocean_menu_link_background":"","ocean_menu_link_hover_background":"","ocean_menu_link_active_background":"","ocean_menu_social_links_bg":"","ocean_menu_social_hover_links_bg":"","ocean_menu_social_links_color":"","ocean_menu_social_hover_links_color":"","ocean_disable_title":"default","ocean_disable_heading":"default","ocean_post_title":"","ocean_post_subheading":"","ocean_post_title_style":"","ocean_post_title_background_color":"","ocean_post_title_background":0,"ocean_post_title_bg_image_position":"","ocean_post_title_bg_image_attachment":"","ocean_post_title_bg_image_repeat":"","ocean_post_title_bg_image_size":"","ocean_post_title_height":0,"ocean_post_title_bg_overlay":0.5,"ocean_post_title_bg_overlay_color":"","ocean_disable_breadcrumbs":"default","ocean_breadcrumbs_color":"","ocean_breadcrumbs_separator_color":"","ocean_breadcrumbs_links_color":"","ocean_breadcrumbs_links_hover_color":"","ocean_display_footer_widgets":"default","ocean_display_footer_bottom":"default","ocean_custom_footer_template":"0"},"product_brand":[],"product_cat":[98,99,101],"product_tag":[],"class_list":{"0":"post-5098","1":"product","2":"type-product","3":"status-publish","4":"has-post-thumbnail","6":"product_cat-offroad","7":"product_cat-classic-offroad","8":"product_cat-women-classic-offroad","10":"entry","11":"has-media","13":"first","14":"instock","15":"taxable","16":"shipping-taxable","17":"purchasable","18":"product-type-simple","19":"col","20":"span_1_of_4","21":"owp-content-center","22":"owp-thumbs-layout-horizontal","23":"owp-btn-normal","24":"owp-tabs-layout-horizontal"},"yoast_head":"<!-- This site is optimized with the Yoast SEO plugin v24.8.1 - https:\/\/yoast.com\/wordpress\/plugins\/seo\/ -->\n<title>Enduro Classic LIGHT Jersey Short Sleeve - iNOW.ch<\/title>\n<meta name=\"robots\" content=\"noindex, follow, max-snippet:-1, max-image-preview:large, max-video-preview:-1\" \/>\n<meta property=\"og:locale\" content=\"fr_FR\" \/>\n<meta property=\"og:type\" content=\"article\" \/>\n<meta property=\"og:title\" content=\"Enduro Classic LIGHT Jersey Short Sleeve - iNOW.ch\" \/>\n<meta property=\"og:description\" content=\"Enduro und All-Mountainbike kurzarm Shirt f\u00fcr den Sommer. Angenehm weiter Schnitt, der eine gute Bewegungsfreiheit gew\u00e4hrleistet. Leichtes Polyester - Material. Das leicht gelochte Material unter den Armen, an den Seitenbahnen und auf dem gesamten R\u00fccken sorgt f\u00fcr eine optimale L\u00fcftung und ein leichtes Fahrgef\u00fchl. Reissverschlusstasche auf dem R\u00fccken links. Das Shirt ist am Arm im Kugel- oder Raglan - Schnitt erh\u00e4ltlich.  Dank seines klassischen Schnittes ist dieses leichte Bikeshirt f\u00fcr den Sommer bei Hobbysportlern, wie auch bei Downhill-Profis sehr beliebt.\" \/>\n<meta property=\"og:url\" content=\"https:\/\/products.inow.ch\/fr\/produit\/enduro-classic-light-jersey-short-sleeve-women\/\" \/>\n<meta property=\"og:site_name\" content=\"iNOW.ch\" \/>\n<meta property=\"article:modified_time\" content=\"2025-11-06T14:59:31+00:00\" \/>\n<meta property=\"og:image\" content=\"http:\/\/products.inow.ch\/wp-content\/uploads\/2022\/10\/ISJAN22-OTW_SS105_C-ENDURO-Classic-LIGHT-Jersey-short-sleeve_front.png\" \/>\n\t<meta property=\"og:image:width\" content=\"1000\" \/>\n\t<meta property=\"og:image:height\" content=\"1001\" \/>\n\t<meta property=\"og:image:type\" content=\"image\/png\" \/>\n<meta name=\"twitter:card\" content=\"summary_large_image\" \/>\n<meta name=\"twitter:label1\" content=\"Dur\u00e9e de lecture estim\u00e9e\" \/>\n\t<meta name=\"twitter:data1\" content=\"1 minute\" \/>\n<script type=\"application\/ld+json\" class=\"yoast-schema-graph\">{\"@context\":\"https:\/\/schema.org\",\"@graph\":[{\"@type\":\"WebPage\",\"@id\":\"https:\/\/products.inow.ch\/produkt\/enduro-classic-light-jersey-short-sleeve-women\/\",\"url\":\"https:\/\/products.inow.ch\/produkt\/enduro-classic-light-jersey-short-sleeve-women\/\",\"name\":\"Enduro Classic LIGHT Jersey Short Sleeve - iNOW.ch\",\"isPartOf\":{\"@id\":\"https:\/\/products.inow.ch\/#website\"},\"primaryImageOfPage\":{\"@id\":\"https:\/\/products.inow.ch\/produkt\/enduro-classic-light-jersey-short-sleeve-women\/#primaryimage\"},\"image\":{\"@id\":\"https:\/\/products.inow.ch\/produkt\/enduro-classic-light-jersey-short-sleeve-women\/#primaryimage\"},\"thumbnailUrl\":\"https:\/\/products.inow.ch\/wp-content\/uploads\/2022\/10\/ISJAN22-OTW_SS105_C-ENDURO-Classic-LIGHT-Jersey-short-sleeve_front.png\",\"datePublished\":\"2022-10-31T14:11:53+00:00\",\"dateModified\":\"2025-11-06T14:59:31+00:00\",\"breadcrumb\":{\"@id\":\"https:\/\/products.inow.ch\/produkt\/enduro-classic-light-jersey-short-sleeve-women\/#breadcrumb\"},\"inLanguage\":\"fr-FR\",\"potentialAction\":[{\"@type\":\"ReadAction\",\"target\":[\"https:\/\/products.inow.ch\/produkt\/enduro-classic-light-jersey-short-sleeve-women\/\"]}]},{\"@type\":\"ImageObject\",\"inLanguage\":\"fr-FR\",\"@id\":\"https:\/\/products.inow.ch\/produkt\/enduro-classic-light-jersey-short-sleeve-women\/#primaryimage\",\"url\":\"https:\/\/products.inow.ch\/wp-content\/uploads\/2022\/10\/ISJAN22-OTW_SS105_C-ENDURO-Classic-LIGHT-Jersey-short-sleeve_front.png\",\"contentUrl\":\"https:\/\/products.inow.ch\/wp-content\/uploads\/2022\/10\/ISJAN22-OTW_SS105_C-ENDURO-Classic-LIGHT-Jersey-short-sleeve_front.png\",\"width\":1000,\"height\":1001},{\"@type\":\"BreadcrumbList\",\"@id\":\"https:\/\/products.inow.ch\/produkt\/enduro-classic-light-jersey-short-sleeve-women\/#breadcrumb\",\"itemListElement\":[{\"@type\":\"ListItem\",\"position\":1,\"name\":\"Startseite\",\"item\":\"https:\/\/products.inow.ch\/\"},{\"@type\":\"ListItem\",\"position\":2,\"name\":\"Sortiment\",\"item\":\"https:\/\/products.inow.ch\/\"},{\"@type\":\"ListItem\",\"position\":3,\"name\":\"Enduro Classic LIGHT Jersey Short Sleeve\"}]},{\"@type\":\"WebSite\",\"@id\":\"https:\/\/products.inow.ch\/#website\",\"url\":\"https:\/\/products.inow.ch\/\",\"name\":\"iNOW.ch\",\"description\":\"Offerten\",\"publisher\":{\"@id\":\"https:\/\/products.inow.ch\/#organization\"},\"potentialAction\":[{\"@type\":\"SearchAction\",\"target\":{\"@type\":\"EntryPoint\",\"urlTemplate\":\"https:\/\/products.inow.ch\/?s={search_term_string}\"},\"query-input\":{\"@type\":\"PropertyValueSpecification\",\"valueRequired\":true,\"valueName\":\"search_term_string\"}}],\"inLanguage\":\"fr-FR\"},{\"@type\":\"Organization\",\"@id\":\"https:\/\/products.inow.ch\/#organization\",\"name\":\"iNOW.ch\",\"url\":\"https:\/\/products.inow.ch\/\",\"logo\":{\"@type\":\"ImageObject\",\"inLanguage\":\"fr-FR\",\"@id\":\"https:\/\/products.inow.ch\/#\/schema\/logo\/image\/\",\"url\":\"https:\/\/products.inow.ch\/wp-content\/uploads\/2021\/08\/210629_Logo_INOW_Pos.png\",\"contentUrl\":\"https:\/\/products.inow.ch\/wp-content\/uploads\/2021\/08\/210629_Logo_INOW_Pos.png\",\"width\":1749,\"height\":1241,\"caption\":\"iNOW.ch\"},\"image\":{\"@id\":\"https:\/\/products.inow.ch\/#\/schema\/logo\/image\/\"}}]}<\/script>\n<!-- \/ Yoast SEO plugin. -->","yoast_head_json":{"title":"Enduro Classic LIGHT Jersey Short Sleeve - iNOW.ch","robots":{"index":"noindex","follow":"follow","max-snippet":"max-snippet:-1","max-image-preview":"max-image-preview:large","max-video-preview":"max-video-preview:-1"},"og_locale":"fr_FR","og_type":"article","og_title":"Enduro Classic LIGHT Jersey Short Sleeve - iNOW.ch","og_description":"Enduro und All-Mountainbike kurzarm Shirt f\u00fcr den Sommer. Angenehm weiter Schnitt, der eine gute Bewegungsfreiheit gew\u00e4hrleistet. Leichtes Polyester - Material. Das leicht gelochte Material unter den Armen, an den Seitenbahnen und auf dem gesamten R\u00fccken sorgt f\u00fcr eine optimale L\u00fcftung und ein leichtes Fahrgef\u00fchl. Reissverschlusstasche auf dem R\u00fccken links. Das Shirt ist am Arm im Kugel- oder Raglan - Schnitt erh\u00e4ltlich.  Dank seines klassischen Schnittes ist dieses leichte Bikeshirt f\u00fcr den Sommer bei Hobbysportlern, wie auch bei Downhill-Profis sehr beliebt.","og_url":"https:\/\/products.inow.ch\/fr\/produit\/enduro-classic-light-jersey-short-sleeve-women\/","og_site_name":"iNOW.ch","article_modified_time":"2025-11-06T14:59:31+00:00","og_image":[{"width":1000,"height":1001,"url":"http:\/\/products.inow.ch\/wp-content\/uploads\/2022\/10\/ISJAN22-OTW_SS105_C-ENDURO-Classic-LIGHT-Jersey-short-sleeve_front.png","type":"image\/png"}],"twitter_card":"summary_large_image","twitter_misc":{"Dur\u00e9e de lecture estim\u00e9e":"1 minute"},"schema":{"@context":"https:\/\/schema.org","@graph":[{"@type":"WebPage","@id":"https:\/\/products.inow.ch\/produkt\/enduro-classic-light-jersey-short-sleeve-women\/","url":"https:\/\/products.inow.ch\/produkt\/enduro-classic-light-jersey-short-sleeve-women\/","name":"Enduro Classic LIGHT Jersey Short Sleeve - iNOW.ch","isPartOf":{"@id":"https:\/\/products.inow.ch\/#website"},"primaryImageOfPage":{"@id":"https:\/\/products.inow.ch\/produkt\/enduro-classic-light-jersey-short-sleeve-women\/#primaryimage"},"image":{"@id":"https:\/\/products.inow.ch\/produkt\/enduro-classic-light-jersey-short-sleeve-women\/#primaryimage"},"thumbnailUrl":"https:\/\/products.inow.ch\/wp-content\/uploads\/2022\/10\/ISJAN22-OTW_SS105_C-ENDURO-Classic-LIGHT-Jersey-short-sleeve_front.png","datePublished":"2022-10-31T14:11:53+00:00","dateModified":"2025-11-06T14:59:31+00:00","breadcrumb":{"@id":"https:\/\/products.inow.ch\/produkt\/enduro-classic-light-jersey-short-sleeve-women\/#breadcrumb"},"inLanguage":"fr-FR","potentialAction":[{"@type":"ReadAction","target":["https:\/\/products.inow.ch\/produkt\/enduro-classic-light-jersey-short-sleeve-women\/"]}]},{"@type":"ImageObject","inLanguage":"fr-FR","@id":"https:\/\/products.inow.ch\/produkt\/enduro-classic-light-jersey-short-sleeve-women\/#primaryimage","url":"https:\/\/products.inow.ch\/wp-content\/uploads\/2022\/10\/ISJAN22-OTW_SS105_C-ENDURO-Classic-LIGHT-Jersey-short-sleeve_front.png","contentUrl":"https:\/\/products.inow.ch\/wp-content\/uploads\/2022\/10\/ISJAN22-OTW_SS105_C-ENDURO-Classic-LIGHT-Jersey-short-sleeve_front.png","width":1000,"height":1001},{"@type":"BreadcrumbList","@id":"https:\/\/products.inow.ch\/produkt\/enduro-classic-light-jersey-short-sleeve-women\/#breadcrumb","itemListElement":[{"@type":"ListItem","position":1,"name":"Startseite","item":"https:\/\/products.inow.ch\/"},{"@type":"ListItem","position":2,"name":"Sortiment","item":"https:\/\/products.inow.ch\/"},{"@type":"ListItem","position":3,"name":"Enduro Classic LIGHT Jersey Short Sleeve"}]},{"@type":"WebSite","@id":"https:\/\/products.inow.ch\/#website","url":"https:\/\/products.inow.ch\/","name":"iNOW.ch","description":"Offres","publisher":{"@id":"https:\/\/products.inow.ch\/#organization"},"potentialAction":[{"@type":"SearchAction","target":{"@type":"EntryPoint","urlTemplate":"https:\/\/products.inow.ch\/?s={search_term_string}"},"query-input":{"@type":"PropertyValueSpecification","valueRequired":true,"valueName":"search_term_string"}}],"inLanguage":"fr-FR"},{"@type":"Organization","@id":"https:\/\/products.inow.ch\/#organization","name":"iNOW.ch","url":"https:\/\/products.inow.ch\/","logo":{"@type":"ImageObject","inLanguage":"fr-FR","@id":"https:\/\/products.inow.ch\/#\/schema\/logo\/image\/","url":"https:\/\/products.inow.ch\/wp-content\/uploads\/2021\/08\/210629_Logo_INOW_Pos.png","contentUrl":"https:\/\/products.inow.ch\/wp-content\/uploads\/2021\/08\/210629_Logo_INOW_Pos.png","width":1749,"height":1241,"caption":"iNOW.ch"},"image":{"@id":"https:\/\/products.inow.ch\/#\/schema\/logo\/image\/"}}]}},"_links":{"self":[{"href":"https:\/\/products.inow.ch\/fr\/wp-json\/wp\/v2\/product\/5098"}],"collection":[{"href":"https:\/\/products.inow.ch\/fr\/wp-json\/wp\/v2\/product"}],"about":[{"href":"https:\/\/products.inow.ch\/fr\/wp-json\/wp\/v2\/types\/product"}],"wp:featuredmedia":[{"embeddable":true,"href":"https:\/\/products.inow.ch\/fr\/wp-json\/wp\/v2\/media\/5078"}],"wp:attachment":[{"href":"https:\/\/products.inow.ch\/fr\/wp-json\/wp\/v2\/media?parent=5098"}],"wp:term":[{"taxonomy":"product_brand","embeddable":true,"href":"https:\/\/products.inow.ch\/fr\/wp-json\/wp\/v2\/product_brand?post=5098"},{"taxonomy":"product_cat","embeddable":true,"href":"https:\/\/products.inow.ch\/fr\/wp-json\/wp\/v2\/product_cat?post=5098"},{"taxonomy":"product_tag","embeddable":true,"href":"https:\/\/products.inow.ch\/fr\/wp-json\/wp\/v2\/product_tag?post=5098"}],"curies":[{"name":"wp","href":"https:\/\/api.w.org\/{rel}","templated":true}]}}