{"id":5056,"date":"2022-10-27T11:28:48","date_gmt":"2022-10-27T11:28:48","guid":{"rendered":"https:\/\/products.inow.ch\/?post_type=product&#038;p=5056"},"modified":"2025-03-13T08:58:24","modified_gmt":"2025-03-13T08:58:24","slug":"enduro-pro-pants","status":"publish","type":"product","link":"https:\/\/products.inow.ch\/fr\/produit\/enduro-pro-pants\/","title":{"rendered":"Pantalon Enduro Pro"},"content":{"rendered":"<p>- Pro Line | XXS - 3XL<br \/>\n- Mat\u00e9riau Cordura 4 - Wegestrech r\u00e9sistant \u00e0 la d\u00e9chirure<br \/>\n- Plus traitement d\u00e9perlant DWR<br \/>\n- Coupe sp\u00e9ciale pour la position typique de l'enduro<br \/>\n\u2022 Ouverture \u00e0 la taille avec fermeture \u00e9clair et bouton-pression<br \/>\n- R\u00e9glage \u00e9lastique de la taille par velcro<br \/>\n- poche sur les deux jambes, avec fermeture \u00e9clair YKK<br \/>\n- Logo r\u00e9fl\u00e9chissant sur la jambe \u00e0 l'avant et \u00e0 l'arri\u00e8re<\/p>\n<p>Mati\u00e8re : nylon 48%, Cordura 45%, \u00e9lasthanne 7%<\/p>\n<p>Ajuster la longueur de la jambe (-2cm, -4cm, +2cm, +4cm) CHF 12.00<\/p>","protected":false},"excerpt":{"rendered":"<p>Pantalon de cyclisme enduro avec coupe sp\u00e9ciale Bike - Fit. Mat\u00e9riau \u00e9lastique combinant nylon, cordura et \u00e9lasthanne. Le mat\u00e9riau Cordura r\u00e9sistant \u00e0 la d\u00e9chirure r\u00e9siste \u00e0 l'usure r\u00e9guli\u00e8re et aux conditions m\u00e9t\u00e9orologiques tenaces. L'ouverture de la taille est \u00e9quip\u00e9e d'une fermeture \u00e0 glissi\u00e8re et d'un bouton-pression, et la taille int\u00e9rieure est r\u00e9glable par un syst\u00e8me de Velcro. Poches g\u00e9n\u00e9reuses avec fermeture \u00e9clair YKK sur les deux jambes. L'empi\u00e8cement arri\u00e8re est \u00e9quip\u00e9 d'une bande stretch de haute qualit\u00e9 qui s'adapte \u00e0 la position assise.<\/p>\n<p>Ce pantalon Enduro de haute qualit\u00e9 s'accorde parfaitement avec notre short int\u00e9rieur Offroad Classic et fait partie des pi\u00e8ces pr\u00e9f\u00e9r\u00e9es des v\u00e9t\u00e9tistes et des descendeurs.<\/p>","protected":false},"featured_media":5059,"template":"","meta":{"ocean_post_layout":"","ocean_both_sidebars_style":"","ocean_both_sidebars_content_width":0,"ocean_both_sidebars_sidebars_width":0,"ocean_sidebar":"0","ocean_second_sidebar":"0","ocean_disable_margins":"enable","ocean_add_body_class":"","ocean_shortcode_before_top_bar":"","ocean_shortcode_after_top_bar":"","ocean_shortcode_before_header":"","ocean_shortcode_after_header":"","ocean_has_shortcode":"","ocean_shortcode_after_title":"","ocean_shortcode_before_footer_widgets":"","ocean_shortcode_after_footer_widgets":"","ocean_shortcode_before_footer_bottom":"","ocean_shortcode_after_footer_bottom":"","ocean_display_top_bar":"default","ocean_display_header":"default","ocean_header_style":"","ocean_center_header_left_menu":"0","ocean_custom_header_template":"0","ocean_custom_logo":0,"ocean_custom_retina_logo":0,"ocean_custom_logo_max_width":0,"ocean_custom_logo_tablet_max_width":0,"ocean_custom_logo_mobile_max_width":0,"ocean_custom_logo_max_height":0,"ocean_custom_logo_tablet_max_height":0,"ocean_custom_logo_mobile_max_height":0,"ocean_header_custom_menu":"0","ocean_menu_typo_font_family":"0","ocean_menu_typo_font_subset":"","ocean_menu_typo_font_size":0,"ocean_menu_typo_font_size_tablet":0,"ocean_menu_typo_font_size_mobile":0,"ocean_menu_typo_font_size_unit":"px","ocean_menu_typo_font_weight":"","ocean_menu_typo_font_weight_tablet":"","ocean_menu_typo_font_weight_mobile":"","ocean_menu_typo_transform":"","ocean_menu_typo_transform_tablet":"","ocean_menu_typo_transform_mobile":"","ocean_menu_typo_line_height":0,"ocean_menu_typo_line_height_tablet":0,"ocean_menu_typo_line_height_mobile":0,"ocean_menu_typo_line_height_unit":"","ocean_menu_typo_spacing":0,"ocean_menu_typo_spacing_tablet":0,"ocean_menu_typo_spacing_mobile":0,"ocean_menu_typo_spacing_unit":"","ocean_menu_link_color":"","ocean_menu_link_color_hover":"","ocean_menu_link_color_active":"","ocean_menu_link_background":"","ocean_menu_link_hover_background":"","ocean_menu_link_active_background":"","ocean_menu_social_links_bg":"","ocean_menu_social_hover_links_bg":"","ocean_menu_social_links_color":"","ocean_menu_social_hover_links_color":"","ocean_disable_title":"default","ocean_disable_heading":"default","ocean_post_title":"","ocean_post_subheading":"","ocean_post_title_style":"","ocean_post_title_background_color":"","ocean_post_title_background":0,"ocean_post_title_bg_image_position":"","ocean_post_title_bg_image_attachment":"","ocean_post_title_bg_image_repeat":"","ocean_post_title_bg_image_size":"","ocean_post_title_height":0,"ocean_post_title_bg_overlay":0.5,"ocean_post_title_bg_overlay_color":"","ocean_disable_breadcrumbs":"default","ocean_breadcrumbs_color":"","ocean_breadcrumbs_separator_color":"","ocean_breadcrumbs_links_color":"","ocean_breadcrumbs_links_hover_color":"","ocean_display_footer_widgets":"default","ocean_display_footer_bottom":"default","ocean_custom_footer_template":"0"},"product_brand":[],"product_cat":[98,102,139],"product_tag":[],"class_list":{"0":"post-5056","1":"product","2":"type-product","3":"status-publish","4":"has-post-thumbnail","6":"product_cat-offroad","7":"product_cat-pro-offroad","8":"product_cat-unisex-pro-offroad","10":"entry","11":"has-media","13":"first","14":"instock","15":"taxable","16":"shipping-taxable","17":"purchasable","18":"product-type-simple","19":"col","20":"span_1_of_4","21":"owp-content-center","22":"owp-thumbs-layout-horizontal","23":"owp-btn-normal","24":"owp-tabs-layout-horizontal"},"yoast_head":"<!-- This site is optimized with the Yoast SEO plugin v24.8.1 - https:\/\/yoast.com\/wordpress\/plugins\/seo\/ -->\n<title>Enduro Pro Pants - iNOW.ch<\/title>\n<meta name=\"robots\" content=\"noindex, follow, max-snippet:-1, max-image-preview:large, max-video-preview:-1\" \/>\n<meta property=\"og:locale\" content=\"fr_FR\" \/>\n<meta property=\"og:type\" content=\"article\" \/>\n<meta property=\"og:title\" content=\"Enduro Pro Pants - iNOW.ch\" \/>\n<meta property=\"og:description\" content=\"Enduro Bike Hose mit speziellem Bike - Fit Schnitt. Elastisches Material kombiniert aus Nylon, Cordura und Elasthan. Das reissfeste Cordura - Material widersteht regelm\u00e4ssiger Abnutzung und hartn\u00e4ckigen Wetterbedingungen. Die Bund\u00f6ffnung ist mit Reissverschluss und Druckknopf ausgestattet und der Innenbund ist durch ein Velcro - System verstellbar. Grossz\u00fcgige Taschen mit YKK - Reissverschluss auf beiden Beinen. Der hintere Einsatz ist mit einem hochwertigen Stretchband ausgestattet, welches sich der Sitzposition anpasst.  Diese hochwertige Enduro Pants passt perfekt zu unserer Offroad Classic Innershorts und geh\u00f6rt bei All - Mountainbikern und Downhillern zu deren Lieblingsst\u00fccken.\" \/>\n<meta property=\"og:url\" content=\"https:\/\/products.inow.ch\/fr\/produit\/enduro-pro-pants\/\" \/>\n<meta property=\"og:site_name\" content=\"iNOW.ch\" \/>\n<meta property=\"article:modified_time\" content=\"2025-03-13T08:58:24+00:00\" \/>\n<meta property=\"og:image\" content=\"http:\/\/products.inow.ch\/wp-content\/uploads\/2022\/10\/ISJAN22-OBU_PT011_P-ENDURO-Pro-Pants_front.png\" \/>\n\t<meta property=\"og:image:width\" content=\"1000\" \/>\n\t<meta property=\"og:image:height\" content=\"1001\" \/>\n\t<meta property=\"og:image:type\" content=\"image\/png\" \/>\n<meta name=\"twitter:card\" content=\"summary_large_image\" \/>\n<meta name=\"twitter:label1\" content=\"Dur\u00e9e de lecture estim\u00e9e\" \/>\n\t<meta name=\"twitter:data1\" content=\"1 minute\" \/>\n<script type=\"application\/ld+json\" class=\"yoast-schema-graph\">{\"@context\":\"https:\/\/schema.org\",\"@graph\":[{\"@type\":\"WebPage\",\"@id\":\"https:\/\/products.inow.ch\/produkt\/enduro-pro-pants\/\",\"url\":\"https:\/\/products.inow.ch\/produkt\/enduro-pro-pants\/\",\"name\":\"Enduro Pro Pants - iNOW.ch\",\"isPartOf\":{\"@id\":\"https:\/\/products.inow.ch\/#website\"},\"primaryImageOfPage\":{\"@id\":\"https:\/\/products.inow.ch\/produkt\/enduro-pro-pants\/#primaryimage\"},\"image\":{\"@id\":\"https:\/\/products.inow.ch\/produkt\/enduro-pro-pants\/#primaryimage\"},\"thumbnailUrl\":\"https:\/\/products.inow.ch\/wp-content\/uploads\/2022\/10\/ISJAN22-OBU_PT011_P-ENDURO-Pro-Pants_front.png\",\"datePublished\":\"2022-10-27T11:28:48+00:00\",\"dateModified\":\"2025-03-13T08:58:24+00:00\",\"breadcrumb\":{\"@id\":\"https:\/\/products.inow.ch\/produkt\/enduro-pro-pants\/#breadcrumb\"},\"inLanguage\":\"fr-FR\",\"potentialAction\":[{\"@type\":\"ReadAction\",\"target\":[\"https:\/\/products.inow.ch\/produkt\/enduro-pro-pants\/\"]}]},{\"@type\":\"ImageObject\",\"inLanguage\":\"fr-FR\",\"@id\":\"https:\/\/products.inow.ch\/produkt\/enduro-pro-pants\/#primaryimage\",\"url\":\"https:\/\/products.inow.ch\/wp-content\/uploads\/2022\/10\/ISJAN22-OBU_PT011_P-ENDURO-Pro-Pants_front.png\",\"contentUrl\":\"https:\/\/products.inow.ch\/wp-content\/uploads\/2022\/10\/ISJAN22-OBU_PT011_P-ENDURO-Pro-Pants_front.png\",\"width\":1000,\"height\":1001},{\"@type\":\"BreadcrumbList\",\"@id\":\"https:\/\/products.inow.ch\/produkt\/enduro-pro-pants\/#breadcrumb\",\"itemListElement\":[{\"@type\":\"ListItem\",\"position\":1,\"name\":\"Startseite\",\"item\":\"https:\/\/products.inow.ch\/\"},{\"@type\":\"ListItem\",\"position\":2,\"name\":\"Sortiment\",\"item\":\"https:\/\/products.inow.ch\/\"},{\"@type\":\"ListItem\",\"position\":3,\"name\":\"Enduro Pro Pants\"}]},{\"@type\":\"WebSite\",\"@id\":\"https:\/\/products.inow.ch\/#website\",\"url\":\"https:\/\/products.inow.ch\/\",\"name\":\"iNOW.ch\",\"description\":\"Offerten\",\"publisher\":{\"@id\":\"https:\/\/products.inow.ch\/#organization\"},\"potentialAction\":[{\"@type\":\"SearchAction\",\"target\":{\"@type\":\"EntryPoint\",\"urlTemplate\":\"https:\/\/products.inow.ch\/?s={search_term_string}\"},\"query-input\":{\"@type\":\"PropertyValueSpecification\",\"valueRequired\":true,\"valueName\":\"search_term_string\"}}],\"inLanguage\":\"fr-FR\"},{\"@type\":\"Organization\",\"@id\":\"https:\/\/products.inow.ch\/#organization\",\"name\":\"iNOW.ch\",\"url\":\"https:\/\/products.inow.ch\/\",\"logo\":{\"@type\":\"ImageObject\",\"inLanguage\":\"fr-FR\",\"@id\":\"https:\/\/products.inow.ch\/#\/schema\/logo\/image\/\",\"url\":\"https:\/\/products.inow.ch\/wp-content\/uploads\/2021\/08\/210629_Logo_INOW_Pos.png\",\"contentUrl\":\"https:\/\/products.inow.ch\/wp-content\/uploads\/2021\/08\/210629_Logo_INOW_Pos.png\",\"width\":1749,\"height\":1241,\"caption\":\"iNOW.ch\"},\"image\":{\"@id\":\"https:\/\/products.inow.ch\/#\/schema\/logo\/image\/\"}}]}<\/script>\n<!-- \/ Yoast SEO plugin. -->","yoast_head_json":{"title":"Enduro Pro Pants - iNOW.ch","robots":{"index":"noindex","follow":"follow","max-snippet":"max-snippet:-1","max-image-preview":"max-image-preview:large","max-video-preview":"max-video-preview:-1"},"og_locale":"fr_FR","og_type":"article","og_title":"Enduro Pro Pants - iNOW.ch","og_description":"Enduro Bike Hose mit speziellem Bike - Fit Schnitt. Elastisches Material kombiniert aus Nylon, Cordura und Elasthan. Das reissfeste Cordura - Material widersteht regelm\u00e4ssiger Abnutzung und hartn\u00e4ckigen Wetterbedingungen. Die Bund\u00f6ffnung ist mit Reissverschluss und Druckknopf ausgestattet und der Innenbund ist durch ein Velcro - System verstellbar. Grossz\u00fcgige Taschen mit YKK - Reissverschluss auf beiden Beinen. Der hintere Einsatz ist mit einem hochwertigen Stretchband ausgestattet, welches sich der Sitzposition anpasst.  Diese hochwertige Enduro Pants passt perfekt zu unserer Offroad Classic Innershorts und geh\u00f6rt bei All - Mountainbikern und Downhillern zu deren Lieblingsst\u00fccken.","og_url":"https:\/\/products.inow.ch\/fr\/produit\/enduro-pro-pants\/","og_site_name":"iNOW.ch","article_modified_time":"2025-03-13T08:58:24+00:00","og_image":[{"width":1000,"height":1001,"url":"http:\/\/products.inow.ch\/wp-content\/uploads\/2022\/10\/ISJAN22-OBU_PT011_P-ENDURO-Pro-Pants_front.png","type":"image\/png"}],"twitter_card":"summary_large_image","twitter_misc":{"Dur\u00e9e de lecture estim\u00e9e":"1 minute"},"schema":{"@context":"https:\/\/schema.org","@graph":[{"@type":"WebPage","@id":"https:\/\/products.inow.ch\/produkt\/enduro-pro-pants\/","url":"https:\/\/products.inow.ch\/produkt\/enduro-pro-pants\/","name":"Enduro Pro Pants - iNOW.ch","isPartOf":{"@id":"https:\/\/products.inow.ch\/#website"},"primaryImageOfPage":{"@id":"https:\/\/products.inow.ch\/produkt\/enduro-pro-pants\/#primaryimage"},"image":{"@id":"https:\/\/products.inow.ch\/produkt\/enduro-pro-pants\/#primaryimage"},"thumbnailUrl":"https:\/\/products.inow.ch\/wp-content\/uploads\/2022\/10\/ISJAN22-OBU_PT011_P-ENDURO-Pro-Pants_front.png","datePublished":"2022-10-27T11:28:48+00:00","dateModified":"2025-03-13T08:58:24+00:00","breadcrumb":{"@id":"https:\/\/products.inow.ch\/produkt\/enduro-pro-pants\/#breadcrumb"},"inLanguage":"fr-FR","potentialAction":[{"@type":"ReadAction","target":["https:\/\/products.inow.ch\/produkt\/enduro-pro-pants\/"]}]},{"@type":"ImageObject","inLanguage":"fr-FR","@id":"https:\/\/products.inow.ch\/produkt\/enduro-pro-pants\/#primaryimage","url":"https:\/\/products.inow.ch\/wp-content\/uploads\/2022\/10\/ISJAN22-OBU_PT011_P-ENDURO-Pro-Pants_front.png","contentUrl":"https:\/\/products.inow.ch\/wp-content\/uploads\/2022\/10\/ISJAN22-OBU_PT011_P-ENDURO-Pro-Pants_front.png","width":1000,"height":1001},{"@type":"BreadcrumbList","@id":"https:\/\/products.inow.ch\/produkt\/enduro-pro-pants\/#breadcrumb","itemListElement":[{"@type":"ListItem","position":1,"name":"Startseite","item":"https:\/\/products.inow.ch\/"},{"@type":"ListItem","position":2,"name":"Sortiment","item":"https:\/\/products.inow.ch\/"},{"@type":"ListItem","position":3,"name":"Enduro Pro Pants"}]},{"@type":"WebSite","@id":"https:\/\/products.inow.ch\/#website","url":"https:\/\/products.inow.ch\/","name":"iNOW.ch","description":"Offres","publisher":{"@id":"https:\/\/products.inow.ch\/#organization"},"potentialAction":[{"@type":"SearchAction","target":{"@type":"EntryPoint","urlTemplate":"https:\/\/products.inow.ch\/?s={search_term_string}"},"query-input":{"@type":"PropertyValueSpecification","valueRequired":true,"valueName":"search_term_string"}}],"inLanguage":"fr-FR"},{"@type":"Organization","@id":"https:\/\/products.inow.ch\/#organization","name":"iNOW.ch","url":"https:\/\/products.inow.ch\/","logo":{"@type":"ImageObject","inLanguage":"fr-FR","@id":"https:\/\/products.inow.ch\/#\/schema\/logo\/image\/","url":"https:\/\/products.inow.ch\/wp-content\/uploads\/2021\/08\/210629_Logo_INOW_Pos.png","contentUrl":"https:\/\/products.inow.ch\/wp-content\/uploads\/2021\/08\/210629_Logo_INOW_Pos.png","width":1749,"height":1241,"caption":"iNOW.ch"},"image":{"@id":"https:\/\/products.inow.ch\/#\/schema\/logo\/image\/"}}]}},"_links":{"self":[{"href":"https:\/\/products.inow.ch\/fr\/wp-json\/wp\/v2\/product\/5056"}],"collection":[{"href":"https:\/\/products.inow.ch\/fr\/wp-json\/wp\/v2\/product"}],"about":[{"href":"https:\/\/products.inow.ch\/fr\/wp-json\/wp\/v2\/types\/product"}],"wp:featuredmedia":[{"embeddable":true,"href":"https:\/\/products.inow.ch\/fr\/wp-json\/wp\/v2\/media\/5059"}],"wp:attachment":[{"href":"https:\/\/products.inow.ch\/fr\/wp-json\/wp\/v2\/media?parent=5056"}],"wp:term":[{"taxonomy":"product_brand","embeddable":true,"href":"https:\/\/products.inow.ch\/fr\/wp-json\/wp\/v2\/product_brand?post=5056"},{"taxonomy":"product_cat","embeddable":true,"href":"https:\/\/products.inow.ch\/fr\/wp-json\/wp\/v2\/product_cat?post=5056"},{"taxonomy":"product_tag","embeddable":true,"href":"https:\/\/products.inow.ch\/fr\/wp-json\/wp\/v2\/product_tag?post=5056"}],"curies":[{"name":"wp","href":"https:\/\/api.w.org\/{rel}","templated":true}]}}