{"id":4976,"date":"2022-10-03T17:05:52","date_gmt":"2022-10-03T17:05:52","guid":{"rendered":"https:\/\/products.inow.ch\/?post_type=product&#038;p=4976"},"modified":"2025-11-07T07:18:25","modified_gmt":"2025-11-07T07:18:25","slug":"running-classic-tights-thermo","status":"publish","type":"product","link":"https:\/\/products.inow.ch\/fr\/produit\/running-classic-tights-thermo\/","title":{"rendered":"Collant Running Classic Thermo"},"content":{"rendered":"<p>\u2022 Classic Line | XS - 3XL<br \/>\n- tissu thermique \u00e9lastique et opaque pour une excellente libert\u00e9 de mouvement<br \/>\n\u2022 Coutures plates sur tout le cuissard pour \u00e9viter les points de pression<br \/>\n- poche zipp\u00e9e int\u00e9gr\u00e9e \u00e0 l'arri\u00e8re<br \/>\n- logo r\u00e9fl\u00e9chissant \u00e0 l'avant et \u00e0 l'arri\u00e8re<br \/>\n- Poches lat\u00e9rales disponibles en option<\/p>\n<p>Mati\u00e8re : 80% polyester, 20% \u00e9lasthanne<\/p>\n<p>Ajuster la longueur de la jambe (-2cm, -4cm, +2cm, +4cm) CHF 12.00<br \/>\nPoches aux jambes \u00e0 gauche et \u00e0 droite\u00a0<small class=\"option-price\"><span class=\"brackets\">(<\/span><span class=\"sign positive\">+<\/span><span class=\"woocommerce-Price-amount amount\"><span class=\"woocommerce-Price-currencySymbol\">CHF<\/span>\u00a05.00<\/span><span class=\"brackets\">)<\/span><\/small><\/p>","protected":false},"excerpt":{"rendered":"<p>Ce collant de course chaud et moulant Thermo est compos\u00e9 d'un m\u00e9lange de polyester et d'\u00e9lasthanne. Le mat\u00e9riau est l\u00e9g\u00e8rement gratt\u00e9 \u00e0 l'int\u00e9rieur et permet malgr\u00e9 tout un port agr\u00e9able gr\u00e2ce \u00e0 l'\u00e9lasticit\u00e9 du tissu. Les coutures plates standard sur l'ensemble du cuissard \u00e9vitent les points de pression d\u00e9sagr\u00e9ables.<\/p>\n<p>Ce collant Running Thermo enti\u00e8rement imprimable te donne un look parfait. Combin\u00e9 avec notre haut Running Thermo \u00e0 manches longues, tu es parfaitement \u00e9quip\u00e9 pour les froides journ\u00e9es d'hiver. Gr\u00e2ce aux poches lat\u00e9rales optionnelles, tu peux m\u00eame emporter ton t\u00e9l\u00e9phone portable et ton ravitaillement sans souci. Profite de ta course !<\/p>","protected":false},"featured_media":5215,"template":"","meta":{"ocean_post_layout":"","ocean_both_sidebars_style":"","ocean_both_sidebars_content_width":0,"ocean_both_sidebars_sidebars_width":0,"ocean_sidebar":"0","ocean_second_sidebar":"0","ocean_disable_margins":"enable","ocean_add_body_class":"","ocean_shortcode_before_top_bar":"","ocean_shortcode_after_top_bar":"","ocean_shortcode_before_header":"","ocean_shortcode_after_header":"","ocean_has_shortcode":"","ocean_shortcode_after_title":"","ocean_shortcode_before_footer_widgets":"","ocean_shortcode_after_footer_widgets":"","ocean_shortcode_before_footer_bottom":"","ocean_shortcode_after_footer_bottom":"","ocean_display_top_bar":"default","ocean_display_header":"default","ocean_header_style":"","ocean_center_header_left_menu":"0","ocean_custom_header_template":"0","ocean_custom_logo":0,"ocean_custom_retina_logo":0,"ocean_custom_logo_max_width":0,"ocean_custom_logo_tablet_max_width":0,"ocean_custom_logo_mobile_max_width":0,"ocean_custom_logo_max_height":0,"ocean_custom_logo_tablet_max_height":0,"ocean_custom_logo_mobile_max_height":0,"ocean_header_custom_menu":"0","ocean_menu_typo_font_family":"0","ocean_menu_typo_font_subset":"","ocean_menu_typo_font_size":0,"ocean_menu_typo_font_size_tablet":0,"ocean_menu_typo_font_size_mobile":0,"ocean_menu_typo_font_size_unit":"px","ocean_menu_typo_font_weight":"","ocean_menu_typo_font_weight_tablet":"","ocean_menu_typo_font_weight_mobile":"","ocean_menu_typo_transform":"","ocean_menu_typo_transform_tablet":"","ocean_menu_typo_transform_mobile":"","ocean_menu_typo_line_height":0,"ocean_menu_typo_line_height_tablet":0,"ocean_menu_typo_line_height_mobile":0,"ocean_menu_typo_line_height_unit":"","ocean_menu_typo_spacing":0,"ocean_menu_typo_spacing_tablet":0,"ocean_menu_typo_spacing_mobile":0,"ocean_menu_typo_spacing_unit":"","ocean_menu_link_color":"","ocean_menu_link_color_hover":"","ocean_menu_link_color_active":"","ocean_menu_link_background":"","ocean_menu_link_hover_background":"","ocean_menu_link_active_background":"","ocean_menu_social_links_bg":"","ocean_menu_social_hover_links_bg":"","ocean_menu_social_links_color":"","ocean_menu_social_hover_links_color":"","ocean_disable_title":"default","ocean_disable_heading":"default","ocean_post_title":"","ocean_post_subheading":"","ocean_post_title_style":"","ocean_post_title_background_color":"","ocean_post_title_background":0,"ocean_post_title_bg_image_position":"","ocean_post_title_bg_image_attachment":"","ocean_post_title_bg_image_repeat":"","ocean_post_title_bg_image_size":"","ocean_post_title_height":0,"ocean_post_title_bg_overlay":0.5,"ocean_post_title_bg_overlay_color":"","ocean_disable_breadcrumbs":"default","ocean_breadcrumbs_color":"","ocean_breadcrumbs_separator_color":"","ocean_breadcrumbs_links_color":"","ocean_breadcrumbs_links_hover_color":"","ocean_display_footer_widgets":"default","ocean_display_footer_bottom":"default","ocean_custom_footer_template":"0"},"product_brand":[],"product_cat":[107,108,109],"product_tag":[],"class_list":{"0":"post-4976","1":"product","2":"type-product","3":"status-publish","4":"has-post-thumbnail","6":"product_cat-running","7":"product_cat-classic-running","8":"product_cat-men-classic-running","10":"entry","11":"has-media","13":"first","14":"instock","15":"taxable","16":"shipping-taxable","17":"purchasable","18":"product-type-simple","19":"col","20":"span_1_of_4","21":"owp-content-center","22":"owp-thumbs-layout-horizontal","23":"owp-btn-normal","24":"owp-tabs-layout-horizontal"},"yoast_head":"<!-- This site is optimized with the Yoast SEO plugin v24.8.1 - https:\/\/yoast.com\/wordpress\/plugins\/seo\/ -->\n<title>Running Classic Tights Thermo - iNOW.ch<\/title>\n<meta name=\"robots\" content=\"noindex, follow, max-snippet:-1, max-image-preview:large, max-video-preview:-1\" \/>\n<meta property=\"og:locale\" content=\"fr_FR\" \/>\n<meta property=\"og:type\" content=\"article\" \/>\n<meta property=\"og:title\" content=\"Running Classic Tights Thermo - iNOW.ch\" \/>\n<meta property=\"og:description\" content=\"Diese enganliegende und warme Running Tights Thermo besteht aus einer Mischung aus Polyester- und Elasthan-Material. Das Material ist innen leicht angeraut und erlaubt durch den elastischen Stoff trotzdem einen angenehmen Tragekomfort. Standard Flachn\u00e4hte an der gesamten Hose verhindern unangenehme Druckstellen.  Diese vollbedruckbare Running Tights Thermo verleiht Dir den perfekten Look. Kombiniert mit unserem langarm Running Thermo Oberteil, bist Du f\u00fcr die kalten Wintertage perfekt ausger\u00fcstet. Dank den optionalen Seitentaschen, k\u00f6nnen sogar Dein Handy und Deine Verpflegung sorglos mitgef\u00fchrt werden. Enjoy your run!\" \/>\n<meta property=\"og:url\" content=\"https:\/\/products.inow.ch\/fr\/produit\/running-classic-tights-thermo\/\" \/>\n<meta property=\"og:site_name\" content=\"iNOW.ch\" \/>\n<meta property=\"article:modified_time\" content=\"2025-11-07T07:18:25+00:00\" \/>\n<meta property=\"og:image\" content=\"http:\/\/products.inow.ch\/wp-content\/uploads\/2022\/10\/ISJAN22-RBM_TI802_C-RUNNING-Classic-Tights-Thermo._front2.png\" \/>\n\t<meta property=\"og:image:width\" content=\"1000\" \/>\n\t<meta property=\"og:image:height\" content=\"1001\" \/>\n\t<meta property=\"og:image:type\" content=\"image\/png\" \/>\n<meta name=\"twitter:card\" content=\"summary_large_image\" \/>\n<meta name=\"twitter:label1\" content=\"Dur\u00e9e de lecture estim\u00e9e\" \/>\n\t<meta name=\"twitter:data1\" content=\"1 minute\" \/>\n<script type=\"application\/ld+json\" class=\"yoast-schema-graph\">{\"@context\":\"https:\/\/schema.org\",\"@graph\":[{\"@type\":\"WebPage\",\"@id\":\"https:\/\/products.inow.ch\/produkt\/running-classic-tights-thermo\/\",\"url\":\"https:\/\/products.inow.ch\/produkt\/running-classic-tights-thermo\/\",\"name\":\"Running Classic Tights Thermo - iNOW.ch\",\"isPartOf\":{\"@id\":\"https:\/\/products.inow.ch\/#website\"},\"primaryImageOfPage\":{\"@id\":\"https:\/\/products.inow.ch\/produkt\/running-classic-tights-thermo\/#primaryimage\"},\"image\":{\"@id\":\"https:\/\/products.inow.ch\/produkt\/running-classic-tights-thermo\/#primaryimage\"},\"thumbnailUrl\":\"https:\/\/products.inow.ch\/wp-content\/uploads\/2022\/10\/ISJAN22-RBM_TI802_C-RUNNING-Classic-Tights-Thermo._front2.png\",\"datePublished\":\"2022-10-03T17:05:52+00:00\",\"dateModified\":\"2025-11-07T07:18:25+00:00\",\"breadcrumb\":{\"@id\":\"https:\/\/products.inow.ch\/produkt\/running-classic-tights-thermo\/#breadcrumb\"},\"inLanguage\":\"fr-FR\",\"potentialAction\":[{\"@type\":\"ReadAction\",\"target\":[\"https:\/\/products.inow.ch\/produkt\/running-classic-tights-thermo\/\"]}]},{\"@type\":\"ImageObject\",\"inLanguage\":\"fr-FR\",\"@id\":\"https:\/\/products.inow.ch\/produkt\/running-classic-tights-thermo\/#primaryimage\",\"url\":\"https:\/\/products.inow.ch\/wp-content\/uploads\/2022\/10\/ISJAN22-RBM_TI802_C-RUNNING-Classic-Tights-Thermo._front2.png\",\"contentUrl\":\"https:\/\/products.inow.ch\/wp-content\/uploads\/2022\/10\/ISJAN22-RBM_TI802_C-RUNNING-Classic-Tights-Thermo._front2.png\",\"width\":1000,\"height\":1001},{\"@type\":\"BreadcrumbList\",\"@id\":\"https:\/\/products.inow.ch\/produkt\/running-classic-tights-thermo\/#breadcrumb\",\"itemListElement\":[{\"@type\":\"ListItem\",\"position\":1,\"name\":\"Startseite\",\"item\":\"https:\/\/products.inow.ch\/\"},{\"@type\":\"ListItem\",\"position\":2,\"name\":\"Sortiment\",\"item\":\"https:\/\/products.inow.ch\/\"},{\"@type\":\"ListItem\",\"position\":3,\"name\":\"Running Classic Tights Thermo\"}]},{\"@type\":\"WebSite\",\"@id\":\"https:\/\/products.inow.ch\/#website\",\"url\":\"https:\/\/products.inow.ch\/\",\"name\":\"iNOW.ch\",\"description\":\"Offerten\",\"publisher\":{\"@id\":\"https:\/\/products.inow.ch\/#organization\"},\"potentialAction\":[{\"@type\":\"SearchAction\",\"target\":{\"@type\":\"EntryPoint\",\"urlTemplate\":\"https:\/\/products.inow.ch\/?s={search_term_string}\"},\"query-input\":{\"@type\":\"PropertyValueSpecification\",\"valueRequired\":true,\"valueName\":\"search_term_string\"}}],\"inLanguage\":\"fr-FR\"},{\"@type\":\"Organization\",\"@id\":\"https:\/\/products.inow.ch\/#organization\",\"name\":\"iNOW.ch\",\"url\":\"https:\/\/products.inow.ch\/\",\"logo\":{\"@type\":\"ImageObject\",\"inLanguage\":\"fr-FR\",\"@id\":\"https:\/\/products.inow.ch\/#\/schema\/logo\/image\/\",\"url\":\"https:\/\/products.inow.ch\/wp-content\/uploads\/2021\/08\/210629_Logo_INOW_Pos.png\",\"contentUrl\":\"https:\/\/products.inow.ch\/wp-content\/uploads\/2021\/08\/210629_Logo_INOW_Pos.png\",\"width\":1749,\"height\":1241,\"caption\":\"iNOW.ch\"},\"image\":{\"@id\":\"https:\/\/products.inow.ch\/#\/schema\/logo\/image\/\"}}]}<\/script>\n<!-- \/ Yoast SEO plugin. -->","yoast_head_json":{"title":"Running Classic Tights Thermo - iNOW.ch","robots":{"index":"noindex","follow":"follow","max-snippet":"max-snippet:-1","max-image-preview":"max-image-preview:large","max-video-preview":"max-video-preview:-1"},"og_locale":"fr_FR","og_type":"article","og_title":"Running Classic Tights Thermo - iNOW.ch","og_description":"Diese enganliegende und warme Running Tights Thermo besteht aus einer Mischung aus Polyester- und Elasthan-Material. Das Material ist innen leicht angeraut und erlaubt durch den elastischen Stoff trotzdem einen angenehmen Tragekomfort. Standard Flachn\u00e4hte an der gesamten Hose verhindern unangenehme Druckstellen.  Diese vollbedruckbare Running Tights Thermo verleiht Dir den perfekten Look. Kombiniert mit unserem langarm Running Thermo Oberteil, bist Du f\u00fcr die kalten Wintertage perfekt ausger\u00fcstet. Dank den optionalen Seitentaschen, k\u00f6nnen sogar Dein Handy und Deine Verpflegung sorglos mitgef\u00fchrt werden. Enjoy your run!","og_url":"https:\/\/products.inow.ch\/fr\/produit\/running-classic-tights-thermo\/","og_site_name":"iNOW.ch","article_modified_time":"2025-11-07T07:18:25+00:00","og_image":[{"width":1000,"height":1001,"url":"http:\/\/products.inow.ch\/wp-content\/uploads\/2022\/10\/ISJAN22-RBM_TI802_C-RUNNING-Classic-Tights-Thermo._front2.png","type":"image\/png"}],"twitter_card":"summary_large_image","twitter_misc":{"Dur\u00e9e de lecture estim\u00e9e":"1 minute"},"schema":{"@context":"https:\/\/schema.org","@graph":[{"@type":"WebPage","@id":"https:\/\/products.inow.ch\/produkt\/running-classic-tights-thermo\/","url":"https:\/\/products.inow.ch\/produkt\/running-classic-tights-thermo\/","name":"Running Classic Tights Thermo - iNOW.ch","isPartOf":{"@id":"https:\/\/products.inow.ch\/#website"},"primaryImageOfPage":{"@id":"https:\/\/products.inow.ch\/produkt\/running-classic-tights-thermo\/#primaryimage"},"image":{"@id":"https:\/\/products.inow.ch\/produkt\/running-classic-tights-thermo\/#primaryimage"},"thumbnailUrl":"https:\/\/products.inow.ch\/wp-content\/uploads\/2022\/10\/ISJAN22-RBM_TI802_C-RUNNING-Classic-Tights-Thermo._front2.png","datePublished":"2022-10-03T17:05:52+00:00","dateModified":"2025-11-07T07:18:25+00:00","breadcrumb":{"@id":"https:\/\/products.inow.ch\/produkt\/running-classic-tights-thermo\/#breadcrumb"},"inLanguage":"fr-FR","potentialAction":[{"@type":"ReadAction","target":["https:\/\/products.inow.ch\/produkt\/running-classic-tights-thermo\/"]}]},{"@type":"ImageObject","inLanguage":"fr-FR","@id":"https:\/\/products.inow.ch\/produkt\/running-classic-tights-thermo\/#primaryimage","url":"https:\/\/products.inow.ch\/wp-content\/uploads\/2022\/10\/ISJAN22-RBM_TI802_C-RUNNING-Classic-Tights-Thermo._front2.png","contentUrl":"https:\/\/products.inow.ch\/wp-content\/uploads\/2022\/10\/ISJAN22-RBM_TI802_C-RUNNING-Classic-Tights-Thermo._front2.png","width":1000,"height":1001},{"@type":"BreadcrumbList","@id":"https:\/\/products.inow.ch\/produkt\/running-classic-tights-thermo\/#breadcrumb","itemListElement":[{"@type":"ListItem","position":1,"name":"Startseite","item":"https:\/\/products.inow.ch\/"},{"@type":"ListItem","position":2,"name":"Sortiment","item":"https:\/\/products.inow.ch\/"},{"@type":"ListItem","position":3,"name":"Running Classic Tights Thermo"}]},{"@type":"WebSite","@id":"https:\/\/products.inow.ch\/#website","url":"https:\/\/products.inow.ch\/","name":"iNOW.ch","description":"Offres","publisher":{"@id":"https:\/\/products.inow.ch\/#organization"},"potentialAction":[{"@type":"SearchAction","target":{"@type":"EntryPoint","urlTemplate":"https:\/\/products.inow.ch\/?s={search_term_string}"},"query-input":{"@type":"PropertyValueSpecification","valueRequired":true,"valueName":"search_term_string"}}],"inLanguage":"fr-FR"},{"@type":"Organization","@id":"https:\/\/products.inow.ch\/#organization","name":"iNOW.ch","url":"https:\/\/products.inow.ch\/","logo":{"@type":"ImageObject","inLanguage":"fr-FR","@id":"https:\/\/products.inow.ch\/#\/schema\/logo\/image\/","url":"https:\/\/products.inow.ch\/wp-content\/uploads\/2021\/08\/210629_Logo_INOW_Pos.png","contentUrl":"https:\/\/products.inow.ch\/wp-content\/uploads\/2021\/08\/210629_Logo_INOW_Pos.png","width":1749,"height":1241,"caption":"iNOW.ch"},"image":{"@id":"https:\/\/products.inow.ch\/#\/schema\/logo\/image\/"}}]}},"_links":{"self":[{"href":"https:\/\/products.inow.ch\/fr\/wp-json\/wp\/v2\/product\/4976"}],"collection":[{"href":"https:\/\/products.inow.ch\/fr\/wp-json\/wp\/v2\/product"}],"about":[{"href":"https:\/\/products.inow.ch\/fr\/wp-json\/wp\/v2\/types\/product"}],"wp:featuredmedia":[{"embeddable":true,"href":"https:\/\/products.inow.ch\/fr\/wp-json\/wp\/v2\/media\/5215"}],"wp:attachment":[{"href":"https:\/\/products.inow.ch\/fr\/wp-json\/wp\/v2\/media?parent=4976"}],"wp:term":[{"taxonomy":"product_brand","embeddable":true,"href":"https:\/\/products.inow.ch\/fr\/wp-json\/wp\/v2\/product_brand?post=4976"},{"taxonomy":"product_cat","embeddable":true,"href":"https:\/\/products.inow.ch\/fr\/wp-json\/wp\/v2\/product_cat?post=4976"},{"taxonomy":"product_tag","embeddable":true,"href":"https:\/\/products.inow.ch\/fr\/wp-json\/wp\/v2\/product_tag?post=4976"}],"curies":[{"name":"wp","href":"https:\/\/api.w.org\/{rel}","templated":true}]}}