{"id":4880,"date":"2022-08-22T08:50:07","date_gmt":"2022-08-22T08:50:07","guid":{"rendered":"https:\/\/products.inow.ch\/?post_type=product&#038;p=4880"},"modified":"2025-03-06T11:42:21","modified_gmt":"2025-03-06T11:42:21","slug":"running-classic-shorts-women","status":"publish","type":"product","link":"https:\/\/products.inow.ch\/fr\/produit\/running-classic-shorts-women\/","title":{"rendered":"Short Running Classic"},"content":{"rendered":"<p>\u2022 Classic Line | XXS - 2XL<br \/>\n- tissu extr\u00eamement l\u00e9ger pour une libert\u00e9 de mouvement optimale<br \/>\n- pantalon int\u00e9rieur int\u00e9gr\u00e9 en Lycra<br \/>\n- poche zipp\u00e9e int\u00e9gr\u00e9e \u00e0 l'arri\u00e8re<br \/>\n- logo r\u00e9fl\u00e9chissant \u00e0 l'arri\u00e8re<br \/>\n- la taille peut \u00eatre resserr\u00e9e gr\u00e2ce \u00e0 des cordons<\/p>\n<p>Mati\u00e8re : 90% polyamide, 10% \u00e9lasthanne<\/p>\n<p>Ajuster la longueur de la jambe (-2cm, -4cm, +2cm, +4cm) CHF 12.00<\/p>","protected":false},"excerpt":{"rendered":"<p>Ce short de running l\u00e9ger est compos\u00e9 d'un m\u00e9lange de polyamide et d'\u00e9lasthanne. Le mat\u00e9riau agr\u00e9able permet une libert\u00e9 de mouvement optimale et un confort de port agr\u00e9able. Le pantalon int\u00e9rieur ajust\u00e9 permet une tenue optimale du pantalon, sans glissement d\u00e9sagr\u00e9able.<\/p>\n<p>Ce short de running enti\u00e8rement imprimable te donne un look parfait. Combin\u00e9 avec notre d\u00e9bardeur Running Classic, tu es parfaitement \u00e9quip\u00e9 pour un jogging tranquille en for\u00eat ou une comp\u00e9tition acharn\u00e9e. Gr\u00e2ce \u00e0 la poche arri\u00e8re zipp\u00e9e, tu peux emporter tes cl\u00e9s de voiture sans souci. Enjoy your run !<\/p>","protected":false},"featured_media":4916,"template":"","meta":{"ocean_post_layout":"","ocean_both_sidebars_style":"","ocean_both_sidebars_content_width":0,"ocean_both_sidebars_sidebars_width":0,"ocean_sidebar":"0","ocean_second_sidebar":"0","ocean_disable_margins":"enable","ocean_add_body_class":"","ocean_shortcode_before_top_bar":"","ocean_shortcode_after_top_bar":"","ocean_shortcode_before_header":"","ocean_shortcode_after_header":"","ocean_has_shortcode":"","ocean_shortcode_after_title":"","ocean_shortcode_before_footer_widgets":"","ocean_shortcode_after_footer_widgets":"","ocean_shortcode_before_footer_bottom":"","ocean_shortcode_after_footer_bottom":"","ocean_display_top_bar":"default","ocean_display_header":"default","ocean_header_style":"","ocean_center_header_left_menu":"0","ocean_custom_header_template":"0","ocean_custom_logo":0,"ocean_custom_retina_logo":0,"ocean_custom_logo_max_width":0,"ocean_custom_logo_tablet_max_width":0,"ocean_custom_logo_mobile_max_width":0,"ocean_custom_logo_max_height":0,"ocean_custom_logo_tablet_max_height":0,"ocean_custom_logo_mobile_max_height":0,"ocean_header_custom_menu":"0","ocean_menu_typo_font_family":"0","ocean_menu_typo_font_subset":"","ocean_menu_typo_font_size":0,"ocean_menu_typo_font_size_tablet":0,"ocean_menu_typo_font_size_mobile":0,"ocean_menu_typo_font_size_unit":"px","ocean_menu_typo_font_weight":"","ocean_menu_typo_font_weight_tablet":"","ocean_menu_typo_font_weight_mobile":"","ocean_menu_typo_transform":"","ocean_menu_typo_transform_tablet":"","ocean_menu_typo_transform_mobile":"","ocean_menu_typo_line_height":0,"ocean_menu_typo_line_height_tablet":0,"ocean_menu_typo_line_height_mobile":0,"ocean_menu_typo_line_height_unit":"","ocean_menu_typo_spacing":0,"ocean_menu_typo_spacing_tablet":0,"ocean_menu_typo_spacing_mobile":0,"ocean_menu_typo_spacing_unit":"","ocean_menu_link_color":"","ocean_menu_link_color_hover":"","ocean_menu_link_color_active":"","ocean_menu_link_background":"","ocean_menu_link_hover_background":"","ocean_menu_link_active_background":"","ocean_menu_social_links_bg":"","ocean_menu_social_hover_links_bg":"","ocean_menu_social_links_color":"","ocean_menu_social_hover_links_color":"","ocean_disable_title":"default","ocean_disable_heading":"default","ocean_post_title":"","ocean_post_subheading":"","ocean_post_title_style":"","ocean_post_title_background_color":"","ocean_post_title_background":0,"ocean_post_title_bg_image_position":"","ocean_post_title_bg_image_attachment":"","ocean_post_title_bg_image_repeat":"","ocean_post_title_bg_image_size":"","ocean_post_title_height":0,"ocean_post_title_bg_overlay":0.5,"ocean_post_title_bg_overlay_color":"","ocean_disable_breadcrumbs":"default","ocean_breadcrumbs_color":"","ocean_breadcrumbs_separator_color":"","ocean_breadcrumbs_links_color":"","ocean_breadcrumbs_links_hover_color":"","ocean_display_footer_widgets":"default","ocean_display_footer_bottom":"default","ocean_custom_footer_template":"0"},"product_brand":[],"product_cat":[107,108,110],"product_tag":[],"class_list":{"0":"post-4880","1":"product","2":"type-product","3":"status-publish","4":"has-post-thumbnail","6":"product_cat-running","7":"product_cat-classic-running","8":"product_cat-women-classic-running","10":"entry","11":"has-media","13":"first","14":"instock","15":"taxable","16":"shipping-taxable","17":"purchasable","18":"product-type-simple","19":"col","20":"span_1_of_4","21":"owp-content-center","22":"owp-thumbs-layout-horizontal","23":"owp-btn-normal","24":"owp-tabs-layout-horizontal"},"yoast_head":"<!-- This site is optimized with the Yoast SEO plugin v24.8.1 - https:\/\/yoast.com\/wordpress\/plugins\/seo\/ -->\n<title>Running Classic Shorts - iNOW.ch<\/title>\n<meta name=\"robots\" content=\"noindex, follow, max-snippet:-1, max-image-preview:large, max-video-preview:-1\" \/>\n<meta property=\"og:locale\" content=\"fr_FR\" \/>\n<meta property=\"og:type\" content=\"article\" \/>\n<meta property=\"og:title\" content=\"Running Classic Shorts - iNOW.ch\" \/>\n<meta property=\"og:description\" content=\"Diese leichte Running Shorts besteht aus einer Mischung aus Polyamid- und Elasthan-Material. Das angenehme Material erlaubt eine optimale Bewegungsfreiheit und einen angenehmen Tragekomfort. Die enganliegende Innenhose erm\u00f6glicht einen optimalen Sitz der Hose, ohne unangenehmes Verrutschen.  Diese vollbedruckbare Running Shorts verleiht Dir den perfekten Look. Kombiniert mit unserem Running Classic Tank Top, bist du f\u00fcr eine gem\u00fctliche Jogging-Runde im Wald oder einen knallharten Wettkampf, perfekt ausger\u00fcstet. Dank der hinteren Reissverschlusstasche, kann Dein Autoschl\u00fcssel sorglos mitgef\u00fchrt werden. Enjoy your run!\" \/>\n<meta property=\"og:url\" content=\"https:\/\/products.inow.ch\/fr\/produit\/running-classic-shorts-women\/\" \/>\n<meta property=\"og:site_name\" content=\"iNOW.ch\" \/>\n<meta property=\"article:modified_time\" content=\"2025-03-06T11:42:21+00:00\" \/>\n<meta property=\"og:image\" content=\"http:\/\/products.inow.ch\/wp-content\/uploads\/2022\/08\/ISJAN22-RBW_SH001_C-RUNNING-Classic-shorts_front2.png\" \/>\n\t<meta property=\"og:image:width\" content=\"1000\" \/>\n\t<meta property=\"og:image:height\" content=\"1001\" \/>\n\t<meta property=\"og:image:type\" content=\"image\/png\" \/>\n<meta name=\"twitter:card\" content=\"summary_large_image\" \/>\n<meta name=\"twitter:label1\" content=\"Dur\u00e9e de lecture estim\u00e9e\" \/>\n\t<meta name=\"twitter:data1\" content=\"1 minute\" \/>\n<script type=\"application\/ld+json\" class=\"yoast-schema-graph\">{\"@context\":\"https:\/\/schema.org\",\"@graph\":[{\"@type\":\"WebPage\",\"@id\":\"https:\/\/products.inow.ch\/produkt\/running-classic-shorts-women\/\",\"url\":\"https:\/\/products.inow.ch\/produkt\/running-classic-shorts-women\/\",\"name\":\"Running Classic Shorts - iNOW.ch\",\"isPartOf\":{\"@id\":\"https:\/\/products.inow.ch\/#website\"},\"primaryImageOfPage\":{\"@id\":\"https:\/\/products.inow.ch\/produkt\/running-classic-shorts-women\/#primaryimage\"},\"image\":{\"@id\":\"https:\/\/products.inow.ch\/produkt\/running-classic-shorts-women\/#primaryimage\"},\"thumbnailUrl\":\"https:\/\/products.inow.ch\/wp-content\/uploads\/2022\/08\/ISJAN22-RBW_SH001_C-RUNNING-Classic-shorts_front2.png\",\"datePublished\":\"2022-08-22T08:50:07+00:00\",\"dateModified\":\"2025-03-06T11:42:21+00:00\",\"breadcrumb\":{\"@id\":\"https:\/\/products.inow.ch\/produkt\/running-classic-shorts-women\/#breadcrumb\"},\"inLanguage\":\"fr-FR\",\"potentialAction\":[{\"@type\":\"ReadAction\",\"target\":[\"https:\/\/products.inow.ch\/produkt\/running-classic-shorts-women\/\"]}]},{\"@type\":\"ImageObject\",\"inLanguage\":\"fr-FR\",\"@id\":\"https:\/\/products.inow.ch\/produkt\/running-classic-shorts-women\/#primaryimage\",\"url\":\"https:\/\/products.inow.ch\/wp-content\/uploads\/2022\/08\/ISJAN22-RBW_SH001_C-RUNNING-Classic-shorts_front2.png\",\"contentUrl\":\"https:\/\/products.inow.ch\/wp-content\/uploads\/2022\/08\/ISJAN22-RBW_SH001_C-RUNNING-Classic-shorts_front2.png\",\"width\":1000,\"height\":1001},{\"@type\":\"BreadcrumbList\",\"@id\":\"https:\/\/products.inow.ch\/produkt\/running-classic-shorts-women\/#breadcrumb\",\"itemListElement\":[{\"@type\":\"ListItem\",\"position\":1,\"name\":\"Startseite\",\"item\":\"https:\/\/products.inow.ch\/\"},{\"@type\":\"ListItem\",\"position\":2,\"name\":\"Sortiment\",\"item\":\"https:\/\/products.inow.ch\/\"},{\"@type\":\"ListItem\",\"position\":3,\"name\":\"Running Classic Shorts\"}]},{\"@type\":\"WebSite\",\"@id\":\"https:\/\/products.inow.ch\/#website\",\"url\":\"https:\/\/products.inow.ch\/\",\"name\":\"iNOW.ch\",\"description\":\"Offerten\",\"publisher\":{\"@id\":\"https:\/\/products.inow.ch\/#organization\"},\"potentialAction\":[{\"@type\":\"SearchAction\",\"target\":{\"@type\":\"EntryPoint\",\"urlTemplate\":\"https:\/\/products.inow.ch\/?s={search_term_string}\"},\"query-input\":{\"@type\":\"PropertyValueSpecification\",\"valueRequired\":true,\"valueName\":\"search_term_string\"}}],\"inLanguage\":\"fr-FR\"},{\"@type\":\"Organization\",\"@id\":\"https:\/\/products.inow.ch\/#organization\",\"name\":\"iNOW.ch\",\"url\":\"https:\/\/products.inow.ch\/\",\"logo\":{\"@type\":\"ImageObject\",\"inLanguage\":\"fr-FR\",\"@id\":\"https:\/\/products.inow.ch\/#\/schema\/logo\/image\/\",\"url\":\"https:\/\/products.inow.ch\/wp-content\/uploads\/2021\/08\/210629_Logo_INOW_Pos.png\",\"contentUrl\":\"https:\/\/products.inow.ch\/wp-content\/uploads\/2021\/08\/210629_Logo_INOW_Pos.png\",\"width\":1749,\"height\":1241,\"caption\":\"iNOW.ch\"},\"image\":{\"@id\":\"https:\/\/products.inow.ch\/#\/schema\/logo\/image\/\"}}]}<\/script>\n<!-- \/ Yoast SEO plugin. -->","yoast_head_json":{"title":"Running Classic Shorts - iNOW.ch","robots":{"index":"noindex","follow":"follow","max-snippet":"max-snippet:-1","max-image-preview":"max-image-preview:large","max-video-preview":"max-video-preview:-1"},"og_locale":"fr_FR","og_type":"article","og_title":"Running Classic Shorts - iNOW.ch","og_description":"Diese leichte Running Shorts besteht aus einer Mischung aus Polyamid- und Elasthan-Material. Das angenehme Material erlaubt eine optimale Bewegungsfreiheit und einen angenehmen Tragekomfort. Die enganliegende Innenhose erm\u00f6glicht einen optimalen Sitz der Hose, ohne unangenehmes Verrutschen.  Diese vollbedruckbare Running Shorts verleiht Dir den perfekten Look. Kombiniert mit unserem Running Classic Tank Top, bist du f\u00fcr eine gem\u00fctliche Jogging-Runde im Wald oder einen knallharten Wettkampf, perfekt ausger\u00fcstet. Dank der hinteren Reissverschlusstasche, kann Dein Autoschl\u00fcssel sorglos mitgef\u00fchrt werden. Enjoy your run!","og_url":"https:\/\/products.inow.ch\/fr\/produit\/running-classic-shorts-women\/","og_site_name":"iNOW.ch","article_modified_time":"2025-03-06T11:42:21+00:00","og_image":[{"width":1000,"height":1001,"url":"http:\/\/products.inow.ch\/wp-content\/uploads\/2022\/08\/ISJAN22-RBW_SH001_C-RUNNING-Classic-shorts_front2.png","type":"image\/png"}],"twitter_card":"summary_large_image","twitter_misc":{"Dur\u00e9e de lecture estim\u00e9e":"1 minute"},"schema":{"@context":"https:\/\/schema.org","@graph":[{"@type":"WebPage","@id":"https:\/\/products.inow.ch\/produkt\/running-classic-shorts-women\/","url":"https:\/\/products.inow.ch\/produkt\/running-classic-shorts-women\/","name":"Running Classic Shorts - iNOW.ch","isPartOf":{"@id":"https:\/\/products.inow.ch\/#website"},"primaryImageOfPage":{"@id":"https:\/\/products.inow.ch\/produkt\/running-classic-shorts-women\/#primaryimage"},"image":{"@id":"https:\/\/products.inow.ch\/produkt\/running-classic-shorts-women\/#primaryimage"},"thumbnailUrl":"https:\/\/products.inow.ch\/wp-content\/uploads\/2022\/08\/ISJAN22-RBW_SH001_C-RUNNING-Classic-shorts_front2.png","datePublished":"2022-08-22T08:50:07+00:00","dateModified":"2025-03-06T11:42:21+00:00","breadcrumb":{"@id":"https:\/\/products.inow.ch\/produkt\/running-classic-shorts-women\/#breadcrumb"},"inLanguage":"fr-FR","potentialAction":[{"@type":"ReadAction","target":["https:\/\/products.inow.ch\/produkt\/running-classic-shorts-women\/"]}]},{"@type":"ImageObject","inLanguage":"fr-FR","@id":"https:\/\/products.inow.ch\/produkt\/running-classic-shorts-women\/#primaryimage","url":"https:\/\/products.inow.ch\/wp-content\/uploads\/2022\/08\/ISJAN22-RBW_SH001_C-RUNNING-Classic-shorts_front2.png","contentUrl":"https:\/\/products.inow.ch\/wp-content\/uploads\/2022\/08\/ISJAN22-RBW_SH001_C-RUNNING-Classic-shorts_front2.png","width":1000,"height":1001},{"@type":"BreadcrumbList","@id":"https:\/\/products.inow.ch\/produkt\/running-classic-shorts-women\/#breadcrumb","itemListElement":[{"@type":"ListItem","position":1,"name":"Startseite","item":"https:\/\/products.inow.ch\/"},{"@type":"ListItem","position":2,"name":"Sortiment","item":"https:\/\/products.inow.ch\/"},{"@type":"ListItem","position":3,"name":"Running Classic Shorts"}]},{"@type":"WebSite","@id":"https:\/\/products.inow.ch\/#website","url":"https:\/\/products.inow.ch\/","name":"iNOW.ch","description":"Offres","publisher":{"@id":"https:\/\/products.inow.ch\/#organization"},"potentialAction":[{"@type":"SearchAction","target":{"@type":"EntryPoint","urlTemplate":"https:\/\/products.inow.ch\/?s={search_term_string}"},"query-input":{"@type":"PropertyValueSpecification","valueRequired":true,"valueName":"search_term_string"}}],"inLanguage":"fr-FR"},{"@type":"Organization","@id":"https:\/\/products.inow.ch\/#organization","name":"iNOW.ch","url":"https:\/\/products.inow.ch\/","logo":{"@type":"ImageObject","inLanguage":"fr-FR","@id":"https:\/\/products.inow.ch\/#\/schema\/logo\/image\/","url":"https:\/\/products.inow.ch\/wp-content\/uploads\/2021\/08\/210629_Logo_INOW_Pos.png","contentUrl":"https:\/\/products.inow.ch\/wp-content\/uploads\/2021\/08\/210629_Logo_INOW_Pos.png","width":1749,"height":1241,"caption":"iNOW.ch"},"image":{"@id":"https:\/\/products.inow.ch\/#\/schema\/logo\/image\/"}}]}},"_links":{"self":[{"href":"https:\/\/products.inow.ch\/fr\/wp-json\/wp\/v2\/product\/4880"}],"collection":[{"href":"https:\/\/products.inow.ch\/fr\/wp-json\/wp\/v2\/product"}],"about":[{"href":"https:\/\/products.inow.ch\/fr\/wp-json\/wp\/v2\/types\/product"}],"wp:featuredmedia":[{"embeddable":true,"href":"https:\/\/products.inow.ch\/fr\/wp-json\/wp\/v2\/media\/4916"}],"wp:attachment":[{"href":"https:\/\/products.inow.ch\/fr\/wp-json\/wp\/v2\/media?parent=4880"}],"wp:term":[{"taxonomy":"product_brand","embeddable":true,"href":"https:\/\/products.inow.ch\/fr\/wp-json\/wp\/v2\/product_brand?post=4880"},{"taxonomy":"product_cat","embeddable":true,"href":"https:\/\/products.inow.ch\/fr\/wp-json\/wp\/v2\/product_cat?post=4880"},{"taxonomy":"product_tag","embeddable":true,"href":"https:\/\/products.inow.ch\/fr\/wp-json\/wp\/v2\/product_tag?post=4880"}],"curies":[{"name":"wp","href":"https:\/\/api.w.org\/{rel}","templated":true}]}}