{"id":4820,"date":"2022-07-26T11:39:52","date_gmt":"2022-07-26T11:39:52","guid":{"rendered":"https:\/\/products.inow.ch\/?post_type=product&#038;p=4820"},"modified":"2025-11-07T07:15:04","modified_gmt":"2025-11-07T07:15:04","slug":"running-classic-half-tights","status":"publish","type":"product","link":"https:\/\/products.inow.ch\/fr\/produit\/running-classic-half-tights\/","title":{"rendered":"Demi-collant Running Classic"},"content":{"rendered":"<p>\u2022 Classic Line | XS - 3XL<br \/>\n- tissu \u00e9lastique et opaque pour une excellente libert\u00e9 de mouvement<br \/>\n\u2022 Coutures plates sur tout le cuissard pour \u00e9viter les points de pression<br \/>\n- poche zipp\u00e9e int\u00e9gr\u00e9e \u00e0 l'arri\u00e8re<br \/>\n- logo r\u00e9fl\u00e9chissant \u00e0 l'avant et \u00e0 l'arri\u00e8re<br \/>\n- Poches lat\u00e9rales disponibles en option<\/p>\n<p>Mati\u00e8re : 80% polyester, 20% \u00e9lasthanne<\/p>\n<p>Ajuster la longueur de la jambe (-2cm, -4cm, +2cm, +4cm) CHF 12.00<br \/>\nPoches aux jambes \u00e0 gauche et \u00e0 droite\u00a0<small class=\"option-price\"><span class=\"brackets\">(<\/span><span class=\"sign positive\">+<\/span><span class=\"woocommerce-Price-amount amount\"><span class=\"woocommerce-Price-currencySymbol\">CHF<\/span>\u00a05.00<\/span><span class=\"brackets\">)<\/span><\/small><\/p>","protected":false},"excerpt":{"rendered":"<p>Ce demi-collant de running moulant est compos\u00e9 d'un m\u00e9lange de polyester et d'\u00e9lasthanne. Le mat\u00e9riau agr\u00e9able permet une libert\u00e9 de mouvement optimale et un confort de port agr\u00e9able. Les coutures plates standard sur l'ensemble du cuissard \u00e9vitent les points de pression d\u00e9sagr\u00e9ables.<\/p>\n<p>Ce demi-collant Running enti\u00e8rement imprimable te donne un look parfait. Combin\u00e9 avec notre d\u00e9bardeur Running Classic, tu es parfaitement \u00e9quip\u00e9 pour un jogging tranquille en for\u00eat ou une comp\u00e9tition acharn\u00e9e. Gr\u00e2ce aux poches lat\u00e9rales optionnelles, tu peux m\u00eame emporter ton t\u00e9l\u00e9phone portable et ton ravitaillement sans souci. Profite de ta course !<\/p>","protected":false},"featured_media":4832,"template":"","meta":{"ocean_post_layout":"","ocean_both_sidebars_style":"","ocean_both_sidebars_content_width":0,"ocean_both_sidebars_sidebars_width":0,"ocean_sidebar":"0","ocean_second_sidebar":"0","ocean_disable_margins":"enable","ocean_add_body_class":"","ocean_shortcode_before_top_bar":"","ocean_shortcode_after_top_bar":"","ocean_shortcode_before_header":"","ocean_shortcode_after_header":"","ocean_has_shortcode":"","ocean_shortcode_after_title":"","ocean_shortcode_before_footer_widgets":"","ocean_shortcode_after_footer_widgets":"","ocean_shortcode_before_footer_bottom":"","ocean_shortcode_after_footer_bottom":"","ocean_display_top_bar":"default","ocean_display_header":"default","ocean_header_style":"","ocean_center_header_left_menu":"0","ocean_custom_header_template":"0","ocean_custom_logo":0,"ocean_custom_retina_logo":0,"ocean_custom_logo_max_width":0,"ocean_custom_logo_tablet_max_width":0,"ocean_custom_logo_mobile_max_width":0,"ocean_custom_logo_max_height":0,"ocean_custom_logo_tablet_max_height":0,"ocean_custom_logo_mobile_max_height":0,"ocean_header_custom_menu":"0","ocean_menu_typo_font_family":"0","ocean_menu_typo_font_subset":"","ocean_menu_typo_font_size":0,"ocean_menu_typo_font_size_tablet":0,"ocean_menu_typo_font_size_mobile":0,"ocean_menu_typo_font_size_unit":"px","ocean_menu_typo_font_weight":"","ocean_menu_typo_font_weight_tablet":"","ocean_menu_typo_font_weight_mobile":"","ocean_menu_typo_transform":"","ocean_menu_typo_transform_tablet":"","ocean_menu_typo_transform_mobile":"","ocean_menu_typo_line_height":0,"ocean_menu_typo_line_height_tablet":0,"ocean_menu_typo_line_height_mobile":0,"ocean_menu_typo_line_height_unit":"","ocean_menu_typo_spacing":0,"ocean_menu_typo_spacing_tablet":0,"ocean_menu_typo_spacing_mobile":0,"ocean_menu_typo_spacing_unit":"","ocean_menu_link_color":"","ocean_menu_link_color_hover":"","ocean_menu_link_color_active":"","ocean_menu_link_background":"","ocean_menu_link_hover_background":"","ocean_menu_link_active_background":"","ocean_menu_social_links_bg":"","ocean_menu_social_hover_links_bg":"","ocean_menu_social_links_color":"","ocean_menu_social_hover_links_color":"","ocean_disable_title":"default","ocean_disable_heading":"default","ocean_post_title":"","ocean_post_subheading":"","ocean_post_title_style":"","ocean_post_title_background_color":"","ocean_post_title_background":0,"ocean_post_title_bg_image_position":"","ocean_post_title_bg_image_attachment":"","ocean_post_title_bg_image_repeat":"","ocean_post_title_bg_image_size":"","ocean_post_title_height":0,"ocean_post_title_bg_overlay":0.5,"ocean_post_title_bg_overlay_color":"","ocean_disable_breadcrumbs":"default","ocean_breadcrumbs_color":"","ocean_breadcrumbs_separator_color":"","ocean_breadcrumbs_links_color":"","ocean_breadcrumbs_links_hover_color":"","ocean_display_footer_widgets":"default","ocean_display_footer_bottom":"default","ocean_custom_footer_template":"0"},"product_brand":[],"product_cat":[107,108,109],"product_tag":[],"class_list":{"0":"post-4820","1":"product","2":"type-product","3":"status-publish","4":"has-post-thumbnail","6":"product_cat-running","7":"product_cat-classic-running","8":"product_cat-men-classic-running","10":"entry","11":"has-media","13":"first","14":"instock","15":"taxable","16":"shipping-taxable","17":"purchasable","18":"product-type-simple","19":"col","20":"span_1_of_4","21":"owp-content-center","22":"owp-thumbs-layout-horizontal","23":"owp-btn-normal","24":"owp-tabs-layout-horizontal"},"yoast_head":"<!-- This site is optimized with the Yoast SEO plugin v24.8.1 - https:\/\/yoast.com\/wordpress\/plugins\/seo\/ -->\n<title>Running Classic Half Tights - iNOW.ch<\/title>\n<meta name=\"robots\" content=\"noindex, follow, max-snippet:-1, max-image-preview:large, max-video-preview:-1\" \/>\n<meta property=\"og:locale\" content=\"fr_FR\" \/>\n<meta property=\"og:type\" content=\"article\" \/>\n<meta property=\"og:title\" content=\"Running Classic Half Tights - iNOW.ch\" \/>\n<meta property=\"og:description\" content=\"Diese enganliegende Running Half Tights besteht aus einer Mischung aus Polyester- und Elasthan-Material. Das angenehme Material erlaubt eine optimale Bewegungsfreiheit und einen angenehmen Tragekomfort. Standard Flachn\u00e4hte an der gesamten Hose verhindern unangenehme Druckstellen.  Diese vollbedruckbare Running Half Tights verleiht Dir den perfekten Look. Kombiniert mit unserem Running Classic Tank Top, bist du f\u00fcr eine gem\u00fctliche Jogging-Runde im Wald oder einen knallharten Wettkampf, perfekt ausger\u00fcstet. Dank den optionalen Seitentaschen, k\u00f6nnen sogar Dein Handy und Deine Verpflegung sorglos mitgef\u00fchrt werden. Enjoy your run!\" \/>\n<meta property=\"og:url\" content=\"https:\/\/products.inow.ch\/fr\/produit\/running-classic-half-tights\/\" \/>\n<meta property=\"og:site_name\" content=\"iNOW.ch\" \/>\n<meta property=\"article:modified_time\" content=\"2025-11-07T07:15:04+00:00\" \/>\n<meta property=\"og:image\" content=\"http:\/\/products.inow.ch\/wp-content\/uploads\/2022\/07\/ISJAN22-RBM_HT002_C-RUNNING-Classic-half-Tights_front.png\" \/>\n\t<meta property=\"og:image:width\" content=\"1000\" \/>\n\t<meta property=\"og:image:height\" content=\"1001\" \/>\n\t<meta property=\"og:image:type\" content=\"image\/png\" \/>\n<meta name=\"twitter:card\" content=\"summary_large_image\" \/>\n<meta name=\"twitter:label1\" content=\"Dur\u00e9e de lecture estim\u00e9e\" \/>\n\t<meta name=\"twitter:data1\" content=\"1 minute\" \/>\n<script type=\"application\/ld+json\" class=\"yoast-schema-graph\">{\"@context\":\"https:\/\/schema.org\",\"@graph\":[{\"@type\":\"WebPage\",\"@id\":\"https:\/\/products.inow.ch\/produkt\/running-classic-half-tights\/\",\"url\":\"https:\/\/products.inow.ch\/produkt\/running-classic-half-tights\/\",\"name\":\"Running Classic Half Tights - iNOW.ch\",\"isPartOf\":{\"@id\":\"https:\/\/products.inow.ch\/#website\"},\"primaryImageOfPage\":{\"@id\":\"https:\/\/products.inow.ch\/produkt\/running-classic-half-tights\/#primaryimage\"},\"image\":{\"@id\":\"https:\/\/products.inow.ch\/produkt\/running-classic-half-tights\/#primaryimage\"},\"thumbnailUrl\":\"https:\/\/products.inow.ch\/wp-content\/uploads\/2022\/07\/ISJAN22-RBM_HT002_C-RUNNING-Classic-half-Tights_front.png\",\"datePublished\":\"2022-07-26T11:39:52+00:00\",\"dateModified\":\"2025-11-07T07:15:04+00:00\",\"breadcrumb\":{\"@id\":\"https:\/\/products.inow.ch\/produkt\/running-classic-half-tights\/#breadcrumb\"},\"inLanguage\":\"fr-FR\",\"potentialAction\":[{\"@type\":\"ReadAction\",\"target\":[\"https:\/\/products.inow.ch\/produkt\/running-classic-half-tights\/\"]}]},{\"@type\":\"ImageObject\",\"inLanguage\":\"fr-FR\",\"@id\":\"https:\/\/products.inow.ch\/produkt\/running-classic-half-tights\/#primaryimage\",\"url\":\"https:\/\/products.inow.ch\/wp-content\/uploads\/2022\/07\/ISJAN22-RBM_HT002_C-RUNNING-Classic-half-Tights_front.png\",\"contentUrl\":\"https:\/\/products.inow.ch\/wp-content\/uploads\/2022\/07\/ISJAN22-RBM_HT002_C-RUNNING-Classic-half-Tights_front.png\",\"width\":1000,\"height\":1001},{\"@type\":\"BreadcrumbList\",\"@id\":\"https:\/\/products.inow.ch\/produkt\/running-classic-half-tights\/#breadcrumb\",\"itemListElement\":[{\"@type\":\"ListItem\",\"position\":1,\"name\":\"Startseite\",\"item\":\"https:\/\/products.inow.ch\/\"},{\"@type\":\"ListItem\",\"position\":2,\"name\":\"Sortiment\",\"item\":\"https:\/\/products.inow.ch\/\"},{\"@type\":\"ListItem\",\"position\":3,\"name\":\"Running Classic Half Tights\"}]},{\"@type\":\"WebSite\",\"@id\":\"https:\/\/products.inow.ch\/#website\",\"url\":\"https:\/\/products.inow.ch\/\",\"name\":\"iNOW.ch\",\"description\":\"Offerten\",\"publisher\":{\"@id\":\"https:\/\/products.inow.ch\/#organization\"},\"potentialAction\":[{\"@type\":\"SearchAction\",\"target\":{\"@type\":\"EntryPoint\",\"urlTemplate\":\"https:\/\/products.inow.ch\/?s={search_term_string}\"},\"query-input\":{\"@type\":\"PropertyValueSpecification\",\"valueRequired\":true,\"valueName\":\"search_term_string\"}}],\"inLanguage\":\"fr-FR\"},{\"@type\":\"Organization\",\"@id\":\"https:\/\/products.inow.ch\/#organization\",\"name\":\"iNOW.ch\",\"url\":\"https:\/\/products.inow.ch\/\",\"logo\":{\"@type\":\"ImageObject\",\"inLanguage\":\"fr-FR\",\"@id\":\"https:\/\/products.inow.ch\/#\/schema\/logo\/image\/\",\"url\":\"https:\/\/products.inow.ch\/wp-content\/uploads\/2021\/08\/210629_Logo_INOW_Pos.png\",\"contentUrl\":\"https:\/\/products.inow.ch\/wp-content\/uploads\/2021\/08\/210629_Logo_INOW_Pos.png\",\"width\":1749,\"height\":1241,\"caption\":\"iNOW.ch\"},\"image\":{\"@id\":\"https:\/\/products.inow.ch\/#\/schema\/logo\/image\/\"}}]}<\/script>\n<!-- \/ Yoast SEO plugin. -->","yoast_head_json":{"title":"Running Classic Half Tights - iNOW.ch","robots":{"index":"noindex","follow":"follow","max-snippet":"max-snippet:-1","max-image-preview":"max-image-preview:large","max-video-preview":"max-video-preview:-1"},"og_locale":"fr_FR","og_type":"article","og_title":"Running Classic Half Tights - iNOW.ch","og_description":"Diese enganliegende Running Half Tights besteht aus einer Mischung aus Polyester- und Elasthan-Material. Das angenehme Material erlaubt eine optimale Bewegungsfreiheit und einen angenehmen Tragekomfort. Standard Flachn\u00e4hte an der gesamten Hose verhindern unangenehme Druckstellen.  Diese vollbedruckbare Running Half Tights verleiht Dir den perfekten Look. Kombiniert mit unserem Running Classic Tank Top, bist du f\u00fcr eine gem\u00fctliche Jogging-Runde im Wald oder einen knallharten Wettkampf, perfekt ausger\u00fcstet. Dank den optionalen Seitentaschen, k\u00f6nnen sogar Dein Handy und Deine Verpflegung sorglos mitgef\u00fchrt werden. Enjoy your run!","og_url":"https:\/\/products.inow.ch\/fr\/produit\/running-classic-half-tights\/","og_site_name":"iNOW.ch","article_modified_time":"2025-11-07T07:15:04+00:00","og_image":[{"width":1000,"height":1001,"url":"http:\/\/products.inow.ch\/wp-content\/uploads\/2022\/07\/ISJAN22-RBM_HT002_C-RUNNING-Classic-half-Tights_front.png","type":"image\/png"}],"twitter_card":"summary_large_image","twitter_misc":{"Dur\u00e9e de lecture estim\u00e9e":"1 minute"},"schema":{"@context":"https:\/\/schema.org","@graph":[{"@type":"WebPage","@id":"https:\/\/products.inow.ch\/produkt\/running-classic-half-tights\/","url":"https:\/\/products.inow.ch\/produkt\/running-classic-half-tights\/","name":"Running Classic Half Tights - iNOW.ch","isPartOf":{"@id":"https:\/\/products.inow.ch\/#website"},"primaryImageOfPage":{"@id":"https:\/\/products.inow.ch\/produkt\/running-classic-half-tights\/#primaryimage"},"image":{"@id":"https:\/\/products.inow.ch\/produkt\/running-classic-half-tights\/#primaryimage"},"thumbnailUrl":"https:\/\/products.inow.ch\/wp-content\/uploads\/2022\/07\/ISJAN22-RBM_HT002_C-RUNNING-Classic-half-Tights_front.png","datePublished":"2022-07-26T11:39:52+00:00","dateModified":"2025-11-07T07:15:04+00:00","breadcrumb":{"@id":"https:\/\/products.inow.ch\/produkt\/running-classic-half-tights\/#breadcrumb"},"inLanguage":"fr-FR","potentialAction":[{"@type":"ReadAction","target":["https:\/\/products.inow.ch\/produkt\/running-classic-half-tights\/"]}]},{"@type":"ImageObject","inLanguage":"fr-FR","@id":"https:\/\/products.inow.ch\/produkt\/running-classic-half-tights\/#primaryimage","url":"https:\/\/products.inow.ch\/wp-content\/uploads\/2022\/07\/ISJAN22-RBM_HT002_C-RUNNING-Classic-half-Tights_front.png","contentUrl":"https:\/\/products.inow.ch\/wp-content\/uploads\/2022\/07\/ISJAN22-RBM_HT002_C-RUNNING-Classic-half-Tights_front.png","width":1000,"height":1001},{"@type":"BreadcrumbList","@id":"https:\/\/products.inow.ch\/produkt\/running-classic-half-tights\/#breadcrumb","itemListElement":[{"@type":"ListItem","position":1,"name":"Startseite","item":"https:\/\/products.inow.ch\/"},{"@type":"ListItem","position":2,"name":"Sortiment","item":"https:\/\/products.inow.ch\/"},{"@type":"ListItem","position":3,"name":"Running Classic Half Tights"}]},{"@type":"WebSite","@id":"https:\/\/products.inow.ch\/#website","url":"https:\/\/products.inow.ch\/","name":"iNOW.ch","description":"Offres","publisher":{"@id":"https:\/\/products.inow.ch\/#organization"},"potentialAction":[{"@type":"SearchAction","target":{"@type":"EntryPoint","urlTemplate":"https:\/\/products.inow.ch\/?s={search_term_string}"},"query-input":{"@type":"PropertyValueSpecification","valueRequired":true,"valueName":"search_term_string"}}],"inLanguage":"fr-FR"},{"@type":"Organization","@id":"https:\/\/products.inow.ch\/#organization","name":"iNOW.ch","url":"https:\/\/products.inow.ch\/","logo":{"@type":"ImageObject","inLanguage":"fr-FR","@id":"https:\/\/products.inow.ch\/#\/schema\/logo\/image\/","url":"https:\/\/products.inow.ch\/wp-content\/uploads\/2021\/08\/210629_Logo_INOW_Pos.png","contentUrl":"https:\/\/products.inow.ch\/wp-content\/uploads\/2021\/08\/210629_Logo_INOW_Pos.png","width":1749,"height":1241,"caption":"iNOW.ch"},"image":{"@id":"https:\/\/products.inow.ch\/#\/schema\/logo\/image\/"}}]}},"_links":{"self":[{"href":"https:\/\/products.inow.ch\/fr\/wp-json\/wp\/v2\/product\/4820"}],"collection":[{"href":"https:\/\/products.inow.ch\/fr\/wp-json\/wp\/v2\/product"}],"about":[{"href":"https:\/\/products.inow.ch\/fr\/wp-json\/wp\/v2\/types\/product"}],"wp:featuredmedia":[{"embeddable":true,"href":"https:\/\/products.inow.ch\/fr\/wp-json\/wp\/v2\/media\/4832"}],"wp:attachment":[{"href":"https:\/\/products.inow.ch\/fr\/wp-json\/wp\/v2\/media?parent=4820"}],"wp:term":[{"taxonomy":"product_brand","embeddable":true,"href":"https:\/\/products.inow.ch\/fr\/wp-json\/wp\/v2\/product_brand?post=4820"},{"taxonomy":"product_cat","embeddable":true,"href":"https:\/\/products.inow.ch\/fr\/wp-json\/wp\/v2\/product_cat?post=4820"},{"taxonomy":"product_tag","embeddable":true,"href":"https:\/\/products.inow.ch\/fr\/wp-json\/wp\/v2\/product_tag?post=4820"}],"curies":[{"name":"wp","href":"https:\/\/api.w.org\/{rel}","templated":true}]}}