{"id":4299,"date":"2022-01-12T15:47:14","date_gmt":"2022-01-12T15:47:14","guid":{"rendered":"https:\/\/products.inow.ch\/?post_type=product&#038;p=4299"},"modified":"2025-11-07T07:26:45","modified_gmt":"2025-11-07T07:26:45","slug":"inow-lifestyle-polo-shirt-men","status":"publish","type":"product","link":"https:\/\/products.inow.ch\/fr\/produit\/inow-lifestyle-polo-shirt-men\/","title":{"rendered":"Polo Lifestyle"},"content":{"rendered":"<p>\u2022 XS - 3XL<br \/>\n\u2022 Mati\u00e8re en cellulose de bambou respirante et \u00e0 s\u00e9chage rapide<br \/>\n\u2022 Coupe classique au niveau des manches<br \/>\n\u2022 Manches et ourlet doux<br \/>\n\u2022 Avec des boutons ou une fermeture \u00e9clair de 12 cm au choix<br \/>\n\u2022 Disponible avec ou sans poche de poitrine<\/p>\n<p>Mat\u00e9riau : 60%Viscose (cellulose de bambou), 40% polyester<\/p>\n<p>Ajuster la longueur du bras (-2cm, -4cm, +2cm, +4cm) CHF 12.00<br \/>\nAjuster la longueur du corps (-2.5cm, -5cm, +2.5cm, +5cm) CHF 12.00<br \/>\nPoche de poitrine \u00e0 l'avant\u00a0<small class=\"option-price\"><span class=\"brackets\">(<\/span><span class=\"sign positive\">+<\/span><span class=\"woocommerce-Price-amount amount\"><span class=\"woocommerce-Price-currencySymbol\">CHF<\/span>\u00a02.00<\/span><span class=\"brackets\">)<\/span><\/small><\/p>\n<p>&nbsp;<\/p>","protected":false},"excerpt":{"rendered":"<p>Polo lifestyle \u00e0 manches courtes avec une coupe d\u00e9contract\u00e9e. Ce produit contient de la cellulose de bambou. Les avantages sont \u00e9vidents : le mat\u00e9riau en bambou est non seulement tr\u00e8s confortable, r\u00e9sistant au froissement, thermor\u00e9gulateur et antibact\u00e9rien, mais il est \u00e9galement respectueux de l'environnement. Plus d'infos <a href=\"https:\/\/inow.ch\/bambuszellstoff\/\">ici<\/a>. Le polo est disponible avec des boutons ou une fermeture \u00e9clair.<\/p>\n<p>Pour ceux qui pr\u00e9f\u00e8rent l'\u00e9l\u00e9gance \u00e0 un t-shirt \"normal\", le polo est une bonne solution. Il peut \u00eatre utilis\u00e9 au quotidien ou pour toutes sortes de sports. Il est \u00e9galement tr\u00e8s appr\u00e9ci\u00e9 comme t-shirt de b\u00e9n\u00e9voles lors d'\u00e9v\u00e9nements ou pour les collaborateurs de l'entreprise.<\/p>","protected":false},"featured_media":4592,"template":"","meta":{"ocean_post_layout":"","ocean_both_sidebars_style":"","ocean_both_sidebars_content_width":0,"ocean_both_sidebars_sidebars_width":0,"ocean_sidebar":"0","ocean_second_sidebar":"0","ocean_disable_margins":"enable","ocean_add_body_class":"","ocean_shortcode_before_top_bar":"","ocean_shortcode_after_top_bar":"","ocean_shortcode_before_header":"","ocean_shortcode_after_header":"","ocean_has_shortcode":"","ocean_shortcode_after_title":"","ocean_shortcode_before_footer_widgets":"","ocean_shortcode_after_footer_widgets":"","ocean_shortcode_before_footer_bottom":"","ocean_shortcode_after_footer_bottom":"","ocean_display_top_bar":"default","ocean_display_header":"default","ocean_header_style":"","ocean_center_header_left_menu":"0","ocean_custom_header_template":"0","ocean_custom_logo":0,"ocean_custom_retina_logo":0,"ocean_custom_logo_max_width":0,"ocean_custom_logo_tablet_max_width":0,"ocean_custom_logo_mobile_max_width":0,"ocean_custom_logo_max_height":0,"ocean_custom_logo_tablet_max_height":0,"ocean_custom_logo_mobile_max_height":0,"ocean_header_custom_menu":"0","ocean_menu_typo_font_family":"0","ocean_menu_typo_font_subset":"","ocean_menu_typo_font_size":0,"ocean_menu_typo_font_size_tablet":0,"ocean_menu_typo_font_size_mobile":0,"ocean_menu_typo_font_size_unit":"px","ocean_menu_typo_font_weight":"","ocean_menu_typo_font_weight_tablet":"","ocean_menu_typo_font_weight_mobile":"","ocean_menu_typo_transform":"","ocean_menu_typo_transform_tablet":"","ocean_menu_typo_transform_mobile":"","ocean_menu_typo_line_height":0,"ocean_menu_typo_line_height_tablet":0,"ocean_menu_typo_line_height_mobile":0,"ocean_menu_typo_line_height_unit":"","ocean_menu_typo_spacing":0,"ocean_menu_typo_spacing_tablet":0,"ocean_menu_typo_spacing_mobile":0,"ocean_menu_typo_spacing_unit":"","ocean_menu_link_color":"","ocean_menu_link_color_hover":"","ocean_menu_link_color_active":"","ocean_menu_link_background":"","ocean_menu_link_hover_background":"","ocean_menu_link_active_background":"","ocean_menu_social_links_bg":"","ocean_menu_social_hover_links_bg":"","ocean_menu_social_links_color":"","ocean_menu_social_hover_links_color":"","ocean_disable_title":"default","ocean_disable_heading":"default","ocean_post_title":"","ocean_post_subheading":"","ocean_post_title_style":"","ocean_post_title_background_color":"","ocean_post_title_background":0,"ocean_post_title_bg_image_position":"","ocean_post_title_bg_image_attachment":"","ocean_post_title_bg_image_repeat":"","ocean_post_title_bg_image_size":"","ocean_post_title_height":0,"ocean_post_title_bg_overlay":0.5,"ocean_post_title_bg_overlay_color":"","ocean_disable_breadcrumbs":"default","ocean_breadcrumbs_color":"","ocean_breadcrumbs_separator_color":"","ocean_breadcrumbs_links_color":"","ocean_breadcrumbs_links_hover_color":"","ocean_display_footer_widgets":"default","ocean_display_footer_bottom":"default","ocean_custom_footer_template":"0"},"product_brand":[],"product_cat":[117,118],"product_tag":[],"class_list":{"0":"post-4299","1":"product","2":"type-product","3":"status-publish","4":"has-post-thumbnail","6":"product_cat-lifestyle","7":"product_cat-men-lifestyle","9":"entry","10":"has-media","12":"first","13":"instock","14":"taxable","15":"shipping-taxable","16":"purchasable","17":"product-type-simple","18":"col","19":"span_1_of_4","20":"owp-content-center","21":"owp-thumbs-layout-horizontal","22":"owp-btn-normal","23":"owp-tabs-layout-horizontal"},"yoast_head":"<!-- This site is optimized with the Yoast SEO plugin v24.8.1 - https:\/\/yoast.com\/wordpress\/plugins\/seo\/ -->\n<title>Lifestyle Polo-Shirt - iNOW.ch<\/title>\n<meta name=\"robots\" content=\"noindex, follow, max-snippet:-1, max-image-preview:large, max-video-preview:-1\" \/>\n<meta property=\"og:locale\" content=\"fr_FR\" \/>\n<meta property=\"og:type\" content=\"article\" \/>\n<meta property=\"og:title\" content=\"Lifestyle Polo-Shirt - iNOW.ch\" \/>\n<meta property=\"og:description\" content=\"Kurzarm Lifestyle Poloshirt mit entspannter Passform. Dieses Produkt enth\u00e4lt Bambus-Zellstoff. Die Vorteile davon liegen auf der Hand: Das Bambus-Material gilt nicht nur als sehr bequem, knitterbest\u00e4ndig, w\u00e4rmeregulierend und antibakteriell, sondern ist auch umweltschonend. Mehr Infos hier. Das Poloshirt ist mit Kn\u00f6pfen oder Zipper erh\u00e4ltlich.  Wer es gerne etwas eleganter mag als mit einem \u00abnormalen\u00bb T-Shirt ist mit dem Poloshirt gut bedient. Es kann ganz normal im Alltag oder f\u00fcr alle m\u00f6glichen Sportarten eingesetzt werden. Sehr beliebt ebenfalls als Helfer Shirt an Events oder f\u00fcr Firmen Mitarbeiter.\" \/>\n<meta property=\"og:url\" content=\"https:\/\/products.inow.ch\/fr\/produit\/inow-lifestyle-polo-shirt-men\/\" \/>\n<meta property=\"og:site_name\" content=\"iNOW.ch\" \/>\n<meta property=\"article:modified_time\" content=\"2025-11-07T07:26:45+00:00\" \/>\n<meta property=\"og:image\" content=\"http:\/\/products.inow.ch\/wp-content\/uploads\/2022\/02\/ISJAN22_LTM_PZ102-LIFESTYLE-Polo-Shirt_front-.png\" \/>\n\t<meta property=\"og:image:width\" content=\"1000\" \/>\n\t<meta property=\"og:image:height\" content=\"1001\" \/>\n\t<meta property=\"og:image:type\" content=\"image\/png\" \/>\n<meta name=\"twitter:card\" content=\"summary_large_image\" \/>\n<meta name=\"twitter:label1\" content=\"Dur\u00e9e de lecture estim\u00e9e\" \/>\n\t<meta name=\"twitter:data1\" content=\"1 minute\" \/>\n<script type=\"application\/ld+json\" class=\"yoast-schema-graph\">{\"@context\":\"https:\/\/schema.org\",\"@graph\":[{\"@type\":\"WebPage\",\"@id\":\"https:\/\/products.inow.ch\/produkt\/inow-lifestyle-polo-shirt-men\/\",\"url\":\"https:\/\/products.inow.ch\/produkt\/inow-lifestyle-polo-shirt-men\/\",\"name\":\"Lifestyle Polo-Shirt - iNOW.ch\",\"isPartOf\":{\"@id\":\"https:\/\/products.inow.ch\/#website\"},\"primaryImageOfPage\":{\"@id\":\"https:\/\/products.inow.ch\/produkt\/inow-lifestyle-polo-shirt-men\/#primaryimage\"},\"image\":{\"@id\":\"https:\/\/products.inow.ch\/produkt\/inow-lifestyle-polo-shirt-men\/#primaryimage\"},\"thumbnailUrl\":\"https:\/\/products.inow.ch\/wp-content\/uploads\/2022\/02\/ISJAN22_LTM_PZ102-LIFESTYLE-Polo-Shirt_front-.png\",\"datePublished\":\"2022-01-12T15:47:14+00:00\",\"dateModified\":\"2025-11-07T07:26:45+00:00\",\"breadcrumb\":{\"@id\":\"https:\/\/products.inow.ch\/produkt\/inow-lifestyle-polo-shirt-men\/#breadcrumb\"},\"inLanguage\":\"fr-FR\",\"potentialAction\":[{\"@type\":\"ReadAction\",\"target\":[\"https:\/\/products.inow.ch\/produkt\/inow-lifestyle-polo-shirt-men\/\"]}]},{\"@type\":\"ImageObject\",\"inLanguage\":\"fr-FR\",\"@id\":\"https:\/\/products.inow.ch\/produkt\/inow-lifestyle-polo-shirt-men\/#primaryimage\",\"url\":\"https:\/\/products.inow.ch\/wp-content\/uploads\/2022\/02\/ISJAN22_LTM_PZ102-LIFESTYLE-Polo-Shirt_front-.png\",\"contentUrl\":\"https:\/\/products.inow.ch\/wp-content\/uploads\/2022\/02\/ISJAN22_LTM_PZ102-LIFESTYLE-Polo-Shirt_front-.png\",\"width\":1000,\"height\":1001},{\"@type\":\"BreadcrumbList\",\"@id\":\"https:\/\/products.inow.ch\/produkt\/inow-lifestyle-polo-shirt-men\/#breadcrumb\",\"itemListElement\":[{\"@type\":\"ListItem\",\"position\":1,\"name\":\"Startseite\",\"item\":\"https:\/\/products.inow.ch\/\"},{\"@type\":\"ListItem\",\"position\":2,\"name\":\"Sortiment\",\"item\":\"https:\/\/products.inow.ch\/\"},{\"@type\":\"ListItem\",\"position\":3,\"name\":\"Lifestyle Polo-Shirt\"}]},{\"@type\":\"WebSite\",\"@id\":\"https:\/\/products.inow.ch\/#website\",\"url\":\"https:\/\/products.inow.ch\/\",\"name\":\"iNOW.ch\",\"description\":\"Offerten\",\"publisher\":{\"@id\":\"https:\/\/products.inow.ch\/#organization\"},\"potentialAction\":[{\"@type\":\"SearchAction\",\"target\":{\"@type\":\"EntryPoint\",\"urlTemplate\":\"https:\/\/products.inow.ch\/?s={search_term_string}\"},\"query-input\":{\"@type\":\"PropertyValueSpecification\",\"valueRequired\":true,\"valueName\":\"search_term_string\"}}],\"inLanguage\":\"fr-FR\"},{\"@type\":\"Organization\",\"@id\":\"https:\/\/products.inow.ch\/#organization\",\"name\":\"iNOW.ch\",\"url\":\"https:\/\/products.inow.ch\/\",\"logo\":{\"@type\":\"ImageObject\",\"inLanguage\":\"fr-FR\",\"@id\":\"https:\/\/products.inow.ch\/#\/schema\/logo\/image\/\",\"url\":\"https:\/\/products.inow.ch\/wp-content\/uploads\/2021\/08\/210629_Logo_INOW_Pos.png\",\"contentUrl\":\"https:\/\/products.inow.ch\/wp-content\/uploads\/2021\/08\/210629_Logo_INOW_Pos.png\",\"width\":1749,\"height\":1241,\"caption\":\"iNOW.ch\"},\"image\":{\"@id\":\"https:\/\/products.inow.ch\/#\/schema\/logo\/image\/\"}}]}<\/script>\n<!-- \/ Yoast SEO plugin. -->","yoast_head_json":{"title":"Lifestyle Polo-Shirt - iNOW.ch","robots":{"index":"noindex","follow":"follow","max-snippet":"max-snippet:-1","max-image-preview":"max-image-preview:large","max-video-preview":"max-video-preview:-1"},"og_locale":"fr_FR","og_type":"article","og_title":"Lifestyle Polo-Shirt - iNOW.ch","og_description":"Kurzarm Lifestyle Poloshirt mit entspannter Passform. Dieses Produkt enth\u00e4lt Bambus-Zellstoff. Die Vorteile davon liegen auf der Hand: Das Bambus-Material gilt nicht nur als sehr bequem, knitterbest\u00e4ndig, w\u00e4rmeregulierend und antibakteriell, sondern ist auch umweltschonend. Mehr Infos hier. Das Poloshirt ist mit Kn\u00f6pfen oder Zipper erh\u00e4ltlich.  Wer es gerne etwas eleganter mag als mit einem \u00abnormalen\u00bb T-Shirt ist mit dem Poloshirt gut bedient. Es kann ganz normal im Alltag oder f\u00fcr alle m\u00f6glichen Sportarten eingesetzt werden. Sehr beliebt ebenfalls als Helfer Shirt an Events oder f\u00fcr Firmen Mitarbeiter.","og_url":"https:\/\/products.inow.ch\/fr\/produit\/inow-lifestyle-polo-shirt-men\/","og_site_name":"iNOW.ch","article_modified_time":"2025-11-07T07:26:45+00:00","og_image":[{"width":1000,"height":1001,"url":"http:\/\/products.inow.ch\/wp-content\/uploads\/2022\/02\/ISJAN22_LTM_PZ102-LIFESTYLE-Polo-Shirt_front-.png","type":"image\/png"}],"twitter_card":"summary_large_image","twitter_misc":{"Dur\u00e9e de lecture estim\u00e9e":"1 minute"},"schema":{"@context":"https:\/\/schema.org","@graph":[{"@type":"WebPage","@id":"https:\/\/products.inow.ch\/produkt\/inow-lifestyle-polo-shirt-men\/","url":"https:\/\/products.inow.ch\/produkt\/inow-lifestyle-polo-shirt-men\/","name":"Lifestyle Polo-Shirt - iNOW.ch","isPartOf":{"@id":"https:\/\/products.inow.ch\/#website"},"primaryImageOfPage":{"@id":"https:\/\/products.inow.ch\/produkt\/inow-lifestyle-polo-shirt-men\/#primaryimage"},"image":{"@id":"https:\/\/products.inow.ch\/produkt\/inow-lifestyle-polo-shirt-men\/#primaryimage"},"thumbnailUrl":"https:\/\/products.inow.ch\/wp-content\/uploads\/2022\/02\/ISJAN22_LTM_PZ102-LIFESTYLE-Polo-Shirt_front-.png","datePublished":"2022-01-12T15:47:14+00:00","dateModified":"2025-11-07T07:26:45+00:00","breadcrumb":{"@id":"https:\/\/products.inow.ch\/produkt\/inow-lifestyle-polo-shirt-men\/#breadcrumb"},"inLanguage":"fr-FR","potentialAction":[{"@type":"ReadAction","target":["https:\/\/products.inow.ch\/produkt\/inow-lifestyle-polo-shirt-men\/"]}]},{"@type":"ImageObject","inLanguage":"fr-FR","@id":"https:\/\/products.inow.ch\/produkt\/inow-lifestyle-polo-shirt-men\/#primaryimage","url":"https:\/\/products.inow.ch\/wp-content\/uploads\/2022\/02\/ISJAN22_LTM_PZ102-LIFESTYLE-Polo-Shirt_front-.png","contentUrl":"https:\/\/products.inow.ch\/wp-content\/uploads\/2022\/02\/ISJAN22_LTM_PZ102-LIFESTYLE-Polo-Shirt_front-.png","width":1000,"height":1001},{"@type":"BreadcrumbList","@id":"https:\/\/products.inow.ch\/produkt\/inow-lifestyle-polo-shirt-men\/#breadcrumb","itemListElement":[{"@type":"ListItem","position":1,"name":"Startseite","item":"https:\/\/products.inow.ch\/"},{"@type":"ListItem","position":2,"name":"Sortiment","item":"https:\/\/products.inow.ch\/"},{"@type":"ListItem","position":3,"name":"Lifestyle Polo-Shirt"}]},{"@type":"WebSite","@id":"https:\/\/products.inow.ch\/#website","url":"https:\/\/products.inow.ch\/","name":"iNOW.ch","description":"Offres","publisher":{"@id":"https:\/\/products.inow.ch\/#organization"},"potentialAction":[{"@type":"SearchAction","target":{"@type":"EntryPoint","urlTemplate":"https:\/\/products.inow.ch\/?s={search_term_string}"},"query-input":{"@type":"PropertyValueSpecification","valueRequired":true,"valueName":"search_term_string"}}],"inLanguage":"fr-FR"},{"@type":"Organization","@id":"https:\/\/products.inow.ch\/#organization","name":"iNOW.ch","url":"https:\/\/products.inow.ch\/","logo":{"@type":"ImageObject","inLanguage":"fr-FR","@id":"https:\/\/products.inow.ch\/#\/schema\/logo\/image\/","url":"https:\/\/products.inow.ch\/wp-content\/uploads\/2021\/08\/210629_Logo_INOW_Pos.png","contentUrl":"https:\/\/products.inow.ch\/wp-content\/uploads\/2021\/08\/210629_Logo_INOW_Pos.png","width":1749,"height":1241,"caption":"iNOW.ch"},"image":{"@id":"https:\/\/products.inow.ch\/#\/schema\/logo\/image\/"}}]}},"_links":{"self":[{"href":"https:\/\/products.inow.ch\/fr\/wp-json\/wp\/v2\/product\/4299"}],"collection":[{"href":"https:\/\/products.inow.ch\/fr\/wp-json\/wp\/v2\/product"}],"about":[{"href":"https:\/\/products.inow.ch\/fr\/wp-json\/wp\/v2\/types\/product"}],"wp:featuredmedia":[{"embeddable":true,"href":"https:\/\/products.inow.ch\/fr\/wp-json\/wp\/v2\/media\/4592"}],"wp:attachment":[{"href":"https:\/\/products.inow.ch\/fr\/wp-json\/wp\/v2\/media?parent=4299"}],"wp:term":[{"taxonomy":"product_brand","embeddable":true,"href":"https:\/\/products.inow.ch\/fr\/wp-json\/wp\/v2\/product_brand?post=4299"},{"taxonomy":"product_cat","embeddable":true,"href":"https:\/\/products.inow.ch\/fr\/wp-json\/wp\/v2\/product_cat?post=4299"},{"taxonomy":"product_tag","embeddable":true,"href":"https:\/\/products.inow.ch\/fr\/wp-json\/wp\/v2\/product_tag?post=4299"}],"curies":[{"name":"wp","href":"https:\/\/api.w.org\/{rel}","templated":true}]}}