{"id":4295,"date":"2022-01-12T15:32:27","date_gmt":"2022-01-12T15:32:27","guid":{"rendered":"https:\/\/products.inow.ch\/?post_type=product&#038;p=4295"},"modified":"2025-03-13T09:04:51","modified_gmt":"2025-03-13T09:04:51","slug":"inow-enduro-pro-shorts-kids","status":"publish","type":"product","link":"https:\/\/products.inow.ch\/fr\/produit\/inow-enduro-pro-shorts-kids\/","title":{"rendered":"Short Enduro Pro"},"content":{"rendered":"<p>- Pro Line | tailles 116 - 164<br \/>\n\u2022 Mati\u00e8re Cordura r\u00e9sistante \u00e0 la d\u00e9chirure<br \/>\n\u2022 Traitement d\u00e9perlant sur le tissu<br \/>\n\u2022 Coupe sp\u00e9ciale pour la position typique \u00e0 v\u00e9lo (Bike-Fit)<br \/>\n\u2022 Ouverture \u00e0 la taille avec fermeture \u00e9clair et bouton-pression<br \/>\n\u2022 R\u00e9glage de la taille par \u00e9lastique  velcro<br \/>\n\u2022 Poche sur les deux jambes, avec fermeture \u00e9clair YKK<br \/>\n\u2022 Fente d'a\u00e9ration discr\u00e8te sur les deux jambes<br \/>\n\u2022 Diff\u00e9rentes couleurs de base disponibles<br \/>\n- Logo r\u00e9fl\u00e9chissant sur la jambe \u00e0 l'avant et \u00e0 l'arri\u00e8re<\/p>\n<p>Mati\u00e8re : nylon 48%, Cordura 45%, \u00e9lasthanne 7 %E<\/p>","protected":false},"excerpt":{"rendered":"<p>Short de cyclisme enduro avec une coupe sp\u00e9ciale pour le cyclisme. Mat\u00e9riau \u00e9lastique combinant nylon, cordura et \u00e9lasthanne. Le mat\u00e9riau Cordura r\u00e9sistant \u00e0 la d\u00e9chirure r\u00e9siste \u00e0 l'usure r\u00e9guli\u00e8re et aux conditions m\u00e9t\u00e9orologiques tenaces. L'ouverture de la taille est \u00e9quip\u00e9e d'une fermeture \u00e9clair et d'un bouton-pression, et la taille int\u00e9rieure est r\u00e9glable par un syst\u00e8me Velcro. Des fentes d'a\u00e9ration discr\u00e8tes et des poches g\u00e9n\u00e9reuses avec fermeture \u00e9clair YKK sur les deux jambes. La longueur des jambes garantit le recouvrement des protections au niveau des genoux. L'empi\u00e8cement arri\u00e8re est soit imprim\u00e9, soit \u00e9quip\u00e9 d'une bande stretch de haute qualit\u00e9 qui s'adapte \u00e0 la position assise.<\/p>\n<p>Ce short enduro de haute qualit\u00e9 s'accorde parfaitement avec notre short int\u00e9rieur et fait partie des articles pr\u00e9f\u00e9r\u00e9es des enduristes et des downhillers.<\/p>","protected":false},"featured_media":4630,"template":"","meta":{"ocean_post_layout":"","ocean_both_sidebars_style":"","ocean_both_sidebars_content_width":0,"ocean_both_sidebars_sidebars_width":0,"ocean_sidebar":"0","ocean_second_sidebar":"0","ocean_disable_margins":"enable","ocean_add_body_class":"","ocean_shortcode_before_top_bar":"","ocean_shortcode_after_top_bar":"","ocean_shortcode_before_header":"","ocean_shortcode_after_header":"","ocean_has_shortcode":"","ocean_shortcode_after_title":"","ocean_shortcode_before_footer_widgets":"","ocean_shortcode_after_footer_widgets":"","ocean_shortcode_before_footer_bottom":"","ocean_shortcode_after_footer_bottom":"","ocean_display_top_bar":"default","ocean_display_header":"default","ocean_header_style":"","ocean_center_header_left_menu":"0","ocean_custom_header_template":"0","ocean_custom_logo":0,"ocean_custom_retina_logo":0,"ocean_custom_logo_max_width":0,"ocean_custom_logo_tablet_max_width":0,"ocean_custom_logo_mobile_max_width":0,"ocean_custom_logo_max_height":0,"ocean_custom_logo_tablet_max_height":0,"ocean_custom_logo_mobile_max_height":0,"ocean_header_custom_menu":"0","ocean_menu_typo_font_family":"0","ocean_menu_typo_font_subset":"","ocean_menu_typo_font_size":0,"ocean_menu_typo_font_size_tablet":0,"ocean_menu_typo_font_size_mobile":0,"ocean_menu_typo_font_size_unit":"px","ocean_menu_typo_font_weight":"","ocean_menu_typo_font_weight_tablet":"","ocean_menu_typo_font_weight_mobile":"","ocean_menu_typo_transform":"","ocean_menu_typo_transform_tablet":"","ocean_menu_typo_transform_mobile":"","ocean_menu_typo_line_height":0,"ocean_menu_typo_line_height_tablet":0,"ocean_menu_typo_line_height_mobile":0,"ocean_menu_typo_line_height_unit":"","ocean_menu_typo_spacing":0,"ocean_menu_typo_spacing_tablet":0,"ocean_menu_typo_spacing_mobile":0,"ocean_menu_typo_spacing_unit":"","ocean_menu_link_color":"","ocean_menu_link_color_hover":"","ocean_menu_link_color_active":"","ocean_menu_link_background":"","ocean_menu_link_hover_background":"","ocean_menu_link_active_background":"","ocean_menu_social_links_bg":"","ocean_menu_social_hover_links_bg":"","ocean_menu_social_links_color":"","ocean_menu_social_hover_links_color":"","ocean_disable_title":"default","ocean_disable_heading":"default","ocean_post_title":"","ocean_post_subheading":"","ocean_post_title_style":"","ocean_post_title_background_color":"","ocean_post_title_background":0,"ocean_post_title_bg_image_position":"","ocean_post_title_bg_image_attachment":"","ocean_post_title_bg_image_repeat":"","ocean_post_title_bg_image_size":"","ocean_post_title_height":0,"ocean_post_title_bg_overlay":0.5,"ocean_post_title_bg_overlay_color":"","ocean_disable_breadcrumbs":"default","ocean_breadcrumbs_color":"","ocean_breadcrumbs_separator_color":"","ocean_breadcrumbs_links_color":"","ocean_breadcrumbs_links_hover_color":"","ocean_display_footer_widgets":"default","ocean_display_footer_bottom":"default","ocean_custom_footer_template":"0"},"product_brand":[],"product_cat":[98,102,106],"product_tag":[],"class_list":{"0":"post-4295","1":"product","2":"type-product","3":"status-publish","4":"has-post-thumbnail","6":"product_cat-offroad","7":"product_cat-pro-offroad","8":"product_cat-kids-pro-offroad","10":"entry","11":"has-media","13":"first","14":"instock","15":"taxable","16":"shipping-taxable","17":"purchasable","18":"product-type-simple","19":"col","20":"span_1_of_4","21":"owp-content-center","22":"owp-thumbs-layout-horizontal","23":"owp-btn-normal","24":"owp-tabs-layout-horizontal"},"yoast_head":"<!-- This site is optimized with the Yoast SEO plugin v24.8.1 - https:\/\/yoast.com\/wordpress\/plugins\/seo\/ -->\n<title>Enduro Pro Shorts - iNOW.ch<\/title>\n<meta name=\"robots\" content=\"noindex, follow, max-snippet:-1, max-image-preview:large, max-video-preview:-1\" \/>\n<meta property=\"og:locale\" content=\"fr_FR\" \/>\n<meta property=\"og:type\" content=\"article\" \/>\n<meta property=\"og:title\" content=\"Enduro Pro Shorts - iNOW.ch\" \/>\n<meta property=\"og:description\" content=\"Enduro Bike Shorts mit speziellem Bike-Fit Schnitt. Elastisches Material kombiniert aus Nylon, Cordura und Elasthan. Das reissfeste Cordura-Material widersteht regelm\u00e4ssiger Abn\u00fctzung und hartn\u00e4ckigen Wetterbedingungen. Die Bund\u00f6ffnung ist mit Reissverschluss und Druckknopf ausgestattet und der Innenbund ist durch ein Velcro-System verstellbar. Diskrete L\u00fcftungsschlitze und grossz\u00fcgige Taschen mit YKK-Reissverschluss auf beiden Beinen. Die Beinl\u00e4nge gew\u00e4hrleistet ein \u00dcberdecken der Protektoren an den Knien. Der hintere Einsatz wird entweder bedruckt oder mit einem hochwertigen Stretchband ausgestattet, welches sich der Sitzposition anpasst.  Diese hochwertige Enduro Short passt perfekt zu unserer Offroad Classic Innershorts und geh\u00f6rt bei All-Mountainbikern und Downhillern zu deren Lieblingsst\u00fccken.\" \/>\n<meta property=\"og:url\" content=\"https:\/\/products.inow.ch\/fr\/produit\/inow-enduro-pro-shorts-kids\/\" \/>\n<meta property=\"og:site_name\" content=\"iNOW.ch\" \/>\n<meta property=\"article:modified_time\" content=\"2025-03-13T09:04:51+00:00\" \/>\n<meta property=\"og:image\" content=\"http:\/\/products.inow.ch\/wp-content\/uploads\/2022\/02\/ISJAN22_OBK_SH006_P_ENDURO_Pro_Shorts_front.png\" \/>\n\t<meta property=\"og:image:width\" content=\"1000\" \/>\n\t<meta property=\"og:image:height\" content=\"1001\" \/>\n\t<meta property=\"og:image:type\" content=\"image\/png\" \/>\n<meta name=\"twitter:card\" content=\"summary_large_image\" \/>\n<meta name=\"twitter:label1\" content=\"Dur\u00e9e de lecture estim\u00e9e\" \/>\n\t<meta name=\"twitter:data1\" content=\"1 minute\" \/>\n<script type=\"application\/ld+json\" class=\"yoast-schema-graph\">{\"@context\":\"https:\/\/schema.org\",\"@graph\":[{\"@type\":\"WebPage\",\"@id\":\"https:\/\/products.inow.ch\/produkt\/inow-enduro-pro-shorts-kids\/\",\"url\":\"https:\/\/products.inow.ch\/produkt\/inow-enduro-pro-shorts-kids\/\",\"name\":\"Enduro Pro Shorts - iNOW.ch\",\"isPartOf\":{\"@id\":\"https:\/\/products.inow.ch\/#website\"},\"primaryImageOfPage\":{\"@id\":\"https:\/\/products.inow.ch\/produkt\/inow-enduro-pro-shorts-kids\/#primaryimage\"},\"image\":{\"@id\":\"https:\/\/products.inow.ch\/produkt\/inow-enduro-pro-shorts-kids\/#primaryimage\"},\"thumbnailUrl\":\"https:\/\/products.inow.ch\/wp-content\/uploads\/2022\/02\/ISJAN22_OBK_SH006_P_ENDURO_Pro_Shorts_front.png\",\"datePublished\":\"2022-01-12T15:32:27+00:00\",\"dateModified\":\"2025-03-13T09:04:51+00:00\",\"breadcrumb\":{\"@id\":\"https:\/\/products.inow.ch\/produkt\/inow-enduro-pro-shorts-kids\/#breadcrumb\"},\"inLanguage\":\"fr-FR\",\"potentialAction\":[{\"@type\":\"ReadAction\",\"target\":[\"https:\/\/products.inow.ch\/produkt\/inow-enduro-pro-shorts-kids\/\"]}]},{\"@type\":\"ImageObject\",\"inLanguage\":\"fr-FR\",\"@id\":\"https:\/\/products.inow.ch\/produkt\/inow-enduro-pro-shorts-kids\/#primaryimage\",\"url\":\"https:\/\/products.inow.ch\/wp-content\/uploads\/2022\/02\/ISJAN22_OBK_SH006_P_ENDURO_Pro_Shorts_front.png\",\"contentUrl\":\"https:\/\/products.inow.ch\/wp-content\/uploads\/2022\/02\/ISJAN22_OBK_SH006_P_ENDURO_Pro_Shorts_front.png\",\"width\":1000,\"height\":1001},{\"@type\":\"BreadcrumbList\",\"@id\":\"https:\/\/products.inow.ch\/produkt\/inow-enduro-pro-shorts-kids\/#breadcrumb\",\"itemListElement\":[{\"@type\":\"ListItem\",\"position\":1,\"name\":\"Startseite\",\"item\":\"https:\/\/products.inow.ch\/\"},{\"@type\":\"ListItem\",\"position\":2,\"name\":\"Sortiment\",\"item\":\"https:\/\/products.inow.ch\/\"},{\"@type\":\"ListItem\",\"position\":3,\"name\":\"Enduro Pro Shorts\"}]},{\"@type\":\"WebSite\",\"@id\":\"https:\/\/products.inow.ch\/#website\",\"url\":\"https:\/\/products.inow.ch\/\",\"name\":\"iNOW.ch\",\"description\":\"Offerten\",\"publisher\":{\"@id\":\"https:\/\/products.inow.ch\/#organization\"},\"potentialAction\":[{\"@type\":\"SearchAction\",\"target\":{\"@type\":\"EntryPoint\",\"urlTemplate\":\"https:\/\/products.inow.ch\/?s={search_term_string}\"},\"query-input\":{\"@type\":\"PropertyValueSpecification\",\"valueRequired\":true,\"valueName\":\"search_term_string\"}}],\"inLanguage\":\"fr-FR\"},{\"@type\":\"Organization\",\"@id\":\"https:\/\/products.inow.ch\/#organization\",\"name\":\"iNOW.ch\",\"url\":\"https:\/\/products.inow.ch\/\",\"logo\":{\"@type\":\"ImageObject\",\"inLanguage\":\"fr-FR\",\"@id\":\"https:\/\/products.inow.ch\/#\/schema\/logo\/image\/\",\"url\":\"https:\/\/products.inow.ch\/wp-content\/uploads\/2021\/08\/210629_Logo_INOW_Pos.png\",\"contentUrl\":\"https:\/\/products.inow.ch\/wp-content\/uploads\/2021\/08\/210629_Logo_INOW_Pos.png\",\"width\":1749,\"height\":1241,\"caption\":\"iNOW.ch\"},\"image\":{\"@id\":\"https:\/\/products.inow.ch\/#\/schema\/logo\/image\/\"}}]}<\/script>\n<!-- \/ Yoast SEO plugin. -->","yoast_head_json":{"title":"Enduro Pro Shorts - iNOW.ch","robots":{"index":"noindex","follow":"follow","max-snippet":"max-snippet:-1","max-image-preview":"max-image-preview:large","max-video-preview":"max-video-preview:-1"},"og_locale":"fr_FR","og_type":"article","og_title":"Enduro Pro Shorts - iNOW.ch","og_description":"Enduro Bike Shorts mit speziellem Bike-Fit Schnitt. Elastisches Material kombiniert aus Nylon, Cordura und Elasthan. Das reissfeste Cordura-Material widersteht regelm\u00e4ssiger Abn\u00fctzung und hartn\u00e4ckigen Wetterbedingungen. Die Bund\u00f6ffnung ist mit Reissverschluss und Druckknopf ausgestattet und der Innenbund ist durch ein Velcro-System verstellbar. Diskrete L\u00fcftungsschlitze und grossz\u00fcgige Taschen mit YKK-Reissverschluss auf beiden Beinen. Die Beinl\u00e4nge gew\u00e4hrleistet ein \u00dcberdecken der Protektoren an den Knien. Der hintere Einsatz wird entweder bedruckt oder mit einem hochwertigen Stretchband ausgestattet, welches sich der Sitzposition anpasst.  Diese hochwertige Enduro Short passt perfekt zu unserer Offroad Classic Innershorts und geh\u00f6rt bei All-Mountainbikern und Downhillern zu deren Lieblingsst\u00fccken.","og_url":"https:\/\/products.inow.ch\/fr\/produit\/inow-enduro-pro-shorts-kids\/","og_site_name":"iNOW.ch","article_modified_time":"2025-03-13T09:04:51+00:00","og_image":[{"width":1000,"height":1001,"url":"http:\/\/products.inow.ch\/wp-content\/uploads\/2022\/02\/ISJAN22_OBK_SH006_P_ENDURO_Pro_Shorts_front.png","type":"image\/png"}],"twitter_card":"summary_large_image","twitter_misc":{"Dur\u00e9e de lecture estim\u00e9e":"1 minute"},"schema":{"@context":"https:\/\/schema.org","@graph":[{"@type":"WebPage","@id":"https:\/\/products.inow.ch\/produkt\/inow-enduro-pro-shorts-kids\/","url":"https:\/\/products.inow.ch\/produkt\/inow-enduro-pro-shorts-kids\/","name":"Enduro Pro Shorts - iNOW.ch","isPartOf":{"@id":"https:\/\/products.inow.ch\/#website"},"primaryImageOfPage":{"@id":"https:\/\/products.inow.ch\/produkt\/inow-enduro-pro-shorts-kids\/#primaryimage"},"image":{"@id":"https:\/\/products.inow.ch\/produkt\/inow-enduro-pro-shorts-kids\/#primaryimage"},"thumbnailUrl":"https:\/\/products.inow.ch\/wp-content\/uploads\/2022\/02\/ISJAN22_OBK_SH006_P_ENDURO_Pro_Shorts_front.png","datePublished":"2022-01-12T15:32:27+00:00","dateModified":"2025-03-13T09:04:51+00:00","breadcrumb":{"@id":"https:\/\/products.inow.ch\/produkt\/inow-enduro-pro-shorts-kids\/#breadcrumb"},"inLanguage":"fr-FR","potentialAction":[{"@type":"ReadAction","target":["https:\/\/products.inow.ch\/produkt\/inow-enduro-pro-shorts-kids\/"]}]},{"@type":"ImageObject","inLanguage":"fr-FR","@id":"https:\/\/products.inow.ch\/produkt\/inow-enduro-pro-shorts-kids\/#primaryimage","url":"https:\/\/products.inow.ch\/wp-content\/uploads\/2022\/02\/ISJAN22_OBK_SH006_P_ENDURO_Pro_Shorts_front.png","contentUrl":"https:\/\/products.inow.ch\/wp-content\/uploads\/2022\/02\/ISJAN22_OBK_SH006_P_ENDURO_Pro_Shorts_front.png","width":1000,"height":1001},{"@type":"BreadcrumbList","@id":"https:\/\/products.inow.ch\/produkt\/inow-enduro-pro-shorts-kids\/#breadcrumb","itemListElement":[{"@type":"ListItem","position":1,"name":"Startseite","item":"https:\/\/products.inow.ch\/"},{"@type":"ListItem","position":2,"name":"Sortiment","item":"https:\/\/products.inow.ch\/"},{"@type":"ListItem","position":3,"name":"Enduro Pro Shorts"}]},{"@type":"WebSite","@id":"https:\/\/products.inow.ch\/#website","url":"https:\/\/products.inow.ch\/","name":"iNOW.ch","description":"Offres","publisher":{"@id":"https:\/\/products.inow.ch\/#organization"},"potentialAction":[{"@type":"SearchAction","target":{"@type":"EntryPoint","urlTemplate":"https:\/\/products.inow.ch\/?s={search_term_string}"},"query-input":{"@type":"PropertyValueSpecification","valueRequired":true,"valueName":"search_term_string"}}],"inLanguage":"fr-FR"},{"@type":"Organization","@id":"https:\/\/products.inow.ch\/#organization","name":"iNOW.ch","url":"https:\/\/products.inow.ch\/","logo":{"@type":"ImageObject","inLanguage":"fr-FR","@id":"https:\/\/products.inow.ch\/#\/schema\/logo\/image\/","url":"https:\/\/products.inow.ch\/wp-content\/uploads\/2021\/08\/210629_Logo_INOW_Pos.png","contentUrl":"https:\/\/products.inow.ch\/wp-content\/uploads\/2021\/08\/210629_Logo_INOW_Pos.png","width":1749,"height":1241,"caption":"iNOW.ch"},"image":{"@id":"https:\/\/products.inow.ch\/#\/schema\/logo\/image\/"}}]}},"_links":{"self":[{"href":"https:\/\/products.inow.ch\/fr\/wp-json\/wp\/v2\/product\/4295"}],"collection":[{"href":"https:\/\/products.inow.ch\/fr\/wp-json\/wp\/v2\/product"}],"about":[{"href":"https:\/\/products.inow.ch\/fr\/wp-json\/wp\/v2\/types\/product"}],"wp:featuredmedia":[{"embeddable":true,"href":"https:\/\/products.inow.ch\/fr\/wp-json\/wp\/v2\/media\/4630"}],"wp:attachment":[{"href":"https:\/\/products.inow.ch\/fr\/wp-json\/wp\/v2\/media?parent=4295"}],"wp:term":[{"taxonomy":"product_brand","embeddable":true,"href":"https:\/\/products.inow.ch\/fr\/wp-json\/wp\/v2\/product_brand?post=4295"},{"taxonomy":"product_cat","embeddable":true,"href":"https:\/\/products.inow.ch\/fr\/wp-json\/wp\/v2\/product_cat?post=4295"},{"taxonomy":"product_tag","embeddable":true,"href":"https:\/\/products.inow.ch\/fr\/wp-json\/wp\/v2\/product_tag?post=4295"}],"curies":[{"name":"wp","href":"https:\/\/api.w.org\/{rel}","templated":true}]}}