{"id":4292,"date":"2022-01-10T16:25:22","date_gmt":"2022-01-10T16:25:22","guid":{"rendered":"https:\/\/products.inow.ch\/?post_type=product&#038;p=4292"},"modified":"2025-03-13T09:03:40","modified_gmt":"2025-03-13T09:03:40","slug":"inow-mtb-classic-shorts-kids","status":"publish","type":"product","link":"https:\/\/products.inow.ch\/fr\/produit\/inow-mtb-classic-shorts-kids\/","title":{"rendered":"Short MTB Classic"},"content":{"rendered":"<p>\u2022 Classic Line | Tailles 116 - 164<br \/>\n\u2022 Mat\u00e9riau l\u00e9ger et dot\u00e9 d'une bonne elasticit\u00e9<br \/>\n\u2022 Coupe sp\u00e9ciale pour la position typique du v\u00e9lo (Bike-Fit)<br \/>\n\u2022 Ouverture \u00e0 la taille avec fermeture \u00e9clair et bouton-pression<br \/>\n\u2022 Ceinture int\u00e9rieure r\u00e9glable par un syst\u00e8me de boutons<br \/>\n\u2022 Poche sur les deux jambes, avec fermeture \u00e9clair YKK<br \/>\n\u2022 Diff\u00e9rentes couleurs de base disponibles<br \/>\n- Logo r\u00e9fl\u00e9chissant sur la jambe \u00e0 l'avant et \u00e0 l'arri\u00e8re<\/p>\n<p>Mati\u00e8re : 88% polyester, 12% \u00e9lasthanne<\/p>","protected":false},"excerpt":{"rendered":"<p>Short de VTT avec une coupe sp\u00e9ciale Bike-Fit. Le polyester \u00e9lastique et l'\u00e9lasthanne garantissent un confort de port agr\u00e9able. L'ouverture \u00e0 la taille est \u00e9quip\u00e9e d'une fermeture \u00e9clair et d'un bouton-pression et la taille int\u00e9rieure est r\u00e9glable gr\u00e2ce \u00e0 un syst\u00e8me de boutons \u00e9prouv\u00e9. Poche avec fermeture \u00e9clair YKK sur les deux jambes.<\/p>\n<p>Ce short de VTT s'harmonise parfaitement avec notre short int\u00e9rieur de haute qualit\u00e9 et fait d\u00e9finitivement partie de nos bestsellers. De nombreux clients aiment le combiner avec notre Cycling Classic (Bib) short.<\/p>","protected":false},"featured_media":4697,"template":"","meta":{"ocean_post_layout":"","ocean_both_sidebars_style":"","ocean_both_sidebars_content_width":0,"ocean_both_sidebars_sidebars_width":0,"ocean_sidebar":"0","ocean_second_sidebar":"0","ocean_disable_margins":"enable","ocean_add_body_class":"","ocean_shortcode_before_top_bar":"","ocean_shortcode_after_top_bar":"","ocean_shortcode_before_header":"","ocean_shortcode_after_header":"","ocean_has_shortcode":"","ocean_shortcode_after_title":"","ocean_shortcode_before_footer_widgets":"","ocean_shortcode_after_footer_widgets":"","ocean_shortcode_before_footer_bottom":"","ocean_shortcode_after_footer_bottom":"","ocean_display_top_bar":"default","ocean_display_header":"default","ocean_header_style":"","ocean_center_header_left_menu":"0","ocean_custom_header_template":"0","ocean_custom_logo":0,"ocean_custom_retina_logo":0,"ocean_custom_logo_max_width":0,"ocean_custom_logo_tablet_max_width":0,"ocean_custom_logo_mobile_max_width":0,"ocean_custom_logo_max_height":0,"ocean_custom_logo_tablet_max_height":0,"ocean_custom_logo_mobile_max_height":0,"ocean_header_custom_menu":"0","ocean_menu_typo_font_family":"0","ocean_menu_typo_font_subset":"","ocean_menu_typo_font_size":0,"ocean_menu_typo_font_size_tablet":0,"ocean_menu_typo_font_size_mobile":0,"ocean_menu_typo_font_size_unit":"px","ocean_menu_typo_font_weight":"","ocean_menu_typo_font_weight_tablet":"","ocean_menu_typo_font_weight_mobile":"","ocean_menu_typo_transform":"","ocean_menu_typo_transform_tablet":"","ocean_menu_typo_transform_mobile":"","ocean_menu_typo_line_height":0,"ocean_menu_typo_line_height_tablet":0,"ocean_menu_typo_line_height_mobile":0,"ocean_menu_typo_line_height_unit":"","ocean_menu_typo_spacing":0,"ocean_menu_typo_spacing_tablet":0,"ocean_menu_typo_spacing_mobile":0,"ocean_menu_typo_spacing_unit":"","ocean_menu_link_color":"","ocean_menu_link_color_hover":"","ocean_menu_link_color_active":"","ocean_menu_link_background":"","ocean_menu_link_hover_background":"","ocean_menu_link_active_background":"","ocean_menu_social_links_bg":"","ocean_menu_social_hover_links_bg":"","ocean_menu_social_links_color":"","ocean_menu_social_hover_links_color":"","ocean_disable_title":"default","ocean_disable_heading":"default","ocean_post_title":"","ocean_post_subheading":"","ocean_post_title_style":"","ocean_post_title_background_color":"","ocean_post_title_background":0,"ocean_post_title_bg_image_position":"","ocean_post_title_bg_image_attachment":"","ocean_post_title_bg_image_repeat":"","ocean_post_title_bg_image_size":"","ocean_post_title_height":0,"ocean_post_title_bg_overlay":0.5,"ocean_post_title_bg_overlay_color":"","ocean_disable_breadcrumbs":"default","ocean_breadcrumbs_color":"","ocean_breadcrumbs_separator_color":"","ocean_breadcrumbs_links_color":"","ocean_breadcrumbs_links_hover_color":"","ocean_display_footer_widgets":"default","ocean_display_footer_bottom":"default","ocean_custom_footer_template":"0"},"product_brand":[],"product_cat":[98,99,105],"product_tag":[],"class_list":{"0":"post-4292","1":"product","2":"type-product","3":"status-publish","4":"has-post-thumbnail","6":"product_cat-offroad","7":"product_cat-classic-offroad","8":"product_cat-kids-classic-offroad","10":"entry","11":"has-media","13":"first","14":"instock","15":"taxable","16":"shipping-taxable","17":"purchasable","18":"product-type-simple","19":"col","20":"span_1_of_4","21":"owp-content-center","22":"owp-thumbs-layout-horizontal","23":"owp-btn-normal","24":"owp-tabs-layout-horizontal"},"yoast_head":"<!-- This site is optimized with the Yoast SEO plugin v24.8.1 - https:\/\/yoast.com\/wordpress\/plugins\/seo\/ -->\n<title>MTB Classic Shorts - iNOW.ch<\/title>\n<meta name=\"robots\" content=\"noindex, follow, max-snippet:-1, max-image-preview:large, max-video-preview:-1\" \/>\n<meta property=\"og:locale\" content=\"fr_FR\" \/>\n<meta property=\"og:type\" content=\"article\" \/>\n<meta property=\"og:title\" content=\"MTB Classic Shorts - iNOW.ch\" \/>\n<meta property=\"og:description\" content=\"Mountainbike Shorts mit speziellem Bike-Fit Schnitt. Elastisches Polyester- und Elasthan-Material gew\u00e4hrleisten einen angenehmen Tragekomfort. Die Bund\u00f6ffnung ist mit Reissverschluss und Druckknopf ausgestattet und der Innenbund ist durch ein bew\u00e4hrtes Knopfsystem verstellbar. Tasche mit YKK-Reissverschluss auf beiden Beinen.  Diese Mountainbike Short harmoniert perfekt mit unserer hochwertigen Offroad Classic Innershorts und geh\u00f6rt definitiv zu unseren Bestsellern. Viele Kunden kombinieren sie gerne ganz unkompliziert mit unserer Cycling Classic (Bib) Short.\" \/>\n<meta property=\"og:url\" content=\"https:\/\/products.inow.ch\/fr\/produit\/inow-mtb-classic-shorts-kids\/\" \/>\n<meta property=\"og:site_name\" content=\"iNOW.ch\" \/>\n<meta property=\"article:modified_time\" content=\"2025-03-13T09:03:40+00:00\" \/>\n<meta property=\"og:image\" content=\"http:\/\/products.inow.ch\/wp-content\/uploads\/2022\/01\/ISJAN22_OBK_SH002_C-MTB-Classic-Shorts_front.png\" \/>\n\t<meta property=\"og:image:width\" content=\"1000\" \/>\n\t<meta property=\"og:image:height\" content=\"1001\" \/>\n\t<meta property=\"og:image:type\" content=\"image\/png\" \/>\n<meta name=\"twitter:card\" content=\"summary_large_image\" \/>\n<meta name=\"twitter:label1\" content=\"Dur\u00e9e de lecture estim\u00e9e\" \/>\n\t<meta name=\"twitter:data1\" content=\"1 minute\" \/>\n<script type=\"application\/ld+json\" class=\"yoast-schema-graph\">{\"@context\":\"https:\/\/schema.org\",\"@graph\":[{\"@type\":\"WebPage\",\"@id\":\"https:\/\/products.inow.ch\/produkt\/inow-mtb-classic-shorts-kids\/\",\"url\":\"https:\/\/products.inow.ch\/produkt\/inow-mtb-classic-shorts-kids\/\",\"name\":\"MTB Classic Shorts - iNOW.ch\",\"isPartOf\":{\"@id\":\"https:\/\/products.inow.ch\/#website\"},\"primaryImageOfPage\":{\"@id\":\"https:\/\/products.inow.ch\/produkt\/inow-mtb-classic-shorts-kids\/#primaryimage\"},\"image\":{\"@id\":\"https:\/\/products.inow.ch\/produkt\/inow-mtb-classic-shorts-kids\/#primaryimage\"},\"thumbnailUrl\":\"https:\/\/products.inow.ch\/wp-content\/uploads\/2022\/01\/ISJAN22_OBK_SH002_C-MTB-Classic-Shorts_front.png\",\"datePublished\":\"2022-01-10T16:25:22+00:00\",\"dateModified\":\"2025-03-13T09:03:40+00:00\",\"breadcrumb\":{\"@id\":\"https:\/\/products.inow.ch\/produkt\/inow-mtb-classic-shorts-kids\/#breadcrumb\"},\"inLanguage\":\"fr-FR\",\"potentialAction\":[{\"@type\":\"ReadAction\",\"target\":[\"https:\/\/products.inow.ch\/produkt\/inow-mtb-classic-shorts-kids\/\"]}]},{\"@type\":\"ImageObject\",\"inLanguage\":\"fr-FR\",\"@id\":\"https:\/\/products.inow.ch\/produkt\/inow-mtb-classic-shorts-kids\/#primaryimage\",\"url\":\"https:\/\/products.inow.ch\/wp-content\/uploads\/2022\/01\/ISJAN22_OBK_SH002_C-MTB-Classic-Shorts_front.png\",\"contentUrl\":\"https:\/\/products.inow.ch\/wp-content\/uploads\/2022\/01\/ISJAN22_OBK_SH002_C-MTB-Classic-Shorts_front.png\",\"width\":1000,\"height\":1001},{\"@type\":\"BreadcrumbList\",\"@id\":\"https:\/\/products.inow.ch\/produkt\/inow-mtb-classic-shorts-kids\/#breadcrumb\",\"itemListElement\":[{\"@type\":\"ListItem\",\"position\":1,\"name\":\"Startseite\",\"item\":\"https:\/\/products.inow.ch\/\"},{\"@type\":\"ListItem\",\"position\":2,\"name\":\"Sortiment\",\"item\":\"https:\/\/products.inow.ch\/\"},{\"@type\":\"ListItem\",\"position\":3,\"name\":\"MTB Classic Shorts\"}]},{\"@type\":\"WebSite\",\"@id\":\"https:\/\/products.inow.ch\/#website\",\"url\":\"https:\/\/products.inow.ch\/\",\"name\":\"iNOW.ch\",\"description\":\"Offerten\",\"publisher\":{\"@id\":\"https:\/\/products.inow.ch\/#organization\"},\"potentialAction\":[{\"@type\":\"SearchAction\",\"target\":{\"@type\":\"EntryPoint\",\"urlTemplate\":\"https:\/\/products.inow.ch\/?s={search_term_string}\"},\"query-input\":{\"@type\":\"PropertyValueSpecification\",\"valueRequired\":true,\"valueName\":\"search_term_string\"}}],\"inLanguage\":\"fr-FR\"},{\"@type\":\"Organization\",\"@id\":\"https:\/\/products.inow.ch\/#organization\",\"name\":\"iNOW.ch\",\"url\":\"https:\/\/products.inow.ch\/\",\"logo\":{\"@type\":\"ImageObject\",\"inLanguage\":\"fr-FR\",\"@id\":\"https:\/\/products.inow.ch\/#\/schema\/logo\/image\/\",\"url\":\"https:\/\/products.inow.ch\/wp-content\/uploads\/2021\/08\/210629_Logo_INOW_Pos.png\",\"contentUrl\":\"https:\/\/products.inow.ch\/wp-content\/uploads\/2021\/08\/210629_Logo_INOW_Pos.png\",\"width\":1749,\"height\":1241,\"caption\":\"iNOW.ch\"},\"image\":{\"@id\":\"https:\/\/products.inow.ch\/#\/schema\/logo\/image\/\"}}]}<\/script>\n<!-- \/ Yoast SEO plugin. -->","yoast_head_json":{"title":"MTB Classic Shorts - iNOW.ch","robots":{"index":"noindex","follow":"follow","max-snippet":"max-snippet:-1","max-image-preview":"max-image-preview:large","max-video-preview":"max-video-preview:-1"},"og_locale":"fr_FR","og_type":"article","og_title":"MTB Classic Shorts - iNOW.ch","og_description":"Mountainbike Shorts mit speziellem Bike-Fit Schnitt. Elastisches Polyester- und Elasthan-Material gew\u00e4hrleisten einen angenehmen Tragekomfort. Die Bund\u00f6ffnung ist mit Reissverschluss und Druckknopf ausgestattet und der Innenbund ist durch ein bew\u00e4hrtes Knopfsystem verstellbar. Tasche mit YKK-Reissverschluss auf beiden Beinen.  Diese Mountainbike Short harmoniert perfekt mit unserer hochwertigen Offroad Classic Innershorts und geh\u00f6rt definitiv zu unseren Bestsellern. Viele Kunden kombinieren sie gerne ganz unkompliziert mit unserer Cycling Classic (Bib) Short.","og_url":"https:\/\/products.inow.ch\/fr\/produit\/inow-mtb-classic-shorts-kids\/","og_site_name":"iNOW.ch","article_modified_time":"2025-03-13T09:03:40+00:00","og_image":[{"width":1000,"height":1001,"url":"http:\/\/products.inow.ch\/wp-content\/uploads\/2022\/01\/ISJAN22_OBK_SH002_C-MTB-Classic-Shorts_front.png","type":"image\/png"}],"twitter_card":"summary_large_image","twitter_misc":{"Dur\u00e9e de lecture estim\u00e9e":"1 minute"},"schema":{"@context":"https:\/\/schema.org","@graph":[{"@type":"WebPage","@id":"https:\/\/products.inow.ch\/produkt\/inow-mtb-classic-shorts-kids\/","url":"https:\/\/products.inow.ch\/produkt\/inow-mtb-classic-shorts-kids\/","name":"MTB Classic Shorts - iNOW.ch","isPartOf":{"@id":"https:\/\/products.inow.ch\/#website"},"primaryImageOfPage":{"@id":"https:\/\/products.inow.ch\/produkt\/inow-mtb-classic-shorts-kids\/#primaryimage"},"image":{"@id":"https:\/\/products.inow.ch\/produkt\/inow-mtb-classic-shorts-kids\/#primaryimage"},"thumbnailUrl":"https:\/\/products.inow.ch\/wp-content\/uploads\/2022\/01\/ISJAN22_OBK_SH002_C-MTB-Classic-Shorts_front.png","datePublished":"2022-01-10T16:25:22+00:00","dateModified":"2025-03-13T09:03:40+00:00","breadcrumb":{"@id":"https:\/\/products.inow.ch\/produkt\/inow-mtb-classic-shorts-kids\/#breadcrumb"},"inLanguage":"fr-FR","potentialAction":[{"@type":"ReadAction","target":["https:\/\/products.inow.ch\/produkt\/inow-mtb-classic-shorts-kids\/"]}]},{"@type":"ImageObject","inLanguage":"fr-FR","@id":"https:\/\/products.inow.ch\/produkt\/inow-mtb-classic-shorts-kids\/#primaryimage","url":"https:\/\/products.inow.ch\/wp-content\/uploads\/2022\/01\/ISJAN22_OBK_SH002_C-MTB-Classic-Shorts_front.png","contentUrl":"https:\/\/products.inow.ch\/wp-content\/uploads\/2022\/01\/ISJAN22_OBK_SH002_C-MTB-Classic-Shorts_front.png","width":1000,"height":1001},{"@type":"BreadcrumbList","@id":"https:\/\/products.inow.ch\/produkt\/inow-mtb-classic-shorts-kids\/#breadcrumb","itemListElement":[{"@type":"ListItem","position":1,"name":"Startseite","item":"https:\/\/products.inow.ch\/"},{"@type":"ListItem","position":2,"name":"Sortiment","item":"https:\/\/products.inow.ch\/"},{"@type":"ListItem","position":3,"name":"MTB Classic Shorts"}]},{"@type":"WebSite","@id":"https:\/\/products.inow.ch\/#website","url":"https:\/\/products.inow.ch\/","name":"iNOW.ch","description":"Offres","publisher":{"@id":"https:\/\/products.inow.ch\/#organization"},"potentialAction":[{"@type":"SearchAction","target":{"@type":"EntryPoint","urlTemplate":"https:\/\/products.inow.ch\/?s={search_term_string}"},"query-input":{"@type":"PropertyValueSpecification","valueRequired":true,"valueName":"search_term_string"}}],"inLanguage":"fr-FR"},{"@type":"Organization","@id":"https:\/\/products.inow.ch\/#organization","name":"iNOW.ch","url":"https:\/\/products.inow.ch\/","logo":{"@type":"ImageObject","inLanguage":"fr-FR","@id":"https:\/\/products.inow.ch\/#\/schema\/logo\/image\/","url":"https:\/\/products.inow.ch\/wp-content\/uploads\/2021\/08\/210629_Logo_INOW_Pos.png","contentUrl":"https:\/\/products.inow.ch\/wp-content\/uploads\/2021\/08\/210629_Logo_INOW_Pos.png","width":1749,"height":1241,"caption":"iNOW.ch"},"image":{"@id":"https:\/\/products.inow.ch\/#\/schema\/logo\/image\/"}}]}},"_links":{"self":[{"href":"https:\/\/products.inow.ch\/fr\/wp-json\/wp\/v2\/product\/4292"}],"collection":[{"href":"https:\/\/products.inow.ch\/fr\/wp-json\/wp\/v2\/product"}],"about":[{"href":"https:\/\/products.inow.ch\/fr\/wp-json\/wp\/v2\/types\/product"}],"wp:featuredmedia":[{"embeddable":true,"href":"https:\/\/products.inow.ch\/fr\/wp-json\/wp\/v2\/media\/4697"}],"wp:attachment":[{"href":"https:\/\/products.inow.ch\/fr\/wp-json\/wp\/v2\/media?parent=4292"}],"wp:term":[{"taxonomy":"product_brand","embeddable":true,"href":"https:\/\/products.inow.ch\/fr\/wp-json\/wp\/v2\/product_brand?post=4292"},{"taxonomy":"product_cat","embeddable":true,"href":"https:\/\/products.inow.ch\/fr\/wp-json\/wp\/v2\/product_cat?post=4292"},{"taxonomy":"product_tag","embeddable":true,"href":"https:\/\/products.inow.ch\/fr\/wp-json\/wp\/v2\/product_tag?post=4292"}],"curies":[{"name":"wp","href":"https:\/\/api.w.org\/{rel}","templated":true}]}}