{"id":4205,"date":"2022-01-07T10:31:17","date_gmt":"2022-01-07T10:31:17","guid":{"rendered":"https:\/\/products.inow.ch\/?post_type=product&#038;p=4205"},"modified":"2025-11-07T07:43:06","modified_gmt":"2025-11-07T07:43:06","slug":"inow-cycling-classic-jersey-long-sleeve-thermo-men","status":"publish","type":"product","link":"https:\/\/products.inow.ch\/fr\/produit\/inow-cycling-classic-jersey-long-sleeve-thermo-men\/","title":{"rendered":"Cycling Classic Jersey manches longues thermique"},"content":{"rendered":"<p>\u2022 Classic Line | XS - 3XL<br \/>\n\u2022 S\u00e9chage rapide<br \/>\n\u2022 R\u00e9gule la chaleur<br \/>\n\u2022 Coupe raglan aux bras<br \/>\n\u2022 Fermeture \u00e9clair YKK sur toute la longueur \u00e0 l'avant<br \/>\n\u2022 Poche arri\u00e8re \u00e0 3 compartiments<br \/>\n\u2022 Dos rallong\u00e9 avec bande en silicone<\/p>\n<p>Mat\u00e9riau : polyester 100%<\/p>\n<p>Ajuster la longueur du bras (-2cm, -4cm, +2cm, +4cm) CHF 12.00<br \/>\nAjuster la longueur du corps (-2.5cm, -5cm, +2.5cm, +5cm) CHF 12.00<br \/>\nPoche zipp\u00e9e\u00a0<small class=\"option-price\"><span class=\"brackets\">(<\/span><span class=\"sign positive\">+<\/span><span class=\"woocommerce-Price-amount amount\"><span class=\"woocommerce-Price-currencySymbol\">CHF<\/span>\u00a03.00<\/span><span class=\"brackets\">)<br \/>\n<\/span><\/small>Poche zipp\u00e9e r\u00e9fl\u00e9chissante argent\/noir <small class=\"option-price\"><span class=\"brackets\">(<\/span><span class=\"sign positive\">+<\/span><span class=\"woocommerce-Price-amount amount\"><span class=\"woocommerce-Price-currencySymbol\">CHF<\/span>\u00a04.00<\/span><span class=\"brackets\">)<br \/>\n<\/span><\/small><small class=\"option-price\"><\/small>Poche pour t\u00e9l\u00e9phone au milieu du dos (+CHF 2.00)<br \/>\nPetit logo r\u00e9fl\u00e9chissant \u00e0 l'arri\u00e8re argent\u00e9\/noir (+CHF 3.00)<\/p>","protected":false},"excerpt":{"rendered":"<p>Maillot de cyclisme \u00e0 manches longues avec coupe proche du corps. Mati\u00e8re polyester \u00e9lastique. Le tissu moelleux et doux \u00e0 l'int\u00e9rieur r\u00e9gule la chaleur et donne au maillot un comfort extr\u00eamement agr\u00e9able. Col montant ajust\u00e9 avec fermeture \u00e9clair \u00e0 blocage sur toute la longueur \u00e0 l'avant et poche arri\u00e8re \u00e0 3 compartiments. Dos rallong\u00e9 avec bande en silicone.<\/p>\n<p>Ce maillot \u00e0 manches longues est tr\u00e8s appr\u00e9ci\u00e9 par les sportifs amateurs et les clubs de v\u00e9lo. Il est le compagnon id\u00e9al pour les sorties plus fra\u00eeches et te donne encore agr\u00e9ablement chaud sur la terrasse apr\u00e8s le v\u00e9lo.<\/p>","protected":false},"featured_media":4563,"template":"","meta":{"ocean_post_layout":"","ocean_both_sidebars_style":"","ocean_both_sidebars_content_width":0,"ocean_both_sidebars_sidebars_width":0,"ocean_sidebar":"0","ocean_second_sidebar":"0","ocean_disable_margins":"enable","ocean_add_body_class":"","ocean_shortcode_before_top_bar":"","ocean_shortcode_after_top_bar":"","ocean_shortcode_before_header":"","ocean_shortcode_after_header":"","ocean_has_shortcode":"","ocean_shortcode_after_title":"","ocean_shortcode_before_footer_widgets":"","ocean_shortcode_after_footer_widgets":"","ocean_shortcode_before_footer_bottom":"","ocean_shortcode_after_footer_bottom":"","ocean_display_top_bar":"default","ocean_display_header":"default","ocean_header_style":"","ocean_center_header_left_menu":"0","ocean_custom_header_template":"0","ocean_custom_logo":0,"ocean_custom_retina_logo":0,"ocean_custom_logo_max_width":0,"ocean_custom_logo_tablet_max_width":0,"ocean_custom_logo_mobile_max_width":0,"ocean_custom_logo_max_height":0,"ocean_custom_logo_tablet_max_height":0,"ocean_custom_logo_mobile_max_height":0,"ocean_header_custom_menu":"0","ocean_menu_typo_font_family":"0","ocean_menu_typo_font_subset":"","ocean_menu_typo_font_size":0,"ocean_menu_typo_font_size_tablet":0,"ocean_menu_typo_font_size_mobile":0,"ocean_menu_typo_font_size_unit":"px","ocean_menu_typo_font_weight":"","ocean_menu_typo_font_weight_tablet":"","ocean_menu_typo_font_weight_mobile":"","ocean_menu_typo_transform":"","ocean_menu_typo_transform_tablet":"","ocean_menu_typo_transform_mobile":"","ocean_menu_typo_line_height":0,"ocean_menu_typo_line_height_tablet":0,"ocean_menu_typo_line_height_mobile":0,"ocean_menu_typo_line_height_unit":"","ocean_menu_typo_spacing":0,"ocean_menu_typo_spacing_tablet":0,"ocean_menu_typo_spacing_mobile":0,"ocean_menu_typo_spacing_unit":"","ocean_menu_link_color":"","ocean_menu_link_color_hover":"","ocean_menu_link_color_active":"","ocean_menu_link_background":"","ocean_menu_link_hover_background":"","ocean_menu_link_active_background":"","ocean_menu_social_links_bg":"","ocean_menu_social_hover_links_bg":"","ocean_menu_social_links_color":"","ocean_menu_social_hover_links_color":"","ocean_disable_title":"default","ocean_disable_heading":"default","ocean_post_title":"","ocean_post_subheading":"","ocean_post_title_style":"","ocean_post_title_background_color":"","ocean_post_title_background":0,"ocean_post_title_bg_image_position":"","ocean_post_title_bg_image_attachment":"","ocean_post_title_bg_image_repeat":"","ocean_post_title_bg_image_size":"","ocean_post_title_height":0,"ocean_post_title_bg_overlay":0.5,"ocean_post_title_bg_overlay_color":"","ocean_disable_breadcrumbs":"default","ocean_breadcrumbs_color":"","ocean_breadcrumbs_separator_color":"","ocean_breadcrumbs_links_color":"","ocean_breadcrumbs_links_hover_color":"","ocean_display_footer_widgets":"default","ocean_display_footer_bottom":"default","ocean_custom_footer_template":"0"},"product_brand":[],"product_cat":[89,88,90],"product_tag":[],"class_list":{"0":"post-4205","1":"product","2":"type-product","3":"status-publish","4":"has-post-thumbnail","6":"product_cat-cycling","7":"product_cat-classic-cycling","8":"product_cat-men-classic-cycling","10":"entry","11":"has-media","13":"first","14":"instock","15":"taxable","16":"shipping-taxable","17":"purchasable","18":"product-type-simple","19":"col","20":"span_1_of_4","21":"owp-content-center","22":"owp-thumbs-layout-horizontal","23":"owp-btn-normal","24":"owp-tabs-layout-horizontal"},"yoast_head":"<!-- This site is optimized with the Yoast SEO plugin v24.8.1 - https:\/\/yoast.com\/wordpress\/plugins\/seo\/ -->\n<title>Cycling Classic Jersey Long Sleeve Thermo - iNOW.ch<\/title>\n<meta name=\"robots\" content=\"noindex, follow, max-snippet:-1, max-image-preview:large, max-video-preview:-1\" \/>\n<meta property=\"og:locale\" content=\"fr_FR\" \/>\n<meta property=\"og:type\" content=\"article\" \/>\n<meta property=\"og:title\" content=\"Cycling Classic Jersey Long Sleeve Thermo - iNOW.ch\" \/>\n<meta property=\"og:description\" content=\"Langarm Cycling Trikot mit k\u00f6pernaher Passform. Elastisches Polyester-Material. Der innen leicht angeraute Stoff reguliert die W\u00e4rme und verleiht dem Trikot einen extrem angenehmen Tragekomfort. Anliegender Stehkragen mit durchgehendem arretierendem Reissverschluss in der Front und praktische 3-fach R\u00fcckentasche. Verl\u00e4ngertes R\u00fcckenteil mit Silikonband.  Dieses langarm Trikot ist bei Hobbysportlern und Velo-Vereinen sehr beliebt. Es ist der perfekte Begleiter f\u00fcr k\u00fchlere Ausfahrten und gibt dir auch beim After-Bike auf der Terrasse noch angenehm warm.\" \/>\n<meta property=\"og:url\" content=\"https:\/\/products.inow.ch\/fr\/produit\/inow-cycling-classic-jersey-long-sleeve-thermo-men\/\" \/>\n<meta property=\"og:site_name\" content=\"iNOW.ch\" \/>\n<meta property=\"article:modified_time\" content=\"2025-11-07T07:43:06+00:00\" \/>\n<meta property=\"og:image\" content=\"http:\/\/products.inow.ch\/wp-content\/uploads\/2022\/02\/ISJAN22_CTM_LS301_C-CYCLING-Classic-Jersey-long-sleeve-Thermo_front-.png\" \/>\n\t<meta property=\"og:image:width\" content=\"1000\" \/>\n\t<meta property=\"og:image:height\" content=\"1001\" \/>\n\t<meta property=\"og:image:type\" content=\"image\/png\" \/>\n<meta name=\"twitter:card\" content=\"summary_large_image\" \/>\n<meta name=\"twitter:label1\" content=\"Dur\u00e9e de lecture estim\u00e9e\" \/>\n\t<meta name=\"twitter:data1\" content=\"1 minute\" \/>\n<script type=\"application\/ld+json\" class=\"yoast-schema-graph\">{\"@context\":\"https:\/\/schema.org\",\"@graph\":[{\"@type\":\"WebPage\",\"@id\":\"https:\/\/products.inow.ch\/produkt\/inow-cycling-classic-jersey-long-sleeve-thermo-men\/\",\"url\":\"https:\/\/products.inow.ch\/produkt\/inow-cycling-classic-jersey-long-sleeve-thermo-men\/\",\"name\":\"Cycling Classic Jersey Long Sleeve Thermo - iNOW.ch\",\"isPartOf\":{\"@id\":\"https:\/\/products.inow.ch\/#website\"},\"primaryImageOfPage\":{\"@id\":\"https:\/\/products.inow.ch\/produkt\/inow-cycling-classic-jersey-long-sleeve-thermo-men\/#primaryimage\"},\"image\":{\"@id\":\"https:\/\/products.inow.ch\/produkt\/inow-cycling-classic-jersey-long-sleeve-thermo-men\/#primaryimage\"},\"thumbnailUrl\":\"https:\/\/products.inow.ch\/wp-content\/uploads\/2022\/02\/ISJAN22_CTM_LS301_C-CYCLING-Classic-Jersey-long-sleeve-Thermo_front-.png\",\"datePublished\":\"2022-01-07T10:31:17+00:00\",\"dateModified\":\"2025-11-07T07:43:06+00:00\",\"breadcrumb\":{\"@id\":\"https:\/\/products.inow.ch\/produkt\/inow-cycling-classic-jersey-long-sleeve-thermo-men\/#breadcrumb\"},\"inLanguage\":\"fr-FR\",\"potentialAction\":[{\"@type\":\"ReadAction\",\"target\":[\"https:\/\/products.inow.ch\/produkt\/inow-cycling-classic-jersey-long-sleeve-thermo-men\/\"]}]},{\"@type\":\"ImageObject\",\"inLanguage\":\"fr-FR\",\"@id\":\"https:\/\/products.inow.ch\/produkt\/inow-cycling-classic-jersey-long-sleeve-thermo-men\/#primaryimage\",\"url\":\"https:\/\/products.inow.ch\/wp-content\/uploads\/2022\/02\/ISJAN22_CTM_LS301_C-CYCLING-Classic-Jersey-long-sleeve-Thermo_front-.png\",\"contentUrl\":\"https:\/\/products.inow.ch\/wp-content\/uploads\/2022\/02\/ISJAN22_CTM_LS301_C-CYCLING-Classic-Jersey-long-sleeve-Thermo_front-.png\",\"width\":1000,\"height\":1001},{\"@type\":\"BreadcrumbList\",\"@id\":\"https:\/\/products.inow.ch\/produkt\/inow-cycling-classic-jersey-long-sleeve-thermo-men\/#breadcrumb\",\"itemListElement\":[{\"@type\":\"ListItem\",\"position\":1,\"name\":\"Startseite\",\"item\":\"https:\/\/products.inow.ch\/\"},{\"@type\":\"ListItem\",\"position\":2,\"name\":\"Sortiment\",\"item\":\"https:\/\/products.inow.ch\/\"},{\"@type\":\"ListItem\",\"position\":3,\"name\":\"Cycling Classic Jersey Long Sleeve Thermo\"}]},{\"@type\":\"WebSite\",\"@id\":\"https:\/\/products.inow.ch\/#website\",\"url\":\"https:\/\/products.inow.ch\/\",\"name\":\"iNOW.ch\",\"description\":\"Offerten\",\"publisher\":{\"@id\":\"https:\/\/products.inow.ch\/#organization\"},\"potentialAction\":[{\"@type\":\"SearchAction\",\"target\":{\"@type\":\"EntryPoint\",\"urlTemplate\":\"https:\/\/products.inow.ch\/?s={search_term_string}\"},\"query-input\":{\"@type\":\"PropertyValueSpecification\",\"valueRequired\":true,\"valueName\":\"search_term_string\"}}],\"inLanguage\":\"fr-FR\"},{\"@type\":\"Organization\",\"@id\":\"https:\/\/products.inow.ch\/#organization\",\"name\":\"iNOW.ch\",\"url\":\"https:\/\/products.inow.ch\/\",\"logo\":{\"@type\":\"ImageObject\",\"inLanguage\":\"fr-FR\",\"@id\":\"https:\/\/products.inow.ch\/#\/schema\/logo\/image\/\",\"url\":\"https:\/\/products.inow.ch\/wp-content\/uploads\/2021\/08\/210629_Logo_INOW_Pos.png\",\"contentUrl\":\"https:\/\/products.inow.ch\/wp-content\/uploads\/2021\/08\/210629_Logo_INOW_Pos.png\",\"width\":1749,\"height\":1241,\"caption\":\"iNOW.ch\"},\"image\":{\"@id\":\"https:\/\/products.inow.ch\/#\/schema\/logo\/image\/\"}}]}<\/script>\n<!-- \/ Yoast SEO plugin. -->","yoast_head_json":{"title":"Cycling Classic Jersey Long Sleeve Thermo - iNOW.ch","robots":{"index":"noindex","follow":"follow","max-snippet":"max-snippet:-1","max-image-preview":"max-image-preview:large","max-video-preview":"max-video-preview:-1"},"og_locale":"fr_FR","og_type":"article","og_title":"Cycling Classic Jersey Long Sleeve Thermo - iNOW.ch","og_description":"Langarm Cycling Trikot mit k\u00f6pernaher Passform. Elastisches Polyester-Material. Der innen leicht angeraute Stoff reguliert die W\u00e4rme und verleiht dem Trikot einen extrem angenehmen Tragekomfort. Anliegender Stehkragen mit durchgehendem arretierendem Reissverschluss in der Front und praktische 3-fach R\u00fcckentasche. Verl\u00e4ngertes R\u00fcckenteil mit Silikonband.  Dieses langarm Trikot ist bei Hobbysportlern und Velo-Vereinen sehr beliebt. Es ist der perfekte Begleiter f\u00fcr k\u00fchlere Ausfahrten und gibt dir auch beim After-Bike auf der Terrasse noch angenehm warm.","og_url":"https:\/\/products.inow.ch\/fr\/produit\/inow-cycling-classic-jersey-long-sleeve-thermo-men\/","og_site_name":"iNOW.ch","article_modified_time":"2025-11-07T07:43:06+00:00","og_image":[{"width":1000,"height":1001,"url":"http:\/\/products.inow.ch\/wp-content\/uploads\/2022\/02\/ISJAN22_CTM_LS301_C-CYCLING-Classic-Jersey-long-sleeve-Thermo_front-.png","type":"image\/png"}],"twitter_card":"summary_large_image","twitter_misc":{"Dur\u00e9e de lecture estim\u00e9e":"1 minute"},"schema":{"@context":"https:\/\/schema.org","@graph":[{"@type":"WebPage","@id":"https:\/\/products.inow.ch\/produkt\/inow-cycling-classic-jersey-long-sleeve-thermo-men\/","url":"https:\/\/products.inow.ch\/produkt\/inow-cycling-classic-jersey-long-sleeve-thermo-men\/","name":"Cycling Classic Jersey Long Sleeve Thermo - iNOW.ch","isPartOf":{"@id":"https:\/\/products.inow.ch\/#website"},"primaryImageOfPage":{"@id":"https:\/\/products.inow.ch\/produkt\/inow-cycling-classic-jersey-long-sleeve-thermo-men\/#primaryimage"},"image":{"@id":"https:\/\/products.inow.ch\/produkt\/inow-cycling-classic-jersey-long-sleeve-thermo-men\/#primaryimage"},"thumbnailUrl":"https:\/\/products.inow.ch\/wp-content\/uploads\/2022\/02\/ISJAN22_CTM_LS301_C-CYCLING-Classic-Jersey-long-sleeve-Thermo_front-.png","datePublished":"2022-01-07T10:31:17+00:00","dateModified":"2025-11-07T07:43:06+00:00","breadcrumb":{"@id":"https:\/\/products.inow.ch\/produkt\/inow-cycling-classic-jersey-long-sleeve-thermo-men\/#breadcrumb"},"inLanguage":"fr-FR","potentialAction":[{"@type":"ReadAction","target":["https:\/\/products.inow.ch\/produkt\/inow-cycling-classic-jersey-long-sleeve-thermo-men\/"]}]},{"@type":"ImageObject","inLanguage":"fr-FR","@id":"https:\/\/products.inow.ch\/produkt\/inow-cycling-classic-jersey-long-sleeve-thermo-men\/#primaryimage","url":"https:\/\/products.inow.ch\/wp-content\/uploads\/2022\/02\/ISJAN22_CTM_LS301_C-CYCLING-Classic-Jersey-long-sleeve-Thermo_front-.png","contentUrl":"https:\/\/products.inow.ch\/wp-content\/uploads\/2022\/02\/ISJAN22_CTM_LS301_C-CYCLING-Classic-Jersey-long-sleeve-Thermo_front-.png","width":1000,"height":1001},{"@type":"BreadcrumbList","@id":"https:\/\/products.inow.ch\/produkt\/inow-cycling-classic-jersey-long-sleeve-thermo-men\/#breadcrumb","itemListElement":[{"@type":"ListItem","position":1,"name":"Startseite","item":"https:\/\/products.inow.ch\/"},{"@type":"ListItem","position":2,"name":"Sortiment","item":"https:\/\/products.inow.ch\/"},{"@type":"ListItem","position":3,"name":"Cycling Classic Jersey Long Sleeve Thermo"}]},{"@type":"WebSite","@id":"https:\/\/products.inow.ch\/#website","url":"https:\/\/products.inow.ch\/","name":"iNOW.ch","description":"Offres","publisher":{"@id":"https:\/\/products.inow.ch\/#organization"},"potentialAction":[{"@type":"SearchAction","target":{"@type":"EntryPoint","urlTemplate":"https:\/\/products.inow.ch\/?s={search_term_string}"},"query-input":{"@type":"PropertyValueSpecification","valueRequired":true,"valueName":"search_term_string"}}],"inLanguage":"fr-FR"},{"@type":"Organization","@id":"https:\/\/products.inow.ch\/#organization","name":"iNOW.ch","url":"https:\/\/products.inow.ch\/","logo":{"@type":"ImageObject","inLanguage":"fr-FR","@id":"https:\/\/products.inow.ch\/#\/schema\/logo\/image\/","url":"https:\/\/products.inow.ch\/wp-content\/uploads\/2021\/08\/210629_Logo_INOW_Pos.png","contentUrl":"https:\/\/products.inow.ch\/wp-content\/uploads\/2021\/08\/210629_Logo_INOW_Pos.png","width":1749,"height":1241,"caption":"iNOW.ch"},"image":{"@id":"https:\/\/products.inow.ch\/#\/schema\/logo\/image\/"}}]}},"_links":{"self":[{"href":"https:\/\/products.inow.ch\/fr\/wp-json\/wp\/v2\/product\/4205"}],"collection":[{"href":"https:\/\/products.inow.ch\/fr\/wp-json\/wp\/v2\/product"}],"about":[{"href":"https:\/\/products.inow.ch\/fr\/wp-json\/wp\/v2\/types\/product"}],"wp:featuredmedia":[{"embeddable":true,"href":"https:\/\/products.inow.ch\/fr\/wp-json\/wp\/v2\/media\/4563"}],"wp:attachment":[{"href":"https:\/\/products.inow.ch\/fr\/wp-json\/wp\/v2\/media?parent=4205"}],"wp:term":[{"taxonomy":"product_brand","embeddable":true,"href":"https:\/\/products.inow.ch\/fr\/wp-json\/wp\/v2\/product_brand?post=4205"},{"taxonomy":"product_cat","embeddable":true,"href":"https:\/\/products.inow.ch\/fr\/wp-json\/wp\/v2\/product_cat?post=4205"},{"taxonomy":"product_tag","embeddable":true,"href":"https:\/\/products.inow.ch\/fr\/wp-json\/wp\/v2\/product_tag?post=4205"}],"curies":[{"name":"wp","href":"https:\/\/api.w.org\/{rel}","templated":true}]}}