{"id":5884,"date":"2025-05-28T11:24:33","date_gmt":"2025-05-28T11:24:33","guid":{"rendered":"https:\/\/products.inow.ch\/?post_type=product&#038;p=5884"},"modified":"2025-08-12T12:59:40","modified_gmt":"2025-08-12T12:59:40","slug":"running-classic-split-shorts","status":"publish","type":"product","link":"https:\/\/products.inow.ch\/en\/product\/running-classic-split-shorts\/","title":{"rendered":"RUNNING CLASIC SPLIT SHORTS"},"content":{"rendered":"<p>- Classic Line | XXS - 3XL<br \/>\n- Extremely light fabric for best freedom of movement<br \/>\n- integrated lycra inner briefs<br \/>\n- Integrated zipped pocket at the back<br \/>\n- reflective logo at the back<br \/>\n- Waistband can be tightened thanks to cords<\/p>\n<p>Material: 90% polyamide, 10% spandex<\/p>\n<p>Adjust leg length (-2cm, -4cm, +2cm, +4cm) CHF 12.00<\/p>","protected":false},"excerpt":{"rendered":"<p data-start=\"257\" data-end=\"519\">The Running Split Shorts have been specially developed for runners who don't compromise. The ultra-light functional material ensures optimum ventilation, while the side split cut allows maximum freedom of movement with every step.<\/p>\n<p data-start=\"521\" data-end=\"910\">The integrated inner briefs offer a secure fit and a high level of comfort - even during intensive training sessions or on the marathon distance. An elasticated waistband with drawstring ensures a snug fit. The practical zip pocket on the back offers space for small essentials such as keys or gels - ideal for your runs on the track, in the park or during competitions.<\/p>\n<p class=\"\" data-start=\"611\" data-end=\"859\">","protected":false},"featured_media":5890,"template":"","meta":{"ocean_post_layout":"","ocean_both_sidebars_style":"","ocean_both_sidebars_content_width":0,"ocean_both_sidebars_sidebars_width":0,"ocean_sidebar":"0","ocean_second_sidebar":"0","ocean_disable_margins":"enable","ocean_add_body_class":"","ocean_shortcode_before_top_bar":"","ocean_shortcode_after_top_bar":"","ocean_shortcode_before_header":"","ocean_shortcode_after_header":"","ocean_has_shortcode":"","ocean_shortcode_after_title":"","ocean_shortcode_before_footer_widgets":"","ocean_shortcode_after_footer_widgets":"","ocean_shortcode_before_footer_bottom":"","ocean_shortcode_after_footer_bottom":"","ocean_display_top_bar":"default","ocean_display_header":"default","ocean_header_style":"","ocean_center_header_left_menu":"0","ocean_custom_header_template":"0","ocean_custom_logo":0,"ocean_custom_retina_logo":0,"ocean_custom_logo_max_width":0,"ocean_custom_logo_tablet_max_width":0,"ocean_custom_logo_mobile_max_width":0,"ocean_custom_logo_max_height":0,"ocean_custom_logo_tablet_max_height":0,"ocean_custom_logo_mobile_max_height":0,"ocean_header_custom_menu":"0","ocean_menu_typo_font_family":"0","ocean_menu_typo_font_subset":"","ocean_menu_typo_font_size":0,"ocean_menu_typo_font_size_tablet":0,"ocean_menu_typo_font_size_mobile":0,"ocean_menu_typo_font_size_unit":"px","ocean_menu_typo_font_weight":"","ocean_menu_typo_font_weight_tablet":"","ocean_menu_typo_font_weight_mobile":"","ocean_menu_typo_transform":"","ocean_menu_typo_transform_tablet":"","ocean_menu_typo_transform_mobile":"","ocean_menu_typo_line_height":0,"ocean_menu_typo_line_height_tablet":0,"ocean_menu_typo_line_height_mobile":0,"ocean_menu_typo_line_height_unit":"","ocean_menu_typo_spacing":0,"ocean_menu_typo_spacing_tablet":0,"ocean_menu_typo_spacing_mobile":0,"ocean_menu_typo_spacing_unit":"","ocean_menu_link_color":"","ocean_menu_link_color_hover":"","ocean_menu_link_color_active":"","ocean_menu_link_background":"","ocean_menu_link_hover_background":"","ocean_menu_link_active_background":"","ocean_menu_social_links_bg":"","ocean_menu_social_hover_links_bg":"","ocean_menu_social_links_color":"","ocean_menu_social_hover_links_color":"","ocean_disable_title":"default","ocean_disable_heading":"default","ocean_post_title":"","ocean_post_subheading":"","ocean_post_title_style":"","ocean_post_title_background_color":"","ocean_post_title_background":0,"ocean_post_title_bg_image_position":"","ocean_post_title_bg_image_attachment":"","ocean_post_title_bg_image_repeat":"","ocean_post_title_bg_image_size":"","ocean_post_title_height":0,"ocean_post_title_bg_overlay":0.5,"ocean_post_title_bg_overlay_color":"","ocean_disable_breadcrumbs":"default","ocean_breadcrumbs_color":"","ocean_breadcrumbs_separator_color":"","ocean_breadcrumbs_links_color":"","ocean_breadcrumbs_links_hover_color":"","ocean_display_footer_widgets":"default","ocean_display_footer_bottom":"default","ocean_custom_footer_template":"0"},"product_brand":[],"product_cat":[107,154],"product_tag":[],"class_list":{"0":"post-5884","1":"product","2":"type-product","3":"status-publish","4":"has-post-thumbnail","6":"product_cat-running","7":"product_cat-unisex","9":"entry","10":"has-media","12":"first","13":"instock","14":"taxable","15":"shipping-taxable","16":"purchasable","17":"product-type-simple","18":"col","19":"span_1_of_4","20":"owp-content-center","21":"owp-thumbs-layout-horizontal","22":"owp-btn-normal","23":"owp-tabs-layout-horizontal"},"yoast_head":"<!-- This site is optimized with the Yoast SEO plugin v24.8.1 - https:\/\/yoast.com\/wordpress\/plugins\/seo\/ -->\n<title>RUNNING CLASIC SPLIT SHORTS - iNOW.ch<\/title>\n<meta name=\"robots\" content=\"noindex, follow, max-snippet:-1, max-image-preview:large, max-video-preview:-1\" \/>\n<meta property=\"og:locale\" content=\"en_GB\" \/>\n<meta property=\"og:type\" content=\"article\" \/>\n<meta property=\"og:title\" content=\"RUNNING CLASIC SPLIT SHORTS - iNOW.ch\" \/>\n<meta property=\"og:description\" content=\"Die Running Split Shorts wurde speziell f\u00fcr L\u00e4ufer:innen entwickelt, die keine Kompromisse eingehen. Das ultraleichte Funktionsmaterial sorgt f\u00fcr optimale Bel\u00fcftung, w\u00e4hrend der seitliche Split-Schnitt maximale Bewegungsfreiheit bei jedem Schritt erm\u00f6glicht. Der integrierte Innenslip bietet sicheren Halt und hohen Tragekomfort \u2013 selbst bei intensiven Trainingseinheiten oder auf der Marathondistanz. Ein elastischer Bund mit Kordelzug sorgt f\u00fcr einen passgenauen Sitz. Die praktische Rei\u00dfverschlusstasche auf der R\u00fcckseite bietet Platz f\u00fcr kleine Essentials wie Schl\u00fcssel oder Gels \u2013 ideal f\u00fcr deine L\u00e4ufe auf der Bahn, im Park oder im Wettkampf.\" \/>\n<meta property=\"og:url\" content=\"https:\/\/products.inow.ch\/en\/product\/running-classic-split-shorts\/\" \/>\n<meta property=\"og:site_name\" content=\"iNOW.ch\" \/>\n<meta property=\"article:modified_time\" content=\"2025-08-12T12:59:40+00:00\" \/>\n<meta property=\"og:image\" content=\"http:\/\/products.inow.ch\/wp-content\/uploads\/2025\/06\/RBU_SP004_C-Running-Classic-Split-Short_front.png\" \/>\n\t<meta property=\"og:image:width\" content=\"500\" \/>\n\t<meta property=\"og:image:height\" content=\"501\" \/>\n\t<meta property=\"og:image:type\" content=\"image\/png\" \/>\n<meta name=\"twitter:card\" content=\"summary_large_image\" \/>\n<meta name=\"twitter:label1\" content=\"Estimated reading time\" \/>\n\t<meta name=\"twitter:data1\" content=\"1 minute\" \/>\n<script type=\"application\/ld+json\" class=\"yoast-schema-graph\">{\"@context\":\"https:\/\/schema.org\",\"@graph\":[{\"@type\":\"WebPage\",\"@id\":\"https:\/\/products.inow.ch\/produkt\/running-classic-split-shorts\/\",\"url\":\"https:\/\/products.inow.ch\/produkt\/running-classic-split-shorts\/\",\"name\":\"RUNNING CLASIC SPLIT SHORTS - iNOW.ch\",\"isPartOf\":{\"@id\":\"https:\/\/products.inow.ch\/#website\"},\"primaryImageOfPage\":{\"@id\":\"https:\/\/products.inow.ch\/produkt\/running-classic-split-shorts\/#primaryimage\"},\"image\":{\"@id\":\"https:\/\/products.inow.ch\/produkt\/running-classic-split-shorts\/#primaryimage\"},\"thumbnailUrl\":\"https:\/\/products.inow.ch\/wp-content\/uploads\/2025\/06\/RBU_SP004_C-Running-Classic-Split-Short_front.png\",\"datePublished\":\"2025-05-28T11:24:33+00:00\",\"dateModified\":\"2025-08-12T12:59:40+00:00\",\"breadcrumb\":{\"@id\":\"https:\/\/products.inow.ch\/produkt\/running-classic-split-shorts\/#breadcrumb\"},\"inLanguage\":\"en-GB\",\"potentialAction\":[{\"@type\":\"ReadAction\",\"target\":[\"https:\/\/products.inow.ch\/produkt\/running-classic-split-shorts\/\"]}]},{\"@type\":\"ImageObject\",\"inLanguage\":\"en-GB\",\"@id\":\"https:\/\/products.inow.ch\/produkt\/running-classic-split-shorts\/#primaryimage\",\"url\":\"https:\/\/products.inow.ch\/wp-content\/uploads\/2025\/06\/RBU_SP004_C-Running-Classic-Split-Short_front.png\",\"contentUrl\":\"https:\/\/products.inow.ch\/wp-content\/uploads\/2025\/06\/RBU_SP004_C-Running-Classic-Split-Short_front.png\",\"width\":500,\"height\":501},{\"@type\":\"BreadcrumbList\",\"@id\":\"https:\/\/products.inow.ch\/produkt\/running-classic-split-shorts\/#breadcrumb\",\"itemListElement\":[{\"@type\":\"ListItem\",\"position\":1,\"name\":\"Startseite\",\"item\":\"https:\/\/products.inow.ch\/\"},{\"@type\":\"ListItem\",\"position\":2,\"name\":\"Sortiment\",\"item\":\"https:\/\/products.inow.ch\/\"},{\"@type\":\"ListItem\",\"position\":3,\"name\":\"RUNNING CLASIC SPLIT SHORTS\"}]},{\"@type\":\"WebSite\",\"@id\":\"https:\/\/products.inow.ch\/#website\",\"url\":\"https:\/\/products.inow.ch\/\",\"name\":\"iNOW.ch\",\"description\":\"Offerten\",\"publisher\":{\"@id\":\"https:\/\/products.inow.ch\/#organization\"},\"potentialAction\":[{\"@type\":\"SearchAction\",\"target\":{\"@type\":\"EntryPoint\",\"urlTemplate\":\"https:\/\/products.inow.ch\/?s={search_term_string}\"},\"query-input\":{\"@type\":\"PropertyValueSpecification\",\"valueRequired\":true,\"valueName\":\"search_term_string\"}}],\"inLanguage\":\"en-GB\"},{\"@type\":\"Organization\",\"@id\":\"https:\/\/products.inow.ch\/#organization\",\"name\":\"iNOW.ch\",\"url\":\"https:\/\/products.inow.ch\/\",\"logo\":{\"@type\":\"ImageObject\",\"inLanguage\":\"en-GB\",\"@id\":\"https:\/\/products.inow.ch\/#\/schema\/logo\/image\/\",\"url\":\"https:\/\/products.inow.ch\/wp-content\/uploads\/2021\/08\/210629_Logo_INOW_Pos.png\",\"contentUrl\":\"https:\/\/products.inow.ch\/wp-content\/uploads\/2021\/08\/210629_Logo_INOW_Pos.png\",\"width\":1749,\"height\":1241,\"caption\":\"iNOW.ch\"},\"image\":{\"@id\":\"https:\/\/products.inow.ch\/#\/schema\/logo\/image\/\"}}]}<\/script>\n<!-- \/ Yoast SEO plugin. -->","yoast_head_json":{"title":"RUNNING CLASIC SPLIT SHORTS - iNOW.ch","robots":{"index":"noindex","follow":"follow","max-snippet":"max-snippet:-1","max-image-preview":"max-image-preview:large","max-video-preview":"max-video-preview:-1"},"og_locale":"en_GB","og_type":"article","og_title":"RUNNING CLASIC SPLIT SHORTS - iNOW.ch","og_description":"Die Running Split Shorts wurde speziell f\u00fcr L\u00e4ufer:innen entwickelt, die keine Kompromisse eingehen. Das ultraleichte Funktionsmaterial sorgt f\u00fcr optimale Bel\u00fcftung, w\u00e4hrend der seitliche Split-Schnitt maximale Bewegungsfreiheit bei jedem Schritt erm\u00f6glicht. Der integrierte Innenslip bietet sicheren Halt und hohen Tragekomfort \u2013 selbst bei intensiven Trainingseinheiten oder auf der Marathondistanz. Ein elastischer Bund mit Kordelzug sorgt f\u00fcr einen passgenauen Sitz. Die praktische Rei\u00dfverschlusstasche auf der R\u00fcckseite bietet Platz f\u00fcr kleine Essentials wie Schl\u00fcssel oder Gels \u2013 ideal f\u00fcr deine L\u00e4ufe auf der Bahn, im Park oder im Wettkampf.","og_url":"https:\/\/products.inow.ch\/en\/product\/running-classic-split-shorts\/","og_site_name":"iNOW.ch","article_modified_time":"2025-08-12T12:59:40+00:00","og_image":[{"width":500,"height":501,"url":"http:\/\/products.inow.ch\/wp-content\/uploads\/2025\/06\/RBU_SP004_C-Running-Classic-Split-Short_front.png","type":"image\/png"}],"twitter_card":"summary_large_image","twitter_misc":{"Estimated reading time":"1 minute"},"schema":{"@context":"https:\/\/schema.org","@graph":[{"@type":"WebPage","@id":"https:\/\/products.inow.ch\/produkt\/running-classic-split-shorts\/","url":"https:\/\/products.inow.ch\/produkt\/running-classic-split-shorts\/","name":"RUNNING CLASIC SPLIT SHORTS - iNOW.ch","isPartOf":{"@id":"https:\/\/products.inow.ch\/#website"},"primaryImageOfPage":{"@id":"https:\/\/products.inow.ch\/produkt\/running-classic-split-shorts\/#primaryimage"},"image":{"@id":"https:\/\/products.inow.ch\/produkt\/running-classic-split-shorts\/#primaryimage"},"thumbnailUrl":"https:\/\/products.inow.ch\/wp-content\/uploads\/2025\/06\/RBU_SP004_C-Running-Classic-Split-Short_front.png","datePublished":"2025-05-28T11:24:33+00:00","dateModified":"2025-08-12T12:59:40+00:00","breadcrumb":{"@id":"https:\/\/products.inow.ch\/produkt\/running-classic-split-shorts\/#breadcrumb"},"inLanguage":"en-GB","potentialAction":[{"@type":"ReadAction","target":["https:\/\/products.inow.ch\/produkt\/running-classic-split-shorts\/"]}]},{"@type":"ImageObject","inLanguage":"en-GB","@id":"https:\/\/products.inow.ch\/produkt\/running-classic-split-shorts\/#primaryimage","url":"https:\/\/products.inow.ch\/wp-content\/uploads\/2025\/06\/RBU_SP004_C-Running-Classic-Split-Short_front.png","contentUrl":"https:\/\/products.inow.ch\/wp-content\/uploads\/2025\/06\/RBU_SP004_C-Running-Classic-Split-Short_front.png","width":500,"height":501},{"@type":"BreadcrumbList","@id":"https:\/\/products.inow.ch\/produkt\/running-classic-split-shorts\/#breadcrumb","itemListElement":[{"@type":"ListItem","position":1,"name":"Startseite","item":"https:\/\/products.inow.ch\/"},{"@type":"ListItem","position":2,"name":"Sortiment","item":"https:\/\/products.inow.ch\/"},{"@type":"ListItem","position":3,"name":"RUNNING CLASIC SPLIT SHORTS"}]},{"@type":"WebSite","@id":"https:\/\/products.inow.ch\/#website","url":"https:\/\/products.inow.ch\/","name":"iNOW.ch","description":"Quotes","publisher":{"@id":"https:\/\/products.inow.ch\/#organization"},"potentialAction":[{"@type":"SearchAction","target":{"@type":"EntryPoint","urlTemplate":"https:\/\/products.inow.ch\/?s={search_term_string}"},"query-input":{"@type":"PropertyValueSpecification","valueRequired":true,"valueName":"search_term_string"}}],"inLanguage":"en-GB"},{"@type":"Organization","@id":"https:\/\/products.inow.ch\/#organization","name":"iNOW.ch","url":"https:\/\/products.inow.ch\/","logo":{"@type":"ImageObject","inLanguage":"en-GB","@id":"https:\/\/products.inow.ch\/#\/schema\/logo\/image\/","url":"https:\/\/products.inow.ch\/wp-content\/uploads\/2021\/08\/210629_Logo_INOW_Pos.png","contentUrl":"https:\/\/products.inow.ch\/wp-content\/uploads\/2021\/08\/210629_Logo_INOW_Pos.png","width":1749,"height":1241,"caption":"iNOW.ch"},"image":{"@id":"https:\/\/products.inow.ch\/#\/schema\/logo\/image\/"}}]}},"_links":{"self":[{"href":"https:\/\/products.inow.ch\/en\/wp-json\/wp\/v2\/product\/5884"}],"collection":[{"href":"https:\/\/products.inow.ch\/en\/wp-json\/wp\/v2\/product"}],"about":[{"href":"https:\/\/products.inow.ch\/en\/wp-json\/wp\/v2\/types\/product"}],"wp:featuredmedia":[{"embeddable":true,"href":"https:\/\/products.inow.ch\/en\/wp-json\/wp\/v2\/media\/5890"}],"wp:attachment":[{"href":"https:\/\/products.inow.ch\/en\/wp-json\/wp\/v2\/media?parent=5884"}],"wp:term":[{"taxonomy":"product_brand","embeddable":true,"href":"https:\/\/products.inow.ch\/en\/wp-json\/wp\/v2\/product_brand?post=5884"},{"taxonomy":"product_cat","embeddable":true,"href":"https:\/\/products.inow.ch\/en\/wp-json\/wp\/v2\/product_cat?post=5884"},{"taxonomy":"product_tag","embeddable":true,"href":"https:\/\/products.inow.ch\/en\/wp-json\/wp\/v2\/product_tag?post=5884"}],"curies":[{"name":"wp","href":"https:\/\/api.w.org\/{rel}","templated":true}]}}