{"id":5672,"date":"2025-03-14T13:44:55","date_gmt":"2025-03-14T13:44:55","guid":{"rendered":"https:\/\/products.inow.ch\/?post_type=product&#038;p=5672"},"modified":"2026-03-12T14:40:21","modified_gmt":"2026-03-12T14:40:21","slug":"cycling-pro-race-jersey-short-sleeve-women","status":"publish","type":"product","link":"https:\/\/products.inow.ch\/en\/product\/cycling-pro-race-jersey-short-sleeve-women\/","title":{"rendered":"Cycling Pro RACE Jersey short sleeve"},"content":{"rendered":"<p>- Pro Line | XXS - 2XL<br \/>\n- Very quick-drying material mix<br \/>\n- seamless ribbed cuffs<br \/>\n- Raglan cut on the arm<br \/>\n- Full-length YKK zipper in the front<br \/>\n- 3 compartment back pocket<\/p>\n<p>Material: 90% polyester, 10% elastane<\/p>\n<p>Adjust arm length (-2cm, -4cm, +2cm, +4cm) CHF 12.00<br \/>\nAdjust body length (-2.5cm, -5cm, +2.5cm, +5cm) CHF 12.00<\/p>\n<p>Rear zip pocket CHF 3.00 \/ reflective silver or black CHF 4.00<br \/>\nRear smartphone pocket CHF 2.00<br \/>\nReflective element at the back silver or black CHF 3.00<\/p>","protected":false},"excerpt":{"rendered":"<p>This aerodynamic Pro Race jersey with a tight fit is aimed at competition-orientated riders. The innovative material mix of ultra-light, breathable fabrics ensures optimum air circulation and maximum comfort.<\/p>\n<p>Perfect for intense rides on hot summer days: this jersey feels like a second skin and supports you with excellent heat regulation and aerodynamic efficiency.<\/p>\n<p>The advanced raglan cut with seamless, ribbed sleeves improves the fit and reduces drag. A flat collar and a full-length, locking front zip offer additional functionality. The three-part back pocket offers space for the essentials on long tours.<\/p>","protected":false},"featured_media":5924,"template":"","meta":{"ocean_post_layout":"","ocean_both_sidebars_style":"","ocean_both_sidebars_content_width":0,"ocean_both_sidebars_sidebars_width":0,"ocean_sidebar":"0","ocean_second_sidebar":"0","ocean_disable_margins":"enable","ocean_add_body_class":"","ocean_shortcode_before_top_bar":"","ocean_shortcode_after_top_bar":"","ocean_shortcode_before_header":"","ocean_shortcode_after_header":"","ocean_has_shortcode":"","ocean_shortcode_after_title":"","ocean_shortcode_before_footer_widgets":"","ocean_shortcode_after_footer_widgets":"","ocean_shortcode_before_footer_bottom":"","ocean_shortcode_after_footer_bottom":"","ocean_display_top_bar":"default","ocean_display_header":"default","ocean_header_style":"","ocean_center_header_left_menu":"0","ocean_custom_header_template":"0","ocean_custom_logo":0,"ocean_custom_retina_logo":0,"ocean_custom_logo_max_width":0,"ocean_custom_logo_tablet_max_width":0,"ocean_custom_logo_mobile_max_width":0,"ocean_custom_logo_max_height":0,"ocean_custom_logo_tablet_max_height":0,"ocean_custom_logo_mobile_max_height":0,"ocean_header_custom_menu":"0","ocean_menu_typo_font_family":"0","ocean_menu_typo_font_subset":"","ocean_menu_typo_font_size":0,"ocean_menu_typo_font_size_tablet":0,"ocean_menu_typo_font_size_mobile":0,"ocean_menu_typo_font_size_unit":"px","ocean_menu_typo_font_weight":"","ocean_menu_typo_font_weight_tablet":"","ocean_menu_typo_font_weight_mobile":"","ocean_menu_typo_transform":"","ocean_menu_typo_transform_tablet":"","ocean_menu_typo_transform_mobile":"","ocean_menu_typo_line_height":0,"ocean_menu_typo_line_height_tablet":0,"ocean_menu_typo_line_height_mobile":0,"ocean_menu_typo_line_height_unit":"","ocean_menu_typo_spacing":0,"ocean_menu_typo_spacing_tablet":0,"ocean_menu_typo_spacing_mobile":0,"ocean_menu_typo_spacing_unit":"","ocean_menu_link_color":"","ocean_menu_link_color_hover":"","ocean_menu_link_color_active":"","ocean_menu_link_background":"","ocean_menu_link_hover_background":"","ocean_menu_link_active_background":"","ocean_menu_social_links_bg":"","ocean_menu_social_hover_links_bg":"","ocean_menu_social_links_color":"","ocean_menu_social_hover_links_color":"","ocean_disable_title":"default","ocean_disable_heading":"default","ocean_post_title":"","ocean_post_subheading":"","ocean_post_title_style":"","ocean_post_title_background_color":"","ocean_post_title_background":0,"ocean_post_title_bg_image_position":"","ocean_post_title_bg_image_attachment":"","ocean_post_title_bg_image_repeat":"","ocean_post_title_bg_image_size":"","ocean_post_title_height":0,"ocean_post_title_bg_overlay":0.5,"ocean_post_title_bg_overlay_color":"","ocean_disable_breadcrumbs":"default","ocean_breadcrumbs_color":"","ocean_breadcrumbs_separator_color":"","ocean_breadcrumbs_links_color":"","ocean_breadcrumbs_links_hover_color":"","ocean_display_footer_widgets":"default","ocean_display_footer_bottom":"default","ocean_custom_footer_template":"0"},"product_brand":[],"product_cat":[89,91,97],"product_tag":[],"class_list":{"0":"post-5672","1":"product","2":"type-product","3":"status-publish","4":"has-post-thumbnail","6":"product_cat-cycling","7":"product_cat-pro-cycling","8":"product_cat-women-pro-cycling","10":"entry","11":"has-media","13":"first","14":"instock","15":"taxable","16":"shipping-taxable","17":"product-type-simple","18":"col","19":"span_1_of_4","20":"owp-content-center","21":"owp-thumbs-layout-horizontal","22":"owp-btn-normal","23":"owp-tabs-layout-horizontal"},"yoast_head":"<!-- This site is optimized with the Yoast SEO plugin v24.8.1 - https:\/\/yoast.com\/wordpress\/plugins\/seo\/ -->\n<title>Cycling Pro RACE Jersey short sleeve - iNOW.ch<\/title>\n<meta name=\"robots\" content=\"noindex, follow, max-snippet:-1, max-image-preview:large, max-video-preview:-1\" \/>\n<meta property=\"og:locale\" content=\"en_GB\" \/>\n<meta property=\"og:type\" content=\"article\" \/>\n<meta property=\"og:title\" content=\"Cycling Pro RACE Jersey short sleeve - iNOW.ch\" \/>\n<meta property=\"og:description\" content=\"Dieses aerodynamische Pro Race Trikot mit enger Passform richtet sich an wettkampforientierte Fahrer. Der innovative Materialmix aus ultraleichten, atmungsaktiven Stoffen sorgt f\u00fcr optimale Luftzirkulation und maximalen Komfort.  Perfekt f\u00fcr intensive Fahrten an hei\u00dfen Sommertagen: Dieses Trikot f\u00fchlt sich an wie eine zweite Haut und unterst\u00fctzt dich mit exzellenter W\u00e4rmeregulierung und aerodynamischer Effizienz.  Der fortschrittliche Raglanschnitt mit nahtlosen, gerippten \u00c4rmeln verbessert die Passform und reduziert den Luftwiderstand. Ein flacher Kragen und ein durchgehender, arretierender Frontreissverschluss bieten zus\u00e4tzliche Funktionalit\u00e4t. Die dreigeteilte R\u00fcckentasche bietet Platz f\u00fcr das Wichtigste auf langen Touren.\" \/>\n<meta property=\"og:url\" content=\"https:\/\/products.inow.ch\/en\/product\/cycling-pro-race-jersey-short-sleeve-women\/\" \/>\n<meta property=\"og:site_name\" content=\"iNOW.ch\" \/>\n<meta property=\"article:modified_time\" content=\"2026-03-12T14:40:21+00:00\" \/>\n<meta property=\"og:image\" content=\"http:\/\/products.inow.ch\/wp-content\/uploads\/2025\/06\/ISJAN22-CTW_SS105_P-CYCLING-Pro-RACE-Jersey-Short-Sleeve_front.png\" \/>\n\t<meta property=\"og:image:width\" content=\"500\" \/>\n\t<meta property=\"og:image:height\" content=\"501\" \/>\n\t<meta property=\"og:image:type\" content=\"image\/png\" \/>\n<meta name=\"twitter:card\" content=\"summary_large_image\" \/>\n<meta name=\"twitter:label1\" content=\"Estimated reading time\" \/>\n\t<meta name=\"twitter:data1\" content=\"1 minute\" \/>\n<script type=\"application\/ld+json\" class=\"yoast-schema-graph\">{\"@context\":\"https:\/\/schema.org\",\"@graph\":[{\"@type\":\"WebPage\",\"@id\":\"https:\/\/products.inow.ch\/produkt\/cycling-pro-race-jersey-short-sleeve-women\/\",\"url\":\"https:\/\/products.inow.ch\/produkt\/cycling-pro-race-jersey-short-sleeve-women\/\",\"name\":\"Cycling Pro RACE Jersey short sleeve - iNOW.ch\",\"isPartOf\":{\"@id\":\"https:\/\/products.inow.ch\/#website\"},\"primaryImageOfPage\":{\"@id\":\"https:\/\/products.inow.ch\/produkt\/cycling-pro-race-jersey-short-sleeve-women\/#primaryimage\"},\"image\":{\"@id\":\"https:\/\/products.inow.ch\/produkt\/cycling-pro-race-jersey-short-sleeve-women\/#primaryimage\"},\"thumbnailUrl\":\"https:\/\/products.inow.ch\/wp-content\/uploads\/2025\/06\/ISJAN22-CTW_SS105_P-CYCLING-Pro-RACE-Jersey-Short-Sleeve_front.png\",\"datePublished\":\"2025-03-14T13:44:55+00:00\",\"dateModified\":\"2026-03-12T14:40:21+00:00\",\"breadcrumb\":{\"@id\":\"https:\/\/products.inow.ch\/produkt\/cycling-pro-race-jersey-short-sleeve-women\/#breadcrumb\"},\"inLanguage\":\"en-GB\",\"potentialAction\":[{\"@type\":\"ReadAction\",\"target\":[\"https:\/\/products.inow.ch\/produkt\/cycling-pro-race-jersey-short-sleeve-women\/\"]}]},{\"@type\":\"ImageObject\",\"inLanguage\":\"en-GB\",\"@id\":\"https:\/\/products.inow.ch\/produkt\/cycling-pro-race-jersey-short-sleeve-women\/#primaryimage\",\"url\":\"https:\/\/products.inow.ch\/wp-content\/uploads\/2025\/06\/ISJAN22-CTW_SS105_P-CYCLING-Pro-RACE-Jersey-Short-Sleeve_front.png\",\"contentUrl\":\"https:\/\/products.inow.ch\/wp-content\/uploads\/2025\/06\/ISJAN22-CTW_SS105_P-CYCLING-Pro-RACE-Jersey-Short-Sleeve_front.png\",\"width\":500,\"height\":501},{\"@type\":\"BreadcrumbList\",\"@id\":\"https:\/\/products.inow.ch\/produkt\/cycling-pro-race-jersey-short-sleeve-women\/#breadcrumb\",\"itemListElement\":[{\"@type\":\"ListItem\",\"position\":1,\"name\":\"Startseite\",\"item\":\"https:\/\/products.inow.ch\/\"},{\"@type\":\"ListItem\",\"position\":2,\"name\":\"Sortiment\",\"item\":\"https:\/\/products.inow.ch\/\"},{\"@type\":\"ListItem\",\"position\":3,\"name\":\"Cycling Pro RACE Jersey short sleeve\"}]},{\"@type\":\"WebSite\",\"@id\":\"https:\/\/products.inow.ch\/#website\",\"url\":\"https:\/\/products.inow.ch\/\",\"name\":\"iNOW.ch\",\"description\":\"Offerten\",\"publisher\":{\"@id\":\"https:\/\/products.inow.ch\/#organization\"},\"potentialAction\":[{\"@type\":\"SearchAction\",\"target\":{\"@type\":\"EntryPoint\",\"urlTemplate\":\"https:\/\/products.inow.ch\/?s={search_term_string}\"},\"query-input\":{\"@type\":\"PropertyValueSpecification\",\"valueRequired\":true,\"valueName\":\"search_term_string\"}}],\"inLanguage\":\"en-GB\"},{\"@type\":\"Organization\",\"@id\":\"https:\/\/products.inow.ch\/#organization\",\"name\":\"iNOW.ch\",\"url\":\"https:\/\/products.inow.ch\/\",\"logo\":{\"@type\":\"ImageObject\",\"inLanguage\":\"en-GB\",\"@id\":\"https:\/\/products.inow.ch\/#\/schema\/logo\/image\/\",\"url\":\"https:\/\/products.inow.ch\/wp-content\/uploads\/2021\/08\/210629_Logo_INOW_Pos.png\",\"contentUrl\":\"https:\/\/products.inow.ch\/wp-content\/uploads\/2021\/08\/210629_Logo_INOW_Pos.png\",\"width\":1749,\"height\":1241,\"caption\":\"iNOW.ch\"},\"image\":{\"@id\":\"https:\/\/products.inow.ch\/#\/schema\/logo\/image\/\"}}]}<\/script>\n<!-- \/ Yoast SEO plugin. -->","yoast_head_json":{"title":"Cycling Pro RACE Jersey short sleeve - iNOW.ch","robots":{"index":"noindex","follow":"follow","max-snippet":"max-snippet:-1","max-image-preview":"max-image-preview:large","max-video-preview":"max-video-preview:-1"},"og_locale":"en_GB","og_type":"article","og_title":"Cycling Pro RACE Jersey short sleeve - iNOW.ch","og_description":"Dieses aerodynamische Pro Race Trikot mit enger Passform richtet sich an wettkampforientierte Fahrer. Der innovative Materialmix aus ultraleichten, atmungsaktiven Stoffen sorgt f\u00fcr optimale Luftzirkulation und maximalen Komfort.  Perfekt f\u00fcr intensive Fahrten an hei\u00dfen Sommertagen: Dieses Trikot f\u00fchlt sich an wie eine zweite Haut und unterst\u00fctzt dich mit exzellenter W\u00e4rmeregulierung und aerodynamischer Effizienz.  Der fortschrittliche Raglanschnitt mit nahtlosen, gerippten \u00c4rmeln verbessert die Passform und reduziert den Luftwiderstand. Ein flacher Kragen und ein durchgehender, arretierender Frontreissverschluss bieten zus\u00e4tzliche Funktionalit\u00e4t. Die dreigeteilte R\u00fcckentasche bietet Platz f\u00fcr das Wichtigste auf langen Touren.","og_url":"https:\/\/products.inow.ch\/en\/product\/cycling-pro-race-jersey-short-sleeve-women\/","og_site_name":"iNOW.ch","article_modified_time":"2026-03-12T14:40:21+00:00","og_image":[{"width":500,"height":501,"url":"http:\/\/products.inow.ch\/wp-content\/uploads\/2025\/06\/ISJAN22-CTW_SS105_P-CYCLING-Pro-RACE-Jersey-Short-Sleeve_front.png","type":"image\/png"}],"twitter_card":"summary_large_image","twitter_misc":{"Estimated reading time":"1 minute"},"schema":{"@context":"https:\/\/schema.org","@graph":[{"@type":"WebPage","@id":"https:\/\/products.inow.ch\/produkt\/cycling-pro-race-jersey-short-sleeve-women\/","url":"https:\/\/products.inow.ch\/produkt\/cycling-pro-race-jersey-short-sleeve-women\/","name":"Cycling Pro RACE Jersey short sleeve - iNOW.ch","isPartOf":{"@id":"https:\/\/products.inow.ch\/#website"},"primaryImageOfPage":{"@id":"https:\/\/products.inow.ch\/produkt\/cycling-pro-race-jersey-short-sleeve-women\/#primaryimage"},"image":{"@id":"https:\/\/products.inow.ch\/produkt\/cycling-pro-race-jersey-short-sleeve-women\/#primaryimage"},"thumbnailUrl":"https:\/\/products.inow.ch\/wp-content\/uploads\/2025\/06\/ISJAN22-CTW_SS105_P-CYCLING-Pro-RACE-Jersey-Short-Sleeve_front.png","datePublished":"2025-03-14T13:44:55+00:00","dateModified":"2026-03-12T14:40:21+00:00","breadcrumb":{"@id":"https:\/\/products.inow.ch\/produkt\/cycling-pro-race-jersey-short-sleeve-women\/#breadcrumb"},"inLanguage":"en-GB","potentialAction":[{"@type":"ReadAction","target":["https:\/\/products.inow.ch\/produkt\/cycling-pro-race-jersey-short-sleeve-women\/"]}]},{"@type":"ImageObject","inLanguage":"en-GB","@id":"https:\/\/products.inow.ch\/produkt\/cycling-pro-race-jersey-short-sleeve-women\/#primaryimage","url":"https:\/\/products.inow.ch\/wp-content\/uploads\/2025\/06\/ISJAN22-CTW_SS105_P-CYCLING-Pro-RACE-Jersey-Short-Sleeve_front.png","contentUrl":"https:\/\/products.inow.ch\/wp-content\/uploads\/2025\/06\/ISJAN22-CTW_SS105_P-CYCLING-Pro-RACE-Jersey-Short-Sleeve_front.png","width":500,"height":501},{"@type":"BreadcrumbList","@id":"https:\/\/products.inow.ch\/produkt\/cycling-pro-race-jersey-short-sleeve-women\/#breadcrumb","itemListElement":[{"@type":"ListItem","position":1,"name":"Startseite","item":"https:\/\/products.inow.ch\/"},{"@type":"ListItem","position":2,"name":"Sortiment","item":"https:\/\/products.inow.ch\/"},{"@type":"ListItem","position":3,"name":"Cycling Pro RACE Jersey short sleeve"}]},{"@type":"WebSite","@id":"https:\/\/products.inow.ch\/#website","url":"https:\/\/products.inow.ch\/","name":"iNOW.ch","description":"Quotes","publisher":{"@id":"https:\/\/products.inow.ch\/#organization"},"potentialAction":[{"@type":"SearchAction","target":{"@type":"EntryPoint","urlTemplate":"https:\/\/products.inow.ch\/?s={search_term_string}"},"query-input":{"@type":"PropertyValueSpecification","valueRequired":true,"valueName":"search_term_string"}}],"inLanguage":"en-GB"},{"@type":"Organization","@id":"https:\/\/products.inow.ch\/#organization","name":"iNOW.ch","url":"https:\/\/products.inow.ch\/","logo":{"@type":"ImageObject","inLanguage":"en-GB","@id":"https:\/\/products.inow.ch\/#\/schema\/logo\/image\/","url":"https:\/\/products.inow.ch\/wp-content\/uploads\/2021\/08\/210629_Logo_INOW_Pos.png","contentUrl":"https:\/\/products.inow.ch\/wp-content\/uploads\/2021\/08\/210629_Logo_INOW_Pos.png","width":1749,"height":1241,"caption":"iNOW.ch"},"image":{"@id":"https:\/\/products.inow.ch\/#\/schema\/logo\/image\/"}}]}},"_links":{"self":[{"href":"https:\/\/products.inow.ch\/en\/wp-json\/wp\/v2\/product\/5672"}],"collection":[{"href":"https:\/\/products.inow.ch\/en\/wp-json\/wp\/v2\/product"}],"about":[{"href":"https:\/\/products.inow.ch\/en\/wp-json\/wp\/v2\/types\/product"}],"wp:featuredmedia":[{"embeddable":true,"href":"https:\/\/products.inow.ch\/en\/wp-json\/wp\/v2\/media\/5924"}],"wp:attachment":[{"href":"https:\/\/products.inow.ch\/en\/wp-json\/wp\/v2\/media?parent=5672"}],"wp:term":[{"taxonomy":"product_brand","embeddable":true,"href":"https:\/\/products.inow.ch\/en\/wp-json\/wp\/v2\/product_brand?post=5672"},{"taxonomy":"product_cat","embeddable":true,"href":"https:\/\/products.inow.ch\/en\/wp-json\/wp\/v2\/product_cat?post=5672"},{"taxonomy":"product_tag","embeddable":true,"href":"https:\/\/products.inow.ch\/en\/wp-json\/wp\/v2\/product_tag?post=5672"}],"curies":[{"name":"wp","href":"https:\/\/api.w.org\/{rel}","templated":true}]}}