{"id":5670,"date":"2025-03-14T13:32:36","date_gmt":"2025-03-14T13:32:36","guid":{"rendered":"https:\/\/products.inow.ch\/?post_type=product&#038;p=5670"},"modified":"2026-02-20T10:53:43","modified_gmt":"2026-02-20T10:53:43","slug":"cycling-pro-bib-shorts-women","status":"publish","type":"product","link":"https:\/\/products.inow.ch\/en\/product\/cycling-pro-bib-shorts-women\/","title":{"rendered":"Cycling Pro Bib Shorts"},"content":{"rendered":"<p>- Pro Line | XXS - 2XL<br \/>\n- 6-panel cut for best freedom of movement<br \/>\n- light lycra carriers<br \/>\n- 3D PadX seat pad for women \/\/ <strong>More information here:<\/strong> <a href=\"https:\/\/inow.ch\/radhosenpolster\/?\">https:\/\/inow.ch\/radhosenpolster\/?<\/a><br \/>\n- Comfortable leg cuffs without tape and silicone<br \/>\n- Standard with flat seams<br \/>\n- Reflective logo at the back<\/p>\n<p>Material: 80% polyamide, 20% spandex<\/p>\n<p>Options:<br \/>\nAdjust leg length (-2cm, -4cm, +2cm, +4cm) CHF 12.00<br \/>\n<strong>PADIX\u2122 3D <\/strong>Cycling shorts pad Women CHF 30.00<br \/>\nYou can find out all about the new, revolutionary seat pad <a href=\"https:\/\/inow.ch\/radhosenpolster\/?v=d88fc6edf21e\">here.<\/a><\/p>","protected":false},"excerpt":{"rendered":"<p>These high-quality Bib Shorts Pro have been developed for demanding riders who don't want to compromise on comfort and efficiency. The close-fitting cut and ergonomically optimised material mix ensure a perfect fit.<\/p>\n<p>The highly functional 3D seat pad provides excellent protection and cushioning - even on intensive rides and remains constant for many hours in the saddle.<\/p>\n<p><strong>More information here:<\/strong> <a href=\"https:\/\/inow.ch\/radhosenpolster\/?\">https:\/\/inow.ch\/radhosenpolster\/?<\/a><\/p>\n<p>Silicone-free leg cuffs ensure a stable fit without irritating the skin - for a natural feel with every movement. The lightweight straps made of Lycra material ensure optimum ventilation and a secure fit.<\/p>\n<p>Whether training or racing - the CYCLING PRO BIB SHORTS are your reliable and constant companion for every challenge on the bike.<\/p>","protected":false},"featured_media":5918,"template":"","meta":{"ocean_post_layout":"","ocean_both_sidebars_style":"","ocean_both_sidebars_content_width":0,"ocean_both_sidebars_sidebars_width":0,"ocean_sidebar":"0","ocean_second_sidebar":"0","ocean_disable_margins":"enable","ocean_add_body_class":"","ocean_shortcode_before_top_bar":"","ocean_shortcode_after_top_bar":"","ocean_shortcode_before_header":"","ocean_shortcode_after_header":"","ocean_has_shortcode":"","ocean_shortcode_after_title":"","ocean_shortcode_before_footer_widgets":"","ocean_shortcode_after_footer_widgets":"","ocean_shortcode_before_footer_bottom":"","ocean_shortcode_after_footer_bottom":"","ocean_display_top_bar":"default","ocean_display_header":"default","ocean_header_style":"","ocean_center_header_left_menu":"0","ocean_custom_header_template":"0","ocean_custom_logo":0,"ocean_custom_retina_logo":0,"ocean_custom_logo_max_width":0,"ocean_custom_logo_tablet_max_width":0,"ocean_custom_logo_mobile_max_width":0,"ocean_custom_logo_max_height":0,"ocean_custom_logo_tablet_max_height":0,"ocean_custom_logo_mobile_max_height":0,"ocean_header_custom_menu":"0","ocean_menu_typo_font_family":"0","ocean_menu_typo_font_subset":"","ocean_menu_typo_font_size":0,"ocean_menu_typo_font_size_tablet":0,"ocean_menu_typo_font_size_mobile":0,"ocean_menu_typo_font_size_unit":"px","ocean_menu_typo_font_weight":"","ocean_menu_typo_font_weight_tablet":"","ocean_menu_typo_font_weight_mobile":"","ocean_menu_typo_transform":"","ocean_menu_typo_transform_tablet":"","ocean_menu_typo_transform_mobile":"","ocean_menu_typo_line_height":0,"ocean_menu_typo_line_height_tablet":0,"ocean_menu_typo_line_height_mobile":0,"ocean_menu_typo_line_height_unit":"","ocean_menu_typo_spacing":0,"ocean_menu_typo_spacing_tablet":0,"ocean_menu_typo_spacing_mobile":0,"ocean_menu_typo_spacing_unit":"","ocean_menu_link_color":"","ocean_menu_link_color_hover":"","ocean_menu_link_color_active":"","ocean_menu_link_background":"","ocean_menu_link_hover_background":"","ocean_menu_link_active_background":"","ocean_menu_social_links_bg":"","ocean_menu_social_hover_links_bg":"","ocean_menu_social_links_color":"","ocean_menu_social_hover_links_color":"","ocean_disable_title":"default","ocean_disable_heading":"default","ocean_post_title":"","ocean_post_subheading":"","ocean_post_title_style":"","ocean_post_title_background_color":"","ocean_post_title_background":0,"ocean_post_title_bg_image_position":"","ocean_post_title_bg_image_attachment":"","ocean_post_title_bg_image_repeat":"","ocean_post_title_bg_image_size":"","ocean_post_title_height":0,"ocean_post_title_bg_overlay":0.5,"ocean_post_title_bg_overlay_color":"","ocean_disable_breadcrumbs":"default","ocean_breadcrumbs_color":"","ocean_breadcrumbs_separator_color":"","ocean_breadcrumbs_links_color":"","ocean_breadcrumbs_links_hover_color":"","ocean_display_footer_widgets":"default","ocean_display_footer_bottom":"default","ocean_custom_footer_template":"0"},"product_brand":[],"product_cat":[89,91,97],"product_tag":[],"class_list":{"0":"post-5670","1":"product","2":"type-product","3":"status-publish","4":"has-post-thumbnail","6":"product_cat-cycling","7":"product_cat-pro-cycling","8":"product_cat-women-pro-cycling","10":"entry","11":"has-media","13":"first","14":"instock","15":"taxable","16":"shipping-taxable","17":"product-type-simple","18":"col","19":"span_1_of_4","20":"owp-content-center","21":"owp-thumbs-layout-horizontal","22":"owp-btn-normal","23":"owp-tabs-layout-horizontal"},"yoast_head":"<!-- This site is optimized with the Yoast SEO plugin v24.8.1 - https:\/\/yoast.com\/wordpress\/plugins\/seo\/ -->\n<title>Cycling Pro Bib Shorts - iNOW.ch<\/title>\n<meta name=\"robots\" content=\"noindex, follow, max-snippet:-1, max-image-preview:large, max-video-preview:-1\" \/>\n<meta property=\"og:locale\" content=\"en_GB\" \/>\n<meta property=\"og:type\" content=\"article\" \/>\n<meta property=\"og:title\" content=\"Cycling Pro Bib Shorts - iNOW.ch\" \/>\n<meta property=\"og:description\" content=\"Diese hochwertigen Bib Shorts Pro wurden f\u00fcr anspruchsvolle Fahrer entwickelt, die keine Kompromisse bei Komfort und Effizienz eingehen wollen. Der k\u00f6rpernahe Schnitt und der ergonomisch optimierte Materialmix sorgen f\u00fcr eine perfekte Passform.  Das hochfunktionale 3D-Sitzpolster bietet hervorragenden Schutz und D\u00e4mpfung \u2013 auch bei intensiven Fahrten und bleibt \u00fcber viele Stunden im Sattel konstant.  Mehr Infos hier: https:\/\/inow.ch\/radhosenpolster\/?  Beinabschl\u00fcsse ohne Silikon sorgen f\u00fcr stabilen Halt, ohne die Haut zu reizen \u2013 f\u00fcr ein nat\u00fcrliches Tragegef\u00fchl bei jeder Bewegung. Die leichten Tr\u00e4ger aus Lycra-Material gew\u00e4hrleisten optimale Bel\u00fcftung und einen sicheren Sitz.  Ob Training oder Rennen \u2013 die CYCLING PRO BIB SHORTS ist dein zuverl\u00e4ssiger und konstanter Begleiter f\u00fcr jede Herausforderung auf dem Rad.\" \/>\n<meta property=\"og:url\" content=\"https:\/\/products.inow.ch\/en\/product\/cycling-pro-bib-shorts-women\/\" \/>\n<meta property=\"og:site_name\" content=\"iNOW.ch\" \/>\n<meta property=\"article:modified_time\" content=\"2026-02-20T10:53:43+00:00\" \/>\n<meta property=\"og:image\" content=\"http:\/\/products.inow.ch\/wp-content\/uploads\/2025\/06\/ISJAN22-CBW_BS113_P-Cycling-PRO-Bib-Shorts-_front.png\" \/>\n\t<meta property=\"og:image:width\" content=\"500\" \/>\n\t<meta property=\"og:image:height\" content=\"501\" \/>\n\t<meta property=\"og:image:type\" content=\"image\/png\" \/>\n<meta name=\"twitter:card\" content=\"summary_large_image\" \/>\n<meta name=\"twitter:label1\" content=\"Estimated reading time\" \/>\n\t<meta name=\"twitter:data1\" content=\"1 minute\" \/>\n<script type=\"application\/ld+json\" class=\"yoast-schema-graph\">{\"@context\":\"https:\/\/schema.org\",\"@graph\":[{\"@type\":\"WebPage\",\"@id\":\"https:\/\/products.inow.ch\/produkt\/cycling-pro-bib-shorts-women\/\",\"url\":\"https:\/\/products.inow.ch\/produkt\/cycling-pro-bib-shorts-women\/\",\"name\":\"Cycling Pro Bib Shorts - iNOW.ch\",\"isPartOf\":{\"@id\":\"https:\/\/products.inow.ch\/#website\"},\"primaryImageOfPage\":{\"@id\":\"https:\/\/products.inow.ch\/produkt\/cycling-pro-bib-shorts-women\/#primaryimage\"},\"image\":{\"@id\":\"https:\/\/products.inow.ch\/produkt\/cycling-pro-bib-shorts-women\/#primaryimage\"},\"thumbnailUrl\":\"https:\/\/products.inow.ch\/wp-content\/uploads\/2025\/06\/ISJAN22-CBW_BS113_P-Cycling-PRO-Bib-Shorts-_front.png\",\"datePublished\":\"2025-03-14T13:32:36+00:00\",\"dateModified\":\"2026-02-20T10:53:43+00:00\",\"breadcrumb\":{\"@id\":\"https:\/\/products.inow.ch\/produkt\/cycling-pro-bib-shorts-women\/#breadcrumb\"},\"inLanguage\":\"en-GB\",\"potentialAction\":[{\"@type\":\"ReadAction\",\"target\":[\"https:\/\/products.inow.ch\/produkt\/cycling-pro-bib-shorts-women\/\"]}]},{\"@type\":\"ImageObject\",\"inLanguage\":\"en-GB\",\"@id\":\"https:\/\/products.inow.ch\/produkt\/cycling-pro-bib-shorts-women\/#primaryimage\",\"url\":\"https:\/\/products.inow.ch\/wp-content\/uploads\/2025\/06\/ISJAN22-CBW_BS113_P-Cycling-PRO-Bib-Shorts-_front.png\",\"contentUrl\":\"https:\/\/products.inow.ch\/wp-content\/uploads\/2025\/06\/ISJAN22-CBW_BS113_P-Cycling-PRO-Bib-Shorts-_front.png\",\"width\":500,\"height\":501},{\"@type\":\"BreadcrumbList\",\"@id\":\"https:\/\/products.inow.ch\/produkt\/cycling-pro-bib-shorts-women\/#breadcrumb\",\"itemListElement\":[{\"@type\":\"ListItem\",\"position\":1,\"name\":\"Startseite\",\"item\":\"https:\/\/products.inow.ch\/\"},{\"@type\":\"ListItem\",\"position\":2,\"name\":\"Sortiment\",\"item\":\"https:\/\/products.inow.ch\/\"},{\"@type\":\"ListItem\",\"position\":3,\"name\":\"Cycling Pro Bib Shorts\"}]},{\"@type\":\"WebSite\",\"@id\":\"https:\/\/products.inow.ch\/#website\",\"url\":\"https:\/\/products.inow.ch\/\",\"name\":\"iNOW.ch\",\"description\":\"Offerten\",\"publisher\":{\"@id\":\"https:\/\/products.inow.ch\/#organization\"},\"potentialAction\":[{\"@type\":\"SearchAction\",\"target\":{\"@type\":\"EntryPoint\",\"urlTemplate\":\"https:\/\/products.inow.ch\/?s={search_term_string}\"},\"query-input\":{\"@type\":\"PropertyValueSpecification\",\"valueRequired\":true,\"valueName\":\"search_term_string\"}}],\"inLanguage\":\"en-GB\"},{\"@type\":\"Organization\",\"@id\":\"https:\/\/products.inow.ch\/#organization\",\"name\":\"iNOW.ch\",\"url\":\"https:\/\/products.inow.ch\/\",\"logo\":{\"@type\":\"ImageObject\",\"inLanguage\":\"en-GB\",\"@id\":\"https:\/\/products.inow.ch\/#\/schema\/logo\/image\/\",\"url\":\"https:\/\/products.inow.ch\/wp-content\/uploads\/2021\/08\/210629_Logo_INOW_Pos.png\",\"contentUrl\":\"https:\/\/products.inow.ch\/wp-content\/uploads\/2021\/08\/210629_Logo_INOW_Pos.png\",\"width\":1749,\"height\":1241,\"caption\":\"iNOW.ch\"},\"image\":{\"@id\":\"https:\/\/products.inow.ch\/#\/schema\/logo\/image\/\"}}]}<\/script>\n<!-- \/ Yoast SEO plugin. -->","yoast_head_json":{"title":"Cycling Pro Bib Shorts - iNOW.ch","robots":{"index":"noindex","follow":"follow","max-snippet":"max-snippet:-1","max-image-preview":"max-image-preview:large","max-video-preview":"max-video-preview:-1"},"og_locale":"en_GB","og_type":"article","og_title":"Cycling Pro Bib Shorts - iNOW.ch","og_description":"Diese hochwertigen Bib Shorts Pro wurden f\u00fcr anspruchsvolle Fahrer entwickelt, die keine Kompromisse bei Komfort und Effizienz eingehen wollen. Der k\u00f6rpernahe Schnitt und der ergonomisch optimierte Materialmix sorgen f\u00fcr eine perfekte Passform.  Das hochfunktionale 3D-Sitzpolster bietet hervorragenden Schutz und D\u00e4mpfung \u2013 auch bei intensiven Fahrten und bleibt \u00fcber viele Stunden im Sattel konstant.  Mehr Infos hier: https:\/\/inow.ch\/radhosenpolster\/?  Beinabschl\u00fcsse ohne Silikon sorgen f\u00fcr stabilen Halt, ohne die Haut zu reizen \u2013 f\u00fcr ein nat\u00fcrliches Tragegef\u00fchl bei jeder Bewegung. Die leichten Tr\u00e4ger aus Lycra-Material gew\u00e4hrleisten optimale Bel\u00fcftung und einen sicheren Sitz.  Ob Training oder Rennen \u2013 die CYCLING PRO BIB SHORTS ist dein zuverl\u00e4ssiger und konstanter Begleiter f\u00fcr jede Herausforderung auf dem Rad.","og_url":"https:\/\/products.inow.ch\/en\/product\/cycling-pro-bib-shorts-women\/","og_site_name":"iNOW.ch","article_modified_time":"2026-02-20T10:53:43+00:00","og_image":[{"width":500,"height":501,"url":"http:\/\/products.inow.ch\/wp-content\/uploads\/2025\/06\/ISJAN22-CBW_BS113_P-Cycling-PRO-Bib-Shorts-_front.png","type":"image\/png"}],"twitter_card":"summary_large_image","twitter_misc":{"Estimated reading time":"1 minute"},"schema":{"@context":"https:\/\/schema.org","@graph":[{"@type":"WebPage","@id":"https:\/\/products.inow.ch\/produkt\/cycling-pro-bib-shorts-women\/","url":"https:\/\/products.inow.ch\/produkt\/cycling-pro-bib-shorts-women\/","name":"Cycling Pro Bib Shorts - iNOW.ch","isPartOf":{"@id":"https:\/\/products.inow.ch\/#website"},"primaryImageOfPage":{"@id":"https:\/\/products.inow.ch\/produkt\/cycling-pro-bib-shorts-women\/#primaryimage"},"image":{"@id":"https:\/\/products.inow.ch\/produkt\/cycling-pro-bib-shorts-women\/#primaryimage"},"thumbnailUrl":"https:\/\/products.inow.ch\/wp-content\/uploads\/2025\/06\/ISJAN22-CBW_BS113_P-Cycling-PRO-Bib-Shorts-_front.png","datePublished":"2025-03-14T13:32:36+00:00","dateModified":"2026-02-20T10:53:43+00:00","breadcrumb":{"@id":"https:\/\/products.inow.ch\/produkt\/cycling-pro-bib-shorts-women\/#breadcrumb"},"inLanguage":"en-GB","potentialAction":[{"@type":"ReadAction","target":["https:\/\/products.inow.ch\/produkt\/cycling-pro-bib-shorts-women\/"]}]},{"@type":"ImageObject","inLanguage":"en-GB","@id":"https:\/\/products.inow.ch\/produkt\/cycling-pro-bib-shorts-women\/#primaryimage","url":"https:\/\/products.inow.ch\/wp-content\/uploads\/2025\/06\/ISJAN22-CBW_BS113_P-Cycling-PRO-Bib-Shorts-_front.png","contentUrl":"https:\/\/products.inow.ch\/wp-content\/uploads\/2025\/06\/ISJAN22-CBW_BS113_P-Cycling-PRO-Bib-Shorts-_front.png","width":500,"height":501},{"@type":"BreadcrumbList","@id":"https:\/\/products.inow.ch\/produkt\/cycling-pro-bib-shorts-women\/#breadcrumb","itemListElement":[{"@type":"ListItem","position":1,"name":"Startseite","item":"https:\/\/products.inow.ch\/"},{"@type":"ListItem","position":2,"name":"Sortiment","item":"https:\/\/products.inow.ch\/"},{"@type":"ListItem","position":3,"name":"Cycling Pro Bib Shorts"}]},{"@type":"WebSite","@id":"https:\/\/products.inow.ch\/#website","url":"https:\/\/products.inow.ch\/","name":"iNOW.ch","description":"Quotes","publisher":{"@id":"https:\/\/products.inow.ch\/#organization"},"potentialAction":[{"@type":"SearchAction","target":{"@type":"EntryPoint","urlTemplate":"https:\/\/products.inow.ch\/?s={search_term_string}"},"query-input":{"@type":"PropertyValueSpecification","valueRequired":true,"valueName":"search_term_string"}}],"inLanguage":"en-GB"},{"@type":"Organization","@id":"https:\/\/products.inow.ch\/#organization","name":"iNOW.ch","url":"https:\/\/products.inow.ch\/","logo":{"@type":"ImageObject","inLanguage":"en-GB","@id":"https:\/\/products.inow.ch\/#\/schema\/logo\/image\/","url":"https:\/\/products.inow.ch\/wp-content\/uploads\/2021\/08\/210629_Logo_INOW_Pos.png","contentUrl":"https:\/\/products.inow.ch\/wp-content\/uploads\/2021\/08\/210629_Logo_INOW_Pos.png","width":1749,"height":1241,"caption":"iNOW.ch"},"image":{"@id":"https:\/\/products.inow.ch\/#\/schema\/logo\/image\/"}}]}},"_links":{"self":[{"href":"https:\/\/products.inow.ch\/en\/wp-json\/wp\/v2\/product\/5670"}],"collection":[{"href":"https:\/\/products.inow.ch\/en\/wp-json\/wp\/v2\/product"}],"about":[{"href":"https:\/\/products.inow.ch\/en\/wp-json\/wp\/v2\/types\/product"}],"wp:featuredmedia":[{"embeddable":true,"href":"https:\/\/products.inow.ch\/en\/wp-json\/wp\/v2\/media\/5918"}],"wp:attachment":[{"href":"https:\/\/products.inow.ch\/en\/wp-json\/wp\/v2\/media?parent=5670"}],"wp:term":[{"taxonomy":"product_brand","embeddable":true,"href":"https:\/\/products.inow.ch\/en\/wp-json\/wp\/v2\/product_brand?post=5670"},{"taxonomy":"product_cat","embeddable":true,"href":"https:\/\/products.inow.ch\/en\/wp-json\/wp\/v2\/product_cat?post=5670"},{"taxonomy":"product_tag","embeddable":true,"href":"https:\/\/products.inow.ch\/en\/wp-json\/wp\/v2\/product_tag?post=5670"}],"curies":[{"name":"wp","href":"https:\/\/api.w.org\/{rel}","templated":true}]}}