{"id":5532,"date":"2025-02-05T10:06:36","date_gmt":"2025-02-05T10:06:36","guid":{"rendered":"https:\/\/products.inow.ch\/?post_type=product&#038;p=5532"},"modified":"2025-07-23T11:49:35","modified_gmt":"2025-07-23T11:49:35","slug":"triathlon-classic-swim-short","status":"publish","type":"product","link":"https:\/\/products.inow.ch\/en\/product\/triathlon-classic-swim-short\/","title":{"rendered":"Triathlon Classic Swim Short"},"content":{"rendered":"<p>- Classic Line | XS - 3XL<br \/>\n- Quick drying material<\/p>\n<p>- Inner lining for high wearing comfort<br \/>\n- Elasticated and comfortable leg cuffs without tape<br \/>\n- internal drawstring<\/p>\n<p>&nbsp;<\/p>\n<p>Material: 80% Polyester, 20% Spandex<\/p>\n<p>&nbsp;<\/p>","protected":false},"excerpt":{"rendered":"<p>The triathlon swim shorts impress with their 4-way stretch material for a perfect fit, maximum freedom of movement and an extremely comfortable feel.<\/p>\n<p>Comfortable, stretchy and sporty men's swimming trunks that fit like a second skin, in your design for your adventures in the water.<\/p>\n<p>Fully printable material with seamless leg hems.<\/p>\n<p>&nbsp;<\/p>","protected":false},"featured_media":5902,"template":"","meta":{"ocean_post_layout":"","ocean_both_sidebars_style":"","ocean_both_sidebars_content_width":0,"ocean_both_sidebars_sidebars_width":0,"ocean_sidebar":"0","ocean_second_sidebar":"0","ocean_disable_margins":"enable","ocean_add_body_class":"","ocean_shortcode_before_top_bar":"","ocean_shortcode_after_top_bar":"","ocean_shortcode_before_header":"","ocean_shortcode_after_header":"","ocean_has_shortcode":"","ocean_shortcode_after_title":"","ocean_shortcode_before_footer_widgets":"","ocean_shortcode_after_footer_widgets":"","ocean_shortcode_before_footer_bottom":"","ocean_shortcode_after_footer_bottom":"","ocean_display_top_bar":"default","ocean_display_header":"default","ocean_header_style":"","ocean_center_header_left_menu":"0","ocean_custom_header_template":"0","ocean_custom_logo":0,"ocean_custom_retina_logo":0,"ocean_custom_logo_max_width":0,"ocean_custom_logo_tablet_max_width":0,"ocean_custom_logo_mobile_max_width":0,"ocean_custom_logo_max_height":0,"ocean_custom_logo_tablet_max_height":0,"ocean_custom_logo_mobile_max_height":0,"ocean_header_custom_menu":"0","ocean_menu_typo_font_family":"0","ocean_menu_typo_font_subset":"","ocean_menu_typo_font_size":0,"ocean_menu_typo_font_size_tablet":0,"ocean_menu_typo_font_size_mobile":0,"ocean_menu_typo_font_size_unit":"px","ocean_menu_typo_font_weight":"","ocean_menu_typo_font_weight_tablet":"","ocean_menu_typo_font_weight_mobile":"","ocean_menu_typo_transform":"","ocean_menu_typo_transform_tablet":"","ocean_menu_typo_transform_mobile":"","ocean_menu_typo_line_height":0,"ocean_menu_typo_line_height_tablet":0,"ocean_menu_typo_line_height_mobile":0,"ocean_menu_typo_line_height_unit":"","ocean_menu_typo_spacing":0,"ocean_menu_typo_spacing_tablet":0,"ocean_menu_typo_spacing_mobile":0,"ocean_menu_typo_spacing_unit":"","ocean_menu_link_color":"","ocean_menu_link_color_hover":"","ocean_menu_link_color_active":"","ocean_menu_link_background":"","ocean_menu_link_hover_background":"","ocean_menu_link_active_background":"","ocean_menu_social_links_bg":"","ocean_menu_social_hover_links_bg":"","ocean_menu_social_links_color":"","ocean_menu_social_hover_links_color":"","ocean_disable_title":"default","ocean_disable_heading":"default","ocean_post_title":"","ocean_post_subheading":"","ocean_post_title_style":"","ocean_post_title_background_color":"","ocean_post_title_background":0,"ocean_post_title_bg_image_position":"","ocean_post_title_bg_image_attachment":"","ocean_post_title_bg_image_repeat":"","ocean_post_title_bg_image_size":"","ocean_post_title_height":0,"ocean_post_title_bg_overlay":0.5,"ocean_post_title_bg_overlay_color":"","ocean_disable_breadcrumbs":"default","ocean_breadcrumbs_color":"","ocean_breadcrumbs_separator_color":"","ocean_breadcrumbs_links_color":"","ocean_breadcrumbs_links_hover_color":"","ocean_display_footer_widgets":"default","ocean_display_footer_bottom":"default","ocean_custom_footer_template":"0"},"product_brand":[],"product_cat":[112,113,114],"product_tag":[],"class_list":{"0":"post-5532","1":"product","2":"type-product","3":"status-publish","4":"has-post-thumbnail","6":"product_cat-triathlon","7":"product_cat-classic-triathlon","8":"product_cat-men-classic-triathlon","10":"entry","11":"has-media","13":"first","14":"instock","15":"taxable","16":"shipping-taxable","17":"purchasable","18":"product-type-simple","19":"col","20":"span_1_of_4","21":"owp-content-center","22":"owp-thumbs-layout-horizontal","23":"owp-btn-normal","24":"owp-tabs-layout-horizontal"},"yoast_head":"<!-- This site is optimized with the Yoast SEO plugin v24.8.1 - https:\/\/yoast.com\/wordpress\/plugins\/seo\/ -->\n<title>Triathlon Classic Swim Short - iNOW.ch<\/title>\n<meta name=\"robots\" content=\"noindex, follow, max-snippet:-1, max-image-preview:large, max-video-preview:-1\" \/>\n<meta property=\"og:locale\" content=\"en_GB\" \/>\n<meta property=\"og:type\" content=\"article\" \/>\n<meta property=\"og:title\" content=\"Triathlon Classic Swim Short - iNOW.ch\" \/>\n<meta property=\"og:description\" content=\"Die Triathlon Swim Shorts besticht mit dem 4-Wege Stretchmaterial f\u00fcr eine perfekte Passform, maximale Bewegungsfreiheit und ein \u00e4usserst angenehmes Tragegef\u00fchl.  Bequeme, dehnbare und sportliche Herren Badehose, die sich wie eine zweite Haut tr\u00e4gt, in Deinem Design f\u00fcr Deine Abenteuer im Wasser.  Komplett bedruckbares Material mit nahtlosen Beinabschl\u00fcssen.  &nbsp;\" \/>\n<meta property=\"og:url\" content=\"https:\/\/products.inow.ch\/en\/product\/triathlon-classic-swim-short\/\" \/>\n<meta property=\"og:site_name\" content=\"iNOW.ch\" \/>\n<meta property=\"article:modified_time\" content=\"2025-07-23T11:49:35+00:00\" \/>\n<meta property=\"og:image\" content=\"http:\/\/products.inow.ch\/wp-content\/uploads\/2025\/06\/ISJAN22-TBM_SS003_C-TRIATHLON-Classic-Swim-Shorts_front.png\" \/>\n\t<meta property=\"og:image:width\" content=\"500\" \/>\n\t<meta property=\"og:image:height\" content=\"501\" \/>\n\t<meta property=\"og:image:type\" content=\"image\/png\" \/>\n<meta name=\"twitter:card\" content=\"summary_large_image\" \/>\n<meta name=\"twitter:label1\" content=\"Estimated reading time\" \/>\n\t<meta name=\"twitter:data1\" content=\"1 minute\" \/>\n<script type=\"application\/ld+json\" class=\"yoast-schema-graph\">{\"@context\":\"https:\/\/schema.org\",\"@graph\":[{\"@type\":\"WebPage\",\"@id\":\"https:\/\/products.inow.ch\/produkt\/triathlon-classic-swim-short\/\",\"url\":\"https:\/\/products.inow.ch\/produkt\/triathlon-classic-swim-short\/\",\"name\":\"Triathlon Classic Swim Short - iNOW.ch\",\"isPartOf\":{\"@id\":\"https:\/\/products.inow.ch\/#website\"},\"primaryImageOfPage\":{\"@id\":\"https:\/\/products.inow.ch\/produkt\/triathlon-classic-swim-short\/#primaryimage\"},\"image\":{\"@id\":\"https:\/\/products.inow.ch\/produkt\/triathlon-classic-swim-short\/#primaryimage\"},\"thumbnailUrl\":\"https:\/\/products.inow.ch\/wp-content\/uploads\/2025\/06\/ISJAN22-TBM_SS003_C-TRIATHLON-Classic-Swim-Shorts_front.png\",\"datePublished\":\"2025-02-05T10:06:36+00:00\",\"dateModified\":\"2025-07-23T11:49:35+00:00\",\"breadcrumb\":{\"@id\":\"https:\/\/products.inow.ch\/produkt\/triathlon-classic-swim-short\/#breadcrumb\"},\"inLanguage\":\"en-GB\",\"potentialAction\":[{\"@type\":\"ReadAction\",\"target\":[\"https:\/\/products.inow.ch\/produkt\/triathlon-classic-swim-short\/\"]}]},{\"@type\":\"ImageObject\",\"inLanguage\":\"en-GB\",\"@id\":\"https:\/\/products.inow.ch\/produkt\/triathlon-classic-swim-short\/#primaryimage\",\"url\":\"https:\/\/products.inow.ch\/wp-content\/uploads\/2025\/06\/ISJAN22-TBM_SS003_C-TRIATHLON-Classic-Swim-Shorts_front.png\",\"contentUrl\":\"https:\/\/products.inow.ch\/wp-content\/uploads\/2025\/06\/ISJAN22-TBM_SS003_C-TRIATHLON-Classic-Swim-Shorts_front.png\",\"width\":500,\"height\":501},{\"@type\":\"BreadcrumbList\",\"@id\":\"https:\/\/products.inow.ch\/produkt\/triathlon-classic-swim-short\/#breadcrumb\",\"itemListElement\":[{\"@type\":\"ListItem\",\"position\":1,\"name\":\"Startseite\",\"item\":\"https:\/\/products.inow.ch\/\"},{\"@type\":\"ListItem\",\"position\":2,\"name\":\"Sortiment\",\"item\":\"https:\/\/products.inow.ch\/\"},{\"@type\":\"ListItem\",\"position\":3,\"name\":\"Triathlon Classic Swim Short\"}]},{\"@type\":\"WebSite\",\"@id\":\"https:\/\/products.inow.ch\/#website\",\"url\":\"https:\/\/products.inow.ch\/\",\"name\":\"iNOW.ch\",\"description\":\"Offerten\",\"publisher\":{\"@id\":\"https:\/\/products.inow.ch\/#organization\"},\"potentialAction\":[{\"@type\":\"SearchAction\",\"target\":{\"@type\":\"EntryPoint\",\"urlTemplate\":\"https:\/\/products.inow.ch\/?s={search_term_string}\"},\"query-input\":{\"@type\":\"PropertyValueSpecification\",\"valueRequired\":true,\"valueName\":\"search_term_string\"}}],\"inLanguage\":\"en-GB\"},{\"@type\":\"Organization\",\"@id\":\"https:\/\/products.inow.ch\/#organization\",\"name\":\"iNOW.ch\",\"url\":\"https:\/\/products.inow.ch\/\",\"logo\":{\"@type\":\"ImageObject\",\"inLanguage\":\"en-GB\",\"@id\":\"https:\/\/products.inow.ch\/#\/schema\/logo\/image\/\",\"url\":\"https:\/\/products.inow.ch\/wp-content\/uploads\/2021\/08\/210629_Logo_INOW_Pos.png\",\"contentUrl\":\"https:\/\/products.inow.ch\/wp-content\/uploads\/2021\/08\/210629_Logo_INOW_Pos.png\",\"width\":1749,\"height\":1241,\"caption\":\"iNOW.ch\"},\"image\":{\"@id\":\"https:\/\/products.inow.ch\/#\/schema\/logo\/image\/\"}}]}<\/script>\n<!-- \/ Yoast SEO plugin. -->","yoast_head_json":{"title":"Triathlon Classic Swim Short - iNOW.ch","robots":{"index":"noindex","follow":"follow","max-snippet":"max-snippet:-1","max-image-preview":"max-image-preview:large","max-video-preview":"max-video-preview:-1"},"og_locale":"en_GB","og_type":"article","og_title":"Triathlon Classic Swim Short - iNOW.ch","og_description":"Die Triathlon Swim Shorts besticht mit dem 4-Wege Stretchmaterial f\u00fcr eine perfekte Passform, maximale Bewegungsfreiheit und ein \u00e4usserst angenehmes Tragegef\u00fchl.  Bequeme, dehnbare und sportliche Herren Badehose, die sich wie eine zweite Haut tr\u00e4gt, in Deinem Design f\u00fcr Deine Abenteuer im Wasser.  Komplett bedruckbares Material mit nahtlosen Beinabschl\u00fcssen.  &nbsp;","og_url":"https:\/\/products.inow.ch\/en\/product\/triathlon-classic-swim-short\/","og_site_name":"iNOW.ch","article_modified_time":"2025-07-23T11:49:35+00:00","og_image":[{"width":500,"height":501,"url":"http:\/\/products.inow.ch\/wp-content\/uploads\/2025\/06\/ISJAN22-TBM_SS003_C-TRIATHLON-Classic-Swim-Shorts_front.png","type":"image\/png"}],"twitter_card":"summary_large_image","twitter_misc":{"Estimated reading time":"1 minute"},"schema":{"@context":"https:\/\/schema.org","@graph":[{"@type":"WebPage","@id":"https:\/\/products.inow.ch\/produkt\/triathlon-classic-swim-short\/","url":"https:\/\/products.inow.ch\/produkt\/triathlon-classic-swim-short\/","name":"Triathlon Classic Swim Short - iNOW.ch","isPartOf":{"@id":"https:\/\/products.inow.ch\/#website"},"primaryImageOfPage":{"@id":"https:\/\/products.inow.ch\/produkt\/triathlon-classic-swim-short\/#primaryimage"},"image":{"@id":"https:\/\/products.inow.ch\/produkt\/triathlon-classic-swim-short\/#primaryimage"},"thumbnailUrl":"https:\/\/products.inow.ch\/wp-content\/uploads\/2025\/06\/ISJAN22-TBM_SS003_C-TRIATHLON-Classic-Swim-Shorts_front.png","datePublished":"2025-02-05T10:06:36+00:00","dateModified":"2025-07-23T11:49:35+00:00","breadcrumb":{"@id":"https:\/\/products.inow.ch\/produkt\/triathlon-classic-swim-short\/#breadcrumb"},"inLanguage":"en-GB","potentialAction":[{"@type":"ReadAction","target":["https:\/\/products.inow.ch\/produkt\/triathlon-classic-swim-short\/"]}]},{"@type":"ImageObject","inLanguage":"en-GB","@id":"https:\/\/products.inow.ch\/produkt\/triathlon-classic-swim-short\/#primaryimage","url":"https:\/\/products.inow.ch\/wp-content\/uploads\/2025\/06\/ISJAN22-TBM_SS003_C-TRIATHLON-Classic-Swim-Shorts_front.png","contentUrl":"https:\/\/products.inow.ch\/wp-content\/uploads\/2025\/06\/ISJAN22-TBM_SS003_C-TRIATHLON-Classic-Swim-Shorts_front.png","width":500,"height":501},{"@type":"BreadcrumbList","@id":"https:\/\/products.inow.ch\/produkt\/triathlon-classic-swim-short\/#breadcrumb","itemListElement":[{"@type":"ListItem","position":1,"name":"Startseite","item":"https:\/\/products.inow.ch\/"},{"@type":"ListItem","position":2,"name":"Sortiment","item":"https:\/\/products.inow.ch\/"},{"@type":"ListItem","position":3,"name":"Triathlon Classic Swim Short"}]},{"@type":"WebSite","@id":"https:\/\/products.inow.ch\/#website","url":"https:\/\/products.inow.ch\/","name":"iNOW.ch","description":"Quotes","publisher":{"@id":"https:\/\/products.inow.ch\/#organization"},"potentialAction":[{"@type":"SearchAction","target":{"@type":"EntryPoint","urlTemplate":"https:\/\/products.inow.ch\/?s={search_term_string}"},"query-input":{"@type":"PropertyValueSpecification","valueRequired":true,"valueName":"search_term_string"}}],"inLanguage":"en-GB"},{"@type":"Organization","@id":"https:\/\/products.inow.ch\/#organization","name":"iNOW.ch","url":"https:\/\/products.inow.ch\/","logo":{"@type":"ImageObject","inLanguage":"en-GB","@id":"https:\/\/products.inow.ch\/#\/schema\/logo\/image\/","url":"https:\/\/products.inow.ch\/wp-content\/uploads\/2021\/08\/210629_Logo_INOW_Pos.png","contentUrl":"https:\/\/products.inow.ch\/wp-content\/uploads\/2021\/08\/210629_Logo_INOW_Pos.png","width":1749,"height":1241,"caption":"iNOW.ch"},"image":{"@id":"https:\/\/products.inow.ch\/#\/schema\/logo\/image\/"}}]}},"_links":{"self":[{"href":"https:\/\/products.inow.ch\/en\/wp-json\/wp\/v2\/product\/5532"}],"collection":[{"href":"https:\/\/products.inow.ch\/en\/wp-json\/wp\/v2\/product"}],"about":[{"href":"https:\/\/products.inow.ch\/en\/wp-json\/wp\/v2\/types\/product"}],"wp:featuredmedia":[{"embeddable":true,"href":"https:\/\/products.inow.ch\/en\/wp-json\/wp\/v2\/media\/5902"}],"wp:attachment":[{"href":"https:\/\/products.inow.ch\/en\/wp-json\/wp\/v2\/media?parent=5532"}],"wp:term":[{"taxonomy":"product_brand","embeddable":true,"href":"https:\/\/products.inow.ch\/en\/wp-json\/wp\/v2\/product_brand?post=5532"},{"taxonomy":"product_cat","embeddable":true,"href":"https:\/\/products.inow.ch\/en\/wp-json\/wp\/v2\/product_cat?post=5532"},{"taxonomy":"product_tag","embeddable":true,"href":"https:\/\/products.inow.ch\/en\/wp-json\/wp\/v2\/product_tag?post=5532"}],"curies":[{"name":"wp","href":"https:\/\/api.w.org\/{rel}","templated":true}]}}