{"id":5389,"date":"2023-05-25T15:12:31","date_gmt":"2023-05-25T15:12:31","guid":{"rendered":"https:\/\/products.inow.ch\/?post_type=product&#038;p=5389"},"modified":"2025-03-06T09:57:18","modified_gmt":"2025-03-06T09:57:18","slug":"triathlon-2in1-pro-suit-short-sleeve-women","status":"publish","type":"product","link":"https:\/\/products.inow.ch\/en\/product\/triathlon-2in1-pro-suit-short-sleeve-women\/","title":{"rendered":"Triathlon 2in1 Pro Suit short sleeve"},"content":{"rendered":"<p>- Pro Line | XXS - 2XL<br \/>\n- Breathable and quick drying material<br \/>\n- Bullet - cut on the arm<br \/>\n- Seamless arm cuff<br \/>\n- Long YKK zipper in the front<br \/>\n- 2 - compartment - back pocket<br \/>\n- Comfortable leg cuffs without band with silicone on the inside<br \/>\n- Triathlon seat pad<\/p>\n<p>Material: 80% polyester 20% spandex<\/p>\n<p>Adjust arm length (-2cm, -4cm, +2cm, +4cm) CHF 12.00<br \/>\nAdjust leg length (-2cm, -4cm, +2cm, +4cm) CHF 12.00<\/p>","protected":false},"excerpt":{"rendered":"<p>Short-sleeved triathlon 2in1 - one-piece suit with close-fitting is flexible and offers great freedom of movement. The separable zipper in the front makes it easy to put on and take off. The ribbed aero material over the shoulders, under the arms and on the side panels provides good ventilation and fits perfectly to the body. Scoop cut with seamless arm cuffs, as well as seamless leg cuffs with silicone on the inside. Two perfectly placed large pockets on the back for easy access and plenty of provisions. In the front and back, the ultra-light and elastic polyester material rounds off the 2in1 excellently.<\/p>\n<p>This 2in1 one-piece offers a perfect fit for top performance and plenty of speed over long distances. You will hardly feel it and can show your best performance.<\/p>\n<p>Enjoy the speed!<\/p>","protected":false},"featured_media":5386,"template":"","meta":{"ocean_post_layout":"","ocean_both_sidebars_style":"","ocean_both_sidebars_content_width":0,"ocean_both_sidebars_sidebars_width":0,"ocean_sidebar":"0","ocean_second_sidebar":"0","ocean_disable_margins":"enable","ocean_add_body_class":"","ocean_shortcode_before_top_bar":"","ocean_shortcode_after_top_bar":"","ocean_shortcode_before_header":"","ocean_shortcode_after_header":"","ocean_has_shortcode":"","ocean_shortcode_after_title":"","ocean_shortcode_before_footer_widgets":"","ocean_shortcode_after_footer_widgets":"","ocean_shortcode_before_footer_bottom":"","ocean_shortcode_after_footer_bottom":"","ocean_display_top_bar":"default","ocean_display_header":"default","ocean_header_style":"","ocean_center_header_left_menu":"0","ocean_custom_header_template":"0","ocean_custom_logo":0,"ocean_custom_retina_logo":0,"ocean_custom_logo_max_width":0,"ocean_custom_logo_tablet_max_width":0,"ocean_custom_logo_mobile_max_width":0,"ocean_custom_logo_max_height":0,"ocean_custom_logo_tablet_max_height":0,"ocean_custom_logo_mobile_max_height":0,"ocean_header_custom_menu":"0","ocean_menu_typo_font_family":"0","ocean_menu_typo_font_subset":"","ocean_menu_typo_font_size":0,"ocean_menu_typo_font_size_tablet":0,"ocean_menu_typo_font_size_mobile":0,"ocean_menu_typo_font_size_unit":"px","ocean_menu_typo_font_weight":"","ocean_menu_typo_font_weight_tablet":"","ocean_menu_typo_font_weight_mobile":"","ocean_menu_typo_transform":"","ocean_menu_typo_transform_tablet":"","ocean_menu_typo_transform_mobile":"","ocean_menu_typo_line_height":0,"ocean_menu_typo_line_height_tablet":0,"ocean_menu_typo_line_height_mobile":0,"ocean_menu_typo_line_height_unit":"","ocean_menu_typo_spacing":0,"ocean_menu_typo_spacing_tablet":0,"ocean_menu_typo_spacing_mobile":0,"ocean_menu_typo_spacing_unit":"","ocean_menu_link_color":"","ocean_menu_link_color_hover":"","ocean_menu_link_color_active":"","ocean_menu_link_background":"","ocean_menu_link_hover_background":"","ocean_menu_link_active_background":"","ocean_menu_social_links_bg":"","ocean_menu_social_hover_links_bg":"","ocean_menu_social_links_color":"","ocean_menu_social_hover_links_color":"","ocean_disable_title":"default","ocean_disable_heading":"default","ocean_post_title":"","ocean_post_subheading":"","ocean_post_title_style":"","ocean_post_title_background_color":"","ocean_post_title_background":0,"ocean_post_title_bg_image_position":"","ocean_post_title_bg_image_attachment":"","ocean_post_title_bg_image_repeat":"","ocean_post_title_bg_image_size":"","ocean_post_title_height":0,"ocean_post_title_bg_overlay":0.5,"ocean_post_title_bg_overlay_color":"","ocean_disable_breadcrumbs":"default","ocean_breadcrumbs_color":"","ocean_breadcrumbs_separator_color":"","ocean_breadcrumbs_links_color":"","ocean_breadcrumbs_links_hover_color":"","ocean_display_footer_widgets":"default","ocean_display_footer_bottom":"default","ocean_custom_footer_template":"0"},"product_brand":[],"product_cat":[112,149,151],"product_tag":[],"class_list":{"0":"post-5389","1":"product","2":"type-product","3":"status-publish","4":"has-post-thumbnail","6":"product_cat-triathlon","7":"product_cat-pro-triathlon","8":"product_cat-women-pro-triathlon","10":"entry","11":"has-media","13":"first","14":"instock","15":"taxable","16":"shipping-taxable","17":"purchasable","18":"product-type-simple","19":"col","20":"span_1_of_4","21":"owp-content-center","22":"owp-thumbs-layout-horizontal","23":"owp-btn-normal","24":"owp-tabs-layout-horizontal"},"yoast_head":"<!-- This site is optimized with the Yoast SEO plugin v24.8.1 - https:\/\/yoast.com\/wordpress\/plugins\/seo\/ -->\n<title>Triathlon 2in1 Pro Suit short sleeve - iNOW.ch<\/title>\n<meta name=\"robots\" content=\"noindex, follow, max-snippet:-1, max-image-preview:large, max-video-preview:-1\" \/>\n<meta property=\"og:locale\" content=\"en_GB\" \/>\n<meta property=\"og:type\" content=\"article\" \/>\n<meta property=\"og:title\" content=\"Triathlon 2in1 Pro Suit short sleeve - iNOW.ch\" \/>\n<meta property=\"og:description\" content=\"Kurzarm Triathlon 2in1 - Einteiler mit enganliegender Passform ist flexibel und bietet grosse Bewegungsfreiheit. Der teilbare Reissverschluss in der Front erleichtert das An- und Ausziehen. Das gerippte Aero-Material \u00fcber den Schultern, unter den Armen und an den Seitenbahnen sorgt f\u00fcr eine gute Bel\u00fcftung und passt sich perfekt an den K\u00f6rper an. Kugelschnitt mit nahtlosem Armabschluss, sowie nahtlose Beinabschl\u00fcsse mit Silikon an der Innenseite. Zwei perfekt angebrachte grosse Taschen auf der R\u00fcckseite f\u00fcr einen einfachen Eingriff und gen\u00fcgend Verpflegung. In der Front und am R\u00fccken rundet das ultraleichte und elastische Polyester - Material den 2in1 hervorragend ab.  Dieser 2in1 - Einteiler bietet eine perfekte Passform f\u00fcr eine top Performance und viel Speed auf langen Distanzen. Du wirst ihn kaum sp\u00fcren und kannst so Bestleistungen zeigen.  Enjoy the speed!\" \/>\n<meta property=\"og:url\" content=\"https:\/\/products.inow.ch\/en\/product\/triathlon-2in1-pro-suit-short-sleeve-women\/\" \/>\n<meta property=\"og:site_name\" content=\"iNOW.ch\" \/>\n<meta property=\"article:modified_time\" content=\"2025-03-06T09:57:18+00:00\" \/>\n<meta property=\"og:image\" content=\"http:\/\/products.inow.ch\/wp-content\/uploads\/2023\/02\/ISJAN22-TSW_SU003_P-TRIATHLON-2in1-Pro-Suit-short-sleeve_front.png\" \/>\n\t<meta property=\"og:image:width\" content=\"1000\" \/>\n\t<meta property=\"og:image:height\" content=\"1001\" \/>\n\t<meta property=\"og:image:type\" content=\"image\/png\" \/>\n<meta name=\"twitter:card\" content=\"summary_large_image\" \/>\n<meta name=\"twitter:label1\" content=\"Estimated reading time\" \/>\n\t<meta name=\"twitter:data1\" content=\"1 minute\" \/>\n<script type=\"application\/ld+json\" class=\"yoast-schema-graph\">{\"@context\":\"https:\/\/schema.org\",\"@graph\":[{\"@type\":\"WebPage\",\"@id\":\"https:\/\/products.inow.ch\/produkt\/triathlon-2in1-pro-suit-short-sleeve-women\/\",\"url\":\"https:\/\/products.inow.ch\/produkt\/triathlon-2in1-pro-suit-short-sleeve-women\/\",\"name\":\"Triathlon 2in1 Pro Suit short sleeve - iNOW.ch\",\"isPartOf\":{\"@id\":\"https:\/\/products.inow.ch\/#website\"},\"primaryImageOfPage\":{\"@id\":\"https:\/\/products.inow.ch\/produkt\/triathlon-2in1-pro-suit-short-sleeve-women\/#primaryimage\"},\"image\":{\"@id\":\"https:\/\/products.inow.ch\/produkt\/triathlon-2in1-pro-suit-short-sleeve-women\/#primaryimage\"},\"thumbnailUrl\":\"https:\/\/products.inow.ch\/wp-content\/uploads\/2023\/02\/ISJAN22-TSW_SU003_P-TRIATHLON-2in1-Pro-Suit-short-sleeve_front.png\",\"datePublished\":\"2023-05-25T15:12:31+00:00\",\"dateModified\":\"2025-03-06T09:57:18+00:00\",\"breadcrumb\":{\"@id\":\"https:\/\/products.inow.ch\/produkt\/triathlon-2in1-pro-suit-short-sleeve-women\/#breadcrumb\"},\"inLanguage\":\"en-GB\",\"potentialAction\":[{\"@type\":\"ReadAction\",\"target\":[\"https:\/\/products.inow.ch\/produkt\/triathlon-2in1-pro-suit-short-sleeve-women\/\"]}]},{\"@type\":\"ImageObject\",\"inLanguage\":\"en-GB\",\"@id\":\"https:\/\/products.inow.ch\/produkt\/triathlon-2in1-pro-suit-short-sleeve-women\/#primaryimage\",\"url\":\"https:\/\/products.inow.ch\/wp-content\/uploads\/2023\/02\/ISJAN22-TSW_SU003_P-TRIATHLON-2in1-Pro-Suit-short-sleeve_front.png\",\"contentUrl\":\"https:\/\/products.inow.ch\/wp-content\/uploads\/2023\/02\/ISJAN22-TSW_SU003_P-TRIATHLON-2in1-Pro-Suit-short-sleeve_front.png\",\"width\":1000,\"height\":1001},{\"@type\":\"BreadcrumbList\",\"@id\":\"https:\/\/products.inow.ch\/produkt\/triathlon-2in1-pro-suit-short-sleeve-women\/#breadcrumb\",\"itemListElement\":[{\"@type\":\"ListItem\",\"position\":1,\"name\":\"Startseite\",\"item\":\"https:\/\/products.inow.ch\/\"},{\"@type\":\"ListItem\",\"position\":2,\"name\":\"Sortiment\",\"item\":\"https:\/\/products.inow.ch\/\"},{\"@type\":\"ListItem\",\"position\":3,\"name\":\"Triathlon 2in1 Pro Suit short sleeve\"}]},{\"@type\":\"WebSite\",\"@id\":\"https:\/\/products.inow.ch\/#website\",\"url\":\"https:\/\/products.inow.ch\/\",\"name\":\"iNOW.ch\",\"description\":\"Offerten\",\"publisher\":{\"@id\":\"https:\/\/products.inow.ch\/#organization\"},\"potentialAction\":[{\"@type\":\"SearchAction\",\"target\":{\"@type\":\"EntryPoint\",\"urlTemplate\":\"https:\/\/products.inow.ch\/?s={search_term_string}\"},\"query-input\":{\"@type\":\"PropertyValueSpecification\",\"valueRequired\":true,\"valueName\":\"search_term_string\"}}],\"inLanguage\":\"en-GB\"},{\"@type\":\"Organization\",\"@id\":\"https:\/\/products.inow.ch\/#organization\",\"name\":\"iNOW.ch\",\"url\":\"https:\/\/products.inow.ch\/\",\"logo\":{\"@type\":\"ImageObject\",\"inLanguage\":\"en-GB\",\"@id\":\"https:\/\/products.inow.ch\/#\/schema\/logo\/image\/\",\"url\":\"https:\/\/products.inow.ch\/wp-content\/uploads\/2021\/08\/210629_Logo_INOW_Pos.png\",\"contentUrl\":\"https:\/\/products.inow.ch\/wp-content\/uploads\/2021\/08\/210629_Logo_INOW_Pos.png\",\"width\":1749,\"height\":1241,\"caption\":\"iNOW.ch\"},\"image\":{\"@id\":\"https:\/\/products.inow.ch\/#\/schema\/logo\/image\/\"}}]}<\/script>\n<!-- \/ Yoast SEO plugin. -->","yoast_head_json":{"title":"Triathlon 2in1 Pro Suit short sleeve - iNOW.ch","robots":{"index":"noindex","follow":"follow","max-snippet":"max-snippet:-1","max-image-preview":"max-image-preview:large","max-video-preview":"max-video-preview:-1"},"og_locale":"en_GB","og_type":"article","og_title":"Triathlon 2in1 Pro Suit short sleeve - iNOW.ch","og_description":"Kurzarm Triathlon 2in1 - Einteiler mit enganliegender Passform ist flexibel und bietet grosse Bewegungsfreiheit. Der teilbare Reissverschluss in der Front erleichtert das An- und Ausziehen. Das gerippte Aero-Material \u00fcber den Schultern, unter den Armen und an den Seitenbahnen sorgt f\u00fcr eine gute Bel\u00fcftung und passt sich perfekt an den K\u00f6rper an. Kugelschnitt mit nahtlosem Armabschluss, sowie nahtlose Beinabschl\u00fcsse mit Silikon an der Innenseite. Zwei perfekt angebrachte grosse Taschen auf der R\u00fcckseite f\u00fcr einen einfachen Eingriff und gen\u00fcgend Verpflegung. In der Front und am R\u00fccken rundet das ultraleichte und elastische Polyester - Material den 2in1 hervorragend ab.  Dieser 2in1 - Einteiler bietet eine perfekte Passform f\u00fcr eine top Performance und viel Speed auf langen Distanzen. Du wirst ihn kaum sp\u00fcren und kannst so Bestleistungen zeigen.  Enjoy the speed!","og_url":"https:\/\/products.inow.ch\/en\/product\/triathlon-2in1-pro-suit-short-sleeve-women\/","og_site_name":"iNOW.ch","article_modified_time":"2025-03-06T09:57:18+00:00","og_image":[{"width":1000,"height":1001,"url":"http:\/\/products.inow.ch\/wp-content\/uploads\/2023\/02\/ISJAN22-TSW_SU003_P-TRIATHLON-2in1-Pro-Suit-short-sleeve_front.png","type":"image\/png"}],"twitter_card":"summary_large_image","twitter_misc":{"Estimated reading time":"1 minute"},"schema":{"@context":"https:\/\/schema.org","@graph":[{"@type":"WebPage","@id":"https:\/\/products.inow.ch\/produkt\/triathlon-2in1-pro-suit-short-sleeve-women\/","url":"https:\/\/products.inow.ch\/produkt\/triathlon-2in1-pro-suit-short-sleeve-women\/","name":"Triathlon 2in1 Pro Suit short sleeve - iNOW.ch","isPartOf":{"@id":"https:\/\/products.inow.ch\/#website"},"primaryImageOfPage":{"@id":"https:\/\/products.inow.ch\/produkt\/triathlon-2in1-pro-suit-short-sleeve-women\/#primaryimage"},"image":{"@id":"https:\/\/products.inow.ch\/produkt\/triathlon-2in1-pro-suit-short-sleeve-women\/#primaryimage"},"thumbnailUrl":"https:\/\/products.inow.ch\/wp-content\/uploads\/2023\/02\/ISJAN22-TSW_SU003_P-TRIATHLON-2in1-Pro-Suit-short-sleeve_front.png","datePublished":"2023-05-25T15:12:31+00:00","dateModified":"2025-03-06T09:57:18+00:00","breadcrumb":{"@id":"https:\/\/products.inow.ch\/produkt\/triathlon-2in1-pro-suit-short-sleeve-women\/#breadcrumb"},"inLanguage":"en-GB","potentialAction":[{"@type":"ReadAction","target":["https:\/\/products.inow.ch\/produkt\/triathlon-2in1-pro-suit-short-sleeve-women\/"]}]},{"@type":"ImageObject","inLanguage":"en-GB","@id":"https:\/\/products.inow.ch\/produkt\/triathlon-2in1-pro-suit-short-sleeve-women\/#primaryimage","url":"https:\/\/products.inow.ch\/wp-content\/uploads\/2023\/02\/ISJAN22-TSW_SU003_P-TRIATHLON-2in1-Pro-Suit-short-sleeve_front.png","contentUrl":"https:\/\/products.inow.ch\/wp-content\/uploads\/2023\/02\/ISJAN22-TSW_SU003_P-TRIATHLON-2in1-Pro-Suit-short-sleeve_front.png","width":1000,"height":1001},{"@type":"BreadcrumbList","@id":"https:\/\/products.inow.ch\/produkt\/triathlon-2in1-pro-suit-short-sleeve-women\/#breadcrumb","itemListElement":[{"@type":"ListItem","position":1,"name":"Startseite","item":"https:\/\/products.inow.ch\/"},{"@type":"ListItem","position":2,"name":"Sortiment","item":"https:\/\/products.inow.ch\/"},{"@type":"ListItem","position":3,"name":"Triathlon 2in1 Pro Suit short sleeve"}]},{"@type":"WebSite","@id":"https:\/\/products.inow.ch\/#website","url":"https:\/\/products.inow.ch\/","name":"iNOW.ch","description":"Quotes","publisher":{"@id":"https:\/\/products.inow.ch\/#organization"},"potentialAction":[{"@type":"SearchAction","target":{"@type":"EntryPoint","urlTemplate":"https:\/\/products.inow.ch\/?s={search_term_string}"},"query-input":{"@type":"PropertyValueSpecification","valueRequired":true,"valueName":"search_term_string"}}],"inLanguage":"en-GB"},{"@type":"Organization","@id":"https:\/\/products.inow.ch\/#organization","name":"iNOW.ch","url":"https:\/\/products.inow.ch\/","logo":{"@type":"ImageObject","inLanguage":"en-GB","@id":"https:\/\/products.inow.ch\/#\/schema\/logo\/image\/","url":"https:\/\/products.inow.ch\/wp-content\/uploads\/2021\/08\/210629_Logo_INOW_Pos.png","contentUrl":"https:\/\/products.inow.ch\/wp-content\/uploads\/2021\/08\/210629_Logo_INOW_Pos.png","width":1749,"height":1241,"caption":"iNOW.ch"},"image":{"@id":"https:\/\/products.inow.ch\/#\/schema\/logo\/image\/"}}]}},"_links":{"self":[{"href":"https:\/\/products.inow.ch\/en\/wp-json\/wp\/v2\/product\/5389"}],"collection":[{"href":"https:\/\/products.inow.ch\/en\/wp-json\/wp\/v2\/product"}],"about":[{"href":"https:\/\/products.inow.ch\/en\/wp-json\/wp\/v2\/types\/product"}],"wp:featuredmedia":[{"embeddable":true,"href":"https:\/\/products.inow.ch\/en\/wp-json\/wp\/v2\/media\/5386"}],"wp:attachment":[{"href":"https:\/\/products.inow.ch\/en\/wp-json\/wp\/v2\/media?parent=5389"}],"wp:term":[{"taxonomy":"product_brand","embeddable":true,"href":"https:\/\/products.inow.ch\/en\/wp-json\/wp\/v2\/product_brand?post=5389"},{"taxonomy":"product_cat","embeddable":true,"href":"https:\/\/products.inow.ch\/en\/wp-json\/wp\/v2\/product_cat?post=5389"},{"taxonomy":"product_tag","embeddable":true,"href":"https:\/\/products.inow.ch\/en\/wp-json\/wp\/v2\/product_tag?post=5389"}],"curies":[{"name":"wp","href":"https:\/\/api.w.org\/{rel}","templated":true}]}}