{"id":5362,"date":"2023-05-24T08:22:03","date_gmt":"2023-05-24T08:22:03","guid":{"rendered":"https:\/\/products.inow.ch\/?post_type=product&#038;p=5362"},"modified":"2025-07-15T13:33:08","modified_gmt":"2025-07-15T13:33:08","slug":"cycling-classic-bib-knickers-kopie","status":"publish","type":"product","link":"https:\/\/products.inow.ch\/en\/product\/cycling-classic-bib-knickers-kopie\/","title":{"rendered":"Cycling Classic Bib Knickers Thermo"},"content":{"rendered":"<p>- Classic Line | XS - 3XL<br \/>\n- brushed, heat-regulating thermal material<br \/>\n- 6 - panel cut for best freedom of movement<br \/>\n- Mesh straps with binding tape<br \/>\n- antibacterial seat pad for men<br \/>\n- Elastic, flat leg cuffs<br \/>\n- Standard with flat seams<br \/>\n- Reflective logo on leg front and back<\/p>\n<p>Material: 80% polyamide, 20% spandex<\/p>\n<p>Options:<br \/>\nAdjust leg length (-2cm, -4cm, +2cm, +4cm) CHF 12.00<br \/>\n<strong>PADIX\u2122 3D <\/strong>Cycling shorts pad Men CHF 30.00<br \/>\nYou can find out all about the new, revolutionary seat pad <a href=\"https:\/\/inow.ch\/radhosenpolster\/?v=d88fc6edf21e\">here.<\/a><\/p>","protected":false},"excerpt":{"rendered":"<p>Men's knee-length cycling bib shorts with integrated seat pad. Mixture of polyamide and elastane material. The brushed material offers optimal heat balance. The proven 6-panel cut allows optimal freedom of movement and the binding around the mesh straps ensures pleasant wearing comfort without cutting in. Standard flat seams throughout the trousers prevent unpleasant pressure points. Elastic, flat leg cuffs round off the trousers.<\/p>\n<p>The antibacterial seat pad ensures pleasant seating comfort. Thanks to the heat-regulating material, even cooler rides remain fun!<\/p>","protected":false},"featured_media":5364,"template":"","meta":{"ocean_post_layout":"","ocean_both_sidebars_style":"","ocean_both_sidebars_content_width":0,"ocean_both_sidebars_sidebars_width":0,"ocean_sidebar":"0","ocean_second_sidebar":"0","ocean_disable_margins":"enable","ocean_add_body_class":"","ocean_shortcode_before_top_bar":"","ocean_shortcode_after_top_bar":"","ocean_shortcode_before_header":"","ocean_shortcode_after_header":"","ocean_has_shortcode":"","ocean_shortcode_after_title":"","ocean_shortcode_before_footer_widgets":"","ocean_shortcode_after_footer_widgets":"","ocean_shortcode_before_footer_bottom":"","ocean_shortcode_after_footer_bottom":"","ocean_display_top_bar":"default","ocean_display_header":"default","ocean_header_style":"","ocean_center_header_left_menu":"0","ocean_custom_header_template":"0","ocean_custom_logo":0,"ocean_custom_retina_logo":0,"ocean_custom_logo_max_width":0,"ocean_custom_logo_tablet_max_width":0,"ocean_custom_logo_mobile_max_width":0,"ocean_custom_logo_max_height":0,"ocean_custom_logo_tablet_max_height":0,"ocean_custom_logo_mobile_max_height":0,"ocean_header_custom_menu":"0","ocean_menu_typo_font_family":"0","ocean_menu_typo_font_subset":"","ocean_menu_typo_font_size":0,"ocean_menu_typo_font_size_tablet":0,"ocean_menu_typo_font_size_mobile":0,"ocean_menu_typo_font_size_unit":"px","ocean_menu_typo_font_weight":"","ocean_menu_typo_font_weight_tablet":"","ocean_menu_typo_font_weight_mobile":"","ocean_menu_typo_transform":"","ocean_menu_typo_transform_tablet":"","ocean_menu_typo_transform_mobile":"","ocean_menu_typo_line_height":0,"ocean_menu_typo_line_height_tablet":0,"ocean_menu_typo_line_height_mobile":0,"ocean_menu_typo_line_height_unit":"","ocean_menu_typo_spacing":0,"ocean_menu_typo_spacing_tablet":0,"ocean_menu_typo_spacing_mobile":0,"ocean_menu_typo_spacing_unit":"","ocean_menu_link_color":"","ocean_menu_link_color_hover":"","ocean_menu_link_color_active":"","ocean_menu_link_background":"","ocean_menu_link_hover_background":"","ocean_menu_link_active_background":"","ocean_menu_social_links_bg":"","ocean_menu_social_hover_links_bg":"","ocean_menu_social_links_color":"","ocean_menu_social_hover_links_color":"","ocean_disable_title":"default","ocean_disable_heading":"default","ocean_post_title":"","ocean_post_subheading":"","ocean_post_title_style":"","ocean_post_title_background_color":"","ocean_post_title_background":0,"ocean_post_title_bg_image_position":"","ocean_post_title_bg_image_attachment":"","ocean_post_title_bg_image_repeat":"","ocean_post_title_bg_image_size":"","ocean_post_title_height":0,"ocean_post_title_bg_overlay":0.5,"ocean_post_title_bg_overlay_color":"","ocean_disable_breadcrumbs":"default","ocean_breadcrumbs_color":"","ocean_breadcrumbs_separator_color":"","ocean_breadcrumbs_links_color":"","ocean_breadcrumbs_links_hover_color":"","ocean_display_footer_widgets":"default","ocean_display_footer_bottom":"default","ocean_custom_footer_template":"0"},"product_brand":[],"product_cat":[89,88,90],"product_tag":[],"class_list":{"0":"post-5362","1":"product","2":"type-product","3":"status-publish","4":"has-post-thumbnail","6":"product_cat-cycling","7":"product_cat-classic-cycling","8":"product_cat-men-classic-cycling","10":"entry","11":"has-media","13":"first","14":"instock","15":"taxable","16":"shipping-taxable","17":"purchasable","18":"product-type-simple","19":"col","20":"span_1_of_4","21":"owp-content-center","22":"owp-thumbs-layout-horizontal","23":"owp-btn-normal","24":"owp-tabs-layout-horizontal"},"yoast_head":"<!-- This site is optimized with the Yoast SEO plugin v24.8.1 - https:\/\/yoast.com\/wordpress\/plugins\/seo\/ -->\n<title>Cycling Classic Bib Knickers Thermo - iNOW.ch<\/title>\n<meta name=\"robots\" content=\"noindex, follow, max-snippet:-1, max-image-preview:large, max-video-preview:-1\" \/>\n<meta property=\"og:locale\" content=\"en_GB\" \/>\n<meta property=\"og:type\" content=\"article\" \/>\n<meta property=\"og:title\" content=\"Cycling Classic Bib Knickers Thermo - iNOW.ch\" \/>\n<meta property=\"og:description\" content=\"Knielange Cycling Tr\u00e4gerhose mit integriertem Sitzpolster f\u00fcr Herren. Mischung aus Polyamid- und Elasthan-Material. Das angeraute Material bietet einen optimalen W\u00e4rmeausgleich. Die bewehrte 6-Bahnen Schnittf\u00fchrung erlaubt eine optimale Bewegungsfreiheit und das Einfassband um die Netztr\u00e4ger gew\u00e4hrleistet einen angenehmen Tragekomfort ohne Einschneiden. Standard Flachn\u00e4hte an der gesamten Hose verhindern unangenehme Druckstellen. Elastische, flache Beinabschl\u00fcsse runden die Hose ab.  Das antibakterielle Sitzpolster sorgt f\u00fcr einen angenehmen Sitzkomfort. Dank dem w\u00e4rmeregulierenden Material bleiben auch k\u00fchlere Ausfahrten ein Spass!\" \/>\n<meta property=\"og:url\" content=\"https:\/\/products.inow.ch\/en\/product\/cycling-classic-bib-knickers-kopie\/\" \/>\n<meta property=\"og:site_name\" content=\"iNOW.ch\" \/>\n<meta property=\"article:modified_time\" content=\"2025-07-15T13:33:08+00:00\" \/>\n<meta property=\"og:image\" content=\"http:\/\/products.inow.ch\/wp-content\/uploads\/2023\/05\/ISJAN22-CBM_BK502_C-CYCLING-Classic-Bib-Knickers-Thermo_front.png\" \/>\n\t<meta property=\"og:image:width\" content=\"500\" \/>\n\t<meta property=\"og:image:height\" content=\"501\" \/>\n\t<meta property=\"og:image:type\" content=\"image\/png\" \/>\n<meta name=\"twitter:card\" content=\"summary_large_image\" \/>\n<meta name=\"twitter:label1\" content=\"Estimated reading time\" \/>\n\t<meta name=\"twitter:data1\" content=\"1 minute\" \/>\n<script type=\"application\/ld+json\" class=\"yoast-schema-graph\">{\"@context\":\"https:\/\/schema.org\",\"@graph\":[{\"@type\":\"WebPage\",\"@id\":\"https:\/\/products.inow.ch\/produkt\/cycling-classic-bib-knickers-kopie\/\",\"url\":\"https:\/\/products.inow.ch\/produkt\/cycling-classic-bib-knickers-kopie\/\",\"name\":\"Cycling Classic Bib Knickers Thermo - iNOW.ch\",\"isPartOf\":{\"@id\":\"https:\/\/products.inow.ch\/#website\"},\"primaryImageOfPage\":{\"@id\":\"https:\/\/products.inow.ch\/produkt\/cycling-classic-bib-knickers-kopie\/#primaryimage\"},\"image\":{\"@id\":\"https:\/\/products.inow.ch\/produkt\/cycling-classic-bib-knickers-kopie\/#primaryimage\"},\"thumbnailUrl\":\"https:\/\/products.inow.ch\/wp-content\/uploads\/2023\/05\/ISJAN22-CBM_BK502_C-CYCLING-Classic-Bib-Knickers-Thermo_front.png\",\"datePublished\":\"2023-05-24T08:22:03+00:00\",\"dateModified\":\"2025-07-15T13:33:08+00:00\",\"breadcrumb\":{\"@id\":\"https:\/\/products.inow.ch\/produkt\/cycling-classic-bib-knickers-kopie\/#breadcrumb\"},\"inLanguage\":\"en-GB\",\"potentialAction\":[{\"@type\":\"ReadAction\",\"target\":[\"https:\/\/products.inow.ch\/produkt\/cycling-classic-bib-knickers-kopie\/\"]}]},{\"@type\":\"ImageObject\",\"inLanguage\":\"en-GB\",\"@id\":\"https:\/\/products.inow.ch\/produkt\/cycling-classic-bib-knickers-kopie\/#primaryimage\",\"url\":\"https:\/\/products.inow.ch\/wp-content\/uploads\/2023\/05\/ISJAN22-CBM_BK502_C-CYCLING-Classic-Bib-Knickers-Thermo_front.png\",\"contentUrl\":\"https:\/\/products.inow.ch\/wp-content\/uploads\/2023\/05\/ISJAN22-CBM_BK502_C-CYCLING-Classic-Bib-Knickers-Thermo_front.png\",\"width\":500,\"height\":501},{\"@type\":\"BreadcrumbList\",\"@id\":\"https:\/\/products.inow.ch\/produkt\/cycling-classic-bib-knickers-kopie\/#breadcrumb\",\"itemListElement\":[{\"@type\":\"ListItem\",\"position\":1,\"name\":\"Startseite\",\"item\":\"https:\/\/products.inow.ch\/\"},{\"@type\":\"ListItem\",\"position\":2,\"name\":\"Sortiment\",\"item\":\"https:\/\/products.inow.ch\/\"},{\"@type\":\"ListItem\",\"position\":3,\"name\":\"Cycling Classic Bib Knickers Thermo\"}]},{\"@type\":\"WebSite\",\"@id\":\"https:\/\/products.inow.ch\/#website\",\"url\":\"https:\/\/products.inow.ch\/\",\"name\":\"iNOW.ch\",\"description\":\"Offerten\",\"publisher\":{\"@id\":\"https:\/\/products.inow.ch\/#organization\"},\"potentialAction\":[{\"@type\":\"SearchAction\",\"target\":{\"@type\":\"EntryPoint\",\"urlTemplate\":\"https:\/\/products.inow.ch\/?s={search_term_string}\"},\"query-input\":{\"@type\":\"PropertyValueSpecification\",\"valueRequired\":true,\"valueName\":\"search_term_string\"}}],\"inLanguage\":\"en-GB\"},{\"@type\":\"Organization\",\"@id\":\"https:\/\/products.inow.ch\/#organization\",\"name\":\"iNOW.ch\",\"url\":\"https:\/\/products.inow.ch\/\",\"logo\":{\"@type\":\"ImageObject\",\"inLanguage\":\"en-GB\",\"@id\":\"https:\/\/products.inow.ch\/#\/schema\/logo\/image\/\",\"url\":\"https:\/\/products.inow.ch\/wp-content\/uploads\/2021\/08\/210629_Logo_INOW_Pos.png\",\"contentUrl\":\"https:\/\/products.inow.ch\/wp-content\/uploads\/2021\/08\/210629_Logo_INOW_Pos.png\",\"width\":1749,\"height\":1241,\"caption\":\"iNOW.ch\"},\"image\":{\"@id\":\"https:\/\/products.inow.ch\/#\/schema\/logo\/image\/\"}}]}<\/script>\n<!-- \/ Yoast SEO plugin. -->","yoast_head_json":{"title":"Cycling Classic Bib Knickers Thermo - iNOW.ch","robots":{"index":"noindex","follow":"follow","max-snippet":"max-snippet:-1","max-image-preview":"max-image-preview:large","max-video-preview":"max-video-preview:-1"},"og_locale":"en_GB","og_type":"article","og_title":"Cycling Classic Bib Knickers Thermo - iNOW.ch","og_description":"Knielange Cycling Tr\u00e4gerhose mit integriertem Sitzpolster f\u00fcr Herren. Mischung aus Polyamid- und Elasthan-Material. Das angeraute Material bietet einen optimalen W\u00e4rmeausgleich. Die bewehrte 6-Bahnen Schnittf\u00fchrung erlaubt eine optimale Bewegungsfreiheit und das Einfassband um die Netztr\u00e4ger gew\u00e4hrleistet einen angenehmen Tragekomfort ohne Einschneiden. Standard Flachn\u00e4hte an der gesamten Hose verhindern unangenehme Druckstellen. Elastische, flache Beinabschl\u00fcsse runden die Hose ab.  Das antibakterielle Sitzpolster sorgt f\u00fcr einen angenehmen Sitzkomfort. Dank dem w\u00e4rmeregulierenden Material bleiben auch k\u00fchlere Ausfahrten ein Spass!","og_url":"https:\/\/products.inow.ch\/en\/product\/cycling-classic-bib-knickers-kopie\/","og_site_name":"iNOW.ch","article_modified_time":"2025-07-15T13:33:08+00:00","og_image":[{"width":500,"height":501,"url":"http:\/\/products.inow.ch\/wp-content\/uploads\/2023\/05\/ISJAN22-CBM_BK502_C-CYCLING-Classic-Bib-Knickers-Thermo_front.png","type":"image\/png"}],"twitter_card":"summary_large_image","twitter_misc":{"Estimated reading time":"1 minute"},"schema":{"@context":"https:\/\/schema.org","@graph":[{"@type":"WebPage","@id":"https:\/\/products.inow.ch\/produkt\/cycling-classic-bib-knickers-kopie\/","url":"https:\/\/products.inow.ch\/produkt\/cycling-classic-bib-knickers-kopie\/","name":"Cycling Classic Bib Knickers Thermo - iNOW.ch","isPartOf":{"@id":"https:\/\/products.inow.ch\/#website"},"primaryImageOfPage":{"@id":"https:\/\/products.inow.ch\/produkt\/cycling-classic-bib-knickers-kopie\/#primaryimage"},"image":{"@id":"https:\/\/products.inow.ch\/produkt\/cycling-classic-bib-knickers-kopie\/#primaryimage"},"thumbnailUrl":"https:\/\/products.inow.ch\/wp-content\/uploads\/2023\/05\/ISJAN22-CBM_BK502_C-CYCLING-Classic-Bib-Knickers-Thermo_front.png","datePublished":"2023-05-24T08:22:03+00:00","dateModified":"2025-07-15T13:33:08+00:00","breadcrumb":{"@id":"https:\/\/products.inow.ch\/produkt\/cycling-classic-bib-knickers-kopie\/#breadcrumb"},"inLanguage":"en-GB","potentialAction":[{"@type":"ReadAction","target":["https:\/\/products.inow.ch\/produkt\/cycling-classic-bib-knickers-kopie\/"]}]},{"@type":"ImageObject","inLanguage":"en-GB","@id":"https:\/\/products.inow.ch\/produkt\/cycling-classic-bib-knickers-kopie\/#primaryimage","url":"https:\/\/products.inow.ch\/wp-content\/uploads\/2023\/05\/ISJAN22-CBM_BK502_C-CYCLING-Classic-Bib-Knickers-Thermo_front.png","contentUrl":"https:\/\/products.inow.ch\/wp-content\/uploads\/2023\/05\/ISJAN22-CBM_BK502_C-CYCLING-Classic-Bib-Knickers-Thermo_front.png","width":500,"height":501},{"@type":"BreadcrumbList","@id":"https:\/\/products.inow.ch\/produkt\/cycling-classic-bib-knickers-kopie\/#breadcrumb","itemListElement":[{"@type":"ListItem","position":1,"name":"Startseite","item":"https:\/\/products.inow.ch\/"},{"@type":"ListItem","position":2,"name":"Sortiment","item":"https:\/\/products.inow.ch\/"},{"@type":"ListItem","position":3,"name":"Cycling Classic Bib Knickers Thermo"}]},{"@type":"WebSite","@id":"https:\/\/products.inow.ch\/#website","url":"https:\/\/products.inow.ch\/","name":"iNOW.ch","description":"Quotes","publisher":{"@id":"https:\/\/products.inow.ch\/#organization"},"potentialAction":[{"@type":"SearchAction","target":{"@type":"EntryPoint","urlTemplate":"https:\/\/products.inow.ch\/?s={search_term_string}"},"query-input":{"@type":"PropertyValueSpecification","valueRequired":true,"valueName":"search_term_string"}}],"inLanguage":"en-GB"},{"@type":"Organization","@id":"https:\/\/products.inow.ch\/#organization","name":"iNOW.ch","url":"https:\/\/products.inow.ch\/","logo":{"@type":"ImageObject","inLanguage":"en-GB","@id":"https:\/\/products.inow.ch\/#\/schema\/logo\/image\/","url":"https:\/\/products.inow.ch\/wp-content\/uploads\/2021\/08\/210629_Logo_INOW_Pos.png","contentUrl":"https:\/\/products.inow.ch\/wp-content\/uploads\/2021\/08\/210629_Logo_INOW_Pos.png","width":1749,"height":1241,"caption":"iNOW.ch"},"image":{"@id":"https:\/\/products.inow.ch\/#\/schema\/logo\/image\/"}}]}},"_links":{"self":[{"href":"https:\/\/products.inow.ch\/en\/wp-json\/wp\/v2\/product\/5362"}],"collection":[{"href":"https:\/\/products.inow.ch\/en\/wp-json\/wp\/v2\/product"}],"about":[{"href":"https:\/\/products.inow.ch\/en\/wp-json\/wp\/v2\/types\/product"}],"wp:featuredmedia":[{"embeddable":true,"href":"https:\/\/products.inow.ch\/en\/wp-json\/wp\/v2\/media\/5364"}],"wp:attachment":[{"href":"https:\/\/products.inow.ch\/en\/wp-json\/wp\/v2\/media?parent=5362"}],"wp:term":[{"taxonomy":"product_brand","embeddable":true,"href":"https:\/\/products.inow.ch\/en\/wp-json\/wp\/v2\/product_brand?post=5362"},{"taxonomy":"product_cat","embeddable":true,"href":"https:\/\/products.inow.ch\/en\/wp-json\/wp\/v2\/product_cat?post=5362"},{"taxonomy":"product_tag","embeddable":true,"href":"https:\/\/products.inow.ch\/en\/wp-json\/wp\/v2\/product_tag?post=5362"}],"curies":[{"name":"wp","href":"https:\/\/api.w.org\/{rel}","templated":true}]}}