{"id":4970,"date":"2022-10-03T16:40:25","date_gmt":"2022-10-03T16:40:25","guid":{"rendered":"https:\/\/products.inow.ch\/?post_type=product&#038;p=4970"},"modified":"2025-11-06T14:48:31","modified_gmt":"2025-11-06T14:48:31","slug":"running-classic-shirt-long-sleeve-thermo-zip-women","status":"publish","type":"product","link":"https:\/\/products.inow.ch\/en\/product\/running-classic-shirt-long-sleeve-thermo-zip-women\/","title":{"rendered":"Running Classic Shirt Long Sleeve Thermo Zip"},"content":{"rendered":"<p>- Classic Line | XXS - 2XL<br \/>\n- Fast drying<br \/>\n- thermoregulating<br \/>\n- Ball cut on the arm<br \/>\n- 3\/4 zipper in the front<br \/>\n- Zipped pocket on the right back<\/p>\n<p>Material: 100% Polyester<\/p>\n<p>Adjust arm length (-2cm, -4cm, +2cm, +4cm) CHF 12.00<br \/>\nAdjust body length (-2.5cm, -5cm, +2.5cm, +5cm) CHF 12.00<br \/>\nReflective logo on the back middle\u00a0<small class=\"option-price\"><span class=\"brackets\">(<\/span><span class=\"sign positive\">+<\/span><span class=\"woocommerce-Price-amount amount\"><span class=\"woocommerce-Price-currencySymbol\">CHF<\/span>\u00a01.00<\/span><span class=\"brackets\">)<\/span><\/small><\/p>\n<p>&nbsp;<\/p>","protected":false},"excerpt":{"rendered":"<p>Long-sleeved running thermal shirt with loose-fit cut for good mobility. Elastic polyester material. The slightly brushed fabric on the inside regulates the warmth and makes the shirt comfortable to wear. A stand-up collar with locking zipper in the front and practical zipper pocket on the back right round off the product.<\/p>\n<p>This long-sleeved shirt will be your faithful companion in colder temperatures, whether you are jogging, cross-country skiing or doing other outdoor activities. It will also keep you pleasantly warm after an active session.<\/p>","protected":false},"featured_media":5016,"template":"","meta":{"ocean_post_layout":"","ocean_both_sidebars_style":"","ocean_both_sidebars_content_width":0,"ocean_both_sidebars_sidebars_width":0,"ocean_sidebar":"0","ocean_second_sidebar":"0","ocean_disable_margins":"enable","ocean_add_body_class":"","ocean_shortcode_before_top_bar":"","ocean_shortcode_after_top_bar":"","ocean_shortcode_before_header":"","ocean_shortcode_after_header":"","ocean_has_shortcode":"","ocean_shortcode_after_title":"","ocean_shortcode_before_footer_widgets":"","ocean_shortcode_after_footer_widgets":"","ocean_shortcode_before_footer_bottom":"","ocean_shortcode_after_footer_bottom":"","ocean_display_top_bar":"default","ocean_display_header":"default","ocean_header_style":"","ocean_center_header_left_menu":"0","ocean_custom_header_template":"0","ocean_custom_logo":0,"ocean_custom_retina_logo":0,"ocean_custom_logo_max_width":0,"ocean_custom_logo_tablet_max_width":0,"ocean_custom_logo_mobile_max_width":0,"ocean_custom_logo_max_height":0,"ocean_custom_logo_tablet_max_height":0,"ocean_custom_logo_mobile_max_height":0,"ocean_header_custom_menu":"0","ocean_menu_typo_font_family":"0","ocean_menu_typo_font_subset":"","ocean_menu_typo_font_size":0,"ocean_menu_typo_font_size_tablet":0,"ocean_menu_typo_font_size_mobile":0,"ocean_menu_typo_font_size_unit":"px","ocean_menu_typo_font_weight":"","ocean_menu_typo_font_weight_tablet":"","ocean_menu_typo_font_weight_mobile":"","ocean_menu_typo_transform":"","ocean_menu_typo_transform_tablet":"","ocean_menu_typo_transform_mobile":"","ocean_menu_typo_line_height":0,"ocean_menu_typo_line_height_tablet":0,"ocean_menu_typo_line_height_mobile":0,"ocean_menu_typo_line_height_unit":"","ocean_menu_typo_spacing":0,"ocean_menu_typo_spacing_tablet":0,"ocean_menu_typo_spacing_mobile":0,"ocean_menu_typo_spacing_unit":"","ocean_menu_link_color":"","ocean_menu_link_color_hover":"","ocean_menu_link_color_active":"","ocean_menu_link_background":"","ocean_menu_link_hover_background":"","ocean_menu_link_active_background":"","ocean_menu_social_links_bg":"","ocean_menu_social_hover_links_bg":"","ocean_menu_social_links_color":"","ocean_menu_social_hover_links_color":"","ocean_disable_title":"default","ocean_disable_heading":"default","ocean_post_title":"","ocean_post_subheading":"","ocean_post_title_style":"","ocean_post_title_background_color":"","ocean_post_title_background":0,"ocean_post_title_bg_image_position":"","ocean_post_title_bg_image_attachment":"","ocean_post_title_bg_image_repeat":"","ocean_post_title_bg_image_size":"","ocean_post_title_height":0,"ocean_post_title_bg_overlay":0.5,"ocean_post_title_bg_overlay_color":"","ocean_disable_breadcrumbs":"default","ocean_breadcrumbs_color":"","ocean_breadcrumbs_separator_color":"","ocean_breadcrumbs_links_color":"","ocean_breadcrumbs_links_hover_color":"","ocean_display_footer_widgets":"default","ocean_display_footer_bottom":"default","ocean_custom_footer_template":"0"},"product_brand":[],"product_cat":[107,108,110],"product_tag":[],"class_list":{"0":"post-4970","1":"product","2":"type-product","3":"status-publish","4":"has-post-thumbnail","6":"product_cat-running","7":"product_cat-classic-running","8":"product_cat-women-classic-running","10":"entry","11":"has-media","13":"first","14":"instock","15":"taxable","16":"shipping-taxable","17":"purchasable","18":"product-type-simple","19":"col","20":"span_1_of_4","21":"owp-content-center","22":"owp-thumbs-layout-horizontal","23":"owp-btn-normal","24":"owp-tabs-layout-horizontal"},"yoast_head":"<!-- This site is optimized with the Yoast SEO plugin v24.8.1 - https:\/\/yoast.com\/wordpress\/plugins\/seo\/ -->\n<title>Running Classic Shirt Long Sleeve Thermo Zip - iNOW.ch<\/title>\n<meta name=\"robots\" content=\"noindex, follow, max-snippet:-1, max-image-preview:large, max-video-preview:-1\" \/>\n<meta property=\"og:locale\" content=\"en_GB\" \/>\n<meta property=\"og:type\" content=\"article\" \/>\n<meta property=\"og:title\" content=\"Running Classic Shirt Long Sleeve Thermo Zip - iNOW.ch\" \/>\n<meta property=\"og:description\" content=\"Langarm Running Thermoshirt mit Loose-Fit Schnitt f\u00fcr eine gute Beweglichkeit. Elastisches Polyester-Material. Der innen leicht angeraute Stoff reguliert die W\u00e4rme und verleiht dem Shirt einen angenehmen Tragekomfort. Ein Stehkragen mit arretierendem Reissverschluss in der Front und praktische Reissverschlusstasche Hinten rechts, runden das Produkt ab.  Dieses langarm Shirt wird Dein treuer Begleiter bei k\u00e4lteren Temperaturen, egal ob auf Deiner Joggingrunde, auf der Langlaufloipe oder bei anderen Outdooraktivit\u00e4ten. Auch nach einer aktiven Einheit h\u00e4lt es Dich angenehm warm.\" \/>\n<meta property=\"og:url\" content=\"https:\/\/products.inow.ch\/en\/product\/running-classic-shirt-long-sleeve-thermo-zip-women\/\" \/>\n<meta property=\"og:site_name\" content=\"iNOW.ch\" \/>\n<meta property=\"article:modified_time\" content=\"2025-11-06T14:48:31+00:00\" \/>\n<meta property=\"og:image\" content=\"http:\/\/products.inow.ch\/wp-content\/uploads\/2022\/10\/ISJAN22-RTW_LZ302_C-RUNNING-Classic-Shirt-long-sleeve-Thermo-Zip_front.png\" \/>\n\t<meta property=\"og:image:width\" content=\"1000\" \/>\n\t<meta property=\"og:image:height\" content=\"1001\" \/>\n\t<meta property=\"og:image:type\" content=\"image\/png\" \/>\n<meta name=\"twitter:card\" content=\"summary_large_image\" \/>\n<meta name=\"twitter:label1\" content=\"Estimated reading time\" \/>\n\t<meta name=\"twitter:data1\" content=\"1 minute\" \/>\n<script type=\"application\/ld+json\" class=\"yoast-schema-graph\">{\"@context\":\"https:\/\/schema.org\",\"@graph\":[{\"@type\":\"WebPage\",\"@id\":\"https:\/\/products.inow.ch\/produkt\/running-classic-shirt-long-sleeve-thermo-zip-women\/\",\"url\":\"https:\/\/products.inow.ch\/produkt\/running-classic-shirt-long-sleeve-thermo-zip-women\/\",\"name\":\"Running Classic Shirt Long Sleeve Thermo Zip - iNOW.ch\",\"isPartOf\":{\"@id\":\"https:\/\/products.inow.ch\/#website\"},\"primaryImageOfPage\":{\"@id\":\"https:\/\/products.inow.ch\/produkt\/running-classic-shirt-long-sleeve-thermo-zip-women\/#primaryimage\"},\"image\":{\"@id\":\"https:\/\/products.inow.ch\/produkt\/running-classic-shirt-long-sleeve-thermo-zip-women\/#primaryimage\"},\"thumbnailUrl\":\"https:\/\/products.inow.ch\/wp-content\/uploads\/2022\/10\/ISJAN22-RTW_LZ302_C-RUNNING-Classic-Shirt-long-sleeve-Thermo-Zip_front.png\",\"datePublished\":\"2022-10-03T16:40:25+00:00\",\"dateModified\":\"2025-11-06T14:48:31+00:00\",\"breadcrumb\":{\"@id\":\"https:\/\/products.inow.ch\/produkt\/running-classic-shirt-long-sleeve-thermo-zip-women\/#breadcrumb\"},\"inLanguage\":\"en-GB\",\"potentialAction\":[{\"@type\":\"ReadAction\",\"target\":[\"https:\/\/products.inow.ch\/produkt\/running-classic-shirt-long-sleeve-thermo-zip-women\/\"]}]},{\"@type\":\"ImageObject\",\"inLanguage\":\"en-GB\",\"@id\":\"https:\/\/products.inow.ch\/produkt\/running-classic-shirt-long-sleeve-thermo-zip-women\/#primaryimage\",\"url\":\"https:\/\/products.inow.ch\/wp-content\/uploads\/2022\/10\/ISJAN22-RTW_LZ302_C-RUNNING-Classic-Shirt-long-sleeve-Thermo-Zip_front.png\",\"contentUrl\":\"https:\/\/products.inow.ch\/wp-content\/uploads\/2022\/10\/ISJAN22-RTW_LZ302_C-RUNNING-Classic-Shirt-long-sleeve-Thermo-Zip_front.png\",\"width\":1000,\"height\":1001},{\"@type\":\"BreadcrumbList\",\"@id\":\"https:\/\/products.inow.ch\/produkt\/running-classic-shirt-long-sleeve-thermo-zip-women\/#breadcrumb\",\"itemListElement\":[{\"@type\":\"ListItem\",\"position\":1,\"name\":\"Startseite\",\"item\":\"https:\/\/products.inow.ch\/\"},{\"@type\":\"ListItem\",\"position\":2,\"name\":\"Sortiment\",\"item\":\"https:\/\/products.inow.ch\/\"},{\"@type\":\"ListItem\",\"position\":3,\"name\":\"Running Classic Shirt Long Sleeve Thermo Zip\"}]},{\"@type\":\"WebSite\",\"@id\":\"https:\/\/products.inow.ch\/#website\",\"url\":\"https:\/\/products.inow.ch\/\",\"name\":\"iNOW.ch\",\"description\":\"Offerten\",\"publisher\":{\"@id\":\"https:\/\/products.inow.ch\/#organization\"},\"potentialAction\":[{\"@type\":\"SearchAction\",\"target\":{\"@type\":\"EntryPoint\",\"urlTemplate\":\"https:\/\/products.inow.ch\/?s={search_term_string}\"},\"query-input\":{\"@type\":\"PropertyValueSpecification\",\"valueRequired\":true,\"valueName\":\"search_term_string\"}}],\"inLanguage\":\"en-GB\"},{\"@type\":\"Organization\",\"@id\":\"https:\/\/products.inow.ch\/#organization\",\"name\":\"iNOW.ch\",\"url\":\"https:\/\/products.inow.ch\/\",\"logo\":{\"@type\":\"ImageObject\",\"inLanguage\":\"en-GB\",\"@id\":\"https:\/\/products.inow.ch\/#\/schema\/logo\/image\/\",\"url\":\"https:\/\/products.inow.ch\/wp-content\/uploads\/2021\/08\/210629_Logo_INOW_Pos.png\",\"contentUrl\":\"https:\/\/products.inow.ch\/wp-content\/uploads\/2021\/08\/210629_Logo_INOW_Pos.png\",\"width\":1749,\"height\":1241,\"caption\":\"iNOW.ch\"},\"image\":{\"@id\":\"https:\/\/products.inow.ch\/#\/schema\/logo\/image\/\"}}]}<\/script>\n<!-- \/ Yoast SEO plugin. -->","yoast_head_json":{"title":"Running Classic Shirt Long Sleeve Thermo Zip - iNOW.ch","robots":{"index":"noindex","follow":"follow","max-snippet":"max-snippet:-1","max-image-preview":"max-image-preview:large","max-video-preview":"max-video-preview:-1"},"og_locale":"en_GB","og_type":"article","og_title":"Running Classic Shirt Long Sleeve Thermo Zip - iNOW.ch","og_description":"Langarm Running Thermoshirt mit Loose-Fit Schnitt f\u00fcr eine gute Beweglichkeit. Elastisches Polyester-Material. Der innen leicht angeraute Stoff reguliert die W\u00e4rme und verleiht dem Shirt einen angenehmen Tragekomfort. Ein Stehkragen mit arretierendem Reissverschluss in der Front und praktische Reissverschlusstasche Hinten rechts, runden das Produkt ab.  Dieses langarm Shirt wird Dein treuer Begleiter bei k\u00e4lteren Temperaturen, egal ob auf Deiner Joggingrunde, auf der Langlaufloipe oder bei anderen Outdooraktivit\u00e4ten. Auch nach einer aktiven Einheit h\u00e4lt es Dich angenehm warm.","og_url":"https:\/\/products.inow.ch\/en\/product\/running-classic-shirt-long-sleeve-thermo-zip-women\/","og_site_name":"iNOW.ch","article_modified_time":"2025-11-06T14:48:31+00:00","og_image":[{"width":1000,"height":1001,"url":"http:\/\/products.inow.ch\/wp-content\/uploads\/2022\/10\/ISJAN22-RTW_LZ302_C-RUNNING-Classic-Shirt-long-sleeve-Thermo-Zip_front.png","type":"image\/png"}],"twitter_card":"summary_large_image","twitter_misc":{"Estimated reading time":"1 minute"},"schema":{"@context":"https:\/\/schema.org","@graph":[{"@type":"WebPage","@id":"https:\/\/products.inow.ch\/produkt\/running-classic-shirt-long-sleeve-thermo-zip-women\/","url":"https:\/\/products.inow.ch\/produkt\/running-classic-shirt-long-sleeve-thermo-zip-women\/","name":"Running Classic Shirt Long Sleeve Thermo Zip - iNOW.ch","isPartOf":{"@id":"https:\/\/products.inow.ch\/#website"},"primaryImageOfPage":{"@id":"https:\/\/products.inow.ch\/produkt\/running-classic-shirt-long-sleeve-thermo-zip-women\/#primaryimage"},"image":{"@id":"https:\/\/products.inow.ch\/produkt\/running-classic-shirt-long-sleeve-thermo-zip-women\/#primaryimage"},"thumbnailUrl":"https:\/\/products.inow.ch\/wp-content\/uploads\/2022\/10\/ISJAN22-RTW_LZ302_C-RUNNING-Classic-Shirt-long-sleeve-Thermo-Zip_front.png","datePublished":"2022-10-03T16:40:25+00:00","dateModified":"2025-11-06T14:48:31+00:00","breadcrumb":{"@id":"https:\/\/products.inow.ch\/produkt\/running-classic-shirt-long-sleeve-thermo-zip-women\/#breadcrumb"},"inLanguage":"en-GB","potentialAction":[{"@type":"ReadAction","target":["https:\/\/products.inow.ch\/produkt\/running-classic-shirt-long-sleeve-thermo-zip-women\/"]}]},{"@type":"ImageObject","inLanguage":"en-GB","@id":"https:\/\/products.inow.ch\/produkt\/running-classic-shirt-long-sleeve-thermo-zip-women\/#primaryimage","url":"https:\/\/products.inow.ch\/wp-content\/uploads\/2022\/10\/ISJAN22-RTW_LZ302_C-RUNNING-Classic-Shirt-long-sleeve-Thermo-Zip_front.png","contentUrl":"https:\/\/products.inow.ch\/wp-content\/uploads\/2022\/10\/ISJAN22-RTW_LZ302_C-RUNNING-Classic-Shirt-long-sleeve-Thermo-Zip_front.png","width":1000,"height":1001},{"@type":"BreadcrumbList","@id":"https:\/\/products.inow.ch\/produkt\/running-classic-shirt-long-sleeve-thermo-zip-women\/#breadcrumb","itemListElement":[{"@type":"ListItem","position":1,"name":"Startseite","item":"https:\/\/products.inow.ch\/"},{"@type":"ListItem","position":2,"name":"Sortiment","item":"https:\/\/products.inow.ch\/"},{"@type":"ListItem","position":3,"name":"Running Classic Shirt Long Sleeve Thermo Zip"}]},{"@type":"WebSite","@id":"https:\/\/products.inow.ch\/#website","url":"https:\/\/products.inow.ch\/","name":"iNOW.ch","description":"Quotes","publisher":{"@id":"https:\/\/products.inow.ch\/#organization"},"potentialAction":[{"@type":"SearchAction","target":{"@type":"EntryPoint","urlTemplate":"https:\/\/products.inow.ch\/?s={search_term_string}"},"query-input":{"@type":"PropertyValueSpecification","valueRequired":true,"valueName":"search_term_string"}}],"inLanguage":"en-GB"},{"@type":"Organization","@id":"https:\/\/products.inow.ch\/#organization","name":"iNOW.ch","url":"https:\/\/products.inow.ch\/","logo":{"@type":"ImageObject","inLanguage":"en-GB","@id":"https:\/\/products.inow.ch\/#\/schema\/logo\/image\/","url":"https:\/\/products.inow.ch\/wp-content\/uploads\/2021\/08\/210629_Logo_INOW_Pos.png","contentUrl":"https:\/\/products.inow.ch\/wp-content\/uploads\/2021\/08\/210629_Logo_INOW_Pos.png","width":1749,"height":1241,"caption":"iNOW.ch"},"image":{"@id":"https:\/\/products.inow.ch\/#\/schema\/logo\/image\/"}}]}},"_links":{"self":[{"href":"https:\/\/products.inow.ch\/en\/wp-json\/wp\/v2\/product\/4970"}],"collection":[{"href":"https:\/\/products.inow.ch\/en\/wp-json\/wp\/v2\/product"}],"about":[{"href":"https:\/\/products.inow.ch\/en\/wp-json\/wp\/v2\/types\/product"}],"wp:featuredmedia":[{"embeddable":true,"href":"https:\/\/products.inow.ch\/en\/wp-json\/wp\/v2\/media\/5016"}],"wp:attachment":[{"href":"https:\/\/products.inow.ch\/en\/wp-json\/wp\/v2\/media?parent=4970"}],"wp:term":[{"taxonomy":"product_brand","embeddable":true,"href":"https:\/\/products.inow.ch\/en\/wp-json\/wp\/v2\/product_brand?post=4970"},{"taxonomy":"product_cat","embeddable":true,"href":"https:\/\/products.inow.ch\/en\/wp-json\/wp\/v2\/product_cat?post=4970"},{"taxonomy":"product_tag","embeddable":true,"href":"https:\/\/products.inow.ch\/en\/wp-json\/wp\/v2\/product_tag?post=4970"}],"curies":[{"name":"wp","href":"https:\/\/api.w.org\/{rel}","templated":true}]}}