{"id":4346,"date":"2022-01-12T16:09:46","date_gmt":"2022-01-12T16:09:46","guid":{"rendered":"https:\/\/products.inow.ch\/?post_type=product&#038;p=4346"},"modified":"2025-11-07T07:29:07","modified_gmt":"2025-11-07T07:29:07","slug":"inow-lifestyle-shorts-light-women","status":"publish","type":"product","link":"https:\/\/products.inow.ch\/en\/product\/inow-lifestyle-shorts-light-women\/","title":{"rendered":"Lifestyle Shorts light"},"content":{"rendered":"<p>- XXS - 2XL<br \/>\n- elastic lightweight 4-way stretch material<br \/>\n- Quick drying material<br \/>\n- Waist opening with zipper and press stud<br \/>\n- Inner waistband adjustable with button system<br \/>\n- Fully printable<br \/>\n- Two hand pockets<br \/>\n- Reflective logo front and back<\/p>\n<p>Material: 86% polyester, 14% spandex<\/p>\n<p>Adjust leg length (-2cm, -4cm, +2cm, +4cm) CHF 12.00<br \/>\nZip pocket right leg <small class=\"option-price\"><span class=\"brackets\">(<\/span><span class=\"sign positive\">+<\/span><span class=\"woocommerce-Price-amount amount\"><span class=\"woocommerce-Price-currencySymbol\">CHF<\/span>\u00a05.00<\/span><span class=\"brackets\">)<\/span><\/small><\/p>","protected":false},"excerpt":{"rendered":"<p>Lightweight shorts with a relaxed fit. Elastic polyester and spandex material<br \/>\nensure a pleasant wearing comfort. The waistband opening is equipped with a zipper and press stud and the inner waistband is adjustable with a proven button system. Can be printed all over.<\/p>\n<p>These short lifestyle trousers can be used for various sports or in everyday life. Their pleasant wearing comfort makes them very popular with our customers.<\/p>","protected":false},"featured_media":4730,"template":"","meta":{"ocean_post_layout":"","ocean_both_sidebars_style":"","ocean_both_sidebars_content_width":0,"ocean_both_sidebars_sidebars_width":0,"ocean_sidebar":"0","ocean_second_sidebar":"0","ocean_disable_margins":"enable","ocean_add_body_class":"","ocean_shortcode_before_top_bar":"","ocean_shortcode_after_top_bar":"","ocean_shortcode_before_header":"","ocean_shortcode_after_header":"","ocean_has_shortcode":"","ocean_shortcode_after_title":"","ocean_shortcode_before_footer_widgets":"","ocean_shortcode_after_footer_widgets":"","ocean_shortcode_before_footer_bottom":"","ocean_shortcode_after_footer_bottom":"","ocean_display_top_bar":"default","ocean_display_header":"default","ocean_header_style":"","ocean_center_header_left_menu":"0","ocean_custom_header_template":"0","ocean_custom_logo":0,"ocean_custom_retina_logo":0,"ocean_custom_logo_max_width":0,"ocean_custom_logo_tablet_max_width":0,"ocean_custom_logo_mobile_max_width":0,"ocean_custom_logo_max_height":0,"ocean_custom_logo_tablet_max_height":0,"ocean_custom_logo_mobile_max_height":0,"ocean_header_custom_menu":"0","ocean_menu_typo_font_family":"0","ocean_menu_typo_font_subset":"","ocean_menu_typo_font_size":0,"ocean_menu_typo_font_size_tablet":0,"ocean_menu_typo_font_size_mobile":0,"ocean_menu_typo_font_size_unit":"px","ocean_menu_typo_font_weight":"","ocean_menu_typo_font_weight_tablet":"","ocean_menu_typo_font_weight_mobile":"","ocean_menu_typo_transform":"","ocean_menu_typo_transform_tablet":"","ocean_menu_typo_transform_mobile":"","ocean_menu_typo_line_height":0,"ocean_menu_typo_line_height_tablet":0,"ocean_menu_typo_line_height_mobile":0,"ocean_menu_typo_line_height_unit":"","ocean_menu_typo_spacing":0,"ocean_menu_typo_spacing_tablet":0,"ocean_menu_typo_spacing_mobile":0,"ocean_menu_typo_spacing_unit":"","ocean_menu_link_color":"","ocean_menu_link_color_hover":"","ocean_menu_link_color_active":"","ocean_menu_link_background":"","ocean_menu_link_hover_background":"","ocean_menu_link_active_background":"","ocean_menu_social_links_bg":"","ocean_menu_social_hover_links_bg":"","ocean_menu_social_links_color":"","ocean_menu_social_hover_links_color":"","ocean_disable_title":"default","ocean_disable_heading":"default","ocean_post_title":"","ocean_post_subheading":"","ocean_post_title_style":"","ocean_post_title_background_color":"","ocean_post_title_background":0,"ocean_post_title_bg_image_position":"","ocean_post_title_bg_image_attachment":"","ocean_post_title_bg_image_repeat":"","ocean_post_title_bg_image_size":"","ocean_post_title_height":0,"ocean_post_title_bg_overlay":0.5,"ocean_post_title_bg_overlay_color":"","ocean_disable_breadcrumbs":"default","ocean_breadcrumbs_color":"","ocean_breadcrumbs_separator_color":"","ocean_breadcrumbs_links_color":"","ocean_breadcrumbs_links_hover_color":"","ocean_display_footer_widgets":"default","ocean_display_footer_bottom":"default","ocean_custom_footer_template":"0"},"product_brand":[],"product_cat":[117,119],"product_tag":[],"class_list":{"0":"post-4346","1":"product","2":"type-product","3":"status-publish","4":"has-post-thumbnail","6":"product_cat-lifestyle","7":"product_cat-women-lifestyle","9":"entry","10":"has-media","12":"first","13":"instock","14":"taxable","15":"shipping-taxable","16":"purchasable","17":"product-type-simple","18":"col","19":"span_1_of_4","20":"owp-content-center","21":"owp-thumbs-layout-horizontal","22":"owp-btn-normal","23":"owp-tabs-layout-horizontal"},"yoast_head":"<!-- This site is optimized with the Yoast SEO plugin v24.8.1 - https:\/\/yoast.com\/wordpress\/plugins\/seo\/ -->\n<title>Lifestyle Shorts light - iNOW.ch<\/title>\n<meta name=\"robots\" content=\"noindex, follow, max-snippet:-1, max-image-preview:large, max-video-preview:-1\" \/>\n<meta property=\"og:locale\" content=\"en_GB\" \/>\n<meta property=\"og:type\" content=\"article\" \/>\n<meta property=\"og:title\" content=\"Lifestyle Shorts light - iNOW.ch\" \/>\n<meta property=\"og:description\" content=\"Leichte Short mit entspannter Passform. Elastisches Polyester- und Elasthan-Material gew\u00e4hrleisten einen angenehmen Tragekomfort. Die Bund\u00f6ffnung ist mit Reissverschluss und Druckknopf ausgestattet und der Innenbund ist durch ein bew\u00e4hrtes Knopfsystem verstellbar. Vollfl\u00e4chig bedruckbar.  Diese kurze Lifestyle Hose kann f\u00fcr diverse Sportarten oder im Alltag eingesetzt werden. Durch ihren angenehmen Tragekomfort ist sie bei unseren Kunden sehr beliebt.\" \/>\n<meta property=\"og:url\" content=\"https:\/\/products.inow.ch\/en\/product\/inow-lifestyle-shorts-light-women\/\" \/>\n<meta property=\"og:site_name\" content=\"iNOW.ch\" \/>\n<meta property=\"article:modified_time\" content=\"2025-11-07T07:29:07+00:00\" \/>\n<meta property=\"og:image\" content=\"http:\/\/products.inow.ch\/wp-content\/uploads\/2022\/05\/ISJAN22-LBK_SH001-LIFESTYLE-Shorts-light_front-1.png\" \/>\n\t<meta property=\"og:image:width\" content=\"1000\" \/>\n\t<meta property=\"og:image:height\" content=\"1001\" \/>\n\t<meta property=\"og:image:type\" content=\"image\/png\" \/>\n<meta name=\"twitter:card\" content=\"summary_large_image\" \/>\n<meta name=\"twitter:label1\" content=\"Estimated reading time\" \/>\n\t<meta name=\"twitter:data1\" content=\"1 minute\" \/>\n<script type=\"application\/ld+json\" class=\"yoast-schema-graph\">{\"@context\":\"https:\/\/schema.org\",\"@graph\":[{\"@type\":\"WebPage\",\"@id\":\"https:\/\/products.inow.ch\/produkt\/inow-lifestyle-shorts-light-women\/\",\"url\":\"https:\/\/products.inow.ch\/produkt\/inow-lifestyle-shorts-light-women\/\",\"name\":\"Lifestyle Shorts light - iNOW.ch\",\"isPartOf\":{\"@id\":\"https:\/\/products.inow.ch\/#website\"},\"primaryImageOfPage\":{\"@id\":\"https:\/\/products.inow.ch\/produkt\/inow-lifestyle-shorts-light-women\/#primaryimage\"},\"image\":{\"@id\":\"https:\/\/products.inow.ch\/produkt\/inow-lifestyle-shorts-light-women\/#primaryimage\"},\"thumbnailUrl\":\"https:\/\/products.inow.ch\/wp-content\/uploads\/2022\/05\/ISJAN22-LBK_SH001-LIFESTYLE-Shorts-light_front-1.png\",\"datePublished\":\"2022-01-12T16:09:46+00:00\",\"dateModified\":\"2025-11-07T07:29:07+00:00\",\"breadcrumb\":{\"@id\":\"https:\/\/products.inow.ch\/produkt\/inow-lifestyle-shorts-light-women\/#breadcrumb\"},\"inLanguage\":\"en-GB\",\"potentialAction\":[{\"@type\":\"ReadAction\",\"target\":[\"https:\/\/products.inow.ch\/produkt\/inow-lifestyle-shorts-light-women\/\"]}]},{\"@type\":\"ImageObject\",\"inLanguage\":\"en-GB\",\"@id\":\"https:\/\/products.inow.ch\/produkt\/inow-lifestyle-shorts-light-women\/#primaryimage\",\"url\":\"https:\/\/products.inow.ch\/wp-content\/uploads\/2022\/05\/ISJAN22-LBK_SH001-LIFESTYLE-Shorts-light_front-1.png\",\"contentUrl\":\"https:\/\/products.inow.ch\/wp-content\/uploads\/2022\/05\/ISJAN22-LBK_SH001-LIFESTYLE-Shorts-light_front-1.png\",\"width\":1000,\"height\":1001},{\"@type\":\"BreadcrumbList\",\"@id\":\"https:\/\/products.inow.ch\/produkt\/inow-lifestyle-shorts-light-women\/#breadcrumb\",\"itemListElement\":[{\"@type\":\"ListItem\",\"position\":1,\"name\":\"Startseite\",\"item\":\"https:\/\/products.inow.ch\/\"},{\"@type\":\"ListItem\",\"position\":2,\"name\":\"Sortiment\",\"item\":\"https:\/\/products.inow.ch\/\"},{\"@type\":\"ListItem\",\"position\":3,\"name\":\"Lifestyle Shorts light\"}]},{\"@type\":\"WebSite\",\"@id\":\"https:\/\/products.inow.ch\/#website\",\"url\":\"https:\/\/products.inow.ch\/\",\"name\":\"iNOW.ch\",\"description\":\"Offerten\",\"publisher\":{\"@id\":\"https:\/\/products.inow.ch\/#organization\"},\"potentialAction\":[{\"@type\":\"SearchAction\",\"target\":{\"@type\":\"EntryPoint\",\"urlTemplate\":\"https:\/\/products.inow.ch\/?s={search_term_string}\"},\"query-input\":{\"@type\":\"PropertyValueSpecification\",\"valueRequired\":true,\"valueName\":\"search_term_string\"}}],\"inLanguage\":\"en-GB\"},{\"@type\":\"Organization\",\"@id\":\"https:\/\/products.inow.ch\/#organization\",\"name\":\"iNOW.ch\",\"url\":\"https:\/\/products.inow.ch\/\",\"logo\":{\"@type\":\"ImageObject\",\"inLanguage\":\"en-GB\",\"@id\":\"https:\/\/products.inow.ch\/#\/schema\/logo\/image\/\",\"url\":\"https:\/\/products.inow.ch\/wp-content\/uploads\/2021\/08\/210629_Logo_INOW_Pos.png\",\"contentUrl\":\"https:\/\/products.inow.ch\/wp-content\/uploads\/2021\/08\/210629_Logo_INOW_Pos.png\",\"width\":1749,\"height\":1241,\"caption\":\"iNOW.ch\"},\"image\":{\"@id\":\"https:\/\/products.inow.ch\/#\/schema\/logo\/image\/\"}}]}<\/script>\n<!-- \/ Yoast SEO plugin. -->","yoast_head_json":{"title":"Lifestyle Shorts light - iNOW.ch","robots":{"index":"noindex","follow":"follow","max-snippet":"max-snippet:-1","max-image-preview":"max-image-preview:large","max-video-preview":"max-video-preview:-1"},"og_locale":"en_GB","og_type":"article","og_title":"Lifestyle Shorts light - iNOW.ch","og_description":"Leichte Short mit entspannter Passform. Elastisches Polyester- und Elasthan-Material gew\u00e4hrleisten einen angenehmen Tragekomfort. Die Bund\u00f6ffnung ist mit Reissverschluss und Druckknopf ausgestattet und der Innenbund ist durch ein bew\u00e4hrtes Knopfsystem verstellbar. Vollfl\u00e4chig bedruckbar.  Diese kurze Lifestyle Hose kann f\u00fcr diverse Sportarten oder im Alltag eingesetzt werden. Durch ihren angenehmen Tragekomfort ist sie bei unseren Kunden sehr beliebt.","og_url":"https:\/\/products.inow.ch\/en\/product\/inow-lifestyle-shorts-light-women\/","og_site_name":"iNOW.ch","article_modified_time":"2025-11-07T07:29:07+00:00","og_image":[{"width":1000,"height":1001,"url":"http:\/\/products.inow.ch\/wp-content\/uploads\/2022\/05\/ISJAN22-LBK_SH001-LIFESTYLE-Shorts-light_front-1.png","type":"image\/png"}],"twitter_card":"summary_large_image","twitter_misc":{"Estimated reading time":"1 minute"},"schema":{"@context":"https:\/\/schema.org","@graph":[{"@type":"WebPage","@id":"https:\/\/products.inow.ch\/produkt\/inow-lifestyle-shorts-light-women\/","url":"https:\/\/products.inow.ch\/produkt\/inow-lifestyle-shorts-light-women\/","name":"Lifestyle Shorts light - iNOW.ch","isPartOf":{"@id":"https:\/\/products.inow.ch\/#website"},"primaryImageOfPage":{"@id":"https:\/\/products.inow.ch\/produkt\/inow-lifestyle-shorts-light-women\/#primaryimage"},"image":{"@id":"https:\/\/products.inow.ch\/produkt\/inow-lifestyle-shorts-light-women\/#primaryimage"},"thumbnailUrl":"https:\/\/products.inow.ch\/wp-content\/uploads\/2022\/05\/ISJAN22-LBK_SH001-LIFESTYLE-Shorts-light_front-1.png","datePublished":"2022-01-12T16:09:46+00:00","dateModified":"2025-11-07T07:29:07+00:00","breadcrumb":{"@id":"https:\/\/products.inow.ch\/produkt\/inow-lifestyle-shorts-light-women\/#breadcrumb"},"inLanguage":"en-GB","potentialAction":[{"@type":"ReadAction","target":["https:\/\/products.inow.ch\/produkt\/inow-lifestyle-shorts-light-women\/"]}]},{"@type":"ImageObject","inLanguage":"en-GB","@id":"https:\/\/products.inow.ch\/produkt\/inow-lifestyle-shorts-light-women\/#primaryimage","url":"https:\/\/products.inow.ch\/wp-content\/uploads\/2022\/05\/ISJAN22-LBK_SH001-LIFESTYLE-Shorts-light_front-1.png","contentUrl":"https:\/\/products.inow.ch\/wp-content\/uploads\/2022\/05\/ISJAN22-LBK_SH001-LIFESTYLE-Shorts-light_front-1.png","width":1000,"height":1001},{"@type":"BreadcrumbList","@id":"https:\/\/products.inow.ch\/produkt\/inow-lifestyle-shorts-light-women\/#breadcrumb","itemListElement":[{"@type":"ListItem","position":1,"name":"Startseite","item":"https:\/\/products.inow.ch\/"},{"@type":"ListItem","position":2,"name":"Sortiment","item":"https:\/\/products.inow.ch\/"},{"@type":"ListItem","position":3,"name":"Lifestyle Shorts light"}]},{"@type":"WebSite","@id":"https:\/\/products.inow.ch\/#website","url":"https:\/\/products.inow.ch\/","name":"iNOW.ch","description":"Quotes","publisher":{"@id":"https:\/\/products.inow.ch\/#organization"},"potentialAction":[{"@type":"SearchAction","target":{"@type":"EntryPoint","urlTemplate":"https:\/\/products.inow.ch\/?s={search_term_string}"},"query-input":{"@type":"PropertyValueSpecification","valueRequired":true,"valueName":"search_term_string"}}],"inLanguage":"en-GB"},{"@type":"Organization","@id":"https:\/\/products.inow.ch\/#organization","name":"iNOW.ch","url":"https:\/\/products.inow.ch\/","logo":{"@type":"ImageObject","inLanguage":"en-GB","@id":"https:\/\/products.inow.ch\/#\/schema\/logo\/image\/","url":"https:\/\/products.inow.ch\/wp-content\/uploads\/2021\/08\/210629_Logo_INOW_Pos.png","contentUrl":"https:\/\/products.inow.ch\/wp-content\/uploads\/2021\/08\/210629_Logo_INOW_Pos.png","width":1749,"height":1241,"caption":"iNOW.ch"},"image":{"@id":"https:\/\/products.inow.ch\/#\/schema\/logo\/image\/"}}]}},"_links":{"self":[{"href":"https:\/\/products.inow.ch\/en\/wp-json\/wp\/v2\/product\/4346"}],"collection":[{"href":"https:\/\/products.inow.ch\/en\/wp-json\/wp\/v2\/product"}],"about":[{"href":"https:\/\/products.inow.ch\/en\/wp-json\/wp\/v2\/types\/product"}],"wp:featuredmedia":[{"embeddable":true,"href":"https:\/\/products.inow.ch\/en\/wp-json\/wp\/v2\/media\/4730"}],"wp:attachment":[{"href":"https:\/\/products.inow.ch\/en\/wp-json\/wp\/v2\/media?parent=4346"}],"wp:term":[{"taxonomy":"product_brand","embeddable":true,"href":"https:\/\/products.inow.ch\/en\/wp-json\/wp\/v2\/product_brand?post=4346"},{"taxonomy":"product_cat","embeddable":true,"href":"https:\/\/products.inow.ch\/en\/wp-json\/wp\/v2\/product_cat?post=4346"},{"taxonomy":"product_tag","embeddable":true,"href":"https:\/\/products.inow.ch\/en\/wp-json\/wp\/v2\/product_tag?post=4346"}],"curies":[{"name":"wp","href":"https:\/\/api.w.org\/{rel}","templated":true}]}}