{"id":4285,"date":"2022-01-10T10:13:47","date_gmt":"2022-01-10T10:13:47","guid":{"rendered":"https:\/\/products.inow.ch\/?post_type=product&#038;p=4285"},"modified":"2025-11-06T14:37:20","modified_gmt":"2025-11-06T14:37:20","slug":"inow-enduro-classic-jersey-3-4-sleeve","status":"publish","type":"product","link":"https:\/\/products.inow.ch\/en\/product\/inow-enduro-classic-jersey-3-4-sleeve\/","title":{"rendered":"Enduro Classic Jersey 3\/4 Sleeve"},"content":{"rendered":"<p>- Classic Line | XS - 3XL<br \/>\n- Breathable and quick-drying material<br \/>\n- Ball or raglan cut on the arm<br \/>\n- Lightweight material under the arms and side panels<br \/>\n- Zipped pocket on the left back<\/p>\n<p>Material: 100% Polyester<\/p>\n<p>Adjust arm length (-2cm, -4cm, +2cm, +4cm) CHF 12.00<br \/>\nAdjust body length (-2.5cm, -5cm, +2.5cm, +5cm) CHF 12.00<br \/>\nReflective logo on the back middle <small class=\"option-price\"><span class=\"brackets\">(<\/span><span class=\"sign positive\">+<\/span><span class=\"woocommerce-Price-amount amount\"><span class=\"woocommerce-Price-currencySymbol\">CHF<\/span>\u00a01.00<\/span><span class=\"brackets\">)<\/span><\/small><\/p>","protected":false},"excerpt":{"rendered":"<p>Enduro and all-mountain bike \u00be sleeve shirt with a pleasantly wide cut that ensures good freedom of movement. Lightweight polyester material. The slightly perforated material under the arms and on the side panels ensures optimum ventilation. Zipped pocket on the left back. The shirt is available in a ball or raglan cut at the arm. The sleeves are wide enough so that protectors can be worn underneath without any problems.<\/p>\n<p>Thanks to its classic cut, this lightweight bike shirt is very popular with hobby athletes as well as downhill pros.<\/p>","protected":false},"featured_media":4654,"template":"","meta":{"ocean_post_layout":"","ocean_both_sidebars_style":"","ocean_both_sidebars_content_width":0,"ocean_both_sidebars_sidebars_width":0,"ocean_sidebar":"0","ocean_second_sidebar":"0","ocean_disable_margins":"enable","ocean_add_body_class":"","ocean_shortcode_before_top_bar":"","ocean_shortcode_after_top_bar":"","ocean_shortcode_before_header":"","ocean_shortcode_after_header":"","ocean_has_shortcode":"","ocean_shortcode_after_title":"","ocean_shortcode_before_footer_widgets":"","ocean_shortcode_after_footer_widgets":"","ocean_shortcode_before_footer_bottom":"","ocean_shortcode_after_footer_bottom":"","ocean_display_top_bar":"default","ocean_display_header":"default","ocean_header_style":"","ocean_center_header_left_menu":"0","ocean_custom_header_template":"0","ocean_custom_logo":0,"ocean_custom_retina_logo":0,"ocean_custom_logo_max_width":0,"ocean_custom_logo_tablet_max_width":0,"ocean_custom_logo_mobile_max_width":0,"ocean_custom_logo_max_height":0,"ocean_custom_logo_tablet_max_height":0,"ocean_custom_logo_mobile_max_height":0,"ocean_header_custom_menu":"0","ocean_menu_typo_font_family":"0","ocean_menu_typo_font_subset":"","ocean_menu_typo_font_size":0,"ocean_menu_typo_font_size_tablet":0,"ocean_menu_typo_font_size_mobile":0,"ocean_menu_typo_font_size_unit":"px","ocean_menu_typo_font_weight":"","ocean_menu_typo_font_weight_tablet":"","ocean_menu_typo_font_weight_mobile":"","ocean_menu_typo_transform":"","ocean_menu_typo_transform_tablet":"","ocean_menu_typo_transform_mobile":"","ocean_menu_typo_line_height":0,"ocean_menu_typo_line_height_tablet":0,"ocean_menu_typo_line_height_mobile":0,"ocean_menu_typo_line_height_unit":"","ocean_menu_typo_spacing":0,"ocean_menu_typo_spacing_tablet":0,"ocean_menu_typo_spacing_mobile":0,"ocean_menu_typo_spacing_unit":"","ocean_menu_link_color":"","ocean_menu_link_color_hover":"","ocean_menu_link_color_active":"","ocean_menu_link_background":"","ocean_menu_link_hover_background":"","ocean_menu_link_active_background":"","ocean_menu_social_links_bg":"","ocean_menu_social_hover_links_bg":"","ocean_menu_social_links_color":"","ocean_menu_social_hover_links_color":"","ocean_disable_title":"default","ocean_disable_heading":"default","ocean_post_title":"","ocean_post_subheading":"","ocean_post_title_style":"","ocean_post_title_background_color":"","ocean_post_title_background":0,"ocean_post_title_bg_image_position":"","ocean_post_title_bg_image_attachment":"","ocean_post_title_bg_image_repeat":"","ocean_post_title_bg_image_size":"","ocean_post_title_height":0,"ocean_post_title_bg_overlay":0.5,"ocean_post_title_bg_overlay_color":"","ocean_disable_breadcrumbs":"default","ocean_breadcrumbs_color":"","ocean_breadcrumbs_separator_color":"","ocean_breadcrumbs_links_color":"","ocean_breadcrumbs_links_hover_color":"","ocean_display_footer_widgets":"default","ocean_display_footer_bottom":"default","ocean_custom_footer_template":"0"},"product_brand":[],"product_cat":[98,99,100],"product_tag":[],"class_list":{"0":"post-4285","1":"product","2":"type-product","3":"status-publish","4":"has-post-thumbnail","6":"product_cat-offroad","7":"product_cat-classic-offroad","8":"product_cat-men-classic-offroad","10":"entry","11":"has-media","13":"first","14":"instock","15":"taxable","16":"shipping-taxable","17":"purchasable","18":"product-type-simple","19":"col","20":"span_1_of_4","21":"owp-content-center","22":"owp-thumbs-layout-horizontal","23":"owp-btn-normal","24":"owp-tabs-layout-horizontal"},"yoast_head":"<!-- This site is optimized with the Yoast SEO plugin v24.8.1 - https:\/\/yoast.com\/wordpress\/plugins\/seo\/ -->\n<title>Enduro Classic Jersey 3\/4 Sleeve - iNOW.ch<\/title>\n<meta name=\"robots\" content=\"noindex, follow, max-snippet:-1, max-image-preview:large, max-video-preview:-1\" \/>\n<meta property=\"og:locale\" content=\"en_GB\" \/>\n<meta property=\"og:type\" content=\"article\" \/>\n<meta property=\"og:title\" content=\"Enduro Classic Jersey 3\/4 Sleeve - iNOW.ch\" \/>\n<meta property=\"og:description\" content=\"Enduro und All-Mountainbike \u00be Arm Shirt mit angenehm weitem Schnitt, der eine gute Bewegungsfreiheit gew\u00e4hrleistet. Leichtes Polyester-Material. Das leicht gelochte Material unter den Armen und an den Seitenbahnen sorgt f\u00fcr eine optimale L\u00fcftung. Reissverschlusstasche auf dem R\u00fccken links. Das Shirt ist am Arm im Kugel- oder Raglan-Schnitt erh\u00e4ltlich. Die \u00c4rmel fallen weit genug aus, damit darunter problemlos Protektoren getragen werden k\u00f6nnen.  Dank seines klassischen Schnittes ist dieses leichte Bikeshirt bei Hobbysportlern, wie auch bei Downhill-Profis sehr beliebt.\" \/>\n<meta property=\"og:url\" content=\"https:\/\/products.inow.ch\/en\/product\/inow-enduro-classic-jersey-3-4-sleeve\/\" \/>\n<meta property=\"og:site_name\" content=\"iNOW.ch\" \/>\n<meta property=\"article:modified_time\" content=\"2025-11-06T14:37:20+00:00\" \/>\n<meta property=\"og:image\" content=\"http:\/\/products.inow.ch\/wp-content\/uploads\/2022\/02\/ISJAN22_OTM_SE203_C-ENDURO-Classic-Jersey-34-sleeve_front-.png\" \/>\n\t<meta property=\"og:image:width\" content=\"1000\" \/>\n\t<meta property=\"og:image:height\" content=\"1001\" \/>\n\t<meta property=\"og:image:type\" content=\"image\/png\" \/>\n<meta name=\"twitter:card\" content=\"summary_large_image\" \/>\n<meta name=\"twitter:label1\" content=\"Estimated reading time\" \/>\n\t<meta name=\"twitter:data1\" content=\"1 minute\" \/>\n<script type=\"application\/ld+json\" class=\"yoast-schema-graph\">{\"@context\":\"https:\/\/schema.org\",\"@graph\":[{\"@type\":\"WebPage\",\"@id\":\"https:\/\/products.inow.ch\/produkt\/inow-enduro-classic-jersey-3-4-sleeve\/\",\"url\":\"https:\/\/products.inow.ch\/produkt\/inow-enduro-classic-jersey-3-4-sleeve\/\",\"name\":\"Enduro Classic Jersey 3\/4 Sleeve - iNOW.ch\",\"isPartOf\":{\"@id\":\"https:\/\/products.inow.ch\/#website\"},\"primaryImageOfPage\":{\"@id\":\"https:\/\/products.inow.ch\/produkt\/inow-enduro-classic-jersey-3-4-sleeve\/#primaryimage\"},\"image\":{\"@id\":\"https:\/\/products.inow.ch\/produkt\/inow-enduro-classic-jersey-3-4-sleeve\/#primaryimage\"},\"thumbnailUrl\":\"https:\/\/products.inow.ch\/wp-content\/uploads\/2022\/02\/ISJAN22_OTM_SE203_C-ENDURO-Classic-Jersey-34-sleeve_front-.png\",\"datePublished\":\"2022-01-10T10:13:47+00:00\",\"dateModified\":\"2025-11-06T14:37:20+00:00\",\"breadcrumb\":{\"@id\":\"https:\/\/products.inow.ch\/produkt\/inow-enduro-classic-jersey-3-4-sleeve\/#breadcrumb\"},\"inLanguage\":\"en-GB\",\"potentialAction\":[{\"@type\":\"ReadAction\",\"target\":[\"https:\/\/products.inow.ch\/produkt\/inow-enduro-classic-jersey-3-4-sleeve\/\"]}]},{\"@type\":\"ImageObject\",\"inLanguage\":\"en-GB\",\"@id\":\"https:\/\/products.inow.ch\/produkt\/inow-enduro-classic-jersey-3-4-sleeve\/#primaryimage\",\"url\":\"https:\/\/products.inow.ch\/wp-content\/uploads\/2022\/02\/ISJAN22_OTM_SE203_C-ENDURO-Classic-Jersey-34-sleeve_front-.png\",\"contentUrl\":\"https:\/\/products.inow.ch\/wp-content\/uploads\/2022\/02\/ISJAN22_OTM_SE203_C-ENDURO-Classic-Jersey-34-sleeve_front-.png\",\"width\":1000,\"height\":1001},{\"@type\":\"BreadcrumbList\",\"@id\":\"https:\/\/products.inow.ch\/produkt\/inow-enduro-classic-jersey-3-4-sleeve\/#breadcrumb\",\"itemListElement\":[{\"@type\":\"ListItem\",\"position\":1,\"name\":\"Startseite\",\"item\":\"https:\/\/products.inow.ch\/\"},{\"@type\":\"ListItem\",\"position\":2,\"name\":\"Sortiment\",\"item\":\"https:\/\/products.inow.ch\/\"},{\"@type\":\"ListItem\",\"position\":3,\"name\":\"Enduro Classic Jersey 3\/4 Sleeve\"}]},{\"@type\":\"WebSite\",\"@id\":\"https:\/\/products.inow.ch\/#website\",\"url\":\"https:\/\/products.inow.ch\/\",\"name\":\"iNOW.ch\",\"description\":\"Offerten\",\"publisher\":{\"@id\":\"https:\/\/products.inow.ch\/#organization\"},\"potentialAction\":[{\"@type\":\"SearchAction\",\"target\":{\"@type\":\"EntryPoint\",\"urlTemplate\":\"https:\/\/products.inow.ch\/?s={search_term_string}\"},\"query-input\":{\"@type\":\"PropertyValueSpecification\",\"valueRequired\":true,\"valueName\":\"search_term_string\"}}],\"inLanguage\":\"en-GB\"},{\"@type\":\"Organization\",\"@id\":\"https:\/\/products.inow.ch\/#organization\",\"name\":\"iNOW.ch\",\"url\":\"https:\/\/products.inow.ch\/\",\"logo\":{\"@type\":\"ImageObject\",\"inLanguage\":\"en-GB\",\"@id\":\"https:\/\/products.inow.ch\/#\/schema\/logo\/image\/\",\"url\":\"https:\/\/products.inow.ch\/wp-content\/uploads\/2021\/08\/210629_Logo_INOW_Pos.png\",\"contentUrl\":\"https:\/\/products.inow.ch\/wp-content\/uploads\/2021\/08\/210629_Logo_INOW_Pos.png\",\"width\":1749,\"height\":1241,\"caption\":\"iNOW.ch\"},\"image\":{\"@id\":\"https:\/\/products.inow.ch\/#\/schema\/logo\/image\/\"}}]}<\/script>\n<!-- \/ Yoast SEO plugin. -->","yoast_head_json":{"title":"Enduro Classic Jersey 3\/4 Sleeve - iNOW.ch","robots":{"index":"noindex","follow":"follow","max-snippet":"max-snippet:-1","max-image-preview":"max-image-preview:large","max-video-preview":"max-video-preview:-1"},"og_locale":"en_GB","og_type":"article","og_title":"Enduro Classic Jersey 3\/4 Sleeve - iNOW.ch","og_description":"Enduro und All-Mountainbike \u00be Arm Shirt mit angenehm weitem Schnitt, der eine gute Bewegungsfreiheit gew\u00e4hrleistet. Leichtes Polyester-Material. Das leicht gelochte Material unter den Armen und an den Seitenbahnen sorgt f\u00fcr eine optimale L\u00fcftung. Reissverschlusstasche auf dem R\u00fccken links. Das Shirt ist am Arm im Kugel- oder Raglan-Schnitt erh\u00e4ltlich. Die \u00c4rmel fallen weit genug aus, damit darunter problemlos Protektoren getragen werden k\u00f6nnen.  Dank seines klassischen Schnittes ist dieses leichte Bikeshirt bei Hobbysportlern, wie auch bei Downhill-Profis sehr beliebt.","og_url":"https:\/\/products.inow.ch\/en\/product\/inow-enduro-classic-jersey-3-4-sleeve\/","og_site_name":"iNOW.ch","article_modified_time":"2025-11-06T14:37:20+00:00","og_image":[{"width":1000,"height":1001,"url":"http:\/\/products.inow.ch\/wp-content\/uploads\/2022\/02\/ISJAN22_OTM_SE203_C-ENDURO-Classic-Jersey-34-sleeve_front-.png","type":"image\/png"}],"twitter_card":"summary_large_image","twitter_misc":{"Estimated reading time":"1 minute"},"schema":{"@context":"https:\/\/schema.org","@graph":[{"@type":"WebPage","@id":"https:\/\/products.inow.ch\/produkt\/inow-enduro-classic-jersey-3-4-sleeve\/","url":"https:\/\/products.inow.ch\/produkt\/inow-enduro-classic-jersey-3-4-sleeve\/","name":"Enduro Classic Jersey 3\/4 Sleeve - iNOW.ch","isPartOf":{"@id":"https:\/\/products.inow.ch\/#website"},"primaryImageOfPage":{"@id":"https:\/\/products.inow.ch\/produkt\/inow-enduro-classic-jersey-3-4-sleeve\/#primaryimage"},"image":{"@id":"https:\/\/products.inow.ch\/produkt\/inow-enduro-classic-jersey-3-4-sleeve\/#primaryimage"},"thumbnailUrl":"https:\/\/products.inow.ch\/wp-content\/uploads\/2022\/02\/ISJAN22_OTM_SE203_C-ENDURO-Classic-Jersey-34-sleeve_front-.png","datePublished":"2022-01-10T10:13:47+00:00","dateModified":"2025-11-06T14:37:20+00:00","breadcrumb":{"@id":"https:\/\/products.inow.ch\/produkt\/inow-enduro-classic-jersey-3-4-sleeve\/#breadcrumb"},"inLanguage":"en-GB","potentialAction":[{"@type":"ReadAction","target":["https:\/\/products.inow.ch\/produkt\/inow-enduro-classic-jersey-3-4-sleeve\/"]}]},{"@type":"ImageObject","inLanguage":"en-GB","@id":"https:\/\/products.inow.ch\/produkt\/inow-enduro-classic-jersey-3-4-sleeve\/#primaryimage","url":"https:\/\/products.inow.ch\/wp-content\/uploads\/2022\/02\/ISJAN22_OTM_SE203_C-ENDURO-Classic-Jersey-34-sleeve_front-.png","contentUrl":"https:\/\/products.inow.ch\/wp-content\/uploads\/2022\/02\/ISJAN22_OTM_SE203_C-ENDURO-Classic-Jersey-34-sleeve_front-.png","width":1000,"height":1001},{"@type":"BreadcrumbList","@id":"https:\/\/products.inow.ch\/produkt\/inow-enduro-classic-jersey-3-4-sleeve\/#breadcrumb","itemListElement":[{"@type":"ListItem","position":1,"name":"Startseite","item":"https:\/\/products.inow.ch\/"},{"@type":"ListItem","position":2,"name":"Sortiment","item":"https:\/\/products.inow.ch\/"},{"@type":"ListItem","position":3,"name":"Enduro Classic Jersey 3\/4 Sleeve"}]},{"@type":"WebSite","@id":"https:\/\/products.inow.ch\/#website","url":"https:\/\/products.inow.ch\/","name":"iNOW.ch","description":"Quotes","publisher":{"@id":"https:\/\/products.inow.ch\/#organization"},"potentialAction":[{"@type":"SearchAction","target":{"@type":"EntryPoint","urlTemplate":"https:\/\/products.inow.ch\/?s={search_term_string}"},"query-input":{"@type":"PropertyValueSpecification","valueRequired":true,"valueName":"search_term_string"}}],"inLanguage":"en-GB"},{"@type":"Organization","@id":"https:\/\/products.inow.ch\/#organization","name":"iNOW.ch","url":"https:\/\/products.inow.ch\/","logo":{"@type":"ImageObject","inLanguage":"en-GB","@id":"https:\/\/products.inow.ch\/#\/schema\/logo\/image\/","url":"https:\/\/products.inow.ch\/wp-content\/uploads\/2021\/08\/210629_Logo_INOW_Pos.png","contentUrl":"https:\/\/products.inow.ch\/wp-content\/uploads\/2021\/08\/210629_Logo_INOW_Pos.png","width":1749,"height":1241,"caption":"iNOW.ch"},"image":{"@id":"https:\/\/products.inow.ch\/#\/schema\/logo\/image\/"}}]}},"_links":{"self":[{"href":"https:\/\/products.inow.ch\/en\/wp-json\/wp\/v2\/product\/4285"}],"collection":[{"href":"https:\/\/products.inow.ch\/en\/wp-json\/wp\/v2\/product"}],"about":[{"href":"https:\/\/products.inow.ch\/en\/wp-json\/wp\/v2\/types\/product"}],"wp:featuredmedia":[{"embeddable":true,"href":"https:\/\/products.inow.ch\/en\/wp-json\/wp\/v2\/media\/4654"}],"wp:attachment":[{"href":"https:\/\/products.inow.ch\/en\/wp-json\/wp\/v2\/media?parent=4285"}],"wp:term":[{"taxonomy":"product_brand","embeddable":true,"href":"https:\/\/products.inow.ch\/en\/wp-json\/wp\/v2\/product_brand?post=4285"},{"taxonomy":"product_cat","embeddable":true,"href":"https:\/\/products.inow.ch\/en\/wp-json\/wp\/v2\/product_cat?post=4285"},{"taxonomy":"product_tag","embeddable":true,"href":"https:\/\/products.inow.ch\/en\/wp-json\/wp\/v2\/product_tag?post=4285"}],"curies":[{"name":"wp","href":"https:\/\/api.w.org\/{rel}","templated":true}]}}